{"id":30672,"date":"2023-01-09T11:56:50","date_gmt":"2023-01-09T17:26:50","guid":{"rendered":"https:\/\/multiofertasvip.com\/?post_type=product&#038;p=30672"},"modified":"2023-01-09T12:06:52","modified_gmt":"2023-01-09T17:36:52","slug":"metodo-ahava-radiestesia-diferencial-y-efectiva-adriana-echeverri","status":"publish","type":"product","link":"https:\/\/multiofertasvip.com\/?product=metodo-ahava-radiestesia-diferencial-y-efectiva-adriana-echeverri","title":{"rendered":"M\u00e9todo AHAVA &#8211; Radiestesia Diferencial y Efectiva-Adriana Echeverri"},"content":{"rendered":"<div class=\"et_pb_row et_pb_row_3\">\n<div class=\"et_pb_column et_pb_column_4_4 et_pb_column_3  et_pb_css_mix_blend_mode_passthrough et-last-child\">\n<div class=\"et_pb_module et_pb_text et_pb_text_3  et_pb_text_align_center et_pb_bg_layout_light\">\n<div class=\"et_pb_text_inner\">\n<p>\u00a1MIRA TODO LO QUE TE LLEVAS!<\/p>\n<\/div>\n<\/div>\n<\/div>\n<\/div>\n<div class=\"et_pb_row et_pb_row_4\">\n<div class=\"et_pb_column et_pb_column_1_2 et_pb_column_4  et_pb_css_mix_blend_mode_passthrough\">\n<div class=\"et_pb_module et_pb_image et_pb_image_1\"><span class=\"et_pb_image_wrap \"><img data-recalc-dims=\"1\" fetchpriority=\"high\" decoding=\"async\" class=\"wp-image-5804\" title=\"Acercamiento-a-la-radiestesia\" src=\"https:\/\/i0.wp.com\/productoselite.net\/wp-content\/uploads\/2022\/12\/Acercamiento-a-la-radiestesia.jpg?resize=356%2C397&#038;ssl=1\" sizes=\"(min-width: 0px) and (max-width: 480px) 480px, (min-width: 481px) and (max-width: 980px) 980px, (min-width: 981px) and (max-width: 1280px) 1280px, (min-width: 1281px) 2000px, 100vw\" srcset=\"https:\/\/productoselite.net\/wp-content\/uploads\/2022\/12\/Acercamiento-a-la-radiestesia.jpg 2000w, https:\/\/productoselite.net\/wp-content\/uploads\/2022\/12\/Acercamiento-a-la-radiestesia-1280x1427.jpg 1280w, https:\/\/productoselite.net\/wp-content\/uploads\/2022\/12\/Acercamiento-a-la-radiestesia-980x1093.jpg 980w, https:\/\/productoselite.net\/wp-content\/uploads\/2022\/12\/Acercamiento-a-la-radiestesia-480x535.jpg 480w\" alt=\"\" width=\"356\" height=\"397\" \/><\/span><\/div>\n<\/div>\n<div class=\"et_pb_column et_pb_column_1_2 et_pb_column_5  et_pb_css_mix_blend_mode_passthrough et-last-child\">\n<div class=\"et_pb_module et_pb_text et_pb_text_4  et_pb_text_align_center et_pb_bg_layout_light\">\n<div class=\"et_pb_text_inner\">\n<p><strong>M\u00f3dulo 1:<\/strong><\/p>\n<p><strong>Acercamiento a la Radiestesia<\/strong>:<\/p>\n<p>&nbsp;<\/p>\n<\/div>\n<\/div>\n<div class=\"et_pb_module et_pb_text et_pb_text_5  et_pb_text_align_center et_pb_bg_layout_light\">\n<div class=\"et_pb_text_inner\">\n<ul>\n<li>Fundamentos de radiestesia<\/li>\n<li>Instrumentos radiest\u00e9sicos<\/li>\n<li>P\u00e9ndulo: fundamentos, programaci\u00f3n y trabajo con p\u00e9ndulo<\/li>\n<li>Norte magn\u00e9tico y forma correcta de hacer preguntas<\/li>\n<li>Gr\u00e1ficos de radiestesia: fundamentos y s funcionamiento<\/li>\n<li>Bi\u00f3metros: fundamentos, funcionamiento y creaci\u00f3n<\/li>\n<li>Testigos: crear, limpiar y potencializar los testigos<\/li>\n<li>Reloj radiest\u00e9sico: fundamentos, funcionamiento y creaci\u00f3n<\/li>\n<li>Generadores hologr\u00e1ficos: fundamentos y funcionamiento<\/li>\n<\/ul>\n<\/div>\n<\/div>\n<\/div>\n<\/div>\n<div class=\"et_pb_row et_pb_row_5\">\n<div class=\"et_pb_column et_pb_column_1_2 et_pb_column_6  et_pb_css_mix_blend_mode_passthrough\">\n<div class=\"et_pb_module et_pb_image et_pb_image_2\"><span class=\"et_pb_image_wrap \"><img data-recalc-dims=\"1\" decoding=\"async\" class=\"wp-image-5805\" title=\"radestesia-para-el-diagnostico\" src=\"https:\/\/i0.wp.com\/productoselite.net\/wp-content\/uploads\/2022\/12\/radestesia-para-el-diagnostico.jpg?resize=393%2C438&#038;ssl=1\" sizes=\"(min-width: 0px) and (max-width: 480px) 480px, (min-width: 481px) and (max-width: 980px) 980px, (min-width: 981px) and (max-width: 1280px) 1280px, (min-width: 1281px) 2000px, 100vw\" srcset=\"https:\/\/productoselite.net\/wp-content\/uploads\/2022\/12\/radestesia-para-el-diagnostico.jpg 2000w, https:\/\/productoselite.net\/wp-content\/uploads\/2022\/12\/radestesia-para-el-diagnostico-1280x1427.jpg 1280w, https:\/\/productoselite.net\/wp-content\/uploads\/2022\/12\/radestesia-para-el-diagnostico-980x1093.jpg 980w, https:\/\/productoselite.net\/wp-content\/uploads\/2022\/12\/radestesia-para-el-diagnostico-480x535.jpg 480w\" alt=\"\" width=\"393\" height=\"438\" \/><\/span><\/div>\n<\/div>\n<div class=\"et_pb_column et_pb_column_1_2 et_pb_column_7  et_pb_css_mix_blend_mode_passthrough et-last-child\">\n<div class=\"et_pb_module et_pb_text et_pb_text_6  et_pb_text_align_center et_pb_bg_layout_light\">\n<div class=\"et_pb_text_inner\">\n<p><strong>M\u00f3dulo 2:<\/strong><\/p>\n<p><strong>Radiestesia para el diagn\u00f3stico<\/strong><\/p>\n<\/div>\n<\/div>\n<div class=\"et_pb_module et_pb_text et_pb_text_7  et_pb_text_align_center et_pb_bg_layout_light\">\n<div class=\"et_pb_text_inner\">\n<ul>\n<li>Aprender\u00e1s T\u00e9cnicas radiest\u00e9sicas \u00fanicas y avanzadas de diagn\u00f3stico.<\/li>\n<\/ul>\n<\/div>\n<\/div>\n<\/div>\n<\/div>\n<div class=\"et_pb_row et_pb_row_6\">\n<div class=\"et_pb_column et_pb_column_1_2 et_pb_column_8  et_pb_css_mix_blend_mode_passthrough\">\n<div class=\"et_pb_module et_pb_image et_pb_image_3\"><span class=\"et_pb_image_wrap \"><img data-recalc-dims=\"1\" decoding=\"async\" class=\"wp-image-5806\" title=\"La-metafisica-de-las-emociones-y-las-enfermedades\" src=\"https:\/\/i0.wp.com\/productoselite.net\/wp-content\/uploads\/2022\/12\/La-metafisica-de-las-emociones-y-las-enfermedades.jpg?resize=351%2C391&#038;ssl=1\" sizes=\"(min-width: 0px) and (max-width: 480px) 480px, (min-width: 481px) and (max-width: 980px) 980px, (min-width: 981px) and (max-width: 1280px) 1280px, (min-width: 1281px) 2000px, 100vw\" srcset=\"https:\/\/productoselite.net\/wp-content\/uploads\/2022\/12\/La-metafisica-de-las-emociones-y-las-enfermedades.jpg 2000w, https:\/\/productoselite.net\/wp-content\/uploads\/2022\/12\/La-metafisica-de-las-emociones-y-las-enfermedades-1280x1427.jpg 1280w, https:\/\/productoselite.net\/wp-content\/uploads\/2022\/12\/La-metafisica-de-las-emociones-y-las-enfermedades-980x1093.jpg 980w, https:\/\/productoselite.net\/wp-content\/uploads\/2022\/12\/La-metafisica-de-las-emociones-y-las-enfermedades-480x535.jpg 480w\" alt=\"\" width=\"351\" height=\"391\" \/><\/span><\/div>\n<\/div>\n<div class=\"et_pb_column et_pb_column_1_2 et_pb_column_9  et_pb_css_mix_blend_mode_passthrough et-last-child\">\n<div class=\"et_pb_module et_pb_text et_pb_text_8  et_pb_text_align_center et_pb_bg_layout_light\">\n<div class=\"et_pb_text_inner\">\n<p><strong>M\u00f3dulo 3:<\/strong><\/p>\n<p><strong>La metaf\u00edsica de las emociones y las enfermedades<\/strong><\/p>\n<p>&nbsp;<\/p>\n<\/div>\n<\/div>\n<div class=\"et_pb_module et_pb_text et_pb_text_9  et_pb_text_align_center et_pb_bg_layout_light\">\n<div class=\"et_pb_text_inner\">\n<ul>\n<li>Aprender\u00e1s a encontrar la causa de los desequilibrios con radiestesia<\/li>\n<li>Sanar la causa de los desequilibrios con t\u00e9cnicas cu\u00e1nticas, metaf\u00edsicas y radiest\u00e9sicas<\/li>\n<li>Tratar los s\u00edntomas de los desequilibrios con t\u00e9cnicas cu\u00e1nticas, metaf\u00edsicas y radiest\u00e9sicas<\/li>\n<\/ul>\n<\/div>\n<\/div>\n<\/div>\n<\/div>\n<div class=\"et_pb_row et_pb_row_7\">\n<div class=\"et_pb_column et_pb_column_1_2 et_pb_column_10  et_pb_css_mix_blend_mode_passthrough\">\n<div class=\"et_pb_module et_pb_image et_pb_image_4\"><span class=\"et_pb_image_wrap \"><img data-recalc-dims=\"1\" loading=\"lazy\" decoding=\"async\" class=\"wp-image-5807\" title=\"radionica-para-el-tratamiento\" src=\"https:\/\/i0.wp.com\/productoselite.net\/wp-content\/uploads\/2022\/12\/radionica-para-el-tratamiento.jpg?resize=325%2C362&#038;ssl=1\" sizes=\"(min-width: 0px) and (max-width: 480px) 480px, (min-width: 481px) and (max-width: 980px) 980px, (min-width: 981px) and (max-width: 1280px) 1280px, (min-width: 1281px) 2000px, 100vw\" srcset=\"https:\/\/productoselite.net\/wp-content\/uploads\/2022\/12\/radionica-para-el-tratamiento.jpg 2000w, https:\/\/productoselite.net\/wp-content\/uploads\/2022\/12\/radionica-para-el-tratamiento-1280x1427.jpg 1280w, https:\/\/productoselite.net\/wp-content\/uploads\/2022\/12\/radionica-para-el-tratamiento-980x1093.jpg 980w, https:\/\/productoselite.net\/wp-content\/uploads\/2022\/12\/radionica-para-el-tratamiento-480x535.jpg 480w\" alt=\"\" width=\"325\" height=\"362\" \/><\/span><\/div>\n<\/div>\n<div class=\"et_pb_column et_pb_column_1_2 et_pb_column_11  et_pb_css_mix_blend_mode_passthrough et-last-child\">\n<div class=\"et_pb_module et_pb_text et_pb_text_10  et_pb_text_align_center et_pb_bg_layout_light\">\n<div class=\"et_pb_text_inner\">\n<p>&nbsp;<\/p>\n<p><strong>M\u00f3dulo 4:\u00a0<\/strong><\/p>\n<p><strong>Radi\u00f3nica para el tratamiento\u00a0<\/strong><\/p>\n<\/div>\n<\/div>\n<div class=\"et_pb_module et_pb_text et_pb_text_11  et_pb_text_align_center et_pb_bg_layout_light\">\n<div class=\"et_pb_text_inner\">\n<ul>\n<li>Fundamentos de Radi\u00f3nica<\/li>\n<li>Radi\u00f3nica para la protecci\u00f3n<\/li>\n<li>Radi\u00f3nica para el tratamiento terap\u00e9utico<\/li>\n<li>Creaci\u00f3n de la propia Mesa Radi\u00f3nica.<\/li>\n<\/ul>\n<\/div>\n<\/div>\n<\/div>\n<\/div>\n<div class=\"et_pb_row et_pb_row_8\">\n<div class=\"et_pb_column et_pb_column_1_2 et_pb_column_12  et_pb_css_mix_blend_mode_passthrough\">\n<div class=\"et_pb_module et_pb_image et_pb_image_5\"><span class=\"et_pb_image_wrap \"><img data-recalc-dims=\"1\" loading=\"lazy\" decoding=\"async\" class=\"wp-image-5808\" title=\"mesa-radionica-para-la-sanacion\" src=\"https:\/\/i0.wp.com\/productoselite.net\/wp-content\/uploads\/2022\/12\/mesa-radionica-para-la-sanacion.jpg?resize=306%2C341&#038;ssl=1\" sizes=\"(min-width: 0px) and (max-width: 480px) 480px, (min-width: 481px) and (max-width: 980px) 980px, (min-width: 981px) and (max-width: 1280px) 1280px, (min-width: 1281px) 2000px, 100vw\" srcset=\"https:\/\/productoselite.net\/wp-content\/uploads\/2022\/12\/mesa-radionica-para-la-sanacion.jpg 2000w, https:\/\/productoselite.net\/wp-content\/uploads\/2022\/12\/mesa-radionica-para-la-sanacion-1280x1427.jpg 1280w, https:\/\/productoselite.net\/wp-content\/uploads\/2022\/12\/mesa-radionica-para-la-sanacion-980x1093.jpg 980w, https:\/\/productoselite.net\/wp-content\/uploads\/2022\/12\/mesa-radionica-para-la-sanacion-480x535.jpg 480w\" alt=\"\" width=\"306\" height=\"341\" \/><\/span><\/div>\n<\/div>\n<div class=\"et_pb_column et_pb_column_1_2 et_pb_column_13  et_pb_css_mix_blend_mode_passthrough et-last-child\">\n<div class=\"et_pb_module et_pb_text et_pb_text_12  et_pb_text_align_center et_pb_bg_layout_light\">\n<div class=\"et_pb_text_inner\">\n<p><strong>M\u00f3dulo 5:<\/strong><\/p>\n<p><strong>Mesa Radi\u00f3nica para la sanaci\u00f3n integral<\/strong><\/p>\n<p>&nbsp;<\/p>\n<\/div>\n<\/div>\n<div class=\"et_pb_module et_pb_text et_pb_text_13  et_pb_text_align_center et_pb_bg_layout_light\">\n<div class=\"et_pb_text_inner\">\n<p>Una poderosa herramienta nunca antes vista en el mercado hispano, con la cual podr\u00e1s promover la sanaci\u00f3n a todos los niveles del ser.<\/p>\n<\/div>\n<\/div>\n<\/div>\n<\/div>\n<div class=\"et_pb_row et_pb_row_9\">\n<div class=\"et_pb_column et_pb_column_1_2 et_pb_column_14  et_pb_css_mix_blend_mode_passthrough\">\n<div class=\"et_pb_module et_pb_image et_pb_image_6\"><span class=\"et_pb_image_wrap \"><img data-recalc-dims=\"1\" loading=\"lazy\" decoding=\"async\" class=\"wp-image-5809\" title=\"radionica-registros\" src=\"https:\/\/i0.wp.com\/productoselite.net\/wp-content\/uploads\/2022\/12\/radionica-registros.jpg?resize=421%2C469&#038;ssl=1\" sizes=\"(min-width: 0px) and (max-width: 480px) 480px, (min-width: 481px) and (max-width: 980px) 980px, (min-width: 981px) and (max-width: 1280px) 1280px, (min-width: 1281px) 2000px, 100vw\" srcset=\"https:\/\/productoselite.net\/wp-content\/uploads\/2022\/12\/radionica-registros.jpg 2000w, https:\/\/productoselite.net\/wp-content\/uploads\/2022\/12\/radionica-registros-1280x1427.jpg 1280w, https:\/\/productoselite.net\/wp-content\/uploads\/2022\/12\/radionica-registros-980x1093.jpg 980w, https:\/\/productoselite.net\/wp-content\/uploads\/2022\/12\/radionica-registros-480x535.jpg 480w\" alt=\"\" width=\"421\" height=\"469\" \/><\/span><\/div>\n<\/div>\n<div class=\"et_pb_column et_pb_column_1_2 et_pb_column_15  et_pb_css_mix_blend_mode_passthrough et-last-child\">\n<div class=\"et_pb_module et_pb_text et_pb_text_14  et_pb_text_align_center et_pb_bg_layout_light\">\n<div class=\"et_pb_text_inner\">\n<p><strong>Modulo\u00a0 6:<\/strong><\/p>\n<p><strong>Mesa Radi\u00f3nica de los Registros Ak\u00e1shicos<\/strong><\/p>\n<p>&nbsp;<\/p>\n<\/div>\n<\/div>\n<div class=\"et_pb_module et_pb_text et_pb_text_15  et_pb_text_align_center et_pb_bg_layout_light\">\n<div class=\"et_pb_text_inner\">\n<p>Mesa Radi\u00f3nica de los Registros Ak\u00e1shicos otra poderosa herramienta a la cual tu tendr\u00e1s acceso por primera vez en espa\u00f1ol.<\/p>\n<\/div>\n<\/div>\n<\/div>\n<\/div>\n<div class=\"et_pb_row et_pb_row_10\">\n<div class=\"et_pb_column et_pb_column_1_2 et_pb_column_16  et_pb_css_mix_blend_mode_passthrough\">\n<div class=\"et_pb_module et_pb_image et_pb_image_7\"><span class=\"et_pb_image_wrap \"><img data-recalc-dims=\"1\" loading=\"lazy\" decoding=\"async\" class=\"wp-image-5810\" title=\"radionica-para-la-iluminacions\" src=\"https:\/\/i0.wp.com\/productoselite.net\/wp-content\/uploads\/2022\/12\/radionica-para-la-iluminacions.jpg?resize=389%2C434&#038;ssl=1\" sizes=\"(min-width: 0px) and (max-width: 480px) 480px, (min-width: 481px) and (max-width: 980px) 980px, (min-width: 981px) and (max-width: 1280px) 1280px, (min-width: 1281px) 2000px, 100vw\" srcset=\"https:\/\/productoselite.net\/wp-content\/uploads\/2022\/12\/radionica-para-la-iluminacions.jpg 2000w, https:\/\/productoselite.net\/wp-content\/uploads\/2022\/12\/radionica-para-la-iluminacions-1280x1427.jpg 1280w, https:\/\/productoselite.net\/wp-content\/uploads\/2022\/12\/radionica-para-la-iluminacions-980x1093.jpg 980w, https:\/\/productoselite.net\/wp-content\/uploads\/2022\/12\/radionica-para-la-iluminacions-480x535.jpg 480w\" alt=\"\" width=\"389\" height=\"434\" \/><\/span><\/div>\n<\/div>\n<div class=\"et_pb_column et_pb_column_1_2 et_pb_column_17  et_pb_css_mix_blend_mode_passthrough et-last-child\">\n<div class=\"et_pb_module et_pb_text et_pb_text_16  et_pb_text_align_center et_pb_bg_layout_light\">\n<div class=\"et_pb_text_inner\">\n<p><strong>M\u00f3dulo 7:<\/strong><\/p>\n<p><strong>Mesa Radi\u00f3nica para la Iluminaci\u00f3n espiritual<\/strong><\/p>\n<p>&nbsp;<\/p>\n<\/div>\n<\/div>\n<div class=\"et_pb_module et_pb_text et_pb_text_17  et_pb_text_align_center et_pb_bg_layout_light\">\n<div class=\"et_pb_text_inner\">\n<p>Mesa Radi\u00f3nica para la Iluminaci\u00f3n espiritual con la cual aprender\u00e1s a recorrer el camino de la purificaci\u00f3n espiritual para alcanzar la ascensi\u00f3n del alma.<\/p>\n<\/div>\n<\/div>\n<\/div>\n<\/div>\n<div class=\"et_pb_row et_pb_row_11\">\n<div class=\"et_pb_column et_pb_column_4_4 et_pb_column_18  et_pb_css_mix_blend_mode_passthrough et-last-child\">\n<div class=\"et_pb_module et_pb_text et_pb_text_18  et_pb_text_align_center et_pb_bg_layout_light\">\n<div class=\"et_pb_text_inner\">\n<p><strong>EN LA ACTUALIDAD NO EXISTE UN PROGRAMA EN ESPA\u00d1OL TAN COMPLETO C\u00d3MO EL M\u00c9TODO AHAVA, SI QUISIERAS APRENDER TODO ESTO, TENDR\u00cdAS QUE COMPRAR M\u00c1S DE 4 CURSOS DE MANERA INDIVIDUAL Y EN IDIOMA PORTUGU\u00c9S Y CONSEGUIR QUIEN LOS TRADUZCA Y ESO TE SALDR\u00cdA POR M\u00c1S DE 1500 D\u00d3LARES.<\/strong><\/p>\n<\/div>\n<\/div>\n<\/div>\n<\/div>\n","protected":false},"excerpt":{"rendered":"<p>\u00a1MIRA TODO LO QUE TE LLEVAS! M\u00f3dulo 1: Acercamiento a la Radiestesia: &nbsp; Fundamentos de radiestesia Instrumentos radiest\u00e9sicos P\u00e9ndulo: fundamentos, programaci\u00f3n y trabajo con p\u00e9ndulo Norte magn\u00e9tico y forma correcta de hacer preguntas Gr\u00e1ficos de radiestesia: fundamentos y s funcionamiento Bi\u00f3metros: fundamentos, funcionamiento y creaci\u00f3n Testigos: crear, limpiar y potencializar los testigos Reloj radiest\u00e9sico: fundamentos, [&#8230;]\n","protected":false},"featured_media":30673,"template":"","meta":{"_monsterinsights_skip_tracking":false,"_monsterinsights_sitenote_active":false,"_monsterinsights_sitenote_note":"","_monsterinsights_sitenote_category":0,"jetpack_post_was_ever_published":false,"jetpack_publicize_message":"","jetpack_publicize_feature_enabled":true,"jetpack_social_post_already_shared":true,"jetpack_social_options":{"image_generator_settings":{"template":"highway","default_image_id":0,"font":"","enabled":false},"version":2}},"product_brand":[],"product_cat":[286],"product_tag":[263,142,260,211,254,119,251,215,257,249,243,230,182,226,253,236,229,143,228,232,258,234,262,239,220,265,219,225,240,238,140,242,235,244,266,267,248,210,245,212,250,227,255,264,252,217,216,233,261,73,237,231,247,221,246,222,223,224,259,241,256,218,213,214,53],"class_list":{"0":"post-30672","1":"product","2":"type-product","3":"status-publish","4":"has-post-thumbnail","6":"product_cat-pendulo","7":"product_tag-animales","8":"product_tag-avanzado","9":"product_tag-biden","10":"product_tag-billetes","11":"product_tag-bitcoin","12":"product_tag-carrera","13":"product_tag-china","14":"product_tag-christopher-olivarrieta","15":"product_tag-cine","16":"product_tag-coranavirus","17":"product_tag-cultura","18":"product_tag-cursos","19":"product_tag-dinero","20":"product_tag-dios","21":"product_tag-dolar","22":"product_tag-enric-corbera","23":"product_tag-ensenanza-en-casa","24":"product_tag-entidades","25":"product_tag-escuela","26":"product_tag-especialidad","27":"product_tag-estrenos","28":"product_tag-estudios","29":"product_tag-facebook","30":"product_tag-famosos","31":"product_tag-free","32":"product_tag-gatos","33":"product_tag-gratis","34":"product_tag-guerra","35":"product_tag-humor","36":"product_tag-internet","37":"product_tag-jose-palomo","38":"product_tag-juegos","39":"product_tag-lavin","40":"product_tag-manga","41":"product_tag-mercado-libre","42":"product_tag-mercado-pago","43":"product_tag-meteorologia","44":"product_tag-moneda","45":"product_tag-musica","46":"product_tag-nuevo","47":"product_tag-omnicron","48":"product_tag-oracion","49":"product_tag-peliculas","50":"product_tag-perros","51":"product_tag-peso","52":"product_tag-porn","53":"product_tag-porno","54":"product_tag-profesional","55":"product_tag-putin","56":"product_tag-salud","57":"product_tag-sexo","58":"product_tag-talleres","59":"product_tag-television","60":"product_tag-terapias","61":"product_tag-trabajo","62":"product_tag-ucrania","63":"product_tag-ukrania","64":"product_tag-usa","65":"product_tag-vacuna","66":"product_tag-viajes","67":"product_tag-videos","68":"product_tag-xxx","69":"product_tag-youtube","70":"product_tag-youtube-yuen-guadalajara","71":"product_tag-yuen","73":"first","74":"instock","75":"downloadable","76":"virtual","77":"purchasable","78":"product-type-simple"},"jetpack_publicize_connections":[],"jetpack-related-posts":[{"id":33959,"url":"https:\/\/multiofertasvip.com\/?product=metodo-raderadiestesia-diferencial-y-efectiva-adriana-echeverri","url_meta":{"origin":30672,"position":0},"title":"Metodo RADE(Radiestesia Diferencial y Efectiva-Adriana Echeverri","author":"multiofertasvip","date":"mayo 30, 2025","format":false,"excerpt":"Este programa est\u00e1 dise\u00f1ado para entregar al terapeuta herramientas radiest\u00e9sicas, radi\u00f3nicas, metaf\u00edsicas y cu\u00e1nticas que generan transformaciones y promuevan resultados en sus vidas y en sus consultantes. El enfoque del m\u00e9todo es identificar, tratar y bloquear la causa de los desequilibrios a todos los niveles del ser, asegurando resultados sostenibles\u2026","rel":"","context":"Entrada similar","block_context":{"text":"Entrada similar","link":""},"img":{"alt_text":"","src":"https:\/\/i0.wp.com\/multiofertasvip.com\/wp-content\/uploads\/2025\/05\/RADE.png?fit=200%2C200&ssl=1&resize=350%2C200","width":350,"height":200},"classes":[]},{"id":30616,"url":"https:\/\/multiofertasvip.com\/?product=mesa-radionica-de-ganesha-para-la-prosperidad-adriana-echeverri","url_meta":{"origin":30672,"position":1},"title":"Mesa Radi\u00f3nica de Ganesha para la prosperidad-Adriana Echeverri","author":"multiofertasvip","date":"noviembre 10, 2022","format":false,"excerpt":"\u00a0 \u00a0 \u00a0 \u00a0","rel":"","context":"Entrada similar","block_context":{"text":"Entrada similar","link":""},"img":{"alt_text":"","src":"https:\/\/i0.wp.com\/multiofertasvip.com\/wp-content\/uploads\/2022\/11\/ganesha.jpg?fit=200%2C200&ssl=1&resize=350%2C200","width":350,"height":200},"classes":[]},{"id":30418,"url":"https:\/\/multiofertasvip.com\/?product=curso-pendulo-hebreo-adriana-echeverri","url_meta":{"origin":30672,"position":2},"title":"Curso P\u00e9ndulo Hebreo-Adriana Echeverri","author":"multiofertasvip","date":"septiembre 6, 2022","format":false,"excerpt":"\u00a0 \u00a0 \u00a0 \u00a0 \u00a0 \u00a0 \u00a0","rel":"","context":"Entrada similar","block_context":{"text":"Entrada similar","link":""},"img":{"alt_text":"","src":"https:\/\/i0.wp.com\/multiofertasvip.com\/wp-content\/uploads\/2022\/09\/pendulo-hebreo.jpg?fit=200%2C200&ssl=1&resize=350%2C200","width":350,"height":200},"classes":[]},{"id":30415,"url":"https:\/\/multiofertasvip.com\/?product=mesa-radionica-de-saint-germain-adriana-echeverri","url_meta":{"origin":30672,"position":3},"title":"Mesa Radi\u00f3nica de Saint Germain-Adriana Echeverri","author":"multiofertasvip","date":"septiembre 6, 2022","format":false,"excerpt":"\u00a0 \u00a0 \u00a0 \u00a0 \u00a0 \u00a0 \u00a0","rel":"","context":"Entrada similar","block_context":{"text":"Entrada similar","link":""},"img":{"alt_text":"","src":"https:\/\/i0.wp.com\/multiofertasvip.com\/wp-content\/uploads\/2022\/09\/mesa-radiodica.jpg?fit=200%2C200&ssl=1&resize=350%2C200","width":350,"height":200},"classes":[]},{"id":30470,"url":"https:\/\/multiofertasvip.com\/?product=mesa-radionica-de-animales-adriana-echeverri","url_meta":{"origin":30672,"position":4},"title":"Mesa Radi\u00f3nica de Animales-Adriana Echeverri","author":"multiofertasvip","date":"octubre 5, 2022","format":false,"excerpt":"\u00a0 \u00a0 \u00a0 \u00a0","rel":"","context":"Entrada similar","block_context":{"text":"Entrada similar","link":""},"img":{"alt_text":"","src":"https:\/\/i0.wp.com\/productoselite.net\/wp-content\/uploads\/2022\/09\/Campeonato-infantil-de-futbol-11.jpg?resize=350%2C200&ssl=1","width":350,"height":200,"srcset":"https:\/\/i0.wp.com\/productoselite.net\/wp-content\/uploads\/2022\/09\/Campeonato-infantil-de-futbol-11.jpg?resize=350%2C200&ssl=1 1x, https:\/\/i0.wp.com\/productoselite.net\/wp-content\/uploads\/2022\/09\/Campeonato-infantil-de-futbol-11.jpg?resize=525%2C300&ssl=1 1.5x, https:\/\/i0.wp.com\/productoselite.net\/wp-content\/uploads\/2022\/09\/Campeonato-infantil-de-futbol-11.jpg?resize=700%2C400&ssl=1 2x, https:\/\/i0.wp.com\/productoselite.net\/wp-content\/uploads\/2022\/09\/Campeonato-infantil-de-futbol-11.jpg?resize=1050%2C600&ssl=1 3x"},"classes":[]},{"id":30806,"url":"https:\/\/multiofertasvip.com\/?product=sanacion-cristalina-adriana-echeverri","url_meta":{"origin":30672,"position":5},"title":"Sanaci\u00f3n Cristalina-Adriana Echeverri","author":"multiofertasvip","date":"abril 18, 2023","format":false,"excerpt":"Los cristales han sido los compa\u00f1eros de viaje de la Madre Tierra desde el mismo momento de su creaci\u00f3n. Ellos albergan toda la sabidur\u00eda, la magia y la sanaci\u00f3n de la Tierra y su misi\u00f3n con la humanidad va m\u00e1s all\u00e1 de simplemente ser un objeto decorativo. En esta clase\u2026","rel":"","context":"Entrada similar","block_context":{"text":"Entrada similar","link":""},"img":{"alt_text":"","src":"https:\/\/i0.wp.com\/multiofertasvip.com\/wp-content\/uploads\/2023\/04\/cristalina.jpg?fit=200%2C200&ssl=1&resize=350%2C200","width":350,"height":200},"classes":[]}],"jetpack_sharing_enabled":false,"jetpack_likes_enabled":false,"_links":{"self":[{"href":"https:\/\/multiofertasvip.com\/index.php?rest_route=\/wp\/v2\/product\/30672","targetHints":{"allow":["GET"]}}],"collection":[{"href":"https:\/\/multiofertasvip.com\/index.php?rest_route=\/wp\/v2\/product"}],"about":[{"href":"https:\/\/multiofertasvip.com\/index.php?rest_route=\/wp\/v2\/types\/product"}],"version-history":[{"count":0,"href":"https:\/\/multiofertasvip.com\/index.php?rest_route=\/wp\/v2\/product\/30672\/revisions"}],"wp:featuredmedia":[{"embeddable":true,"href":"https:\/\/multiofertasvip.com\/index.php?rest_route=\/wp\/v2\/media\/30673"}],"wp:attachment":[{"href":"https:\/\/multiofertasvip.com\/index.php?rest_route=%2Fwp%2Fv2%2Fmedia&parent=30672"}],"wp:term":[{"taxonomy":"product_brand","embeddable":true,"href":"https:\/\/multiofertasvip.com\/index.php?rest_route=%2Fwp%2Fv2%2Fproduct_brand&post=30672"},{"taxonomy":"product_cat","embeddable":true,"href":"https:\/\/multiofertasvip.com\/index.php?rest_route=%2Fwp%2Fv2%2Fproduct_cat&post=30672"},{"taxonomy":"product_tag","embeddable":true,"href":"https:\/\/multiofertasvip.com\/index.php?rest_route=%2Fwp%2Fv2%2Fproduct_tag&post=30672"}],"curies":[{"name":"wp","href":"https:\/\/api.w.org\/{rel}","templated":true}]}}