{"id":30661,"date":"2022-12-20T16:27:45","date_gmt":"2022-12-20T21:57:45","guid":{"rendered":"https:\/\/multiofertasvip.com\/?post_type=product&#038;p=30661"},"modified":"2025-11-04T16:43:20","modified_gmt":"2025-11-04T22:13:20","slug":"taller-yuen-karmas-y-maldiciones-janeth-franco","status":"publish","type":"product","link":"https:\/\/multiofertasvip.com\/?product=taller-yuen-karmas-y-maldiciones-janeth-franco","title":{"rendered":"Taller Yuen -Karmas y Maldiciones-Janeth Franco"},"content":{"rendered":"<p>BIENVENIDO AL TALLER KARMAS Y MALDICIONES<\/p>\n<p>&nbsp;<\/p>\n","protected":false},"excerpt":{"rendered":"<p>BIENVENIDO AL TALLER KARMAS Y MALDICIONES &nbsp;<\/p>\n","protected":false},"featured_media":30662,"template":"","meta":{"_monsterinsights_skip_tracking":false,"_monsterinsights_sitenote_active":false,"_monsterinsights_sitenote_note":"","_monsterinsights_sitenote_category":0,"jetpack_post_was_ever_published":false,"jetpack_publicize_message":"","jetpack_publicize_feature_enabled":true,"jetpack_social_post_already_shared":true,"jetpack_social_options":{"image_generator_settings":{"template":"highway","default_image_id":0,"font":"","enabled":false},"version":2}},"product_brand":[],"product_cat":[87],"product_tag":[263,142,260,211,254,119,251,215,257,249,243,230,182,226,253,236,229,143,228,232,258,234,262,239,220,265,219,225,240,238,140,242,235,244,266,267,248,210,245,212,250,227,255,264,252,217,216,233,261,73,237,231,247,221,246,222,223,224,259,241,256,218,213,214,53],"class_list":{"0":"post-30661","1":"product","2":"type-product","3":"status-publish","4":"has-post-thumbnail","6":"product_cat-metodo-yuen","7":"product_tag-animales","8":"product_tag-avanzado","9":"product_tag-biden","10":"product_tag-billetes","11":"product_tag-bitcoin","12":"product_tag-carrera","13":"product_tag-china","14":"product_tag-christopher-olivarrieta","15":"product_tag-cine","16":"product_tag-coranavirus","17":"product_tag-cultura","18":"product_tag-cursos","19":"product_tag-dinero","20":"product_tag-dios","21":"product_tag-dolar","22":"product_tag-enric-corbera","23":"product_tag-ensenanza-en-casa","24":"product_tag-entidades","25":"product_tag-escuela","26":"product_tag-especialidad","27":"product_tag-estrenos","28":"product_tag-estudios","29":"product_tag-facebook","30":"product_tag-famosos","31":"product_tag-free","32":"product_tag-gatos","33":"product_tag-gratis","34":"product_tag-guerra","35":"product_tag-humor","36":"product_tag-internet","37":"product_tag-jose-palomo","38":"product_tag-juegos","39":"product_tag-lavin","40":"product_tag-manga","41":"product_tag-mercado-libre","42":"product_tag-mercado-pago","43":"product_tag-meteorologia","44":"product_tag-moneda","45":"product_tag-musica","46":"product_tag-nuevo","47":"product_tag-omnicron","48":"product_tag-oracion","49":"product_tag-peliculas","50":"product_tag-perros","51":"product_tag-peso","52":"product_tag-porn","53":"product_tag-porno","54":"product_tag-profesional","55":"product_tag-putin","56":"product_tag-salud","57":"product_tag-sexo","58":"product_tag-talleres","59":"product_tag-television","60":"product_tag-terapias","61":"product_tag-trabajo","62":"product_tag-ucrania","63":"product_tag-ukrania","64":"product_tag-usa","65":"product_tag-vacuna","66":"product_tag-viajes","67":"product_tag-videos","68":"product_tag-xxx","69":"product_tag-youtube","70":"product_tag-youtube-yuen-guadalajara","71":"product_tag-yuen","73":"first","74":"instock","75":"downloadable","76":"virtual","77":"purchasable","78":"product-type-simple"},"jetpack_publicize_connections":[],"jetpack-related-posts":[{"id":30291,"url":"https:\/\/multiofertasvip.com\/?product=taller-para-quitar-karmas-y-maldiciones-manuel-marquez","url_meta":{"origin":30661,"position":0},"title":"Taller para quitar karmas y maldiciones-Manuel Marquez","author":"multiofertasvip","date":"marzo 31, 2022","format":false,"excerpt":"El taller para quitar karmas y maldiciones ser\u00e1 la mejor protecci\u00f3n que puedas tener para poder avanzar con tu vida y vivir en plenitud. Imparte: Manuel M\u00e1rquez, instructor certificado en M\u00e9todo Yuen. \u00bfAlguien no te paga? \u00bfTe llevabas bien con alguien y ahora ya no? \u00bfLleg\u00f3 la herencia y tu\u2026","rel":"","context":"Entrada similar","block_context":{"text":"Entrada similar","link":""},"img":{"alt_text":"","src":"https:\/\/i0.wp.com\/multiofertasvip.com\/wp-content\/uploads\/2022\/03\/karmas.png?fit=200%2C200&ssl=1&resize=350%2C200","width":350,"height":200},"classes":[]},{"id":29856,"url":"https:\/\/multiofertasvip.com\/?product=taller-karmas-y-maldiciones-en-video-yuen-guadalajara","url_meta":{"origin":30661,"position":1},"title":"Taller Karmas y Maldiciones En Video -Yuen Guadalajara","author":"multiofertasvip","date":"abril 20, 2021","format":false,"excerpt":"\u00a0 \u00a0 \u00a0 \u00a0 \u00a0 \u00a0 \u00a0","rel":"","context":"Entrada similar","block_context":{"text":"Entrada similar","link":""},"img":{"alt_text":"\ud83d\udccc","src":"https:\/\/static.xx.fbcdn.net\/images\/emoji.php\/v9\/t5\/1.5\/16\/1f4cc.png","width":350,"height":200},"classes":[]},{"id":30313,"url":"https:\/\/multiofertasvip.com\/?product=taller-para-quitar-karmas-y-vidas-pasadas-cristopher-olavarrieta","url_meta":{"origin":30661,"position":2},"title":"Taller  karmas y Vidas Pasadas-Cristopher Olavarrieta","author":"multiofertasvip","date":"mayo 7, 2022","format":false,"excerpt":"Cuando hay resistencia a evolucionar hacia la conciencia ps\u00edquica y espiritual aparecen: TRAUMAS, DOLOR, DESCONTENTO, INSATISFACCI\u00d3N, ENFERMEDADES, EMOCIONES NEGATIVAS, EXPERIENCIAS NEGATIVAS Y AFLICCIONES. Por lo que la capacidad de curarse est\u00e1 mas en estos \u00faltimos niveles, el ps\u00edquico y el espiritual. Yo no soy ning\u00fan gur\u00fa, pero quiero ayudarte a\u2026","rel":"","context":"Entrada similar","block_context":{"text":"Entrada similar","link":""},"img":{"alt_text":"","src":"https:\/\/i0.wp.com\/multiofertasvip.com\/wp-content\/uploads\/2022\/05\/taller-karmas-Cristopher.png?fit=200%2C200&ssl=1&resize=350%2C200","width":350,"height":200},"classes":[]},{"id":30663,"url":"https:\/\/multiofertasvip.com\/?product=taller-yuen-intuicion-janeth-franco","url_meta":{"origin":30661,"position":3},"title":"Taller Yuen -Intuicion-Janeth Franco","author":"multiofertasvip","date":"diciembre 20, 2022","format":false,"excerpt":"BIENVENIDO AL TALLER DESARROLLA TU INTUICION CON LA HERRAMIENTAS DEL METODO YUEN \u00a0","rel":"","context":"Entrada similar","block_context":{"text":"Entrada similar","link":""},"img":{"alt_text":"","src":"https:\/\/i0.wp.com\/multiofertasvip.com\/wp-content\/uploads\/2022\/12\/INTUICION.jpg?fit=200%2C200&ssl=1&resize=350%2C200","width":350,"height":200},"classes":[]},{"id":29867,"url":"https:\/\/multiofertasvip.com\/?product=taller-borrando-memorias-de-dolor-emocional-en-video-yuen-guadalajara-copia","url_meta":{"origin":30661,"position":4},"title":"Taller  Borrar Energias de Perdidas en Video -Yuen Guadalajara","author":"multiofertasvip","date":"abril 20, 2021","format":false,"excerpt":"\u00a0 \u00a0 \u00a0 \u00a0 \u00a0 \u00a0 \u00a0","rel":"","context":"Entrada similar","block_context":{"text":"Entrada similar","link":""},"img":{"alt_text":"\ud83d\udccc","src":"https:\/\/static.xx.fbcdn.net\/images\/emoji.php\/v9\/t5\/1.5\/16\/1f4cc.png","width":350,"height":200},"classes":[]},{"id":30659,"url":"https:\/\/multiofertasvip.com\/?product=taller-yuen-dolor-emocional-janeth-franco","url_meta":{"origin":30661,"position":5},"title":"Taller Yuen -Dolor Emocional-Janeth Franco","author":"multiofertasvip","date":"diciembre 20, 2022","format":false,"excerpt":"BIENVENIDO AL TALLER DOLOR EMOCIONAL Las emociones no expresadas, reprimidas y mal gestionadas pueden afectarnos negativamente caus\u00e1ndonos mucho dolor y rob\u00e1ndonos La Paz. . Es posible que consideres que ya ha llegado el tiempo de: . *Liberar las experiencias dolorosas del pasado * Recuperarte de las Heridas Emocionales, * Transformar\u2026","rel":"","context":"Entrada similar","block_context":{"text":"Entrada similar","link":""},"img":{"alt_text":"","src":"https:\/\/i0.wp.com\/multiofertasvip.com\/wp-content\/uploads\/2022\/12\/emocional.jpg?fit=200%2C200&ssl=1&resize=350%2C200","width":350,"height":200},"classes":[]}],"jetpack_sharing_enabled":false,"jetpack_likes_enabled":false,"_links":{"self":[{"href":"https:\/\/multiofertasvip.com\/index.php?rest_route=\/wp\/v2\/product\/30661","targetHints":{"allow":["GET"]}}],"collection":[{"href":"https:\/\/multiofertasvip.com\/index.php?rest_route=\/wp\/v2\/product"}],"about":[{"href":"https:\/\/multiofertasvip.com\/index.php?rest_route=\/wp\/v2\/types\/product"}],"version-history":[{"count":1,"href":"https:\/\/multiofertasvip.com\/index.php?rest_route=\/wp\/v2\/product\/30661\/revisions"}],"predecessor-version":[{"id":34549,"href":"https:\/\/multiofertasvip.com\/index.php?rest_route=\/wp\/v2\/product\/30661\/revisions\/34549"}],"wp:featuredmedia":[{"embeddable":true,"href":"https:\/\/multiofertasvip.com\/index.php?rest_route=\/wp\/v2\/media\/30662"}],"wp:attachment":[{"href":"https:\/\/multiofertasvip.com\/index.php?rest_route=%2Fwp%2Fv2%2Fmedia&parent=30661"}],"wp:term":[{"taxonomy":"product_brand","embeddable":true,"href":"https:\/\/multiofertasvip.com\/index.php?rest_route=%2Fwp%2Fv2%2Fproduct_brand&post=30661"},{"taxonomy":"product_cat","embeddable":true,"href":"https:\/\/multiofertasvip.com\/index.php?rest_route=%2Fwp%2Fv2%2Fproduct_cat&post=30661"},{"taxonomy":"product_tag","embeddable":true,"href":"https:\/\/multiofertasvip.com\/index.php?rest_route=%2Fwp%2Fv2%2Fproduct_tag&post=30661"}],"curies":[{"name":"wp","href":"https:\/\/api.w.org\/{rel}","templated":true}]}}