{"id":30632,"date":"2022-11-30T15:25:51","date_gmt":"2022-11-30T20:55:51","guid":{"rendered":"https:\/\/multiofertasvip.com\/?post_type=product&#038;p=30632"},"modified":"2024-02-04T22:33:22","modified_gmt":"2024-02-05T04:03:22","slug":"el-codigo-de-la-emocion-dr-bradley-nelson","status":"publish","type":"product","link":"https:\/\/multiofertasvip.com\/?product=el-codigo-de-la-emocion-dr-bradley-nelson","title":{"rendered":"El c\u00f3digo de la emoci\u00f3n &#8211; Dr. Bradley Nelson"},"content":{"rendered":"<p>Cuando te liberas de tus emociones atrapadas, te espera una vida de salud \u00f3ptima, relaciones saludables y abundancia en general.<\/p>\n<p>\u00danete a Dr. Bradley Nelson, autor del bestseller &#8220;El c\u00f3digo de la emoci\u00f3n, en este curso hom\u00f3nimo de 14 lecciones en que el aprender\u00e1s a trabajar con las emociones atrapadas para retomar el control de tu vida.<\/p>\n","protected":false},"excerpt":{"rendered":"<p>Cuando te liberas de tus emociones atrapadas, te espera una vida de salud \u00f3ptima, relaciones saludables y abundancia en general. \u00danete a Dr. Bradley Nelson, autor del bestseller &#8220;El c\u00f3digo de la emoci\u00f3n, en este curso hom\u00f3nimo de 14 lecciones en que el aprender\u00e1s a trabajar con las emociones atrapadas para retomar el control de [&#8230;]\n","protected":false},"featured_media":30633,"template":"","meta":{"_monsterinsights_skip_tracking":false,"_monsterinsights_sitenote_active":false,"_monsterinsights_sitenote_note":"","_monsterinsights_sitenote_category":0,"jetpack_post_was_ever_published":false,"jetpack_publicize_message":"","jetpack_publicize_feature_enabled":true,"jetpack_social_post_already_shared":true,"jetpack_social_options":{"image_generator_settings":{"template":"highway","default_image_id":0,"font":"","enabled":false},"version":2}},"product_brand":[],"product_cat":[32],"product_tag":[263,260,211,254,119,251,215,257,249,243,230,182,226,253,236,229,228,232,258,234,262,239,77,220,265,219,107,225,240,238,108,242,235,244,266,267,248,210,245,212,250,227,106,255,264,252,217,216,233,261,73,25,237,231,247,221,246,222,223,224,259,241,256,218,213,214,53],"class_list":{"0":"post-30632","1":"product","2":"type-product","3":"status-publish","4":"has-post-thumbnail","6":"product_cat-sanacion","7":"product_tag-animales","8":"product_tag-biden","9":"product_tag-billetes","10":"product_tag-bitcoin","11":"product_tag-carrera","12":"product_tag-china","13":"product_tag-christopher-olivarrieta","14":"product_tag-cine","15":"product_tag-coranavirus","16":"product_tag-cultura","17":"product_tag-cursos","18":"product_tag-dinero","19":"product_tag-dios","20":"product_tag-dolar","21":"product_tag-enric-corbera","22":"product_tag-ensenanza-en-casa","23":"product_tag-escuela","24":"product_tag-especialidad","25":"product_tag-estrenos","26":"product_tag-estudios","27":"product_tag-facebook","28":"product_tag-famosos","29":"product_tag-fortalecimientos","30":"product_tag-free","31":"product_tag-gatos","32":"product_tag-gratis","33":"product_tag-guadalajara","34":"product_tag-guerra","35":"product_tag-humor","36":"product_tag-internet","37":"product_tag-introduccion","38":"product_tag-juegos","39":"product_tag-lavin","40":"product_tag-manga","41":"product_tag-mercado-libre","42":"product_tag-mercado-pago","43":"product_tag-meteorologia","44":"product_tag-moneda","45":"product_tag-musica","46":"product_tag-nuevo","47":"product_tag-omnicron","48":"product_tag-oracion","49":"product_tag-osvaldo","50":"product_tag-peliculas","51":"product_tag-perros","52":"product_tag-peso","53":"product_tag-porn","54":"product_tag-porno","55":"product_tag-profesional","56":"product_tag-putin","57":"product_tag-salud","58":"product_tag-sanacion","59":"product_tag-sexo","60":"product_tag-talleres","61":"product_tag-television","62":"product_tag-terapias","63":"product_tag-trabajo","64":"product_tag-ucrania","65":"product_tag-ukrania","66":"product_tag-usa","67":"product_tag-vacuna","68":"product_tag-viajes","69":"product_tag-videos","70":"product_tag-xxx","71":"product_tag-youtube","72":"product_tag-youtube-yuen-guadalajara","73":"product_tag-yuen","75":"first","76":"instock","77":"downloadable","78":"virtual","79":"purchasable","80":"product-type-simple"},"jetpack_publicize_connections":[],"jetpack-related-posts":[{"id":33964,"url":"https:\/\/multiofertasvip.com\/?product=microbioenergetica-miguel-ojeda","url_meta":{"origin":30632,"position":0},"title":"Microbioenerg\u00e9tica-Miguel Ojeda","author":"multiofertasvip","date":"mayo 30, 2025","format":false,"excerpt":"\u00a0 Microbioenerg\u00e9tica \u201cEl c\u00f3digo emocional, energ\u00e9tico y simb\u00f3lico de los microbios\u201d 4 - 5 de marzo 2023 Temario: Estados emocionales y microbios. Teoria de los equivalentes simb\u00f3licos. Conflictos biol\u00f3gicos y microbios. Los circulos de la Vida. Niveles de somatizaci\u00f3n. Sistema nervioso autonomo y bioshock. Embriologia y microbios. El sistema ontog\u00e9nico\u2026","rel":"","context":"Entrada similar","block_context":{"text":"Entrada similar","link":""},"img":{"alt_text":"","src":"https:\/\/i0.wp.com\/multiofertasvip.com\/wp-content\/uploads\/2025\/05\/microbioenergetica.jpg?fit=200%2C200&ssl=1&resize=350%2C200","width":350,"height":200},"classes":[]},{"id":34189,"url":"https:\/\/multiofertasvip.com\/?product=curso-online-hipnosis-regresiva-silvia-carbonell","url_meta":{"origin":30632,"position":1},"title":"Curso Online Hipnosis Regresiva Silvia Carbonell","author":"multiofertasvip","date":"agosto 19, 2025","format":false,"excerpt":"La terapia de hipnosis regresiva es una de las t\u00e9cnicas m\u00e1s efectivas para solucionar conflictos que parecen no tener soluci\u00f3n con otras t\u00e9cnicas de terapia. Durante la sesi\u00f3n, el cliente alcanza un estado de relajaci\u00f3n, desde donde accedemos directamente al subconsciente. Recuerda, imagina o recupera, informacion emocional de momentos pasados.\u2026","rel":"","context":"Entrada similar","block_context":{"text":"Entrada similar","link":""},"img":{"alt_text":"","src":"https:\/\/i0.wp.com\/multiofertasvip.com\/wp-content\/uploads\/2025\/08\/regresiva.jpg?fit=200%2C200&ssl=1&resize=350%2C200","width":350,"height":200},"classes":[]},{"id":31033,"url":"https:\/\/multiofertasvip.com\/?product=biomagnetismo-medico-niveles-i-y-ii-dr-pierre-trillos","url_meta":{"origin":30632,"position":2},"title":"Biomagnetismo M\u00e9dico Niveles I y II-Dr. Pierre Trillos","author":"multiofertasvip","date":"octubre 30, 2023","format":false,"excerpt":"El biomagnetismo es un enfoque revolucionario, cient\u00edfico y terap\u00e9utico del bienestar que difiere de la medicina tradicional, la homeopat\u00eda, las hierbas y las terapias naturales, pero es perfectamente compatible con cualquier otra t\u00e9cnica tradicional o alternativa. Se trata de uno de los usos alternativos de los imanes, que representa un\u2026","rel":"","context":"Entrada similar","block_context":{"text":"Entrada similar","link":""},"img":{"alt_text":"","src":"https:\/\/i0.wp.com\/multiofertasvip.com\/wp-content\/uploads\/2023\/10\/Captura-300x126.jpg?resize=350%2C200&ssl=1","width":350,"height":200},"classes":[]},{"id":34135,"url":"https:\/\/multiofertasvip.com\/?product=curso-origen-crea-la-vida-de-tus-suenos-sergio-canovas","url_meta":{"origin":30632,"position":3},"title":"Curso Origen Crea la Vida de Tus Sue\u00f1os Sergio Canovas","author":"multiofertasvip","date":"agosto 7, 2025","format":false,"excerpt":"La herramienta que transformar\u00e1 tu vida en solo 33 d\u00edas Imagina por un momento que tienes en tus manos la clave para desbloquear todo tu potencial y reprogramar tu realidad en solo 33 d\u00edas. ORIGEN no es solo un curso, es un proceso de transformaci\u00f3n profunda, dise\u00f1ado para alinear tu\u2026","rel":"","context":"Entrada similar","block_context":{"text":"Entrada similar","link":""},"img":{"alt_text":"","src":"https:\/\/i0.wp.com\/multiofertasvip.com\/wp-content\/uploads\/2025\/08\/ORIGEN.jpg?fit=200%2C200&ssl=1&resize=350%2C200","width":350,"height":200},"classes":[]},{"id":34809,"url":"https:\/\/multiofertasvip.com\/?product=enfermedades-detras-de-no-disfrutar-de-la-dulzura-de-la-vida-integrativo","url_meta":{"origin":30632,"position":4},"title":"Enfermedades detr\u00e1s de no disfrutar de la Dulzura de la Vida-Integrativo","author":"multiofertasvip","date":"febrero 18, 2026","format":false,"excerpt":"\u00a1Descubre el Secreto Detr\u00e1s de Tu Bienestar! \ud83c\udf43\u2728 \u00bfTe has sentido alguna vez atrapado en la rutina diaria, sin poder disfrutar de los peque\u00f1os placeres que la vida tiene para ofrecer? \u00bfCrees que la dulzura de la vida es solo para otros? Te presentamos nuestro innovador curso\u00a0\u00abEnfermedades Detr\u00e1s de No\u2026","rel":"","context":"Entrada similar","block_context":{"text":"Entrada similar","link":""},"img":{"alt_text":"","src":"https:\/\/i0.wp.com\/multiofertasvip.com\/wp-content\/uploads\/2026\/02\/enfermedades.png?fit=200%2C200&ssl=1&resize=350%2C200","width":350,"height":200},"classes":[]},{"id":33038,"url":"https:\/\/multiofertasvip.com\/?product=desprogramandote-magia-con-moleculas-edicion-que-pinche-verguenza-daniela-correa","url_meta":{"origin":30632,"position":5},"title":"Desprogram\u00e1ndote + Magia con mol\u00e9culas Edici\u00f3n \u00a1Qu\u00e9 pinche verg\u00fcenza!-Daniela Correa","author":"multiofertasvip","date":"julio 31, 2024","format":false,"excerpt":"\u00bfEst\u00e1s listo para liberar la verg\u00fcenza que te ha mantenido atrapado y limitado tu vida? Es el momento de deshacerte de esas emociones que te han frenado y abrirte a una nueva forma de relacionarte contigo mismo y con los dem\u00e1s. La verg\u00fcenza es una emoci\u00f3n poderosa que puede paralizarte\u2026","rel":"","context":"Entrada similar","block_context":{"text":"Entrada similar","link":""},"img":{"alt_text":"","src":"https:\/\/i0.wp.com\/multiofertasvip.com\/wp-content\/uploads\/2024\/07\/verguenza.png?fit=200%2C200&ssl=1&resize=350%2C200","width":350,"height":200},"classes":[]}],"jetpack_sharing_enabled":true,"jetpack_likes_enabled":true,"_links":{"self":[{"href":"https:\/\/multiofertasvip.com\/index.php?rest_route=\/wp\/v2\/product\/30632","targetHints":{"allow":["GET"]}}],"collection":[{"href":"https:\/\/multiofertasvip.com\/index.php?rest_route=\/wp\/v2\/product"}],"about":[{"href":"https:\/\/multiofertasvip.com\/index.php?rest_route=\/wp\/v2\/types\/product"}],"version-history":[{"count":0,"href":"https:\/\/multiofertasvip.com\/index.php?rest_route=\/wp\/v2\/product\/30632\/revisions"}],"wp:featuredmedia":[{"embeddable":true,"href":"https:\/\/multiofertasvip.com\/index.php?rest_route=\/wp\/v2\/media\/30633"}],"wp:attachment":[{"href":"https:\/\/multiofertasvip.com\/index.php?rest_route=%2Fwp%2Fv2%2Fmedia&parent=30632"}],"wp:term":[{"taxonomy":"product_brand","embeddable":true,"href":"https:\/\/multiofertasvip.com\/index.php?rest_route=%2Fwp%2Fv2%2Fproduct_brand&post=30632"},{"taxonomy":"product_cat","embeddable":true,"href":"https:\/\/multiofertasvip.com\/index.php?rest_route=%2Fwp%2Fv2%2Fproduct_cat&post=30632"},{"taxonomy":"product_tag","embeddable":true,"href":"https:\/\/multiofertasvip.com\/index.php?rest_route=%2Fwp%2Fv2%2Fproduct_tag&post=30632"}],"curies":[{"name":"wp","href":"https:\/\/api.w.org\/{rel}","templated":true}]}}