{"id":30628,"date":"2022-11-29T14:40:57","date_gmt":"2022-11-29T20:10:57","guid":{"rendered":"https:\/\/multiofertasvip.com\/?post_type=product&#038;p=30628"},"modified":"2022-11-30T16:16:09","modified_gmt":"2022-11-30T21:46:09","slug":"la-ley-del-espejo-sergio-fernandez","status":"publish","type":"product","link":"https:\/\/multiofertasvip.com\/?product=la-ley-del-espejo-sergio-fernandez","title":{"rendered":"La Ley del Espejo-Sergio Fernandez"},"content":{"rendered":"<p>La Ley del Espejo, con Sergio Fern\u00e1ndez, es un curso de desarrollo personal que te explica una de las herramientas m\u00e1s poderosas para que las personas puedan conocerse y mejorar sus relaciones con los dem\u00e1s y con uno mismo. A trav\u00e9s de teor\u00eda y de ejercicios pr\u00e1cticos, Sergio te ayudar\u00e1 a contarte verdad a ti mismo, a conocerte mejor y entender por qu\u00e9 tenemos relaciones mejores o peores con las personas de nuestro entorno.<\/p>\n<section id=\"about-author\" class=\"section section-divider\">\n<div class=\"author\">\n<div class=\"expandable-text__text-wrapper\">\n<div class=\"author__biography expandable-text__show-text\">\n<p>La misi\u00f3n de Instituto Pensamiento Positivo es divulgar y democratizar inspiraci\u00f3n, conocimientos y claves pr\u00e1cticas de desarrollo personal y profesional para que las personas puedan disfrutar de vidas m\u00e1s plenas y significativas.<\/p>\n<p>&nbsp;<\/p>\n<p>En Instituto Pensamiento Positivo trabajamos para que cualquier persona que hable espa\u00f1ol pueda tener acceso a la inspiraci\u00f3n, el conocimiento y las claves pr\u00e1cticas cuya aplicaci\u00f3n transformar\u00e1n positivamente su vida.<\/p>\n<p>&nbsp;<\/p>\n<p>Llevamos a cabo nuestra misi\u00f3n a trav\u00e9s de programas formativos, publicaciones, conferencias y programas de radio.<button class=\"hot-button hot-button--secondary hot-button--md button__read-more\" type=\"button\" data-testid=\"button-component\" aria-label=\"Mostrar menos Sobre el autor La misi\u00f3n de Instituto Pensamiento Positivo es divulgar y democratizar inspiraci\u00f3n, conocimientos y claves pr\u00e1cticas de desarrollo personal y profesional para que las personas puedan disfrutar de vidas m\u00e1s plenas y significativas. En Instituto Pensamiento Positivo trabajamos para que cualquier persona que hable espa\u00f1ol pueda tener acceso a la inspiraci\u00f3n, el conocimiento y las claves pr\u00e1cticas cuya aplicaci\u00f3n transformar\u00e1n positivamente su vida. Llevamos a cabo nuestra misi\u00f3n a trav\u00e9s de programas formativos, publicaciones, conferencias y programas de radio.\"><\/button><\/p>\n<\/div>\n<\/div>\n<\/div>\n<\/section>\n<section id=\"review\" class=\"section section-divider\">\n<div>\n<div>\n<div>\n<div class=\"reviews-wrapper\">\n<div class=\"reviews-header\"><\/div>\n<\/div>\n<\/div>\n<\/div>\n<\/div>\n<\/section>\n","protected":false},"excerpt":{"rendered":"<p>La Ley del Espejo, con Sergio Fern\u00e1ndez, es un curso de desarrollo personal que te explica una de las herramientas m\u00e1s poderosas para que las personas puedan conocerse y mejorar sus relaciones con los dem\u00e1s y con uno mismo. A trav\u00e9s de teor\u00eda y de ejercicios pr\u00e1cticos, Sergio te ayudar\u00e1 a contarte verdad a ti [&#8230;]\n","protected":false},"featured_media":30629,"template":"","meta":{"_monsterinsights_skip_tracking":false,"_monsterinsights_sitenote_active":false,"_monsterinsights_sitenote_note":"","_monsterinsights_sitenote_category":0,"jetpack_post_was_ever_published":false,"jetpack_publicize_message":"","jetpack_publicize_feature_enabled":true,"jetpack_social_post_already_shared":true,"jetpack_social_options":{"image_generator_settings":{"template":"highway","default_image_id":0,"font":"","enabled":false},"version":2}},"product_brand":[],"product_cat":[32,46],"product_tag":[263,260,211,254,119,251,215,257,249,243,230,182,226,253,236,229,228,232,258,234,262,239,77,220,265,219,107,225,240,238,108,242,235,244,266,267,248,210,245,212,250,227,106,255,264,252,217,216,233,261,73,25,237,231,247,221,246,222,223,224,259,241,256,218,213,214,53],"class_list":{"0":"post-30628","1":"product","2":"type-product","3":"status-publish","4":"has-post-thumbnail","6":"product_cat-sanacion","7":"product_cat-superacion","8":"product_tag-animales","9":"product_tag-biden","10":"product_tag-billetes","11":"product_tag-bitcoin","12":"product_tag-carrera","13":"product_tag-china","14":"product_tag-christopher-olivarrieta","15":"product_tag-cine","16":"product_tag-coranavirus","17":"product_tag-cultura","18":"product_tag-cursos","19":"product_tag-dinero","20":"product_tag-dios","21":"product_tag-dolar","22":"product_tag-enric-corbera","23":"product_tag-ensenanza-en-casa","24":"product_tag-escuela","25":"product_tag-especialidad","26":"product_tag-estrenos","27":"product_tag-estudios","28":"product_tag-facebook","29":"product_tag-famosos","30":"product_tag-fortalecimientos","31":"product_tag-free","32":"product_tag-gatos","33":"product_tag-gratis","34":"product_tag-guadalajara","35":"product_tag-guerra","36":"product_tag-humor","37":"product_tag-internet","38":"product_tag-introduccion","39":"product_tag-juegos","40":"product_tag-lavin","41":"product_tag-manga","42":"product_tag-mercado-libre","43":"product_tag-mercado-pago","44":"product_tag-meteorologia","45":"product_tag-moneda","46":"product_tag-musica","47":"product_tag-nuevo","48":"product_tag-omnicron","49":"product_tag-oracion","50":"product_tag-osvaldo","51":"product_tag-peliculas","52":"product_tag-perros","53":"product_tag-peso","54":"product_tag-porn","55":"product_tag-porno","56":"product_tag-profesional","57":"product_tag-putin","58":"product_tag-salud","59":"product_tag-sanacion","60":"product_tag-sexo","61":"product_tag-talleres","62":"product_tag-television","63":"product_tag-terapias","64":"product_tag-trabajo","65":"product_tag-ucrania","66":"product_tag-ukrania","67":"product_tag-usa","68":"product_tag-vacuna","69":"product_tag-viajes","70":"product_tag-videos","71":"product_tag-xxx","72":"product_tag-youtube","73":"product_tag-youtube-yuen-guadalajara","74":"product_tag-yuen","76":"first","77":"instock","78":"downloadable","79":"virtual","80":"purchasable","81":"product-type-simple"},"jetpack_publicize_connections":[],"jetpack-related-posts":[{"id":33670,"url":"https:\/\/multiofertasvip.com\/?product=master-en-desarrollo-personal-sergio-fernandez","url_meta":{"origin":30628,"position":0},"title":"Master en Desarrollo Personal-Sergio Fernandez","author":"multiofertasvip","date":"febrero 26, 2025","format":false,"excerpt":"Accede al Master de Desarrollo personal Master de Desarrollo personal \u2013 Sergio Fernandez\u00a0es la formaci\u00f3n que te ense\u00f1ara como vivir en plenitud y abundancia en cada \u00e1rea de tu vida No importa si te gusta el desarrollo personal o si piensas que es algo que se ha puesto de moda.\u2026","rel":"","context":"Entrada similar","block_context":{"text":"Entrada similar","link":""},"img":{"alt_text":"","src":"https:\/\/i0.wp.com\/multiofertasvip.com\/wp-content\/uploads\/2025\/02\/master.jpg?fit=200%2C200&ssl=1&resize=350%2C200","width":350,"height":200},"classes":[]},{"id":35344,"url":"https:\/\/multiofertasvip.com\/?product=mastermind-lfpro-sergio-fernandez-2","url_meta":{"origin":30628,"position":1},"title":"Mastermind LFPRO \u2013 Sergio Fern\u00e1ndez","author":"multiofertasvip","date":"abril 1, 2026","format":false,"excerpt":"\u00a0 \u00a0 \u00a0 \u00a0 \u00a0 \u00a0 \u00a0","rel":"","context":"Entrada similar","block_context":{"text":"Entrada similar","link":""},"img":{"alt_text":"","src":"https:\/\/i0.wp.com\/multiofertasvip.com\/wp-content\/uploads\/2026\/04\/lfpro.jpg?fit=200%2C200&ssl=1&resize=350%2C200","width":350,"height":200},"classes":[]},{"id":35339,"url":"https:\/\/multiofertasvip.com\/?product=plan-40-dias-para-vivir-con-abundancia-sergio-fernandez-2","url_meta":{"origin":30628,"position":2},"title":"Plan 40 d\u00edas para Vivir con Abundancia \u2013 S\u00e9rgio Fern\u00e1ndez","author":"multiofertasvip","date":"abril 1, 2026","format":false,"excerpt":"\u00a0 \u00a0 \u00a0 \u00a0 \u00a0 \u00a0 \u00a0","rel":"","context":"Entrada similar","block_context":{"text":"Entrada similar","link":""},"img":{"alt_text":"","src":"https:\/\/i0.wp.com\/multiofertasvip.com\/wp-content\/uploads\/2026\/04\/plan-40-dias.jpg?fit=200%2C200&ssl=1&resize=350%2C200","width":350,"height":200},"classes":[]},{"id":34618,"url":"https:\/\/multiofertasvip.com\/?product=codigos-mentales-edmundo-velasco","url_meta":{"origin":30628,"position":3},"title":"C\u00f3digos Mentales Edmundo Velasco","author":"multiofertasvip","date":"diciembre 15, 2025","format":false,"excerpt":"\u00a1Descubre el poder de los C\u00f3digos Mentales! Este curso transformador te ense\u00f1ar\u00e1 a desbloquear tu potencial interior y a reprogramar tu mente para alcanzar tus objetivos. A trav\u00e9s de t\u00e9cnicas efectivas, aprender\u00e1s a superar creencias limitantes, mejorar tu autoestima y potenciar tu creatividad. Perfecto para cualquier persona que busque un\u2026","rel":"","context":"Entrada similar","block_context":{"text":"Entrada similar","link":""},"img":{"alt_text":"","src":"https:\/\/i0.wp.com\/multiofertasvip.com\/wp-content\/uploads\/2025\/12\/codigos-mentales.png?fit=200%2C200&ssl=1&resize=350%2C200","width":350,"height":200},"classes":[]},{"id":30626,"url":"https:\/\/multiofertasvip.com\/?product=amate-a-ti-mismo-louise-hay","url_meta":{"origin":30628,"position":4},"title":"Amate a ti mismo Louise Hay","author":"multiofertasvip","date":"noviembre 29, 2022","format":false,"excerpt":"El amor propio es una parte importante de la vida porque sienta las bases de c\u00f3mo nos sentimos con nosotros mismos. Sin embargo, a muchas personas les resulta dif\u00edcil amarse a s\u00ed mismas y hacer el trabajo que necesitan para sentirse mejor. Aqu\u00ed hay algunos consejos sobre c\u00f3mo puede practicar\u2026","rel":"","context":"Entrada similar","block_context":{"text":"Entrada similar","link":""},"img":{"alt_text":"","src":"https:\/\/i0.wp.com\/multiofertasvip.com\/wp-content\/uploads\/2022\/11\/amate-a-ti-mismo-.jpg?fit=200%2C200&ssl=1&resize=350%2C200","width":350,"height":200},"classes":[]},{"id":33075,"url":"https:\/\/multiofertasvip.com\/?product=master-coach-en-programacion-neurolinguistica-inteligencia-emocional-y-desarrollo-personal-juan-jose-saltos","url_meta":{"origin":30628,"position":5},"title":"Master Coach en Programaci\u00f3n Neuroling\u00fc\u00edstica, Inteligencia Emocional y Desarrollo Personal- Juan Jos\u00e9 Saltos","author":"multiofertasvip","date":"agosto 19, 2024","format":false,"excerpt":"Convi\u00e9rtete en un Experto del Desarrollo Personal\u00a0con t\u00e9cnicas de Programaci\u00f3n Neuroling\u00fc\u00edstica y Coaching 100% aplicables en ti y en los dem\u00e1s, y as\u00ed iniciar tu negocio o implementar en tu profesi\u00f3n actual. Toma el control de tu vida personal y profesional\u00a0aplicando t\u00e9cnicas para mejorar tu inteligencia emocional, relaciones personales, comunicaci\u00f3n\u2026","rel":"","context":"Entrada similar","block_context":{"text":"Entrada similar","link":""},"img":{"alt_text":"","src":"https:\/\/i0.wp.com\/multiofertasvip.com\/wp-content\/uploads\/2024\/08\/pnl.jpg?fit=200%2C200&ssl=1&resize=350%2C200","width":350,"height":200},"classes":[]}],"jetpack_sharing_enabled":true,"jetpack_likes_enabled":true,"_links":{"self":[{"href":"https:\/\/multiofertasvip.com\/index.php?rest_route=\/wp\/v2\/product\/30628","targetHints":{"allow":["GET"]}}],"collection":[{"href":"https:\/\/multiofertasvip.com\/index.php?rest_route=\/wp\/v2\/product"}],"about":[{"href":"https:\/\/multiofertasvip.com\/index.php?rest_route=\/wp\/v2\/types\/product"}],"version-history":[{"count":0,"href":"https:\/\/multiofertasvip.com\/index.php?rest_route=\/wp\/v2\/product\/30628\/revisions"}],"wp:featuredmedia":[{"embeddable":true,"href":"https:\/\/multiofertasvip.com\/index.php?rest_route=\/wp\/v2\/media\/30629"}],"wp:attachment":[{"href":"https:\/\/multiofertasvip.com\/index.php?rest_route=%2Fwp%2Fv2%2Fmedia&parent=30628"}],"wp:term":[{"taxonomy":"product_brand","embeddable":true,"href":"https:\/\/multiofertasvip.com\/index.php?rest_route=%2Fwp%2Fv2%2Fproduct_brand&post=30628"},{"taxonomy":"product_cat","embeddable":true,"href":"https:\/\/multiofertasvip.com\/index.php?rest_route=%2Fwp%2Fv2%2Fproduct_cat&post=30628"},{"taxonomy":"product_tag","embeddable":true,"href":"https:\/\/multiofertasvip.com\/index.php?rest_route=%2Fwp%2Fv2%2Fproduct_tag&post=30628"}],"curies":[{"name":"wp","href":"https:\/\/api.w.org\/{rel}","templated":true}]}}