{"id":30616,"date":"2022-11-10T14:21:47","date_gmt":"2022-11-10T19:51:47","guid":{"rendered":"https:\/\/multiofertasvip.com\/?post_type=product&#038;p=30616"},"modified":"2022-11-10T14:31:53","modified_gmt":"2022-11-10T20:01:53","slug":"mesa-radionica-de-ganesha-para-la-prosperidad-adriana-echeverri","status":"publish","type":"product","link":"https:\/\/multiofertasvip.com\/?product=mesa-radionica-de-ganesha-para-la-prosperidad-adriana-echeverri","title":{"rendered":"Mesa Radi\u00f3nica de Ganesha para la prosperidad-Adriana Echeverri"},"content":{"rendered":"<div class=\"section-tabs\">\n<section id=\"content\" class=\"section section-divider\">\n<div id=\"text_description\" class=\"section_description_together\">\n<div class=\"text-wrapper\">\n<div class=\"section_description__text\" data-testid=\"content-text\">\n<p>La Tabla Radi\u00f3nica de la Prosperidad del Dios Ganesha trabaja en abrir caminos, activar la prosperidad, el dinero, liberar creencias, chips e implantes, voto de pobreza, energ\u00edas negativas, remover obst\u00e1culos, generar la manifestaci\u00f3n de la abundancia y plenitud material. Compuesto con varias herramientas, tales como: radiestesia, feng shui, chakras, cristales, entre otros elementos.<\/p>\n<\/div>\n<\/div>\n<\/div>\n<\/section>\n<\/div>\n<div class=\"section-cover\">\n<div class=\"cover\">\n<section id=\"video\" class=\"section section-divider\">\n<div class=\"section section_video\">\n<div class=\"section_wrap\">\n<div id=\"iframeWrapper\" class=\"videoWrapper\">\n<div class=\"yt-lite false\" data-title=\"Video\"><\/div>\n<\/div>\n<\/div>\n<\/div>\n<\/section>\n<\/div>\n<\/div>\n<div>\n<section id=\"tabs\" class=\"section section-divider\">\n<div>\n<div class=\"tab-content\">\n<div id=\"panel-0\" class=\"content active\">\n<div class=\"summary\">\n<div class=\"accordion\">\n<div class=\"hot-collapse__item\">\n<div class=\"hot-collapse__title\">\n<div class=\"accordion__item\" tabindex=\"0\" role=\"button\" aria-label=\"Contenido Bienvenida\">\n<div class=\"column-content\">\n<div class=\"section-cover\">\n<div class=\"cover\">\n<section id=\"video\" class=\"section section-divider\">\n<div class=\"section section_video\">\n<div class=\"section_wrap\">\n<div id=\"iframeWrapper\" class=\"videoWrapper\">\n<div class=\"yt-lite lyt-activated\" data-title=\"Video\"><iframe class=\"\" title=\"Video\" src=\"https:\/\/www.youtube-nocookie.com\/embed\/z8A881M5gA0?autoplay=1&amp;\" width=\"560\" height=\"315\" frameborder=\"0\" allowfullscreen=\"allowfullscreen\"><\/iframe><\/div>\n<\/div>\n<\/div>\n<\/div>\n<\/section>\n<\/div>\n<\/div>\n<div>\n<section id=\"tabs\" class=\"section section-divider\">\n<div>\n<div class=\"tab-content\">\n<div id=\"panel-0\" class=\"content active\">\n<div class=\"summary\">\n<div class=\"accordion\">\n<div class=\"hot-collapse__item\">\n<div class=\"hot-collapse__title\">\n<div class=\"accordion__item\" tabindex=\"0\" role=\"button\" aria-label=\"Contenido Despedida\"><\/div>\n<\/div>\n<div class=\"hot-collapse__arrow\"><\/div>\n<\/div>\n<div class=\"hot-collapse__item--collapsed\">\n<div><\/div>\n<\/div>\n<\/div>\n<\/div>\n<\/div>\n<div id=\"panel-1\" class=\"content hidden\">\n<div id=\"vantagens\" class=\"section\">\n<div class=\"advantages-container\"><\/div>\n<\/div>\n<\/div>\n<\/div>\n<\/div>\n<\/section>\n<\/div>\n<\/div>\n<div id=\"payment\" class=\"column-checkout\">\n<div>\n<div class=\"checkout-wrapper checkout-common checkout-wrapper--marketplace checkout-wrapper--show-sidebar-scrolled\">\n<div class=\"checkOut side-checkout show-checkout box\" data-testid=\"checkout-side\">\n<div class=\"checkout-container\">\n<div class=\"price\"><\/div>\n<\/div>\n<\/div>\n<\/div>\n<\/div>\n<\/div>\n<\/div>\n<\/div>\n<\/div>\n<\/div>\n<\/div>\n<\/div>\n<\/div>\n<\/div>\n<\/section>\n<\/div>\n","protected":false},"excerpt":{"rendered":"<p>&nbsp;<\/p>\n<p>&nbsp;<\/p>\n<p>&nbsp;<\/p>\n<p>&nbsp;<\/p>\n","protected":false},"featured_media":30617,"template":"","meta":{"_monsterinsights_skip_tracking":false,"_monsterinsights_sitenote_active":false,"_monsterinsights_sitenote_note":"","_monsterinsights_sitenote_category":0,"jetpack_post_was_ever_published":false,"jetpack_publicize_message":"","jetpack_publicize_feature_enabled":true,"jetpack_social_post_already_shared":true,"jetpack_social_options":{"image_generator_settings":{"template":"highway","default_image_id":0,"font":"","enabled":false},"version":2}},"product_brand":[],"product_cat":[286],"product_tag":[263,260,211,254,119,251,215,257,249,243,230,182,226,253,236,229,228,232,258,234,262,239,77,220,265,219,107,225,240,238,108,242,235,244,266,267,248,210,245,212,250,227,106,255,264,252,217,216,233,261,73,25,237,231,247,221,246,222,223,224,259,241,256,218,213,214,53],"class_list":{"0":"post-30616","1":"product","2":"type-product","3":"status-publish","4":"has-post-thumbnail","6":"product_cat-pendulo","7":"product_tag-animales","8":"product_tag-biden","9":"product_tag-billetes","10":"product_tag-bitcoin","11":"product_tag-carrera","12":"product_tag-china","13":"product_tag-christopher-olivarrieta","14":"product_tag-cine","15":"product_tag-coranavirus","16":"product_tag-cultura","17":"product_tag-cursos","18":"product_tag-dinero","19":"product_tag-dios","20":"product_tag-dolar","21":"product_tag-enric-corbera","22":"product_tag-ensenanza-en-casa","23":"product_tag-escuela","24":"product_tag-especialidad","25":"product_tag-estrenos","26":"product_tag-estudios","27":"product_tag-facebook","28":"product_tag-famosos","29":"product_tag-fortalecimientos","30":"product_tag-free","31":"product_tag-gatos","32":"product_tag-gratis","33":"product_tag-guadalajara","34":"product_tag-guerra","35":"product_tag-humor","36":"product_tag-internet","37":"product_tag-introduccion","38":"product_tag-juegos","39":"product_tag-lavin","40":"product_tag-manga","41":"product_tag-mercado-libre","42":"product_tag-mercado-pago","43":"product_tag-meteorologia","44":"product_tag-moneda","45":"product_tag-musica","46":"product_tag-nuevo","47":"product_tag-omnicron","48":"product_tag-oracion","49":"product_tag-osvaldo","50":"product_tag-peliculas","51":"product_tag-perros","52":"product_tag-peso","53":"product_tag-porn","54":"product_tag-porno","55":"product_tag-profesional","56":"product_tag-putin","57":"product_tag-salud","58":"product_tag-sanacion","59":"product_tag-sexo","60":"product_tag-talleres","61":"product_tag-television","62":"product_tag-terapias","63":"product_tag-trabajo","64":"product_tag-ucrania","65":"product_tag-ukrania","66":"product_tag-usa","67":"product_tag-vacuna","68":"product_tag-viajes","69":"product_tag-videos","70":"product_tag-xxx","71":"product_tag-youtube","72":"product_tag-youtube-yuen-guadalajara","73":"product_tag-yuen","75":"first","76":"instock","77":"downloadable","78":"virtual","79":"purchasable","80":"product-type-simple"},"jetpack_publicize_connections":[],"jetpack-related-posts":[{"id":30804,"url":"https:\/\/multiofertasvip.com\/?product=mandalas-radionicos-cristhian-david-saavedra-martinez","url_meta":{"origin":30616,"position":0},"title":"Mandalas Radi\u00f3nicos-Adriana Echeverri","author":"multiofertasvip","date":"abril 18, 2023","format":false,"excerpt":"os Mandalas Radi\u00f3nicos son ecosistemas creados a partir de disposici\u00f3n ordenada de los gr\u00e1ficos de radiestesia con el fin de generar estructuras energ\u00e9ticas que contribuyan a la consecuci\u00f3n de objetivos a nivel de la salud, las relaciones, la prosperidad, la protecci\u00f3n, etc. Con los Mandalas Radi\u00f3nicos podr\u00e1s crear el ambiente\u2026","rel":"","context":"Entrada similar","block_context":{"text":"Entrada similar","link":""},"img":{"alt_text":"","src":"https:\/\/i0.wp.com\/multiofertasvip.com\/wp-content\/uploads\/2023\/04\/mandalas.jpg?fit=200%2C200&ssl=1&resize=350%2C200","width":350,"height":200},"classes":[]},{"id":30415,"url":"https:\/\/multiofertasvip.com\/?product=mesa-radionica-de-saint-germain-adriana-echeverri","url_meta":{"origin":30616,"position":1},"title":"Mesa Radi\u00f3nica de Saint Germain-Adriana Echeverri","author":"multiofertasvip","date":"septiembre 6, 2022","format":false,"excerpt":"\u00a0 \u00a0 \u00a0 \u00a0 \u00a0 \u00a0 \u00a0","rel":"","context":"Entrada similar","block_context":{"text":"Entrada similar","link":""},"img":{"alt_text":"","src":"https:\/\/i0.wp.com\/multiofertasvip.com\/wp-content\/uploads\/2022\/09\/mesa-radiodica.jpg?fit=200%2C200&ssl=1&resize=350%2C200","width":350,"height":200},"classes":[]},{"id":30470,"url":"https:\/\/multiofertasvip.com\/?product=mesa-radionica-de-animales-adriana-echeverri","url_meta":{"origin":30616,"position":2},"title":"Mesa Radi\u00f3nica de Animales-Adriana Echeverri","author":"multiofertasvip","date":"octubre 5, 2022","format":false,"excerpt":"\u00a0 \u00a0 \u00a0 \u00a0","rel":"","context":"Entrada similar","block_context":{"text":"Entrada similar","link":""},"img":{"alt_text":"","src":"https:\/\/i0.wp.com\/productoselite.net\/wp-content\/uploads\/2022\/09\/Campeonato-infantil-de-futbol-11.jpg?resize=350%2C200&ssl=1","width":350,"height":200,"srcset":"https:\/\/i0.wp.com\/productoselite.net\/wp-content\/uploads\/2022\/09\/Campeonato-infantil-de-futbol-11.jpg?resize=350%2C200&ssl=1 1x, https:\/\/i0.wp.com\/productoselite.net\/wp-content\/uploads\/2022\/09\/Campeonato-infantil-de-futbol-11.jpg?resize=525%2C300&ssl=1 1.5x, https:\/\/i0.wp.com\/productoselite.net\/wp-content\/uploads\/2022\/09\/Campeonato-infantil-de-futbol-11.jpg?resize=700%2C400&ssl=1 2x, https:\/\/i0.wp.com\/productoselite.net\/wp-content\/uploads\/2022\/09\/Campeonato-infantil-de-futbol-11.jpg?resize=1050%2C600&ssl=1 3x"},"classes":[]},{"id":30672,"url":"https:\/\/multiofertasvip.com\/?product=metodo-ahava-radiestesia-diferencial-y-efectiva-adriana-echeverri","url_meta":{"origin":30616,"position":3},"title":"M\u00e9todo AHAVA &#8211; Radiestesia Diferencial y Efectiva-Adriana Echeverri","author":"multiofertasvip","date":"enero 9, 2023","format":false,"excerpt":"\u00a1MIRA TODO LO QUE TE LLEVAS! M\u00f3dulo 1: Acercamiento a la Radiestesia: \u00a0 Fundamentos de radiestesia Instrumentos radiest\u00e9sicos P\u00e9ndulo: fundamentos, programaci\u00f3n y trabajo con p\u00e9ndulo Norte magn\u00e9tico y forma correcta de hacer preguntas Gr\u00e1ficos de radiestesia: fundamentos y s funcionamiento Bi\u00f3metros: fundamentos, funcionamiento y creaci\u00f3n Testigos: crear, limpiar y potencializar\u2026","rel":"","context":"Entrada similar","block_context":{"text":"Entrada similar","link":""},"img":{"alt_text":"","src":"https:\/\/i0.wp.com\/productoselite.net\/wp-content\/uploads\/2022\/12\/Acercamiento-a-la-radiestesia.jpg?resize=350%2C200&ssl=1","width":350,"height":200},"classes":[]},{"id":31073,"url":"https:\/\/multiofertasvip.com\/?product=magia-dinero-y-prosperidad-access-consciousness-elma-galvan","url_meta":{"origin":30616,"position":4},"title":"Magia Dinero y Prosperidad (Access Consciousness)-Elma Galvan","author":"multiofertasvip","date":"enero 2, 2024","format":false,"excerpt":"\u00bfTe imaginas vivir en un mundo donde tu magia personal te conecta con la prosperidad? \u00bfEst\u00e1s listo para tomar acci\u00f3n y comenzar tu viaje hacia una realidad m\u00e1s grandiosa con el dinero, prosperidad y abundancia? \u00bfTe gustar\u00eda aprender a atraer riqueza y abundancia con la magia que llevas dentro?\u00a0 Magia,\u2026","rel":"","context":"Entrada similar","block_context":{"text":"Entrada similar","link":""},"img":{"alt_text":"","src":"https:\/\/i0.wp.com\/multiofertasvip.com\/wp-content\/uploads\/2023\/12\/magia-dinero-y-prosperidad-access-consciousness-1.jpg?fit=200%2C200&ssl=1&resize=350%2C200","width":350,"height":200},"classes":[]},{"id":34711,"url":"https:\/\/multiofertasvip.com\/?product=inicia-un-ano-prospero-%e2%9c%a8-la-energia-de-la-prosperidad-infinita-elma-galvan","url_meta":{"origin":30616,"position":5},"title":"Inicia un a\u00f1o pr\u00f3spero \u2728 La Energ\u00eda de la prosperidad infinita-Elma Galvan","author":"multiofertasvip","date":"enero 9, 2026","format":false,"excerpt":"\"Inicia un a\u00f1o pr\u00f3spero\" 7 Flujos Energ\u00e9ticos en vivo \u00bfY si este a\u00f1o pudiera comenzar desde la expansi\u00f3n, el recibir y la magia\u2026 en lugar del esfuerzo?Esta experiencia energ\u00e9tica te conecta con tu poder creador a trav\u00e9s de 7 Flujos Energ\u00e9ticos + SOP (Sinfon\u00eda de Posibilidades) taster grupal, en vivo\u2026","rel":"","context":"Entrada similar","block_context":{"text":"Entrada similar","link":""},"img":{"alt_text":"","src":"https:\/\/i0.wp.com\/multiofertasvip.com\/wp-content\/uploads\/2026\/01\/energia-de-la-prosperidad-infinita.jpg?fit=200%2C200&ssl=1&resize=350%2C200","width":350,"height":200},"classes":[]}],"jetpack_sharing_enabled":true,"jetpack_likes_enabled":true,"_links":{"self":[{"href":"https:\/\/multiofertasvip.com\/index.php?rest_route=\/wp\/v2\/product\/30616","targetHints":{"allow":["GET"]}}],"collection":[{"href":"https:\/\/multiofertasvip.com\/index.php?rest_route=\/wp\/v2\/product"}],"about":[{"href":"https:\/\/multiofertasvip.com\/index.php?rest_route=\/wp\/v2\/types\/product"}],"version-history":[{"count":0,"href":"https:\/\/multiofertasvip.com\/index.php?rest_route=\/wp\/v2\/product\/30616\/revisions"}],"wp:featuredmedia":[{"embeddable":true,"href":"https:\/\/multiofertasvip.com\/index.php?rest_route=\/wp\/v2\/media\/30617"}],"wp:attachment":[{"href":"https:\/\/multiofertasvip.com\/index.php?rest_route=%2Fwp%2Fv2%2Fmedia&parent=30616"}],"wp:term":[{"taxonomy":"product_brand","embeddable":true,"href":"https:\/\/multiofertasvip.com\/index.php?rest_route=%2Fwp%2Fv2%2Fproduct_brand&post=30616"},{"taxonomy":"product_cat","embeddable":true,"href":"https:\/\/multiofertasvip.com\/index.php?rest_route=%2Fwp%2Fv2%2Fproduct_cat&post=30616"},{"taxonomy":"product_tag","embeddable":true,"href":"https:\/\/multiofertasvip.com\/index.php?rest_route=%2Fwp%2Fv2%2Fproduct_tag&post=30616"}],"curies":[{"name":"wp","href":"https:\/\/api.w.org\/{rel}","templated":true}]}}