{"id":30516,"date":"2022-10-19T13:35:20","date_gmt":"2022-10-19T19:05:20","guid":{"rendered":"https:\/\/multiofertasvip.com\/?post_type=product&#038;p=30516"},"modified":"2025-11-04T16:49:57","modified_gmt":"2025-11-04T22:19:57","slug":"taller-yuen-dinero-mas-alla-de-los-limites-janeth-franco","status":"publish","type":"product","link":"https:\/\/multiofertasvip.com\/?product=taller-yuen-dinero-mas-alla-de-los-limites-janeth-franco","title":{"rendered":"Taller Yuen -Dinero mas alla de los limites-Janeth Franco"},"content":{"rendered":"<p>BIENVENIDO A DINERO M\u00c1S ALL\u00c1 DELOSLIMITES<\/p>\n<p>Este es un programa que de manera f\u00e1cil y simple te permitir\u00e1 tomar consciencia de las elecciones e influencias que han actualizado tu realidad presente con el dinero.Y tambi\u00e9n podr\u00e1s borrar esas causas y efectos para abrir nuevos caminos haciala prosperidad.<\/p>\n<p>&nbsp;<\/p>\n","protected":false},"excerpt":{"rendered":"<p>BIENVENIDO A DINERO M\u00c1S ALL\u00c1 DELOSLIMITES Este es un programa que de manera f\u00e1cil y simple te permitir\u00e1 tomar consciencia de las elecciones e influencias que han actualizado tu realidad presente con el dinero.Y tambi\u00e9n podr\u00e1s borrar esas causas y efectos para abrir nuevos caminos haciala prosperidad. &nbsp;<\/p>\n","protected":false},"featured_media":30517,"template":"","meta":{"_monsterinsights_skip_tracking":false,"_monsterinsights_sitenote_active":false,"_monsterinsights_sitenote_note":"","_monsterinsights_sitenote_category":0,"jetpack_post_was_ever_published":false,"jetpack_publicize_message":"","jetpack_publicize_feature_enabled":true,"jetpack_social_post_already_shared":true,"jetpack_social_options":{"image_generator_settings":{"template":"highway","default_image_id":0,"font":"","enabled":false},"version":2}},"product_brand":[],"product_cat":[87],"product_tag":[263,142,260,211,254,119,251,215,257,249,243,230,182,226,253,236,229,143,228,232,258,234,262,239,220,265,219,225,240,238,140,242,235,244,266,267,248,210,245,212,250,227,255,264,252,217,216,233,261,73,237,231,247,221,246,222,223,224,259,241,256,218,213,214,53],"class_list":{"0":"post-30516","1":"product","2":"type-product","3":"status-publish","4":"has-post-thumbnail","6":"product_cat-metodo-yuen","7":"product_tag-animales","8":"product_tag-avanzado","9":"product_tag-biden","10":"product_tag-billetes","11":"product_tag-bitcoin","12":"product_tag-carrera","13":"product_tag-china","14":"product_tag-christopher-olivarrieta","15":"product_tag-cine","16":"product_tag-coranavirus","17":"product_tag-cultura","18":"product_tag-cursos","19":"product_tag-dinero","20":"product_tag-dios","21":"product_tag-dolar","22":"product_tag-enric-corbera","23":"product_tag-ensenanza-en-casa","24":"product_tag-entidades","25":"product_tag-escuela","26":"product_tag-especialidad","27":"product_tag-estrenos","28":"product_tag-estudios","29":"product_tag-facebook","30":"product_tag-famosos","31":"product_tag-free","32":"product_tag-gatos","33":"product_tag-gratis","34":"product_tag-guerra","35":"product_tag-humor","36":"product_tag-internet","37":"product_tag-jose-palomo","38":"product_tag-juegos","39":"product_tag-lavin","40":"product_tag-manga","41":"product_tag-mercado-libre","42":"product_tag-mercado-pago","43":"product_tag-meteorologia","44":"product_tag-moneda","45":"product_tag-musica","46":"product_tag-nuevo","47":"product_tag-omnicron","48":"product_tag-oracion","49":"product_tag-peliculas","50":"product_tag-perros","51":"product_tag-peso","52":"product_tag-porn","53":"product_tag-porno","54":"product_tag-profesional","55":"product_tag-putin","56":"product_tag-salud","57":"product_tag-sexo","58":"product_tag-talleres","59":"product_tag-television","60":"product_tag-terapias","61":"product_tag-trabajo","62":"product_tag-ucrania","63":"product_tag-ukrania","64":"product_tag-usa","65":"product_tag-vacuna","66":"product_tag-viajes","67":"product_tag-videos","68":"product_tag-xxx","69":"product_tag-youtube","70":"product_tag-youtube-yuen-guadalajara","71":"product_tag-yuen","73":"first","74":"instock","75":"downloadable","76":"virtual","77":"purchasable","78":"product-type-simple"},"jetpack_publicize_connections":[],"jetpack-related-posts":[{"id":32965,"url":"https:\/\/multiofertasvip.com\/?product=30-dayas-of-esb-dr-dain-heer","url_meta":{"origin":30516,"position":0},"title":"30 Days of ESB(BODY)-Dr. Dain Heer","author":"multiofertasvip","date":"julio 5, 2024","format":false,"excerpt":"El paquete corporal \u00a0\u00a0\u00a0\u00a0Grabaci\u00f3n de audio y video con el Dr. Dain Heer Una selecci\u00f3n especial de sesiones ESB de la Ronda 3 de 30 d\u00edas especialmente para ti y tu cuerpo. Notas sobre la sesi\u00f3n 26\u00a0 No eres lo que pensabas que eras. Tu cuerpo no es lo que\u2026","rel":"","context":"Entrada similar","block_context":{"text":"Entrada similar","link":""},"img":{"alt_text":"","src":"https:\/\/i0.wp.com\/kajabi-storefronts-production.kajabi-cdn.com\/kajabi-storefronts-production\/site\/5658\/images\/0FmIDhVTQoWUenWolsMa_wsPmaEUtSbCEHEsXl7MP_YOU_GIT_THIS.png?resize=350%2C200&ssl=1","width":350,"height":200},"classes":[]},{"id":33451,"url":"https:\/\/multiofertasvip.com\/?product=escuela-de-mutantes-%c2%b7-reload-paula-andrea-gil","url_meta":{"origin":30516,"position":1},"title":"Escuela de Mutantes \u00b7 Reload-Paula Andrea Gil","author":"multiofertasvip","date":"diciembre 1, 2024","format":false,"excerpt":"\u00bfTe gusta la f\u00edsica cu\u00e1ntica?\u00bfTe gustan los superh\u00e9roes y sus super poderes?.\u00bfTe gustar\u00eda descubrir las habilidades m\u00e1s all\u00e1 de esta realidad que tiene tu cuerpo y tu cerebro?\u00bfTe gustar\u00eda crear en otras dimensiones y realidades?\u00bfTe gustar\u00eda tener herramientas para crear m\u00e1s all\u00e1 de esta realidad?\u00bfCu\u00e1ntas habilidades con el tiempo puedes\u2026","rel":"","context":"Entrada similar","block_context":{"text":"Entrada similar","link":""},"img":{"alt_text":"","src":"https:\/\/i0.wp.com\/multiofertasvip.com\/wp-content\/uploads\/2024\/11\/reload.jpg?fit=200%2C200&ssl=1&resize=350%2C200","width":350,"height":200},"classes":[]},{"id":33061,"url":"https:\/\/multiofertasvip.com\/?product=activaciones-energeticas-easy-money-daniela-correa","url_meta":{"origin":30516,"position":2},"title":"Activaciones Energ\u00e9ticas Easy Money-Daniela Correa","author":"multiofertasvip","date":"agosto 16, 2024","format":false,"excerpt":"Las activaciones energ\u00e9ticas son una herramienta poderosa para transformar tu relaci\u00f3n con el dinero y atraer abundancia a tu vida. Si deseas crear una realidad financiera que realmente funcione para ti, esta es una de las t\u00e9cnicas m\u00e1s efectivas. Durante 7 d\u00edas, vamos a jugar con la energ\u00eda del dinero\u2026","rel":"","context":"Entrada similar","block_context":{"text":"Entrada similar","link":""},"img":{"alt_text":"","src":"https:\/\/i0.wp.com\/multiofertasvip.com\/wp-content\/uploads\/2024\/08\/EASY.jpg?fit=200%2C200&ssl=1&resize=350%2C200","width":350,"height":200},"classes":[]},{"id":33229,"url":"https:\/\/multiofertasvip.com\/?product=cirugias-cuanticas-nivel-avanzadas-paula-andrea-gil","url_meta":{"origin":30516,"position":3},"title":"Cirug\u00edas Cu\u00e1nticas Nivel  Avanzadas-Paula Andrea Gil","author":"multiofertasvip","date":"octubre 4, 2024","format":false,"excerpt":"Cirug\u00edas cu\u00e1nticas avanzadas (M\u00e1s all\u00e1 de lo que cre\u00edas posible) Y si quieres crear algo m\u00e1s all\u00e1 de esta realidad, y ya tomaste cirug\u00edas cu\u00e1nticas, puedes tomar cirug\u00edas avanzadas donde veremos, entre otros: 1. Fascias 2. Realineaci\u00f3n estructural del cuerpo y alineaci\u00f3n de \u00f3rganos. 3. Fundamentos de Moldeamiento corporal. 4.\u2026","rel":"","context":"Entrada similar","block_context":{"text":"Entrada similar","link":""},"img":{"alt_text":"","src":"https:\/\/i0.wp.com\/multiofertasvip.com\/wp-content\/uploads\/2024\/10\/Avanzadas.jpeg?fit=200%2C200&ssl=1&resize=350%2C200","width":350,"height":200},"classes":[]},{"id":34860,"url":"https:\/\/multiofertasvip.com\/?product=the-money-class-dr-dain-heer","url_meta":{"origin":30516,"position":4},"title":"The Money Class-Dr. Dain Heer","author":"multiofertasvip","date":"febrero 26, 2026","format":false,"excerpt":"Curso La Clase de Dinero No es lo Que Pensabas Dain Heer Una serie de 4 llamadas con el Dr. Dain Heer. Este producto es una serie de 4 llamadas sobre dinero de mi programa Monstruos de Milagros. Juntos, creamos algo completamente diferente e inesperado. Y eso es decirlo suavemente.\u2026","rel":"","context":"Entrada similar","block_context":{"text":"Entrada similar","link":""},"img":{"alt_text":"","src":"https:\/\/i0.wp.com\/multiofertasvip.com\/wp-content\/uploads\/2026\/02\/money-class.jpg?fit=200%2C200&ssl=1&resize=350%2C200","width":350,"height":200},"classes":[]},{"id":33360,"url":"https:\/\/multiofertasvip.com\/?product=desprogramandote-magia-con-moleculas-edicion-mas-alla-del-dolor-daniela-correa","url_meta":{"origin":30516,"position":5},"title":"Desprogram\u00e1ndote + Magia con mol\u00e9culas Edici\u00f3n Mas all\u00e1 del dolor -Daniela Correa","author":"multiofertasvip","date":"noviembre 25, 2024","format":false,"excerpt":"\u00bfC\u00f3mo ser\u00eda para ti reconocer todos esos implantes, puntos de vista, mentiras que hasta hoy has elegido como parte de tu \u201cprogramaci\u00f3n\u201d y que lo \u00fanico que hacen es limitarte a ser quien verdaderamente eres? Desprogram\u00e1ndote + Magia con mol\u00e9culas Edici\u00f3n Mas all\u00e1 del dolor by Daniela Correa, no se\u2026","rel":"","context":"Entrada similar","block_context":{"text":"Entrada similar","link":""},"img":{"alt_text":"","src":"https:\/\/i0.wp.com\/multiofertasvip.com\/wp-content\/uploads\/2024\/11\/mas-alla-del-dolor.png?fit=200%2C200&ssl=1&resize=350%2C200","width":350,"height":200},"classes":[]}],"jetpack_sharing_enabled":false,"jetpack_likes_enabled":false,"_links":{"self":[{"href":"https:\/\/multiofertasvip.com\/index.php?rest_route=\/wp\/v2\/product\/30516","targetHints":{"allow":["GET"]}}],"collection":[{"href":"https:\/\/multiofertasvip.com\/index.php?rest_route=\/wp\/v2\/product"}],"about":[{"href":"https:\/\/multiofertasvip.com\/index.php?rest_route=\/wp\/v2\/types\/product"}],"version-history":[{"count":2,"href":"https:\/\/multiofertasvip.com\/index.php?rest_route=\/wp\/v2\/product\/30516\/revisions"}],"predecessor-version":[{"id":34554,"href":"https:\/\/multiofertasvip.com\/index.php?rest_route=\/wp\/v2\/product\/30516\/revisions\/34554"}],"wp:featuredmedia":[{"embeddable":true,"href":"https:\/\/multiofertasvip.com\/index.php?rest_route=\/wp\/v2\/media\/30517"}],"wp:attachment":[{"href":"https:\/\/multiofertasvip.com\/index.php?rest_route=%2Fwp%2Fv2%2Fmedia&parent=30516"}],"wp:term":[{"taxonomy":"product_brand","embeddable":true,"href":"https:\/\/multiofertasvip.com\/index.php?rest_route=%2Fwp%2Fv2%2Fproduct_brand&post=30516"},{"taxonomy":"product_cat","embeddable":true,"href":"https:\/\/multiofertasvip.com\/index.php?rest_route=%2Fwp%2Fv2%2Fproduct_cat&post=30516"},{"taxonomy":"product_tag","embeddable":true,"href":"https:\/\/multiofertasvip.com\/index.php?rest_route=%2Fwp%2Fv2%2Fproduct_tag&post=30516"}],"curies":[{"name":"wp","href":"https:\/\/api.w.org\/{rel}","templated":true}]}}