{"id":30496,"date":"2022-10-13T10:46:07","date_gmt":"2022-10-13T16:16:07","guid":{"rendered":"https:\/\/multiofertasvip.com\/?post_type=product&#038;p=30496"},"modified":"2022-10-13T10:48:50","modified_gmt":"2022-10-13T16:18:50","slug":"taller-guadalajara-enfermedades-psiquicas","status":"publish","type":"product","link":"https:\/\/multiofertasvip.com\/?product=taller-guadalajara-enfermedades-psiquicas","title":{"rendered":"Taller Guadalajara Enfermedades Psiquicas"},"content":{"rendered":"<div class=\"xdj266r x11i5rnm xat24cr x1mh8g0r x1vvkbs\">Es probable que alguna enfermedad que tengas o hayas tenido haya sido una enfermedad ps\u00edquica y no lo sepas.<\/div>\n<div class=\"x11i5rnm xat24cr x1mh8g0r x1vvkbs xtlvy1s\">Este tipo de enfermedades es muy com\u00fan y poco detectadas.<\/div>\n<div class=\"x11i5rnm xat24cr x1mh8g0r x1vvkbs xtlvy1s\">Rastrearemos estas enfermedades y eliminaremos su origen.<\/div>\n<div class=\"x11i5rnm xat24cr x1mh8g0r x1vvkbs xtlvy1s\">Qu\u00e9 puede estar enfermo?<\/div>\n<div class=\"x11i5rnm xat24cr x1mh8g0r x1vvkbs xtlvy1s\"><span class=\"x3nfvp2 x1j61x8r x1fcty0u xdj266r xhhsvwb xat24cr xgzva0m xxymvpz xlup9mm x1kky2od\"><img decoding=\"async\" src=\"https:\/\/static.xx.fbcdn.net\/images\/emoji.php\/v9\/tac\/1\/16\/1f4cc.png\" alt=\"\ud83d\udccc\" width=\"16\" height=\"16\" \/><\/span>Tu econom\u00eda, finanzas<br \/>\n<span class=\"x3nfvp2 x1j61x8r x1fcty0u xdj266r xhhsvwb xat24cr xgzva0m xxymvpz xlup9mm x1kky2od\"><img decoding=\"async\" src=\"https:\/\/static.xx.fbcdn.net\/images\/emoji.php\/v9\/tac\/1\/16\/1f4cc.png\" alt=\"\ud83d\udccc\" width=\"16\" height=\"16\" \/><\/span>Tu relaci\u00f3n de pareja\/madre\/padre\/hijos<br \/>\n<span class=\"x3nfvp2 x1j61x8r x1fcty0u xdj266r xhhsvwb xat24cr xgzva0m xxymvpz xlup9mm x1kky2od\"><img decoding=\"async\" src=\"https:\/\/static.xx.fbcdn.net\/images\/emoji.php\/v9\/tac\/1\/16\/1f4cc.png\" alt=\"\ud83d\udccc\" width=\"16\" height=\"16\" \/><\/span>Tu cuerpo<\/div>\n","protected":false},"excerpt":{"rendered":"<p>Existen muchos m\u00e9todos de sanaci\u00f3n espiritual, pero tal vez el m\u00e1s eficaz es el de la sanaci\u00f3n espiritual por arquetipos. Por medio de la canalizaci\u00f3n de las energ\u00edas y el poder de la mente se pueden llegar a curar o por lo menos aliviar muchas dolencias y enfermedades. Requiere esfuerzo, dedicaci\u00f3n y voluntad, pero los resultados merecen la pena.<br \/>\nRebeca e Isaac de Centro Manderley, nos revelan los secretos de esta t\u00e9cnica.<\/p>\n","protected":false},"featured_media":30497,"template":"","meta":{"_monsterinsights_skip_tracking":false,"_monsterinsights_sitenote_active":false,"_monsterinsights_sitenote_note":"","_monsterinsights_sitenote_category":0,"jetpack_post_was_ever_published":false,"jetpack_publicize_message":"","jetpack_publicize_feature_enabled":true,"jetpack_social_post_already_shared":true,"jetpack_social_options":{"image_generator_settings":{"template":"highway","default_image_id":0,"font":"","enabled":false},"version":2}},"product_brand":[],"product_cat":[87],"product_tag":[263,33,260,211,254,35,119,251,215,257,34,249,243,230,182,226,253,236,229,228,232,258,234,262,239,220,265,219,225,240,238,242,235,244,266,267,248,210,245,212,250,227,255,264,252,217,216,233,261,73,25,237,231,247,221,246,222,223,224,259,241,256,218,213,214,53],"class_list":{"0":"post-30496","1":"product","2":"type-product","3":"status-publish","4":"has-post-thumbnail","6":"product_cat-metodo-yuen","7":"product_tag-animales","8":"product_tag-arquetipos","9":"product_tag-biden","10":"product_tag-billetes","11":"product_tag-bitcoin","12":"product_tag-bloy","13":"product_tag-carrera","14":"product_tag-china","15":"product_tag-christopher-olivarrieta","16":"product_tag-cine","17":"product_tag-colin","18":"product_tag-coranavirus","19":"product_tag-cultura","20":"product_tag-cursos","21":"product_tag-dinero","22":"product_tag-dios","23":"product_tag-dolar","24":"product_tag-enric-corbera","25":"product_tag-ensenanza-en-casa","26":"product_tag-escuela","27":"product_tag-especialidad","28":"product_tag-estrenos","29":"product_tag-estudios","30":"product_tag-facebook","31":"product_tag-famosos","32":"product_tag-free","33":"product_tag-gatos","34":"product_tag-gratis","35":"product_tag-guerra","36":"product_tag-humor","37":"product_tag-internet","38":"product_tag-juegos","39":"product_tag-lavin","40":"product_tag-manga","41":"product_tag-mercado-libre","42":"product_tag-mercado-pago","43":"product_tag-meteorologia","44":"product_tag-moneda","45":"product_tag-musica","46":"product_tag-nuevo","47":"product_tag-omnicron","48":"product_tag-oracion","49":"product_tag-peliculas","50":"product_tag-perros","51":"product_tag-peso","52":"product_tag-porn","53":"product_tag-porno","54":"product_tag-profesional","55":"product_tag-putin","56":"product_tag-salud","57":"product_tag-sanacion","58":"product_tag-sexo","59":"product_tag-talleres","60":"product_tag-television","61":"product_tag-terapias","62":"product_tag-trabajo","63":"product_tag-ucrania","64":"product_tag-ukrania","65":"product_tag-usa","66":"product_tag-vacuna","67":"product_tag-viajes","68":"product_tag-videos","69":"product_tag-xxx","70":"product_tag-youtube","71":"product_tag-youtube-yuen-guadalajara","72":"product_tag-yuen","74":"first","75":"instock","76":"downloadable","77":"virtual","78":"purchasable","79":"product-type-simple"},"jetpack_publicize_connections":[],"jetpack-related-posts":[{"id":30494,"url":"https:\/\/multiofertasvip.com\/?product=sanacion-espiritual-por-arquetipos-manuel-uribazo","url_meta":{"origin":30496,"position":0},"title":"Sanacion Espiritual por Arquetipos-Manuel Uribazo","author":"multiofertasvip","date":"octubre 13, 2022","format":false,"excerpt":"Existen muchos m\u00e9todos de sanaci\u00f3n espiritual, pero tal vez el m\u00e1s eficaz es el de la sanaci\u00f3n espiritual por arquetipos. Por medio de la canalizaci\u00f3n de las energ\u00edas y el poder de la mente se pueden llegar a curar o por lo menos aliviar muchas dolencias y enfermedades. Requiere esfuerzo,\u2026","rel":"","context":"Entrada similar","block_context":{"text":"Entrada similar","link":""},"img":{"alt_text":"","src":"https:\/\/i0.wp.com\/multiofertasvip.com\/wp-content\/uploads\/2022\/10\/arqutipos.jpg?fit=200%2C200&ssl=1&resize=350%2C200","width":350,"height":200},"classes":[]},{"id":29991,"url":"https:\/\/multiofertasvip.com\/?product=metodo-yuen-nivel-1-3-christopher-olivarrieta","url_meta":{"origin":30496,"position":1},"title":"Metodo Yuen Nivel 1-3 Christopher Olivarrieta","author":"multiofertasvip","date":"agosto 30, 2021","format":false,"excerpt":"Con la t\u00e9cnica \u00fanica del M\u00e9todo Yuen, puedes aprender a determinar y corregir tus propios desequilibrios, o en otras palabras, revertir la mayor\u00eda de cualquier proceso de enfermedad. Puedes mejorar todo en tus rendimientos de salud, relaciones y finanzas instant\u00e1neamente. Puedes eliminar el dolor al instante.","rel":"","context":"Entrada similar","block_context":{"text":"Entrada similar","link":""},"img":{"alt_text":"","src":"https:\/\/i0.wp.com\/multiofertasvip.com\/wp-content\/uploads\/2021\/08\/nivel-1-3-Christopher.jpg?fit=200%2C200&ssl=1&resize=350%2C200","width":350,"height":200},"classes":[]},{"id":30440,"url":"https:\/\/multiofertasvip.com\/?product=metodo-yuen-psiquiatria-modulo-8-ypy-academy","url_meta":{"origin":30496,"position":2},"title":"Metodo Yuen Psiquiatria Modulo 8 -YPY Academy","author":"multiofertasvip","date":"marzo 17, 2026","format":false,"excerpt":"\u00a0 \u00a0 \u00a0 \u00a0 \u00a0 \u00a0 \u00a0","rel":"","context":"Entrada similar","block_context":{"text":"Entrada similar","link":""},"img":{"alt_text":"","src":"https:\/\/i0.wp.com\/multiofertasvip.com\/wp-content\/uploads\/2022\/09\/psiquiatria.jpg?fit=200%2C200&ssl=1&resize=350%2C200","width":350,"height":200},"classes":[]},{"id":35112,"url":"https:\/\/multiofertasvip.com\/?product=metodo-yuen-resolucion-final-modulo-10-ypy-academy-2","url_meta":{"origin":30496,"position":3},"title":"Metodo Yuen Resolucion Final Modulo 10 -YPY Academy","author":"multiofertasvip","date":"marzo 17, 2026","format":false,"excerpt":"\u00a0 \u00a0 \u00a0 \u00a0 \u00a0 \u00a0 \u00a0","rel":"","context":"Entrada similar","block_context":{"text":"Entrada similar","link":""},"img":{"alt_text":"","src":"https:\/\/i0.wp.com\/multiofertasvip.com\/wp-content\/uploads\/2026\/03\/YPT-MODULO-10.png?fit=200%2C200&ssl=1&resize=350%2C200","width":350,"height":200},"classes":[]},{"id":35108,"url":"https:\/\/multiofertasvip.com\/?product=metodo-yuen-fortalecimiento-para-la-vida-diaria-modulo-9-ypy-academy-2","url_meta":{"origin":30496,"position":4},"title":"Metodo Yuen Fortalecimiento para la vida diaria Modulo 9 -YPY Academy","author":"multiofertasvip","date":"marzo 17, 2026","format":false,"excerpt":"\u00a0 \u00a0 \u00a0 \u00a0 \u00a0 \u00a0 \u00a0","rel":"","context":"Entrada similar","block_context":{"text":"Entrada similar","link":""},"img":{"alt_text":"","src":"https:\/\/i0.wp.com\/multiofertasvip.com\/wp-content\/uploads\/2026\/03\/MODULO9-YPT.png?fit=200%2C200&ssl=1&resize=350%2C200","width":350,"height":200},"classes":[]},{"id":30313,"url":"https:\/\/multiofertasvip.com\/?product=taller-para-quitar-karmas-y-vidas-pasadas-cristopher-olavarrieta","url_meta":{"origin":30496,"position":5},"title":"Taller  karmas y Vidas Pasadas-Cristopher Olavarrieta","author":"multiofertasvip","date":"mayo 7, 2022","format":false,"excerpt":"Cuando hay resistencia a evolucionar hacia la conciencia ps\u00edquica y espiritual aparecen: TRAUMAS, DOLOR, DESCONTENTO, INSATISFACCI\u00d3N, ENFERMEDADES, EMOCIONES NEGATIVAS, EXPERIENCIAS NEGATIVAS Y AFLICCIONES. Por lo que la capacidad de curarse est\u00e1 mas en estos \u00faltimos niveles, el ps\u00edquico y el espiritual. Yo no soy ning\u00fan gur\u00fa, pero quiero ayudarte a\u2026","rel":"","context":"Entrada similar","block_context":{"text":"Entrada similar","link":""},"img":{"alt_text":"","src":"https:\/\/i0.wp.com\/multiofertasvip.com\/wp-content\/uploads\/2022\/05\/taller-karmas-Cristopher.png?fit=200%2C200&ssl=1&resize=350%2C200","width":350,"height":200},"classes":[]}],"jetpack_sharing_enabled":true,"jetpack_likes_enabled":true,"_links":{"self":[{"href":"https:\/\/multiofertasvip.com\/index.php?rest_route=\/wp\/v2\/product\/30496","targetHints":{"allow":["GET"]}}],"collection":[{"href":"https:\/\/multiofertasvip.com\/index.php?rest_route=\/wp\/v2\/product"}],"about":[{"href":"https:\/\/multiofertasvip.com\/index.php?rest_route=\/wp\/v2\/types\/product"}],"version-history":[{"count":0,"href":"https:\/\/multiofertasvip.com\/index.php?rest_route=\/wp\/v2\/product\/30496\/revisions"}],"wp:featuredmedia":[{"embeddable":true,"href":"https:\/\/multiofertasvip.com\/index.php?rest_route=\/wp\/v2\/media\/30497"}],"wp:attachment":[{"href":"https:\/\/multiofertasvip.com\/index.php?rest_route=%2Fwp%2Fv2%2Fmedia&parent=30496"}],"wp:term":[{"taxonomy":"product_brand","embeddable":true,"href":"https:\/\/multiofertasvip.com\/index.php?rest_route=%2Fwp%2Fv2%2Fproduct_brand&post=30496"},{"taxonomy":"product_cat","embeddable":true,"href":"https:\/\/multiofertasvip.com\/index.php?rest_route=%2Fwp%2Fv2%2Fproduct_cat&post=30496"},{"taxonomy":"product_tag","embeddable":true,"href":"https:\/\/multiofertasvip.com\/index.php?rest_route=%2Fwp%2Fv2%2Fproduct_tag&post=30496"}],"curies":[{"name":"wp","href":"https:\/\/api.w.org\/{rel}","templated":true}]}}