{"id":30492,"date":"2022-10-13T10:19:17","date_gmt":"2022-10-13T15:49:17","guid":{"rendered":"https:\/\/multiofertasvip.com\/?post_type=product&#038;p=30492"},"modified":"2022-10-13T10:25:45","modified_gmt":"2022-10-13T15:55:45","slug":"taller-yuen-guadalajara-14-pasos-para-resolver-una-debilidad","status":"publish","type":"product","link":"https:\/\/multiofertasvip.com\/?product=taller-yuen-guadalajara-14-pasos-para-resolver-una-debilidad","title":{"rendered":"Taller Yuen Guadalajara-14 Pasos para Resolver una Debilidad"},"content":{"rendered":"<p>Ya estudiaste Yuen y aun no sabes c\u00f3mo abordar una consulta??<\/p>\n<p>Con los a\u00f1os que llevo haciendo Yuen y la experiencia en mis seminarios, he dise\u00f1ado un esquema de 14 pasos para borrar cualquier debilidad, entendiendo que una debilidad puede ser una enfermedad, un dolor, una depresi\u00f3n, una fobia, un problema financiero etc.<\/p>\n<p>Te explicar\u00e9 paso a paso lo que tienes que hacer para tener buenos resultados. Ser\u00e1 tan f\u00e1cil que te sorprender\u00e1s.<\/p>\n<p>Adem\u00e1s te incluir\u00e9 como hacer una intervenci\u00f3n r\u00e1pida, esto cuando haya una emergencia, en unos minutos vas a poder hacer cambios quitando dolores, aflicciones, malestares, alergias, fobias y con excelentes RESULTADOS.<\/p>\n<p>Tambi\u00e9n har\u00e9 un fortalecimiento para DESBLOQUEAR en ti lo que impide que puedas hacer mejoras para ti, para tu familia o para tus conocidos, ya que a veces solo parece que tenemos resultados con personas desconocidas, esto tiene su raz\u00f3n y su soluci\u00f3n.<\/p>\n<p>&nbsp;<\/p>\n","protected":false},"excerpt":{"rendered":"<p>Ya estudiaste Yuen y aun no sabes c\u00f3mo abordar una consulta?? Con los a\u00f1os que llevo haciendo Yuen y la experiencia en mis seminarios, he dise\u00f1ado un esquema de 14 pasos para borrar cualquier debilidad, entendiendo que una debilidad puede ser una enfermedad, un dolor, una depresi\u00f3n, una fobia, un problema financiero etc. Te explicar\u00e9 [&#8230;]\n","protected":false},"featured_media":30493,"template":"","meta":{"_monsterinsights_skip_tracking":false,"_monsterinsights_sitenote_active":false,"_monsterinsights_sitenote_note":"","_monsterinsights_sitenote_category":0,"jetpack_post_was_ever_published":false,"jetpack_publicize_message":"","jetpack_publicize_feature_enabled":true,"jetpack_social_post_already_shared":true,"jetpack_social_options":{"image_generator_settings":{"template":"highway","default_image_id":0,"font":"","enabled":false},"version":2}},"product_brand":[],"product_cat":[87],"product_tag":[275,93,263,273,151,260,211,254,119,251,215,257,277,249,278,243,230,182,226,253,236,229,228,232,258,234,262,239,166,220,265,219,225,240,280,238,271,242,235,276,244,101,266,267,248,132,210,245,269,212,250,227,156,255,264,252,193,274,217,216,233,261,291,290,268,73,237,153,270,231,247,152,221,246,222,223,224,259,279,241,256,218,213,214,53],"class_list":{"0":"post-30492","1":"product","2":"type-product","3":"status-publish","4":"has-post-thumbnail","6":"product_cat-metodo-yuen","7":"product_tag-activa","8":"product_tag-alejandro-lavin","9":"product_tag-animales","10":"product_tag-anthony-robbins","11":"product_tag-aromaterapia","12":"product_tag-biden","13":"product_tag-billetes","14":"product_tag-bitcoin","15":"product_tag-carrera","16":"product_tag-china","17":"product_tag-christopher-olivarrieta","18":"product_tag-cine","19":"product_tag-constelaciones-vibracionales","20":"product_tag-coranavirus","21":"product_tag-cuantica-financiera","22":"product_tag-cultura","23":"product_tag-cursos","24":"product_tag-dinero","25":"product_tag-dios","26":"product_tag-dolar","27":"product_tag-enric-corbera","28":"product_tag-ensenanza-en-casa","29":"product_tag-escuela","30":"product_tag-especialidad","31":"product_tag-estrenos","32":"product_tag-estudios","33":"product_tag-facebook","34":"product_tag-famosos","35":"product_tag-finanzas","36":"product_tag-free","37":"product_tag-gatos","38":"product_tag-gratis","39":"product_tag-guerra","40":"product_tag-humor","41":"product_tag-inteligencia-financiera","42":"product_tag-internet","43":"product_tag-interpretacion","44":"product_tag-juegos","45":"product_tag-lavin","46":"product_tag-mama","47":"product_tag-manga","48":"product_tag-mente","49":"product_tag-mercado-libre","50":"product_tag-mercado-pago","51":"product_tag-meteorologia","52":"product_tag-miranda-guzman","53":"product_tag-moneda","54":"product_tag-musica","55":"product_tag-nordicas","56":"product_tag-nuevo","57":"product_tag-omnicron","58":"product_tag-oracion","59":"product_tag-oratoria","60":"product_tag-peliculas","61":"product_tag-perros","62":"product_tag-peso","63":"product_tag-pnl","64":"product_tag-poder-interior","65":"product_tag-porn","66":"product_tag-porno","67":"product_tag-profesional","68":"product_tag-putin","69":"product_tag-rakukei","70":"product_tag-reiki","71":"product_tag-runas","72":"product_tag-salud","73":"product_tag-sexo","74":"product_tag-sistematica","75":"product_tag-sueno","76":"product_tag-talleres","77":"product_tag-television","78":"product_tag-terapia","79":"product_tag-terapias","80":"product_tag-trabajo","81":"product_tag-ucrania","82":"product_tag-ukrania","83":"product_tag-usa","84":"product_tag-vacuna","85":"product_tag-valoracion-cuantica-financiera","86":"product_tag-viajes","87":"product_tag-videos","88":"product_tag-xxx","89":"product_tag-youtube","90":"product_tag-youtube-yuen-guadalajara","91":"product_tag-yuen","93":"first","94":"instock","95":"downloadable","96":"virtual","97":"purchasable","98":"product-type-simple"},"jetpack_publicize_connections":[],"jetpack-related-posts":[{"id":35112,"url":"https:\/\/multiofertasvip.com\/?product=metodo-yuen-resolucion-final-modulo-10-ypy-academy-2","url_meta":{"origin":30492,"position":0},"title":"Metodo Yuen Resolucion Final Modulo 10 -YPY Academy","author":"multiofertasvip","date":"marzo 17, 2026","format":false,"excerpt":"\u00a0 \u00a0 \u00a0 \u00a0 \u00a0 \u00a0 \u00a0","rel":"","context":"Entrada similar","block_context":{"text":"Entrada similar","link":""},"img":{"alt_text":"","src":"https:\/\/i0.wp.com\/multiofertasvip.com\/wp-content\/uploads\/2026\/03\/YPT-MODULO-10.png?fit=200%2C200&ssl=1&resize=350%2C200","width":350,"height":200},"classes":[]},{"id":35108,"url":"https:\/\/multiofertasvip.com\/?product=metodo-yuen-fortalecimiento-para-la-vida-diaria-modulo-9-ypy-academy-2","url_meta":{"origin":30492,"position":1},"title":"Metodo Yuen Fortalecimiento para la vida diaria Modulo 9 -YPY Academy","author":"multiofertasvip","date":"marzo 17, 2026","format":false,"excerpt":"\u00a0 \u00a0 \u00a0 \u00a0 \u00a0 \u00a0 \u00a0","rel":"","context":"Entrada similar","block_context":{"text":"Entrada similar","link":""},"img":{"alt_text":"","src":"https:\/\/i0.wp.com\/multiofertasvip.com\/wp-content\/uploads\/2026\/03\/MODULO9-YPT.png?fit=200%2C200&ssl=1&resize=350%2C200","width":350,"height":200},"classes":[]},{"id":29991,"url":"https:\/\/multiofertasvip.com\/?product=metodo-yuen-nivel-1-3-christopher-olivarrieta","url_meta":{"origin":30492,"position":2},"title":"Metodo Yuen Nivel 1-3 Christopher Olivarrieta","author":"multiofertasvip","date":"agosto 30, 2021","format":false,"excerpt":"Con la t\u00e9cnica \u00fanica del M\u00e9todo Yuen, puedes aprender a determinar y corregir tus propios desequilibrios, o en otras palabras, revertir la mayor\u00eda de cualquier proceso de enfermedad. Puedes mejorar todo en tus rendimientos de salud, relaciones y finanzas instant\u00e1neamente. Puedes eliminar el dolor al instante.","rel":"","context":"Entrada similar","block_context":{"text":"Entrada similar","link":""},"img":{"alt_text":"","src":"https:\/\/i0.wp.com\/multiofertasvip.com\/wp-content\/uploads\/2021\/08\/nivel-1-3-Christopher.jpg?fit=200%2C200&ssl=1&resize=350%2C200","width":350,"height":200},"classes":[]},{"id":29871,"url":"https:\/\/multiofertasvip.com\/?product=teleclinico-fitness-para-tu-corazon","url_meta":{"origin":30492,"position":3},"title":"Teleclinico Fitness para tu Corazon","author":"multiofertasvip","date":"abril 20, 2021","format":false,"excerpt":"\u00a0 \u00a0 \u00a0 \u00a0 \u00a0 \u00a0 \u00a0","rel":"","context":"Entrada similar","block_context":{"text":"Entrada similar","link":""},"img":{"alt_text":"","src":"https:\/\/i0.wp.com\/multiofertasvip.com\/wp-content\/uploads\/2021\/04\/CORAZON.jpg?fit=200%2C200&ssl=1&resize=350%2C200","width":350,"height":200},"classes":[]},{"id":29867,"url":"https:\/\/multiofertasvip.com\/?product=taller-borrando-memorias-de-dolor-emocional-en-video-yuen-guadalajara-copia","url_meta":{"origin":30492,"position":4},"title":"Taller  Borrar Energias de Perdidas en Video -Yuen Guadalajara","author":"multiofertasvip","date":"abril 20, 2021","format":false,"excerpt":"\u00a0 \u00a0 \u00a0 \u00a0 \u00a0 \u00a0 \u00a0","rel":"","context":"Entrada similar","block_context":{"text":"Entrada similar","link":""},"img":{"alt_text":"\ud83d\udccc","src":"https:\/\/static.xx.fbcdn.net\/images\/emoji.php\/v9\/t5\/1.5\/16\/1f4cc.png","width":350,"height":200},"classes":[]},{"id":29766,"url":"https:\/\/multiofertasvip.com\/?product=introduccion-al-metodo-yuen-guadalajara-en-video","url_meta":{"origin":30492,"position":5},"title":"Introduccion Al Metodo Yuen Guadalajara En Video","author":"multiofertasvip","date":"abril 18, 2021","format":false,"excerpt":"\u00a0 \u00a0 \u00a0 \u00a0 \u00a0 \u00a0 \u00a0","rel":"","context":"Entrada similar","block_context":{"text":"Entrada similar","link":""},"img":{"alt_text":"","src":"https:\/\/i0.wp.com\/multiofertasvip.com\/wp-content\/uploads\/2021\/04\/introduccion-yuen.jpg?fit=200%2C200&ssl=1&resize=350%2C200","width":350,"height":200},"classes":[]}],"jetpack_sharing_enabled":true,"jetpack_likes_enabled":true,"_links":{"self":[{"href":"https:\/\/multiofertasvip.com\/index.php?rest_route=\/wp\/v2\/product\/30492","targetHints":{"allow":["GET"]}}],"collection":[{"href":"https:\/\/multiofertasvip.com\/index.php?rest_route=\/wp\/v2\/product"}],"about":[{"href":"https:\/\/multiofertasvip.com\/index.php?rest_route=\/wp\/v2\/types\/product"}],"version-history":[{"count":0,"href":"https:\/\/multiofertasvip.com\/index.php?rest_route=\/wp\/v2\/product\/30492\/revisions"}],"wp:featuredmedia":[{"embeddable":true,"href":"https:\/\/multiofertasvip.com\/index.php?rest_route=\/wp\/v2\/media\/30493"}],"wp:attachment":[{"href":"https:\/\/multiofertasvip.com\/index.php?rest_route=%2Fwp%2Fv2%2Fmedia&parent=30492"}],"wp:term":[{"taxonomy":"product_brand","embeddable":true,"href":"https:\/\/multiofertasvip.com\/index.php?rest_route=%2Fwp%2Fv2%2Fproduct_brand&post=30492"},{"taxonomy":"product_cat","embeddable":true,"href":"https:\/\/multiofertasvip.com\/index.php?rest_route=%2Fwp%2Fv2%2Fproduct_cat&post=30492"},{"taxonomy":"product_tag","embeddable":true,"href":"https:\/\/multiofertasvip.com\/index.php?rest_route=%2Fwp%2Fv2%2Fproduct_tag&post=30492"}],"curies":[{"name":"wp","href":"https:\/\/api.w.org\/{rel}","templated":true}]}}