{"id":30489,"date":"2022-10-12T16:28:48","date_gmt":"2022-10-12T21:58:48","guid":{"rendered":"https:\/\/multiofertasvip.com\/?post_type=product&#038;p=30489"},"modified":"2022-10-12T16:32:17","modified_gmt":"2022-10-12T22:02:17","slug":"psicologia-astrologica-rafael-alcaz","status":"publish","type":"product","link":"https:\/\/multiofertasvip.com\/?product=psicologia-astrologica-rafael-alcaz","title":{"rendered":"Psicologia Astrologica-Rafael alcaz"},"content":{"rendered":"<p>La Psicolog\u00eda astrol\u00f3gica es una\u00a0<strong>psicolog\u00eda que se sirve de la astrolog\u00eda como herramienta de diagn\u00f3stico<\/strong>. Se basa fundamentalmente en los conceptos psicol\u00f3gicos de la psicolog\u00eda\u00a0profunda\u00a0pero tambi\u00e9n en las ideas de la psicolog\u00eda\u00a0humanista\u00a0y de la psicolog\u00eda\u00a0transpersonal. En cuanto a su modelo conceptual, de lo que m\u00e1s cerca se encuentra es de la Psicos\u00edntesis de Roberto Assagioli.<\/p>\n<p>A diferencia de la mayor\u00eda de psicolog\u00edas que parten de los cuadros patol\u00f3gicos, la Psicolog\u00eda astrol\u00f3gica parte de un concepto de ser humano org\u00e1nico, autoregulado y, por lo tanto, subjetivamente sano:\u00a0<em>\u00abS\u00f3lo est\u00e1 enfermo quien se considera enfermo\u00bb<\/em>. El tema central del trabajo de la Psicolog\u00eda astrol\u00f3gica es precisamente la b\u00fasqueda de las razones por las que una persona \u00abse siente enferma\u00bb.<\/p>\n<h2>Objetivo de la Psicolog\u00eda astrol\u00f3gica<\/h2>\n<p>Las actividades de ense\u00f1anza de Psicolog\u00eda astrol\u00f3gica y de asesoramiento o terap\u00e9uticas mediante Psicolog\u00eda astrol\u00f3gica tienen una motivaci\u00f3n muy clara: incrementar la capacidad de aprendizaje de la persona y estimular su propio pensamiento evitando ofrecerle recetas y soluciones prefabricadas.<\/p>\n<p>En otras palabras, se trata de poner a disposici\u00f3n de la persona una herramienta eficaz que la ayude a conocerse a s\u00ed misma. El autoconocimiento se traduce directamente en\u00a0<strong>m\u00e1s libertad, creatividad y alegr\u00eda de vivir.<\/strong><\/p>\n","protected":false},"excerpt":{"rendered":"<p>La Psicolog\u00eda astrol\u00f3gica es una\u00a0psicolog\u00eda que se sirve de la astrolog\u00eda como herramienta de diagn\u00f3stico. Se basa fundamentalmente en los conceptos psicol\u00f3gicos de la psicolog\u00eda\u00a0profunda\u00a0pero tambi\u00e9n en las ideas de la psicolog\u00eda\u00a0humanista\u00a0y de la psicolog\u00eda\u00a0transpersonal. En cuanto a su modelo conceptual, de lo que m\u00e1s cerca se encuentra es de la Psicos\u00edntesis de Roberto Assagioli. [&#8230;]\n","protected":false},"featured_media":30490,"template":"","meta":{"_monsterinsights_skip_tracking":false,"_monsterinsights_sitenote_active":false,"_monsterinsights_sitenote_note":"","_monsterinsights_sitenote_category":0,"jetpack_post_was_ever_published":false,"jetpack_publicize_message":"","jetpack_publicize_feature_enabled":true,"jetpack_social_post_already_shared":true,"jetpack_social_options":{"image_generator_settings":{"template":"highway","default_image_id":0,"font":"","enabled":false},"version":2}},"product_brand":[],"product_cat":[32],"product_tag":[275,93,263,273,151,260,211,254,119,251,215,257,277,249,278,243,230,182,226,253,236,229,228,232,258,234,262,239,166,220,265,219,225,240,280,238,271,242,235,276,244,101,266,267,248,132,210,245,269,212,250,227,156,255,264,252,193,274,217,216,233,261,291,290,268,73,237,153,270,231,247,152,221,246,222,223,224,259,279,241,256,218,213,214,53],"class_list":{"0":"post-30489","1":"product","2":"type-product","3":"status-publish","4":"has-post-thumbnail","6":"product_cat-sanacion","7":"product_tag-activa","8":"product_tag-alejandro-lavin","9":"product_tag-animales","10":"product_tag-anthony-robbins","11":"product_tag-aromaterapia","12":"product_tag-biden","13":"product_tag-billetes","14":"product_tag-bitcoin","15":"product_tag-carrera","16":"product_tag-china","17":"product_tag-christopher-olivarrieta","18":"product_tag-cine","19":"product_tag-constelaciones-vibracionales","20":"product_tag-coranavirus","21":"product_tag-cuantica-financiera","22":"product_tag-cultura","23":"product_tag-cursos","24":"product_tag-dinero","25":"product_tag-dios","26":"product_tag-dolar","27":"product_tag-enric-corbera","28":"product_tag-ensenanza-en-casa","29":"product_tag-escuela","30":"product_tag-especialidad","31":"product_tag-estrenos","32":"product_tag-estudios","33":"product_tag-facebook","34":"product_tag-famosos","35":"product_tag-finanzas","36":"product_tag-free","37":"product_tag-gatos","38":"product_tag-gratis","39":"product_tag-guerra","40":"product_tag-humor","41":"product_tag-inteligencia-financiera","42":"product_tag-internet","43":"product_tag-interpretacion","44":"product_tag-juegos","45":"product_tag-lavin","46":"product_tag-mama","47":"product_tag-manga","48":"product_tag-mente","49":"product_tag-mercado-libre","50":"product_tag-mercado-pago","51":"product_tag-meteorologia","52":"product_tag-miranda-guzman","53":"product_tag-moneda","54":"product_tag-musica","55":"product_tag-nordicas","56":"product_tag-nuevo","57":"product_tag-omnicron","58":"product_tag-oracion","59":"product_tag-oratoria","60":"product_tag-peliculas","61":"product_tag-perros","62":"product_tag-peso","63":"product_tag-pnl","64":"product_tag-poder-interior","65":"product_tag-porn","66":"product_tag-porno","67":"product_tag-profesional","68":"product_tag-putin","69":"product_tag-rakukei","70":"product_tag-reiki","71":"product_tag-runas","72":"product_tag-salud","73":"product_tag-sexo","74":"product_tag-sistematica","75":"product_tag-sueno","76":"product_tag-talleres","77":"product_tag-television","78":"product_tag-terapia","79":"product_tag-terapias","80":"product_tag-trabajo","81":"product_tag-ucrania","82":"product_tag-ukrania","83":"product_tag-usa","84":"product_tag-vacuna","85":"product_tag-valoracion-cuantica-financiera","86":"product_tag-viajes","87":"product_tag-videos","88":"product_tag-xxx","89":"product_tag-youtube","90":"product_tag-youtube-yuen-guadalajara","91":"product_tag-yuen","93":"first","94":"instock","95":"downloadable","96":"virtual","97":"purchasable","98":"product-type-simple"},"jetpack_publicize_connections":[],"jetpack-related-posts":[{"id":267,"url":"https:\/\/multiofertasvip.com\/?product=psicologia-del-exito","url_meta":{"origin":30489,"position":0},"title":"Psicolog\u00eda del \u00c9xito","author":"multiofertasvip","date":"junio 2, 2019","format":false,"excerpt":"\"PSICOLOG\u00cdA DEL \u00c9XITO es otra cosa. Esta dise\u00f1ado para personas comprometidas a cambiar su vida de verdad y para siempre. Sin esoterismos ni magia. Sin gilipatra\u00f1as ni autoayudismos. Te servir\u00e1 solo si entiendes que, para obtener m\u00e1s, necesitas hacer y ser m\u00e1s. Psicolog\u00eda del \u00e9xito es ese coach particular que\u2026","rel":"","context":"Entrada similar","block_context":{"text":"Entrada similar","link":""},"img":{"alt_text":"","src":"https:\/\/i0.wp.com\/multiofertasvip.com\/wp-content\/uploads\/2019\/06\/psicologia-del-exito2.png?fit=200%2C200&ssl=1&resize=350%2C200","width":350,"height":200},"classes":[]},{"id":34139,"url":"https:\/\/multiofertasvip.com\/?product=curso-metodo-7ce-soul-educacion-consciencia-dr-alejandro-posada-beuth","url_meta":{"origin":30489,"position":1},"title":"Curso M\u00e9todo 7CE Soul Educaci\u00f3n Consciencia- Dr. Alejandro Posada Beuth","author":"multiofertasvip","date":"agosto 7, 2025","format":false,"excerpt":"Los 7 c\u00f3digos de la energ\u00eda es un programa creado por el Dr. Alejandro Posada Beuth, que combina la antigua sabidur\u00eda de sanaci\u00f3n por medio de los chakras y la psicolog\u00eda cl\u00ednica moderna para ayudarte a descifrar tu propio mapa energ\u00e9tico. Los chakras son centros energ\u00e9ticos en nuestro cuerpo que\u2026","rel":"","context":"Entrada similar","block_context":{"text":"Entrada similar","link":""},"img":{"alt_text":"","src":"https:\/\/i0.wp.com\/multiofertasvip.com\/wp-content\/uploads\/2025\/08\/7CE.jpg?fit=200%2C200&ssl=1&resize=350%2C200","width":350,"height":200},"classes":[]},{"id":31153,"url":"https:\/\/multiofertasvip.com\/?product=bases-primordiales-de-la-biodescodificacion-pablo-vazquez","url_meta":{"origin":30489,"position":2},"title":"Bases Primordiales de la Biodescodificaci\u00f3n-Pablo Vazquez","author":"multiofertasvip","date":"enero 2, 2024","format":false,"excerpt":"\u00bfTe gustar\u00eda descubrir una nueva psicolog\u00eda para sanar tu pasado, potenciar tu presente y crear tu futuro? En este curso aprender\u00e1s un concepto de salud mental donde descubrir\u00e1s la relaci\u00f3n inseparable entre los conflictos emocionales, los s\u00edntomas f\u00edsicos y la calidad de nuestras relaciones. Bases Primordiales de la Biodescodificaci\u00f3n\u00ae es\u2026","rel":"","context":"Entrada similar","block_context":{"text":"Entrada similar","link":""},"img":{"alt_text":"","src":"https:\/\/i0.wp.com\/multiofertasvip.com\/wp-content\/uploads\/2024\/01\/bases-primordiales.png?fit=200%2C200&ssl=1&resize=350%2C200","width":350,"height":200},"classes":[]},{"id":33497,"url":"https:\/\/multiofertasvip.com\/?product=maestria-en-biodescodificacion-pablo-vazquez-kunz","url_meta":{"origin":30489,"position":3},"title":"Maestr\u00eda en Biodescodificaci\u00f3n Pablo Vazquez Kunz","author":"multiofertasvip","date":"diciembre 18, 2024","format":false,"excerpt":"Llega hasta donde nadie se anima a ir y sobresale por encima del resto \u00a0 \u00bfTe gustar\u00eda hacer la diferencia en tus sesiones de Biodescodificaci\u00f3n\u00ae? En este curso aprender\u00e1s todo lo que debe conocer un Maestro de la Biodescodificaci\u00f3n\u00ae, para dominar de principio a fin el arte de transformar las\u2026","rel":"","context":"Entrada similar","block_context":{"text":"Entrada similar","link":""},"img":{"alt_text":"","src":"https:\/\/i0.wp.com\/multiofertasvip.com\/wp-content\/uploads\/2024\/12\/biodescodificacion.jpg?fit=200%2C200&ssl=1&resize=350%2C200","width":350,"height":200},"classes":[]},{"id":34987,"url":"https:\/\/multiofertasvip.com\/?product=el-codigo-del-sueno-tania-elias-2","url_meta":{"origin":30489,"position":4},"title":"El c\u00f3digo del sue\u00f1o Tania El\u00edas","author":"multiofertasvip","date":"marzo 9, 2026","format":false,"excerpt":"Descubre El C\u00f3digo del Sue\u00f1o: Una Transformaci\u00f3n Personal a Trav\u00e9s de Tus Sue\u00f1os Imagina poder desentra\u00f1ar los secretos que tus sue\u00f1os guardan, una puerta abierta a tu inconsciente que te permitir\u00e1 comprender mejor tus emociones, deseos y temores. Te presentamos\u00a0El C\u00f3digo del Sue\u00f1o, un curso \u00fanico y revelador que te\u2026","rel":"","context":"Entrada similar","block_context":{"text":"Entrada similar","link":""},"img":{"alt_text":"","src":"https:\/\/i0.wp.com\/multiofertasvip.com\/wp-content\/uploads\/2026\/03\/el-codigo-del-sueno2.png?fit=200%2C200&ssl=1&resize=350%2C200","width":350,"height":200},"classes":[]},{"id":33863,"url":"https:\/\/multiofertasvip.com\/?product=psicosomatica-la-sanacion-a-traves-del-cuerpo-mente-patricia-vlaseca-marques","url_meta":{"origin":30489,"position":5},"title":"Psicosom\u00e1tica &#8211; La sanaci\u00f3n a trav\u00e9s del cuerpo-mente-Patricia Vlaseca Marques","author":"multiofertasvip","date":"mayo 1, 2025","format":false,"excerpt":"\u00bfSab\u00edas que todas las\u00a0experiencias vividas,\u00a0especialmente las traum\u00e1ticas, se quedan\u00a0almacenadas en el cuerpo\u00a0y son\u00a0causantes de gran parte de las enfermedades? \u00bfTe gustar\u00eda saber\u00a0identificar e interpretar las se\u00f1ales\u00a0que env\u00eda tu cuerpo\u00a0a trav\u00e9s de los s\u00edntomas f\u00edsicos? \u00bfy explorar las\u00a0conexiones\u00a0entre las\u00a0emociones, experiencias pasadas\u00a0y la\u00a0salud f\u00edsica? La neurociencia, la psicobiolog\u00eda y la psiconeurociencia nos\u2026","rel":"","context":"Entrada similar","block_context":{"text":"Entrada similar","link":""},"img":{"alt_text":"","src":"https:\/\/i0.wp.com\/multiofertasvip.com\/wp-content\/uploads\/2025\/05\/psicosomatica-1.png?fit=200%2C200&ssl=1&resize=350%2C200","width":350,"height":200},"classes":[]}],"jetpack_sharing_enabled":true,"jetpack_likes_enabled":true,"_links":{"self":[{"href":"https:\/\/multiofertasvip.com\/index.php?rest_route=\/wp\/v2\/product\/30489","targetHints":{"allow":["GET"]}}],"collection":[{"href":"https:\/\/multiofertasvip.com\/index.php?rest_route=\/wp\/v2\/product"}],"about":[{"href":"https:\/\/multiofertasvip.com\/index.php?rest_route=\/wp\/v2\/types\/product"}],"version-history":[{"count":0,"href":"https:\/\/multiofertasvip.com\/index.php?rest_route=\/wp\/v2\/product\/30489\/revisions"}],"wp:featuredmedia":[{"embeddable":true,"href":"https:\/\/multiofertasvip.com\/index.php?rest_route=\/wp\/v2\/media\/30490"}],"wp:attachment":[{"href":"https:\/\/multiofertasvip.com\/index.php?rest_route=%2Fwp%2Fv2%2Fmedia&parent=30489"}],"wp:term":[{"taxonomy":"product_brand","embeddable":true,"href":"https:\/\/multiofertasvip.com\/index.php?rest_route=%2Fwp%2Fv2%2Fproduct_brand&post=30489"},{"taxonomy":"product_cat","embeddable":true,"href":"https:\/\/multiofertasvip.com\/index.php?rest_route=%2Fwp%2Fv2%2Fproduct_cat&post=30489"},{"taxonomy":"product_tag","embeddable":true,"href":"https:\/\/multiofertasvip.com\/index.php?rest_route=%2Fwp%2Fv2%2Fproduct_tag&post=30489"}],"curies":[{"name":"wp","href":"https:\/\/api.w.org\/{rel}","templated":true}]}}