{"id":30485,"date":"2022-10-12T16:10:48","date_gmt":"2022-10-12T21:40:48","guid":{"rendered":"https:\/\/multiofertasvip.com\/?post_type=product&#038;p=30485"},"modified":"2022-10-12T16:15:11","modified_gmt":"2022-10-12T21:45:11","slug":"raku-kei-reiki-rafael-alcaz","status":"publish","type":"product","link":"https:\/\/multiofertasvip.com\/?product=raku-kei-reiki-rafael-alcaz","title":{"rendered":"RAKU KEI REIKI-Rafael Alcaz"},"content":{"rendered":"<div class=\"xdj266r x11i5rnm xat24cr x1mh8g0r x1vvkbs x126k92a\">\n<div dir=\"auto\">RAKU KEI REIKI &#8211; &#8220;El camino del Drag\u00f3n de Fuego&#8221;, en Oriente el Drag\u00f3n es S\u00edmbolo de Sabidur\u00eda.<\/div>\n<div dir=\"auto\">Pertenece a la rama Usui Shiki Ryoho (Reiki Occidental).<\/div>\n<\/div>\n<div class=\"x11i5rnm xat24cr x1mh8g0r x1vvkbs xtlvy1s x126k92a\">\n<div dir=\"auto\">RAKU KEI REIKI es uno de los mas antiguos de la USUI SHIKI RYOHO (Reiki Occidental) fue creado a principio de los 80 y tiene su origen en Arthur Robertson, y su maestra Iris Ishikuro.<\/div>\n<div dir=\"auto\">Desarrollado por Arthur Robertson a principio de los a\u00f1os 80. Se dice que tiene su origen en las palabras Raku se refiere a la energ\u00eda del cuerpo que se desplaza verticalmente, y Kei, que fluye horizontalmente. El centro en que ambas energ\u00edas se cruzan, conocido como Hara. Raku es la ciencia del propio mejoramiento espiritual basado en las antiguas ense\u00f1anzas del Tibet.<\/div>\n<div dir=\"auto\"><\/div>\n<\/div>\n<div class=\"x11i5rnm xat24cr x1mh8g0r x1vvkbs xtlvy1s x126k92a\">\n<div dir=\"auto\">El sistema Raku Kei es conocido como &#8220;El Camino del Drag\u00f3n de Fuego\u201d. Es un m\u00e9todo que trabaja el Reiki Tradicional con el agregado de los generadores de Frecuencias Maestras ANTAHKARANA, originalmente creadas por Rolf Jensen y la Caligraf\u00eda de la Luz Blanca, agregada por Iris Ishikuro.<\/div>\n<div dir=\"auto\">Difiere en la aplicaci\u00f3n de la sintonizaci\u00f3n, resultando una conciencia m\u00e1s elevada. Este m\u00e9todo trabaja con tres canales principales que transportan la energ\u00eda por todo el cuerpo.<\/div>\n<\/div>\n<div class=\"x11i5rnm xat24cr x1mh8g0r x1vvkbs xtlvy1s x126k92a\">\n<div dir=\"auto\">La influencia de RAKU KEI REIKI (El Camino del Drag\u00f3n de Fuego), en el mundo del Reiki ha sido IMPORTANTISIMA, Raku Kei fue el primero en incluir el sistema de&#8230; Mudras (Kanji), tambi\u00e9n primero en incorporar s\u00edmbolos no tradicionales (como s\u00edmbolos Tibetanos, Egipcios, etc.), primero en la incorporaci\u00f3n de sistema de Chakras en Reiki, el Primero en incorporar el s\u00edmbolo maestro ANTAHKARANA, y t\u00e9cnicas no tradicionales japonesas (tambi\u00e9n incorpora la mayor\u00eda de las t\u00e9cnicas japonesas). A partir de Raku Kei nacen muchos estilos de Reiki Occidental&#8230; como el Reiki Usui Tibetano, que fue el mas difundido en el final de los a\u00f1os 90 y principio del 2000.<\/div>\n<div dir=\"auto\"><\/div>\n<\/div>\n<div class=\"x11i5rnm xat24cr x1mh8g0r x1vvkbs xtlvy1s x126k92a\">\n<div dir=\"auto\">Niveles: 4 Niveles, se ense\u00f1an con armonizaciones o sintonizaciones no tradicionales. En Nivel 4 El t\u00edtulo que Raku Kei entrega es \u201cHONORABLE MASTER REIKI\u201d<\/div>\n<\/div>\n","protected":false},"excerpt":{"rendered":"<p>RAKU KEI REIKI &#8211; &#8220;El camino del Drag\u00f3n de Fuego&#8221;, en Oriente el Drag\u00f3n es S\u00edmbolo de Sabidur\u00eda. Pertenece a la rama Usui Shiki Ryoho (Reiki Occidental). RAKU KEI REIKI es uno de los mas antiguos de la USUI SHIKI RYOHO (Reiki Occidental) fue creado a principio de los 80 y tiene su origen en [&#8230;]\n","protected":false},"featured_media":30486,"template":"","meta":{"_monsterinsights_skip_tracking":false,"_monsterinsights_sitenote_active":false,"_monsterinsights_sitenote_note":"","_monsterinsights_sitenote_category":0,"jetpack_post_was_ever_published":false,"jetpack_publicize_message":"","jetpack_publicize_feature_enabled":true,"jetpack_social_post_already_shared":true,"jetpack_social_options":{"image_generator_settings":{"template":"highway","default_image_id":0,"font":"","enabled":false},"version":2}},"product_brand":[],"product_cat":[289],"product_tag":[275,93,263,273,151,260,211,254,119,251,215,257,277,249,278,243,230,182,226,253,236,229,228,232,258,234,262,239,166,220,265,219,225,240,280,238,271,242,235,276,244,101,266,267,248,132,210,245,269,212,250,227,156,255,264,252,193,274,217,216,233,261,291,290,268,73,237,153,270,231,247,152,221,246,222,223,224,259,279,241,256,218,213,214,53],"class_list":{"0":"post-30485","1":"product","2":"type-product","3":"status-publish","4":"has-post-thumbnail","6":"product_cat-reiki","7":"product_tag-activa","8":"product_tag-alejandro-lavin","9":"product_tag-animales","10":"product_tag-anthony-robbins","11":"product_tag-aromaterapia","12":"product_tag-biden","13":"product_tag-billetes","14":"product_tag-bitcoin","15":"product_tag-carrera","16":"product_tag-china","17":"product_tag-christopher-olivarrieta","18":"product_tag-cine","19":"product_tag-constelaciones-vibracionales","20":"product_tag-coranavirus","21":"product_tag-cuantica-financiera","22":"product_tag-cultura","23":"product_tag-cursos","24":"product_tag-dinero","25":"product_tag-dios","26":"product_tag-dolar","27":"product_tag-enric-corbera","28":"product_tag-ensenanza-en-casa","29":"product_tag-escuela","30":"product_tag-especialidad","31":"product_tag-estrenos","32":"product_tag-estudios","33":"product_tag-facebook","34":"product_tag-famosos","35":"product_tag-finanzas","36":"product_tag-free","37":"product_tag-gatos","38":"product_tag-gratis","39":"product_tag-guerra","40":"product_tag-humor","41":"product_tag-inteligencia-financiera","42":"product_tag-internet","43":"product_tag-interpretacion","44":"product_tag-juegos","45":"product_tag-lavin","46":"product_tag-mama","47":"product_tag-manga","48":"product_tag-mente","49":"product_tag-mercado-libre","50":"product_tag-mercado-pago","51":"product_tag-meteorologia","52":"product_tag-miranda-guzman","53":"product_tag-moneda","54":"product_tag-musica","55":"product_tag-nordicas","56":"product_tag-nuevo","57":"product_tag-omnicron","58":"product_tag-oracion","59":"product_tag-oratoria","60":"product_tag-peliculas","61":"product_tag-perros","62":"product_tag-peso","63":"product_tag-pnl","64":"product_tag-poder-interior","65":"product_tag-porn","66":"product_tag-porno","67":"product_tag-profesional","68":"product_tag-putin","69":"product_tag-rakukei","70":"product_tag-reiki","71":"product_tag-runas","72":"product_tag-salud","73":"product_tag-sexo","74":"product_tag-sistematica","75":"product_tag-sueno","76":"product_tag-talleres","77":"product_tag-television","78":"product_tag-terapia","79":"product_tag-terapias","80":"product_tag-trabajo","81":"product_tag-ucrania","82":"product_tag-ukrania","83":"product_tag-usa","84":"product_tag-vacuna","85":"product_tag-valoracion-cuantica-financiera","86":"product_tag-viajes","87":"product_tag-videos","88":"product_tag-xxx","89":"product_tag-youtube","90":"product_tag-youtube-yuen-guadalajara","91":"product_tag-yuen","93":"first","94":"instock","95":"downloadable","96":"virtual","97":"purchasable","98":"product-type-simple"},"jetpack_publicize_connections":[],"jetpack-related-posts":[{"id":35381,"url":"https:\/\/multiofertasvip.com\/?product=curso-de-introduccion-al-reiki-inma-sanchez-television-consciente-2","url_meta":{"origin":30485,"position":0},"title":"Curso de introducci\u00f3n al Reiki-Inma Sanchez-Television Consciente","author":"multiofertasvip","date":"abril 7, 2026","format":false,"excerpt":"\u00a0 \u00a0 \u00a0 \u00a0 \u00a0 \u00a0 \u00a0","rel":"","context":"Entrada similar","block_context":{"text":"Entrada similar","link":""},"img":{"alt_text":"","src":"https:\/\/i0.wp.com\/multiofertasvip.com\/wp-content\/uploads\/2026\/04\/introduccion-al-reiki.png?fit=200%2C200&ssl=1&resize=350%2C200","width":350,"height":200},"classes":[]},{"id":30487,"url":"https:\/\/multiofertasvip.com\/?product=reiki-tradicional-japones-manuel-uribazo","url_meta":{"origin":30485,"position":1},"title":"Reiki Tradicional Japones-Manuel Uribazo","author":"multiofertasvip","date":"octubre 12, 2022","format":false,"excerpt":"El Reiki japon\u00e9s es una pr\u00e1ctica espiritual, la cual combina la meditaci\u00f3n, el cultivo de energ\u00eda y las pr\u00e1cticas de limpieza, todo con la intenci\u00f3n de aquietar y refinar la mente, al contrario que el\u00a0Reiki Kundalini\u00a0el cual har\u00e1 ascender tu energ\u00eda. Un practicante de Reiki japon\u00e9s pasa tiempo cultivando la\u2026","rel":"","context":"Entrada similar","block_context":{"text":"Entrada similar","link":""},"img":{"alt_text":"","src":"https:\/\/i0.wp.com\/multiofertasvip.com\/wp-content\/uploads\/2022\/10\/Reiki-Japones-Tradicional.jpg?fit=200%2C200&ssl=1&resize=350%2C200","width":350,"height":200},"classes":[]},{"id":34950,"url":"https:\/\/multiofertasvip.com\/?product=reiki-de-acuario-eduardo-dharma-yoel-2","url_meta":{"origin":30485,"position":2},"title":"Reiki de Acuario Eduardo Dharma Yoel","author":"multiofertasvip","date":"marzo 6, 2026","format":false,"excerpt":"TEMARIO INSTRUCTORADO Y MAESTRIA\u00a0\u00a0 Descripci\u00f3n Potencia la energ\u00eda Reiki 1000 veces Aumenta la posibilidad de Sanaci\u00f3n e iluminaci\u00f3n Act\u00faa limpiando el karma Libera el cuerpo y el campo \u00e1urico \u00datil para cortar energ\u00edas negativas externas Apertura de Caminos Limpieza \u00c1urica Sana la mente aumentando el flujo de energ\u00eda equilibradora Prosperidad\u2026","rel":"","context":"Entrada similar","block_context":{"text":"Entrada similar","link":""},"img":{"alt_text":"","src":"https:\/\/i0.wp.com\/multiofertasvip.com\/wp-content\/uploads\/2026\/03\/reiki-acuario.png?fit=200%2C200&ssl=1&resize=350%2C200","width":350,"height":200},"classes":[]},{"id":34171,"url":"https:\/\/multiofertasvip.com\/?product=curso-de-reiki-nivel-2-angeles-s-goyanes","url_meta":{"origin":30485,"position":3},"title":"Curso de Reiki Nivel 2-\u00c1ngeles S. Goyanes","author":"multiofertasvip","date":"agosto 19, 2025","format":false,"excerpt":"Este curso de Reiki de nivel dos est\u00e1 dise\u00f1ado para minimizar la barrera de la distancia, con un trato personal, acceso inmediato, multitud de v\u00eddeos demostrativos, manual y materiales de apoyo, y diploma oficial de la Federaci\u00f3n Espa\u00f1ola de Reiki. Caracter\u00edsticas de este curso de segundo nivel de Reiki \u00a0\u2026","rel":"","context":"Entrada similar","block_context":{"text":"Entrada similar","link":""},"img":{"alt_text":"Curso de reiki de nivel dos a distancia","src":"https:\/\/i0.wp.com\/www.cursodereiki.online\/wp-content\/uploads\/2019\/11\/anta-1024x800.jpg?resize=350%2C200&ssl=1","width":350,"height":200,"srcset":"https:\/\/i0.wp.com\/www.cursodereiki.online\/wp-content\/uploads\/2019\/11\/anta-1024x800.jpg?resize=350%2C200&ssl=1 1x, https:\/\/i0.wp.com\/www.cursodereiki.online\/wp-content\/uploads\/2019\/11\/anta-1024x800.jpg?resize=525%2C300&ssl=1 1.5x, https:\/\/i0.wp.com\/www.cursodereiki.online\/wp-content\/uploads\/2019\/11\/anta-1024x800.jpg?resize=700%2C400&ssl=1 2x"},"classes":[]},{"id":34160,"url":"https:\/\/multiofertasvip.com\/?product=curso-de-reiki-nivel-1-angeles-s-goyanes","url_meta":{"origin":30485,"position":4},"title":"Curso de Reiki Nivel 1-\u00c1ngeles S. Goyanes","author":"multiofertasvip","date":"agosto 19, 2025","format":false,"excerpt":"Caracter\u00edsticas \u00a0de este curso de Reiki de primer nivel Lecciones amenas y bien explicadas. Cada lecci\u00f3n est\u00e1 explicada en\u00a0v\u00eddeo. No te quedar\u00e1n dudas de c\u00f3mo has de realizar las partes pr\u00e1cticas: tratamiento, auto tratamiento y ejercicios. Adem\u00e1s, tendr\u00e1s\u00a0manuales y documentos de apoyo. Los v\u00eddeos no los puedes descargar pero los\u2026","rel":"","context":"Entrada similar","block_context":{"text":"Entrada similar","link":""},"img":{"alt_text":"","src":"https:\/\/i0.wp.com\/multiofertasvip.com\/wp-content\/uploads\/2025\/08\/reiki1.jpg?fit=200%2C200&ssl=1&resize=350%2C200","width":350,"height":200},"classes":[]},{"id":30464,"url":"https:\/\/multiofertasvip.com\/?product=futonolito-system-simbolos-adivinatorios-de-origen-japones","url_meta":{"origin":30485,"position":5},"title":"Futonolito System S\u00edmbolos Adivinatorios de or\u00edgen japon\u00e9s","author":"multiofertasvip","date":"octubre 5, 2022","format":false,"excerpt":"\u00a0 \u00a0 \u00a0 \u00a0 \u00a0","rel":"","context":"Entrada similar","block_context":{"text":"Entrada similar","link":""},"img":{"alt_text":"","src":"https:\/\/i0.wp.com\/multiofertasvip.com\/wp-content\/uploads\/2022\/10\/futonolito.jpg?fit=200%2C200&ssl=1&resize=350%2C200","width":350,"height":200},"classes":[]}],"jetpack_sharing_enabled":true,"jetpack_likes_enabled":true,"_links":{"self":[{"href":"https:\/\/multiofertasvip.com\/index.php?rest_route=\/wp\/v2\/product\/30485","targetHints":{"allow":["GET"]}}],"collection":[{"href":"https:\/\/multiofertasvip.com\/index.php?rest_route=\/wp\/v2\/product"}],"about":[{"href":"https:\/\/multiofertasvip.com\/index.php?rest_route=\/wp\/v2\/types\/product"}],"version-history":[{"count":0,"href":"https:\/\/multiofertasvip.com\/index.php?rest_route=\/wp\/v2\/product\/30485\/revisions"}],"wp:featuredmedia":[{"embeddable":true,"href":"https:\/\/multiofertasvip.com\/index.php?rest_route=\/wp\/v2\/media\/30486"}],"wp:attachment":[{"href":"https:\/\/multiofertasvip.com\/index.php?rest_route=%2Fwp%2Fv2%2Fmedia&parent=30485"}],"wp:term":[{"taxonomy":"product_brand","embeddable":true,"href":"https:\/\/multiofertasvip.com\/index.php?rest_route=%2Fwp%2Fv2%2Fproduct_brand&post=30485"},{"taxonomy":"product_cat","embeddable":true,"href":"https:\/\/multiofertasvip.com\/index.php?rest_route=%2Fwp%2Fv2%2Fproduct_cat&post=30485"},{"taxonomy":"product_tag","embeddable":true,"href":"https:\/\/multiofertasvip.com\/index.php?rest_route=%2Fwp%2Fv2%2Fproduct_tag&post=30485"}],"curies":[{"name":"wp","href":"https:\/\/api.w.org\/{rel}","templated":true}]}}