{"id":30477,"date":"2022-03-07T15:28:15","date_gmt":"2022-03-07T20:58:15","guid":{"rendered":"https:\/\/multiofertasvip.com\/?post_type=product&#038;p=30477"},"modified":"2026-03-10T15:06:37","modified_gmt":"2026-03-10T20:36:37","slug":"curso-online-constelaciones-hipnoticas-vidas-y-almas-silvia-carbonell","status":"publish","type":"product","link":"https:\/\/multiofertasvip.com\/?product=curso-online-constelaciones-hipnoticas-vidas-y-almas-silvia-carbonell","title":{"rendered":"Curso Constelaciones Playmobil-TodoHipno"},"content":{"rendered":"<section class=\"elementor-section elementor-top-section elementor-element elementor-element-46c041b elementor-section-boxed elementor-section-height-default elementor-section-height-default animated fadeInUp\" data-id=\"46c041b\" data-element_type=\"section\" data-settings=\"{&quot;animation&quot;:&quot;fadeInUp&quot;}\">\n<div class=\"elementor-container elementor-column-gap-default\">\n<div class=\"elementor-column elementor-col-100 elementor-top-column elementor-element elementor-element-9559b22\" data-id=\"9559b22\" data-element_type=\"column\">\n<div class=\"elementor-widget-wrap elementor-element-populated\">\n<div class=\"elementor-element elementor-element-1ac79f9 elementor-aspect-ratio-169 elementor-widget elementor-widget-video\" data-id=\"1ac79f9\" data-element_type=\"widget\" data-settings=\"{&quot;video_type&quot;:&quot;vimeo&quot;,&quot;aspect_ratio&quot;:&quot;169&quot;}\" data-widget_type=\"video.default\">\n<div class=\"elementor-widget-container\">\n<div class=\"elementor-wrapper elementor-fit-aspect-ratio elementor-open-inline\" style=\"text-align: center;\" data-placeholder_class_index=\"1\"><iframe class=\"cmplz-placeholder-element cmplz-video elementor-video-iframe cmplz-processed cmplz-activated\" title=\"Reproductor de v\u00eddeo vimeo\" src=\"https:\/\/player.vimeo.com\/video\/476776439?color&amp;autopause=0&amp;loop=0&amp;muted=0&amp;title=1&amp;portrait=1&amp;byline=1#t=\" allowfullscreen=\"allowfullscreen\" data-placeholder-image=\"https:\/\/www.todohipno.com\/wp-content\/uploads\/complianz\/placeholders\/vimeo476776439-990569330-f1d48dfe77160f6f9f5fcd04edcd91c6fb7658fe33aef0b453fa523bf975836b-d_295x166\" data-category=\"statistics\" data-service=\"vimeo\" data-cmplz-target=\"src\" data-src-cmplz=\"https:\/\/player.vimeo.com\/video\/476776439?color&amp;autopause=0&amp;loop=0&amp;muted=0&amp;title=1&amp;portrait=1&amp;byline=1#t=\" data-mce-fragment=\"1\"><\/iframe><\/div>\n<\/div>\n<\/div>\n<div class=\"elementor-element elementor-element-772307f elementor-widget-divider--view-line elementor-widget elementor-widget-divider\" data-id=\"772307f\" data-element_type=\"widget\" data-widget_type=\"divider.default\">\n<div class=\"elementor-widget-container\">\n<div class=\"elementor-divider\"><\/div>\n<\/div>\n<\/div>\n<\/div>\n<\/div>\n<\/div>\n<\/section>\n<section class=\"elementor-section elementor-top-section elementor-element elementor-element-16c16ce elementor-section-boxed elementor-section-height-default elementor-section-height-default animated fadeInUp\" data-id=\"16c16ce\" data-element_type=\"section\" data-settings=\"{&quot;background_background&quot;:&quot;classic&quot;,&quot;animation&quot;:&quot;fadeInUp&quot;}\">\n<div class=\"elementor-container elementor-column-gap-default\">\n<div class=\"elementor-column elementor-col-100 elementor-top-column elementor-element elementor-element-4e717b5b\" data-id=\"4e717b5b\" data-element_type=\"column\">\n<div class=\"elementor-widget-wrap elementor-element-populated\">\n<div class=\"elementor-element elementor-element-3825996 elementor-widget elementor-widget-spacer\" data-id=\"3825996\" data-element_type=\"widget\" data-widget_type=\"spacer.default\">\n<div class=\"elementor-widget-container\">\n<div class=\"elementor-spacer\">\n<div class=\"elementor-spacer-inner\">\n<h5>CON M\u00e1S DE 30 horas de v\u00eddeo con constelaciones reales explicadas paso a paso. Una forma totalmente diferente de constelar directa desde el inconsciente personal y con t\u00e9cnicas combinadas de hipnosis<\/h5>\n<ul>\n<li>V\u00eddeos de todas las lecciones paso a paso<\/li>\n<li>Toda la t\u00e9cnica explicada con manual completo y apoyo directo a trav\u00e9s de correo electr\u00f3nico o WhatsApp<\/li>\n<li>Posibilidad de continuar la formaci\u00f3n con diferentes cursos de hipnosis conductual, cl\u00ednica o instant\u00e1nea<\/li>\n<\/ul>\n<h3>NO CONSTELAS A TU FAMILIA CONSTELAS TODAS LAS AREAS DE TU VIDA TAL Y COMO LAS VE TU MENTE INCONSCIENTE<\/h3>\n<p>Aprende una nueva herramienta para realizar sesiones terap\u00e9uticas individuales con el apoyo de los elementos visuales (Mu\u00f1ecos: playmobil, madera, goma eva, etc).<\/p>\n<p>Desde la emoci\u00f3n original mas ancestral a la emoci\u00f3n mas consciente. Constelando la vida presente, eliminando los bloqueos de las vidas pasadas y preparando un mejor futuro.<\/p>\n<p>Con t\u00e9cnicas de Hipnosis Conversacional, Liberaci\u00f3n Emocional, Visualizaci\u00f3n Regresiva Y Coaching.<\/p>\n<p>Sesiones Visuales, Auditivas, Kinestesicas y sobre todo M\u00c1GICAS.<\/p>\n<p>Aprende una t\u00e9cnica que coloca todas las experiencias de nuestra existencia espiritual y las convierte en aprendizajes realizados para que puedas avanzar hacia un mejor futuro.<\/p>\n<p>Ayuda a tus clientes a encontrar su prop\u00f3sito con las constelaciones hipn\u00f3ticas. Desde su propia percepci\u00f3n interior.<\/p>\n<p>&nbsp;<\/p>\n<p><a tabindex=\"0\">\u00bfQu\u00e9 son las constelaciones hipn\u00f3ticas?<\/a><\/p>\n<p>Las constelaciones hipn\u00f3ticas de vidas y almas son una herramienta terap\u00e9utica que cuenta con recursos de las constelaciones sist\u00e9micas tradicionales, t\u00e9cnicas de hipnosis y liberaci\u00f3n de emociones desde el inconsciente. Con esta terapia podemos trabajar situaciones de \u00edndole personal, relacional, familiar, laboral y espiritual.<\/p>\n<p>Tal y como est\u00e1 demostrando la epigen\u00e9tica y numerosas publicaciones cient\u00edficas, a trav\u00e9s del ADN no s\u00f3lo recibimos material gen\u00e9tico relacionado con lo celular, sino tambi\u00e9n heredamos de nuestros padres y ancestros influencias ambientales basadas en su historia y experiencias. Y contamos con un mont\u00f3n de informaci\u00f3n del inconsciente colectivo a nuestro alcance. Esta informaci\u00f3n muchas veces nos condiciona sin ser conscientes de ello. Todas las experiencias de nuestro esp\u00edritu est\u00e1n dentro de nuestro cuerpo causal y podemos acceder a ellas. Solo necesitamos hablar el idioma del subconsciente de forma totalmente inconsciente, para que esta informaci\u00f3n surja ante nuestros ojos y podamos transformarla en un aprendizaje adecuado al momento que estemos atravesando. Adem\u00e1s, una familia (de sangre o elegida por nosotros y formado por amigos, parejas, compa\u00f1eros de trabajo, etc.) es un sistema y tal y como descubri\u00f3 Bert Hellinger (precursor de las Constelaciones Familiares), este sistema est\u00e1 regido por unas leyes denominadas leyes sist\u00e9micas.<\/p>\n<p><strong>Cuando alguna de estas leyes est\u00e1 en sinton\u00eda con nuestro inconsciente personal<\/strong>\u00a0y la vulneramos se produce una p\u00e9rdida de armon\u00eda en el sistema y todo lo que nos rodea puede sentirse desequilibrado y bloqueado. Siempre debemos tener en cuenta que las leyes vienen desde el inconsciente colectivo al que pertenecieron anteriormente nuestros ancestros y nosotros mismos en otras encarnaciones.<\/p>\n<p>Porque la mayor\u00eda de las veces se producen los desequilibrios desde nuestro inconsciente personal. Es por este motivo, por el cual, seg\u00fan mi opini\u00f3n las constelaciones sist\u00e9micas familiares tradicionales no son para todo el mundo, pues no todos nos regimos por las mismas leyes en este momento.<\/p>\n<p>Todo lo que no provenga de tu propia percepci\u00f3n podr\u00e1 ser rechazado por tu mente inconsciente y el resultado terap\u00e9utico no se producir\u00e1.<\/p>\n<p>Estos desequilibrios sist\u00e9micos pueden darse en la vida actual o bien acompa\u00f1arnos desde otras existencias de nuestro esp\u00edritu. Con esta herramienta abordaremos todas las cargas que nos oprimen y volveremos consciente lo inconsciente para que deje de ejercer ese control y poder sobre nosotros. Se provoca un cambio a los pocos d\u00edas de realizar la constelaci\u00f3n pues el inconsciente y tambi\u00e9n el subconsciente comprenden que las cargas han dejado de existir.<\/p>\n<p><a tabindex=\"0\">Aprender\u00e1s<\/a><\/p>\n<p>Qu\u00e9 son las constelaciones hipn\u00f3ticas de vida y alma<\/p>\n<p>Los mu\u00f1ecos y las reglas b\u00e1sicas<\/p>\n<p>Que se puede constelar<\/p>\n<p>La percepci\u00f3n de uno mismo\u00a0\u00a0\u00a0\u00a0\u00a0\u00a0\u00a0\u00a0\u00a0\u00a0\u00a0\u00a0\u00a0\u00a0\u00a0\u00a0\u00a0\u00a0\u00a0\u00a0\u00a0\u00a0\u00a0\u00a0\u00a0\u00a0\u00a0\u00a0\u00a0\u00a0\u00a0\u00a0 Hipnosis conversacional<\/p>\n<p>Primera constelaci\u00f3n (Quien soy) diferentes yo, bloqueos y etapas de la vida.<\/p>\n<p>Pr\u00e1cticas y transcripciones completas de la constelaci\u00f3n<\/p>\n<p>Los bloqueos inconscientes<\/p>\n<p>Almas afines y no tan afines<\/p>\n<p>Karma y aprendizaje<\/p>\n<p>Las relaciones de pareja<\/p>\n<p>Segunda constelaci\u00f3n (Con quien estoy) Relaciones karmicas, lazos energ\u00e9ticos, pareja actual y patrones de conducta.<\/p>\n<p>Transcripci\u00f3n completa constelaci\u00f3n con tres scripts disolver lazos karmikos, conexi\u00f3n con el alma gemela y mejor versi\u00f3n<\/p>\n<p><a tabindex=\"0\">Obtendr\u00e1s<\/a><\/p>\n<p>Sesiones pr\u00e1cticas de la t\u00e9cnica entre los alumnos que se realizan a trav\u00e9s de un grupo de WhatsApp donde se preparan reuniones de pr\u00e1cticas a trav\u00e9s de la plataforma ZOOM<\/p>\n<p>Podr\u00e1s ver los videos tantas veces como necesites ya que entraras a la escuela Todohipno y tendr\u00e1s un usuario y una contrase\u00f1a para acceder a la plataforma de la escuela por tiempo ilimitado.<\/p>\n<p>Todo el temario y los ejercicios en documentos Pdf que podr\u00e1s descargar o imprimir.<\/p>\n<p>Audios de todas las pr\u00e1cticas de los ejercicios de hipnosis.<\/p>\n<\/div>\n<\/div>\n<\/div>\n<\/div>\n<div class=\"elementor-element elementor-element-12bf42d6 elementor-widget elementor-widget-heading\" data-id=\"12bf42d6\" data-element_type=\"widget\" data-widget_type=\"heading.default\">\n<div class=\"elementor-widget-container\"><\/div>\n<\/div>\n<\/div>\n<\/div>\n<\/div>\n<\/section>\n<section class=\"elementor-section elementor-top-section elementor-element elementor-element-20a5bb3f elementor-section-boxed elementor-section-height-default elementor-section-height-default animated fadeInUp\" data-id=\"20a5bb3f\" data-element_type=\"section\" data-settings=\"{&quot;animation&quot;:&quot;fadeInUp&quot;}\">\n<div class=\"elementor-container elementor-column-gap-default\">\n<div class=\"elementor-column elementor-col-100 elementor-top-column elementor-element elementor-element-61fb59ae\" data-id=\"61fb59ae\" data-element_type=\"column\">\n<div class=\"elementor-widget-wrap elementor-element-populated\">\n<div class=\"elementor-element elementor-element-53e28114 elementor-widget elementor-widget-accordion\" data-id=\"53e28114\" data-element_type=\"widget\" data-widget_type=\"accordion.default\">\n<div class=\"elementor-widget-container\">\n<div class=\"elementor-accordion\" role=\"tablist\">\n<div class=\"elementor-accordion-item\">\n<p>&nbsp;<\/p>\n<\/div>\n<\/div>\n<\/div>\n<\/div>\n<\/div>\n<\/div>\n<\/div>\n<\/section>\n","protected":false},"excerpt":{"rendered":"<p>&nbsp;<\/p>\n<p>&nbsp;<\/p>\n<p>&nbsp;<\/p>\n<p>&nbsp;<\/p>\n","protected":false},"featured_media":35003,"template":"","meta":{"_monsterinsights_skip_tracking":false,"_monsterinsights_sitenote_active":false,"_monsterinsights_sitenote_note":"","_monsterinsights_sitenote_category":0,"jetpack_post_was_ever_published":false,"jetpack_publicize_message":"","jetpack_publicize_feature_enabled":true,"jetpack_social_post_already_shared":true,"jetpack_social_options":{"image_generator_settings":{"template":"highway","default_image_id":0,"font":"","enabled":false},"version":2}},"product_brand":[],"product_cat":[287],"product_tag":[263,260,211,254,119,251,215,257,288,249,243,230,182,226,253,236,229,228,232,258,234,262,239,77,220,265,219,107,225,240,238,108,242,235,244,266,267,248,210,245,212,250,227,106,255,264,252,217,216,233,261,73,25,237,231,247,221,246,222,223,224,259,241,256,218,213,214,53],"class_list":{"0":"post-30477","1":"product","2":"type-product","3":"status-publish","4":"has-post-thumbnail","6":"product_cat-constelaciones","7":"product_tag-animales","8":"product_tag-biden","9":"product_tag-billetes","10":"product_tag-bitcoin","11":"product_tag-carrera","12":"product_tag-china","13":"product_tag-christopher-olivarrieta","14":"product_tag-cine","15":"product_tag-constelaciones","16":"product_tag-coranavirus","17":"product_tag-cultura","18":"product_tag-cursos","19":"product_tag-dinero","20":"product_tag-dios","21":"product_tag-dolar","22":"product_tag-enric-corbera","23":"product_tag-ensenanza-en-casa","24":"product_tag-escuela","25":"product_tag-especialidad","26":"product_tag-estrenos","27":"product_tag-estudios","28":"product_tag-facebook","29":"product_tag-famosos","30":"product_tag-fortalecimientos","31":"product_tag-free","32":"product_tag-gatos","33":"product_tag-gratis","34":"product_tag-guadalajara","35":"product_tag-guerra","36":"product_tag-humor","37":"product_tag-internet","38":"product_tag-introduccion","39":"product_tag-juegos","40":"product_tag-lavin","41":"product_tag-manga","42":"product_tag-mercado-libre","43":"product_tag-mercado-pago","44":"product_tag-meteorologia","45":"product_tag-moneda","46":"product_tag-musica","47":"product_tag-nuevo","48":"product_tag-omnicron","49":"product_tag-oracion","50":"product_tag-osvaldo","51":"product_tag-peliculas","52":"product_tag-perros","53":"product_tag-peso","54":"product_tag-porn","55":"product_tag-porno","56":"product_tag-profesional","57":"product_tag-putin","58":"product_tag-salud","59":"product_tag-sanacion","60":"product_tag-sexo","61":"product_tag-talleres","62":"product_tag-television","63":"product_tag-terapias","64":"product_tag-trabajo","65":"product_tag-ucrania","66":"product_tag-ukrania","67":"product_tag-usa","68":"product_tag-vacuna","69":"product_tag-viajes","70":"product_tag-videos","71":"product_tag-xxx","72":"product_tag-youtube","73":"product_tag-youtube-yuen-guadalajara","74":"product_tag-yuen","76":"first","77":"instock","78":"downloadable","79":"virtual","80":"purchasable","81":"product-type-simple"},"jetpack_publicize_connections":[],"jetpack-related-posts":[{"id":35012,"url":"https:\/\/multiofertasvip.com\/?product=curso-constelaciones-playmobil-basico-todohipno","url_meta":{"origin":30477,"position":0},"title":"Curso Constelaciones Playmobil Basico-Todohipno","author":"multiofertasvip","date":"marzo 10, 2026","format":false,"excerpt":"\u00a0 \u00a0 \u00a0 \u00a0","rel":"","context":"Entrada similar","block_context":{"text":"Entrada similar","link":""},"img":{"alt_text":"","src":"https:\/\/i0.wp.com\/multiofertasvip.com\/wp-content\/uploads\/2022\/10\/constelaciones-playmobil.png?fit=200%2C200&ssl=1&resize=350%2C200","width":350,"height":200},"classes":[]},{"id":35006,"url":"https:\/\/multiofertasvip.com\/?product=curso-constelaciones-playmobil-avanzado-todohipno-3","url_meta":{"origin":30477,"position":1},"title":"Curso Constelaciones Playmobil Avanzado-Todohipno","author":"multiofertasvip","date":"marzo 10, 2026","format":false,"excerpt":"\u00a0 \u00a0 \u00a0 \u00a0","rel":"","context":"Entrada similar","block_context":{"text":"Entrada similar","link":""},"img":{"alt_text":"","src":"https:\/\/i0.wp.com\/multiofertasvip.com\/wp-content\/uploads\/2026\/03\/constelaciones-playmobil-avanzado.png?fit=200%2C200&ssl=1&resize=350%2C200","width":350,"height":200},"classes":[]},{"id":35014,"url":"https:\/\/multiofertasvip.com\/?product=curso-hipnosis-tabaco-banda-gastrica-todohipno-2","url_meta":{"origin":30477,"position":2},"title":"Curso Hipnosis Tabaco-Banda G\u00e1strica-TodoHipno","author":"multiofertasvip","date":"marzo 10, 2026","format":false,"excerpt":"\u00a0 \u00a0 \u00a0 \u00a0","rel":"","context":"Entrada similar","block_context":{"text":"Entrada similar","link":""},"img":{"alt_text":"Hipnosis tabaco y banda gastrica","src":"https:\/\/i0.wp.com\/www.todohipno.com\/wp-content\/uploads\/2021\/03\/TABAQUISMO-1080x675.png?resize=350%2C200&ssl=1","width":350,"height":200,"srcset":"https:\/\/i0.wp.com\/www.todohipno.com\/wp-content\/uploads\/2021\/03\/TABAQUISMO-1080x675.png?resize=350%2C200&ssl=1 1x, https:\/\/i0.wp.com\/www.todohipno.com\/wp-content\/uploads\/2021\/03\/TABAQUISMO-1080x675.png?resize=525%2C300&ssl=1 1.5x, https:\/\/i0.wp.com\/www.todohipno.com\/wp-content\/uploads\/2021\/03\/TABAQUISMO-1080x675.png?resize=700%2C400&ssl=1 2x"},"classes":[]},{"id":35026,"url":"https:\/\/multiofertasvip.com\/?product=curso-autohipnosis-cuantica-todohipno-2","url_meta":{"origin":30477,"position":3},"title":"Curso Autohipnosis Cu\u00e1ntica-TodoHipno","author":"multiofertasvip","date":"marzo 11, 2026","format":false,"excerpt":"\u00a0 \u00a0 \u00a0 \u00a0","rel":"","context":"Entrada similar","block_context":{"text":"Entrada similar","link":""},"img":{"alt_text":"Autohipnosis","src":"https:\/\/i0.wp.com\/www.todohipno.com\/wp-content\/uploads\/2021\/03\/autohipnosis-1080x675.png?resize=350%2C200&ssl=1","width":350,"height":200,"srcset":"https:\/\/i0.wp.com\/www.todohipno.com\/wp-content\/uploads\/2021\/03\/autohipnosis-1080x675.png?resize=350%2C200&ssl=1 1x, https:\/\/i0.wp.com\/www.todohipno.com\/wp-content\/uploads\/2021\/03\/autohipnosis-1080x675.png?resize=525%2C300&ssl=1 1.5x"},"classes":[]},{"id":35040,"url":"https:\/\/multiofertasvip.com\/?product=curso-los-caminos-del-inconsciente-todohipno-2","url_meta":{"origin":30477,"position":4},"title":"Curso los Caminos del Inconsciente-TodoHipno","author":"multiofertasvip","date":"marzo 12, 2026","format":false,"excerpt":"\u00a0 \u00a0 \u00a0 \u00a0","rel":"","context":"Entrada similar","block_context":{"text":"Entrada similar","link":""},"img":{"alt_text":"los caminos del inconsciente","src":"https:\/\/i0.wp.com\/www.todohipno.com\/wp-content\/uploads\/2021\/03\/caminos-2-1080x675.png?resize=350%2C200&ssl=1","width":350,"height":200,"srcset":"https:\/\/i0.wp.com\/www.todohipno.com\/wp-content\/uploads\/2021\/03\/caminos-2-1080x675.png?resize=350%2C200&ssl=1 1x, https:\/\/i0.wp.com\/www.todohipno.com\/wp-content\/uploads\/2021\/03\/caminos-2-1080x675.png?resize=525%2C300&ssl=1 1.5x"},"classes":[]},{"id":35035,"url":"https:\/\/multiofertasvip.com\/?product=curso-coaching-felicidad-todohipno-2","url_meta":{"origin":30477,"position":5},"title":"Curso Coaching Felicidad-TodoHipno","author":"multiofertasvip","date":"marzo 11, 2026","format":false,"excerpt":"\u00a0 \u00a0 \u00a0 \u00a0","rel":"","context":"Entrada similar","block_context":{"text":"Entrada similar","link":""},"img":{"alt_text":"Coaching","src":"https:\/\/i0.wp.com\/www.todohipno.com\/wp-content\/uploads\/2021\/03\/coaching-1080x675.png?resize=350%2C200&ssl=1","width":350,"height":200},"classes":[]}],"jetpack_sharing_enabled":true,"jetpack_likes_enabled":true,"_links":{"self":[{"href":"https:\/\/multiofertasvip.com\/index.php?rest_route=\/wp\/v2\/product\/30477","targetHints":{"allow":["GET"]}}],"collection":[{"href":"https:\/\/multiofertasvip.com\/index.php?rest_route=\/wp\/v2\/product"}],"about":[{"href":"https:\/\/multiofertasvip.com\/index.php?rest_route=\/wp\/v2\/types\/product"}],"version-history":[{"count":2,"href":"https:\/\/multiofertasvip.com\/index.php?rest_route=\/wp\/v2\/product\/30477\/revisions"}],"predecessor-version":[{"id":35005,"href":"https:\/\/multiofertasvip.com\/index.php?rest_route=\/wp\/v2\/product\/30477\/revisions\/35005"}],"wp:featuredmedia":[{"embeddable":true,"href":"https:\/\/multiofertasvip.com\/index.php?rest_route=\/wp\/v2\/media\/35003"}],"wp:attachment":[{"href":"https:\/\/multiofertasvip.com\/index.php?rest_route=%2Fwp%2Fv2%2Fmedia&parent=30477"}],"wp:term":[{"taxonomy":"product_brand","embeddable":true,"href":"https:\/\/multiofertasvip.com\/index.php?rest_route=%2Fwp%2Fv2%2Fproduct_brand&post=30477"},{"taxonomy":"product_cat","embeddable":true,"href":"https:\/\/multiofertasvip.com\/index.php?rest_route=%2Fwp%2Fv2%2Fproduct_cat&post=30477"},{"taxonomy":"product_tag","embeddable":true,"href":"https:\/\/multiofertasvip.com\/index.php?rest_route=%2Fwp%2Fv2%2Fproduct_tag&post=30477"}],"curies":[{"name":"wp","href":"https:\/\/api.w.org\/{rel}","templated":true}]}}