{"id":30475,"date":"2022-10-07T15:14:51","date_gmt":"2022-10-07T20:44:51","guid":{"rendered":"https:\/\/multiofertasvip.com\/?post_type=product&#038;p=30475"},"modified":"2022-10-07T15:20:38","modified_gmt":"2022-10-07T20:50:38","slug":"constelaciones-familiares-individuales%f0%9f%91%a8%f0%9f%91%a9%f0%9f%91%a7%f0%9f%91%a6con-cecilia-imbastari","status":"publish","type":"product","link":"https:\/\/multiofertasvip.com\/?product=constelaciones-familiares-individuales%f0%9f%91%a8%f0%9f%91%a9%f0%9f%91%a7%f0%9f%91%a6con-cecilia-imbastari","title":{"rendered":"Constelaciones familiares INDIVIDUALES\ud83d\udc68\u200d\ud83d\udc69\u200d\ud83d\udc67\u200d\ud83d\udc66Con Cecilia Imbastari"},"content":{"rendered":"<p>La Terapia Sist\u00e9mica entiende a la persona inserta en su sistema familiar, en el cual se crean los primeros lazos afectivos y v\u00ednculos de pertenencia. Dichos v\u00ednculos crean patrones de comportamiento que marcan nuestra vida y la forma en la que nos relacionamos con el mundo. Con el paso del tiempo formamos parte de otros sistemas (interno: personalidad-alma, escolar, laboral, pareja, grupal, social) que ser\u00e1n campos de experimentaci\u00f3n y aprendizaje a lo largo de nuestra existencia.<\/p>\n<p>Tanto las filosof\u00edas orientales como las culturas tribales africanas y americanas, conciben al ser humano sumido en un universo visible e invisible, material y energ\u00e9tico. Universo que escapa a nuestra comprensi\u00f3n racional y nos enfrenta a lo desconocido. Cuerpo-mente-alma conforman una unidad con todo lo que es. Cuando iniciamos un proceso de b\u00fasqueda de equilibrio y armon\u00eda en nosotros mismos, podemos tambi\u00e9n trasladarlo al exterior y poner orden en los asuntos pendientes de nuestra vida.<\/p>\n<p>En s\u00edntesis, la realizaci\u00f3n de Constelaciones potencia movimientos sanadores en todos los integrantes del sistema. Asimismo resulta ser un ejercicio de autocentraci\u00f3n y contacto con la propia fuerza vital tanto para los participantes como para los coordinadores del taller.<\/p>\n<p>Terapia recomendada para\u2026<br \/>\nPersonas que quieran comprender su propio sistema humano y las relaciones con las que interaccionan en su vida, ya sean \u00e9stas personales o profesionales.<br \/>\nProcesos de autoconocimiento y sanaci\u00f3n interior. Procesos enfocados hacia la comprensi\u00f3n y sanaci\u00f3n de conflictos, a nivel familiar, de pareja, padres-hijos, etc.<br \/>\nprocesos de cambio y toma de decisiones que pueden marcar nuestras vidas.<\/p>\n<p>&nbsp;<\/p>\n<p>A qui\u00e9n va dirigido?<\/p>\n<p>Profesionales de cualquier disciplina, terapeutas, coaches, y cualquier persona que quiera comenzar un camino de crecimiento y aprendizaje.<\/p>\n<p>&nbsp;<\/p>\n<p>Contenidos:<\/p>\n<p>&nbsp;<\/p>\n<p>Cap\u00edtulo 1: Visi\u00f3n sist\u00e9mica<\/p>\n<p>Cap\u00edtulo 2: Constelaciones familiares<\/p>\n<p>Cap\u00edtulo 3: Las t\u00e9cnicas iniciales<\/p>\n<p>Cap\u00edtulo 4: Los \u00f3rdenes del amor<\/p>\n<p>Cap\u00edtulo 5: Implicancias especiales<\/p>\n<p>Cap\u00edtulo 6: Tipos de constelaciones<\/p>\n","protected":false},"excerpt":{"rendered":"<p>&nbsp;<\/p>\n<p>&nbsp;<\/p>\n<p>&nbsp;<\/p>\n<p>&nbsp;<\/p>\n","protected":false},"featured_media":30476,"template":"","meta":{"_monsterinsights_skip_tracking":false,"_monsterinsights_sitenote_active":false,"_monsterinsights_sitenote_note":"","_monsterinsights_sitenote_category":0,"jetpack_post_was_ever_published":false,"jetpack_publicize_message":"","jetpack_publicize_feature_enabled":true,"jetpack_social_post_already_shared":true,"jetpack_social_options":{"image_generator_settings":{"template":"highway","default_image_id":0,"font":"","enabled":false},"version":2}},"product_brand":[],"product_cat":[287],"product_tag":[263,260,211,254,119,251,215,257,288,249,243,230,182,226,253,236,229,228,232,258,234,262,239,77,220,265,219,107,225,240,238,108,242,235,244,266,267,248,210,245,212,250,227,106,255,264,252,217,216,233,261,73,25,237,231,247,221,246,222,223,224,259,241,256,218,213,214,53],"class_list":{"0":"post-30475","1":"product","2":"type-product","3":"status-publish","4":"has-post-thumbnail","6":"product_cat-constelaciones","7":"product_tag-animales","8":"product_tag-biden","9":"product_tag-billetes","10":"product_tag-bitcoin","11":"product_tag-carrera","12":"product_tag-china","13":"product_tag-christopher-olivarrieta","14":"product_tag-cine","15":"product_tag-constelaciones","16":"product_tag-coranavirus","17":"product_tag-cultura","18":"product_tag-cursos","19":"product_tag-dinero","20":"product_tag-dios","21":"product_tag-dolar","22":"product_tag-enric-corbera","23":"product_tag-ensenanza-en-casa","24":"product_tag-escuela","25":"product_tag-especialidad","26":"product_tag-estrenos","27":"product_tag-estudios","28":"product_tag-facebook","29":"product_tag-famosos","30":"product_tag-fortalecimientos","31":"product_tag-free","32":"product_tag-gatos","33":"product_tag-gratis","34":"product_tag-guadalajara","35":"product_tag-guerra","36":"product_tag-humor","37":"product_tag-internet","38":"product_tag-introduccion","39":"product_tag-juegos","40":"product_tag-lavin","41":"product_tag-manga","42":"product_tag-mercado-libre","43":"product_tag-mercado-pago","44":"product_tag-meteorologia","45":"product_tag-moneda","46":"product_tag-musica","47":"product_tag-nuevo","48":"product_tag-omnicron","49":"product_tag-oracion","50":"product_tag-osvaldo","51":"product_tag-peliculas","52":"product_tag-perros","53":"product_tag-peso","54":"product_tag-porn","55":"product_tag-porno","56":"product_tag-profesional","57":"product_tag-putin","58":"product_tag-salud","59":"product_tag-sanacion","60":"product_tag-sexo","61":"product_tag-talleres","62":"product_tag-television","63":"product_tag-terapias","64":"product_tag-trabajo","65":"product_tag-ucrania","66":"product_tag-ukrania","67":"product_tag-usa","68":"product_tag-vacuna","69":"product_tag-viajes","70":"product_tag-videos","71":"product_tag-xxx","72":"product_tag-youtube","73":"product_tag-youtube-yuen-guadalajara","74":"product_tag-yuen","76":"first","77":"instock","78":"downloadable","79":"virtual","80":"purchasable","81":"product-type-simple"},"jetpack_publicize_connections":[],"jetpack-related-posts":[{"id":30453,"url":"https:\/\/multiofertasvip.com\/?product=5-cursos-completos-del-metodo-grabovoi-en-video","url_meta":{"origin":30475,"position":0},"title":"5 Cursos Completos Del Metodo Grabovoi En Video","author":"multiofertasvip","date":"septiembre 13, 2022","format":false,"excerpt":"\u00a0 \u00a0 \u00a0 \u00a0 \u00a0","rel":"","context":"Entrada similar","block_context":{"text":"Entrada similar","link":""},"img":{"alt_text":"","src":"https:\/\/i0.wp.com\/multiofertasvip.com\/wp-content\/uploads\/2022\/09\/grabovoi.jpg?fit=200%2C200&ssl=1&resize=350%2C200","width":350,"height":200},"classes":[]},{"id":30179,"url":"https:\/\/multiofertasvip.com\/?product=flores-de-bach-sana-tu-alma-y-tus-emociones","url_meta":{"origin":30475,"position":1},"title":"Flores de Bach &#8211; Sana tu Alma y tus Emociones","author":"multiofertasvip","date":"diciembre 28, 2021","format":false,"excerpt":"\u00bfSab\u00edas que cada d\u00eda m\u00e1s personas tienen problemas emocionales que les limitan el poder vivir una vida plena? Con el MASTER CLASS FLORES DE BACH - SANA TUS EMOCIONES Y TU ALMA, consigue restaurar el equilibrio emocional para que tengas un estado \u00f3ptimo de salud f\u00edsica y del alma. Aqu\u00ed\u2026","rel":"","context":"Entrada similar","block_context":{"text":"Entrada similar","link":""},"img":{"alt_text":"","src":"https:\/\/i0.wp.com\/multiofertasvip.com\/wp-content\/uploads\/2021\/12\/floresdebach.png?fit=200%2C200&ssl=1&resize=350%2C200","width":350,"height":200},"classes":[]},{"id":319,"url":"https:\/\/multiofertasvip.com\/?product=curso-numerologia-transpersonal-nivel-1-y-2","url_meta":{"origin":30475,"position":2},"title":"Curso Numerologia Transpersonal Nivel 1 y 2","author":"multiofertasvip","date":"junio 3, 2019","format":false,"excerpt":"Los n\u00fameros han estado siempre presentes como valores, como ciencia, como auxiliares del arte, han sido sistemas, leyes, doctrinas, s\u00edmbolos sagrados y principios de sabidur\u00eda universal, como con Plat\u00f3n y suN\u00famero Nupcial; y Pit\u00e1goras con su\u00a0Paradigma, que combina C\u00e1bala, Astrolog\u00eda y Numerolog\u00eda. El Universo vibra, tiene resonancia, es ritmo, el\u2026","rel":"","context":"Con 1 comentario","block_context":{"text":"Con 1 comentario","link":"https:\/\/multiofertasvip.com\/?product=curso-numerologia-transpersonal-nivel-1-y-2#comments"},"img":{"alt_text":"","src":"https:\/\/i0.wp.com\/multiofertasvip.com\/wp-content\/uploads\/2019\/06\/numerologia.jpg?fit=200%2C200&ssl=1&resize=350%2C200","width":350,"height":200},"classes":[]},{"id":30448,"url":"https:\/\/multiofertasvip.com\/?product=el-dominio-creador-de-la-informacion-de-grigori-grabovoi","url_meta":{"origin":30475,"position":3},"title":"EL DOMINIO CREADOR DE LA INFORMACI\u00d3N DE GRIGORI GRABOVOI","author":"multiofertasvip","date":"septiembre 13, 2022","format":false,"excerpt":"En este libro se ofrecen herramientas de cambio Fundamentales en distintas \u00e1reas del Universo de cada persona y del colectivo humano y universal. Definiendo el concepto de creatividad del conocimiento. Grabovoi considera la conciencia del hombre como un elemento del universo en donde todos los elementos est\u00e1n interpenetrados e interdependientes\u2026","rel":"","context":"Entrada similar","block_context":{"text":"Entrada similar","link":""},"img":{"alt_text":"","src":"https:\/\/i0.wp.com\/multiofertasvip.com\/wp-content\/uploads\/2022\/09\/creador.jpg?fit=200%2C200&ssl=1&resize=350%2C200","width":350,"height":200},"classes":[]},{"id":33809,"url":"https:\/\/multiofertasvip.com\/?product=constelaciones-familiares-holograficas-cecilia-imbasteri","url_meta":{"origin":30475,"position":4},"title":"Constelaciones Familiares Holograficas -Cecilia Imbasteri","author":"multiofertasvip","date":"abril 25, 2025","format":false,"excerpt":"Las Constelaciones familiares son un m\u00e9todo sist\u00e9mico, cu\u00e1ntico, yfenomenol\u00f3gico,\u00a0de\u00a0b\u00fasqueda,\u00a0ordenamiento y\u00a0reconciliaci\u00f3n\u00a0de\u00a0la\u00a0historiafamiliar solo en aquellos casos que nos afecta.Es decir no constelamos el \u00e1rbol geneal\u00f3gico ni a nuestros ancestros.Constelamos un problema nuestro no resuelto hoy. Se parte de m\u00ed, de miproblema y del presente.Luego vemos de ordenar el v\u00ednculo con quienes nos\u2026","rel":"","context":"Entrada similar","block_context":{"text":"Entrada similar","link":""},"img":{"alt_text":"","src":"https:\/\/i0.wp.com\/multiofertasvip.com\/wp-content\/uploads\/2025\/04\/constelaciones_familiares-holograficas.png?fit=200%2C200&ssl=1&resize=350%2C200","width":350,"height":200},"classes":[]},{"id":30477,"url":"https:\/\/multiofertasvip.com\/?product=curso-online-constelaciones-hipnoticas-vidas-y-almas-silvia-carbonell","url_meta":{"origin":30475,"position":5},"title":"Curso Constelaciones Playmobil-TodoHipno","author":"multiofertasvip","date":"marzo 7, 2022","format":false,"excerpt":"\u00a0 \u00a0 \u00a0 \u00a0","rel":"","context":"Entrada similar","block_context":{"text":"Entrada similar","link":""},"img":{"alt_text":"","src":"https:\/\/i0.wp.com\/multiofertasvip.com\/wp-content\/uploads\/2022\/10\/constelaciones-playmobil.png?fit=200%2C200&ssl=1&resize=350%2C200","width":350,"height":200},"classes":[]}],"jetpack_sharing_enabled":true,"jetpack_likes_enabled":true,"_links":{"self":[{"href":"https:\/\/multiofertasvip.com\/index.php?rest_route=\/wp\/v2\/product\/30475","targetHints":{"allow":["GET"]}}],"collection":[{"href":"https:\/\/multiofertasvip.com\/index.php?rest_route=\/wp\/v2\/product"}],"about":[{"href":"https:\/\/multiofertasvip.com\/index.php?rest_route=\/wp\/v2\/types\/product"}],"version-history":[{"count":0,"href":"https:\/\/multiofertasvip.com\/index.php?rest_route=\/wp\/v2\/product\/30475\/revisions"}],"wp:featuredmedia":[{"embeddable":true,"href":"https:\/\/multiofertasvip.com\/index.php?rest_route=\/wp\/v2\/media\/30476"}],"wp:attachment":[{"href":"https:\/\/multiofertasvip.com\/index.php?rest_route=%2Fwp%2Fv2%2Fmedia&parent=30475"}],"wp:term":[{"taxonomy":"product_brand","embeddable":true,"href":"https:\/\/multiofertasvip.com\/index.php?rest_route=%2Fwp%2Fv2%2Fproduct_brand&post=30475"},{"taxonomy":"product_cat","embeddable":true,"href":"https:\/\/multiofertasvip.com\/index.php?rest_route=%2Fwp%2Fv2%2Fproduct_cat&post=30475"},{"taxonomy":"product_tag","embeddable":true,"href":"https:\/\/multiofertasvip.com\/index.php?rest_route=%2Fwp%2Fv2%2Fproduct_tag&post=30475"}],"curies":[{"name":"wp","href":"https:\/\/api.w.org\/{rel}","templated":true}]}}