{"id":30468,"date":"2022-10-05T15:20:14","date_gmt":"2022-10-05T20:50:14","guid":{"rendered":"https:\/\/multiofertasvip.com\/?post_type=product&#038;p=30468"},"modified":"2022-10-05T15:24:05","modified_gmt":"2022-10-05T20:54:05","slug":"curso-lector-de-registros-akashicos-nivel-1-2-y-3","status":"publish","type":"product","link":"https:\/\/multiofertasvip.com\/?product=curso-lector-de-registros-akashicos-nivel-1-2-y-3","title":{"rendered":"Curso Lector de Registros Akashicos Nivel 1, 2 y 3"},"content":{"rendered":"<p>Formaci\u00f3n de Lectores de Registros Akashicos Nivel 1, 2 y 3<br \/>\n.<br \/>\nEsta formaci\u00f3n fue meditada y trabajada mucho tiempo para ustedes.<br \/>\n.<br \/>\n\ud83c\udf1fEsta pensada para orientar a todas las personas a conectarse con el akasha de una manera practica e interactiva y obtener respuestas tanto para ti como para ayudar a los dem\u00e1s.<br \/>\n.<br \/>\n\u2728Todos somos energ\u00eda y parte de la creaci\u00f3n por ende todos podemos efectuar esta conexi\u00f3n espiritual, no es necesario un don especial ni conocimientos previos, sino que tener fe y aceptar los mensajes que tiene para ti con humildad y convertirse en canales puros de esta energ\u00eda tan maravillosa.<br \/>\n.<br \/>\nAl ser lector o lectora universal, podr\u00e1s no solo abrir tus registros propios, sino que a otras personas, animales o reinos. Todo lo que esta en ese plano tiene un registro o una biblioteca akashica que podemos canalizar.<br \/>\n.<br \/>\nRecuerden que esto es la lectura del alma, por ende puedes hacer lectura de esta vida como de las encarnaciones anteriores.<br \/>\nEn este curso se ver\u00e1n los siguientes contenidos:<br \/>\n.<br \/>\n\u2013 \u00bfQu\u00e9 son los registros Akashicos?<br \/>\n\u2013 Custodios de los registros y conexi\u00f3n con ellos<br \/>\n\u2013 Los chakras<br \/>\n\u2013 Recordar la conexi\u00f3n con nuestros corazones<br \/>\n\u2013 Como formular preguntas<br \/>\n.<br \/>\nNivel 1:<br \/>\n1. Abrir los registros propios. cuyo objetivo es convertirse en lector personal y desarrollar las habilidades que cada uno de nosotros posee para poder canalizar e interpretar las memorias de su alma<br \/>\n.<br \/>\nNivel 2:<br \/>\nApertura de registros a otras personas. Cada alumno podr\u00e1 canalizar e interpretar los registros Akashicos de otras personas siendo un canal de apertura y conexi\u00f3n para ayudar a otros<br \/>\n.<br \/>\nNivel 3<br \/>\nApertura de registros a otros reinos, animal, Vegetal y mineral. Esto le permitir\u00e1 conectar con mascotas y ayudarles por medio de los registros.<\/p>\n","protected":false},"excerpt":{"rendered":"<p>&nbsp;<\/p>\n<p>&nbsp;<\/p>\n<p>&nbsp;<\/p>\n<p>&nbsp;<\/p>\n","protected":false},"featured_media":30469,"template":"","meta":{"_monsterinsights_skip_tracking":false,"_monsterinsights_sitenote_active":false,"_monsterinsights_sitenote_note":"","_monsterinsights_sitenote_category":0,"jetpack_post_was_ever_published":false,"jetpack_publicize_message":"","jetpack_publicize_feature_enabled":true,"jetpack_social_post_already_shared":true,"jetpack_social_options":{"image_generator_settings":{"template":"highway","default_image_id":0,"font":"","enabled":false},"version":2}},"product_brand":[],"product_cat":[32],"product_tag":[263,260,211,254,119,251,215,257,249,243,230,182,226,253,236,229,228,232,258,234,262,239,77,220,265,219,107,225,240,238,108,242,235,244,266,267,248,210,245,212,250,227,106,255,264,252,217,216,233,261,73,25,237,231,247,221,246,222,223,224,259,241,256,218,213,214,53],"class_list":{"0":"post-30468","1":"product","2":"type-product","3":"status-publish","4":"has-post-thumbnail","6":"product_cat-sanacion","7":"product_tag-animales","8":"product_tag-biden","9":"product_tag-billetes","10":"product_tag-bitcoin","11":"product_tag-carrera","12":"product_tag-china","13":"product_tag-christopher-olivarrieta","14":"product_tag-cine","15":"product_tag-coranavirus","16":"product_tag-cultura","17":"product_tag-cursos","18":"product_tag-dinero","19":"product_tag-dios","20":"product_tag-dolar","21":"product_tag-enric-corbera","22":"product_tag-ensenanza-en-casa","23":"product_tag-escuela","24":"product_tag-especialidad","25":"product_tag-estrenos","26":"product_tag-estudios","27":"product_tag-facebook","28":"product_tag-famosos","29":"product_tag-fortalecimientos","30":"product_tag-free","31":"product_tag-gatos","32":"product_tag-gratis","33":"product_tag-guadalajara","34":"product_tag-guerra","35":"product_tag-humor","36":"product_tag-internet","37":"product_tag-introduccion","38":"product_tag-juegos","39":"product_tag-lavin","40":"product_tag-manga","41":"product_tag-mercado-libre","42":"product_tag-mercado-pago","43":"product_tag-meteorologia","44":"product_tag-moneda","45":"product_tag-musica","46":"product_tag-nuevo","47":"product_tag-omnicron","48":"product_tag-oracion","49":"product_tag-osvaldo","50":"product_tag-peliculas","51":"product_tag-perros","52":"product_tag-peso","53":"product_tag-porn","54":"product_tag-porno","55":"product_tag-profesional","56":"product_tag-putin","57":"product_tag-salud","58":"product_tag-sanacion","59":"product_tag-sexo","60":"product_tag-talleres","61":"product_tag-television","62":"product_tag-terapias","63":"product_tag-trabajo","64":"product_tag-ucrania","65":"product_tag-ukrania","66":"product_tag-usa","67":"product_tag-vacuna","68":"product_tag-viajes","69":"product_tag-videos","70":"product_tag-xxx","71":"product_tag-youtube","72":"product_tag-youtube-yuen-guadalajara","73":"product_tag-yuen","75":"first","76":"instock","77":"downloadable","78":"virtual","79":"purchasable","80":"product-type-simple"},"jetpack_publicize_connections":[],"jetpack-related-posts":[{"id":35085,"url":"https:\/\/multiofertasvip.com\/?product=diplomado-en-registros-akashicos-de-lector-a-maestro-tienditadelalma","url_meta":{"origin":30468,"position":0},"title":"Diplomado en Registros Ak\u00e1shicos (de Lector a Maestro)-Tienditadelalma","author":"multiofertasvip","date":"marzo 15, 2026","format":false,"excerpt":"\u00a0 \u00a0 \u00a0 \u00a0","rel":"","context":"Entrada similar","block_context":{"text":"Entrada similar","link":""},"img":{"alt_text":"","src":"https:\/\/i0.wp.com\/multiofertasvip.com\/wp-content\/uploads\/2026\/03\/registros-akashicos-1-y-2.jpg?fit=200%2C200&ssl=1&resize=350%2C200","width":350,"height":200},"classes":[]},{"id":34127,"url":"https:\/\/multiofertasvip.com\/?product=curso-de-soul-communication-1-diana-arbol","url_meta":{"origin":30468,"position":1},"title":"Curso de Soul Communication 1-Diana Arbol","author":"multiofertasvip","date":"agosto 7, 2025","format":false,"excerpt":"Esta potente herramienta de autoconocimiento, que es el acceso a los Registros Ak\u00e1shicos, me ha llevado a profundizar en la tradicional Oraci\u00f3n Sagrada y descubrir adem\u00e1s otras 9 t\u00e9cnicas m\u00e1s de acceso a los Registros, creando as\u00ed el Curso Soul Communication 1: curso online de Registros Ak\u00e1shicos. Con ellas podemos\u2026","rel":"","context":"Entrada similar","block_context":{"text":"Entrada similar","link":""},"img":{"alt_text":"","src":"https:\/\/i0.wp.com\/multiofertasvip.com\/wp-content\/uploads\/2025\/08\/Ikigai1.png?fit=200%2C200&ssl=1&resize=350%2C200","width":350,"height":200},"classes":[]},{"id":34131,"url":"https:\/\/multiofertasvip.com\/?product=curso-de-soul-communication-2-diana-arbol","url_meta":{"origin":30468,"position":2},"title":"Curso de Soul Communication 2-Diana Arbol","author":"multiofertasvip","date":"agosto 7, 2025","format":false,"excerpt":"Despu\u00e9s de haber integrado las 9 t\u00e9cnicas de acceso al Registro Ak\u00e1shico, aprender\u00e1s a acompa\u00f1ar a otros hacia el descubrimiento de su Ikigai, del descubrimiento del sentido de lo ocurrido en su vida, de sus relaciones, de los aprendizajes que a\u00fan necesita hacer, as\u00ed como del Origen y Prop\u00f3sito de\u2026","rel":"","context":"Entrada similar","block_context":{"text":"Entrada similar","link":""},"img":{"alt_text":"","src":"https:\/\/i0.wp.com\/multiofertasvip.com\/wp-content\/uploads\/2025\/08\/Ikigai2.png?fit=200%2C200&ssl=1&resize=350%2C200","width":350,"height":200},"classes":[]},{"id":34695,"url":"https:\/\/multiofertasvip.com\/?product=consulta-tus-registros-akashicos-assaya","url_meta":{"origin":30468,"position":3},"title":"Consulta tus REGISTROS AKASHICOS-Assaya","author":"multiofertasvip","date":"enero 8, 2026","format":false,"excerpt":"Temario \u2665 Los Registros Akashicos son la \" la Biblioteca Et\u00e9rica\" donde est\u00e1 toda la informaci\u00f3n de todo, de todos y de siempre ... desde que empezaste con tu ciclo de encarnaciones. \u2665 Consultando tus Registros Akashikos puedes ver informaci\u00f3n importante que te permite entender porque est\u00e1s pasando por ciertas\u2026","rel":"","context":"Entrada similar","block_context":{"text":"Entrada similar","link":""},"img":{"alt_text":"","src":"https:\/\/i0.wp.com\/multiofertasvip.com\/wp-content\/uploads\/2026\/01\/registros-akashicos.jpg?fit=200%2C200&ssl=1&resize=350%2C200","width":350,"height":200},"classes":[]},{"id":30672,"url":"https:\/\/multiofertasvip.com\/?product=metodo-ahava-radiestesia-diferencial-y-efectiva-adriana-echeverri","url_meta":{"origin":30468,"position":4},"title":"M\u00e9todo AHAVA &#8211; Radiestesia Diferencial y Efectiva-Adriana Echeverri","author":"multiofertasvip","date":"enero 9, 2023","format":false,"excerpt":"\u00a1MIRA TODO LO QUE TE LLEVAS! M\u00f3dulo 1: Acercamiento a la Radiestesia: \u00a0 Fundamentos de radiestesia Instrumentos radiest\u00e9sicos P\u00e9ndulo: fundamentos, programaci\u00f3n y trabajo con p\u00e9ndulo Norte magn\u00e9tico y forma correcta de hacer preguntas Gr\u00e1ficos de radiestesia: fundamentos y s funcionamiento Bi\u00f3metros: fundamentos, funcionamiento y creaci\u00f3n Testigos: crear, limpiar y potencializar\u2026","rel":"","context":"Entrada similar","block_context":{"text":"Entrada similar","link":""},"img":{"alt_text":"","src":"https:\/\/i0.wp.com\/productoselite.net\/wp-content\/uploads\/2022\/12\/Acercamiento-a-la-radiestesia.jpg?resize=350%2C200&ssl=1","width":350,"height":200},"classes":[]},{"id":35209,"url":"https:\/\/multiofertasvip.com\/?product=mastermind-la-mente-maestra-eduardo-dharma-yoel-2","url_meta":{"origin":30468,"position":5},"title":"Mastermind La Mente Maestra Eduardo Dharma Yoel","author":"multiofertasvip","date":"marzo 20, 2026","format":false,"excerpt":"\u00a0 \u00a0 \u00a0 \u00a0 \u00a0 \u00a0 \u00a0","rel":"","context":"Entrada similar","block_context":{"text":"Entrada similar","link":""},"img":{"alt_text":"","src":"https:\/\/i0.wp.com\/multiofertasvip.com\/wp-content\/uploads\/2026\/03\/mastermind.png?fit=200%2C200&ssl=1&resize=350%2C200","width":350,"height":200},"classes":[]}],"jetpack_sharing_enabled":true,"jetpack_likes_enabled":true,"_links":{"self":[{"href":"https:\/\/multiofertasvip.com\/index.php?rest_route=\/wp\/v2\/product\/30468","targetHints":{"allow":["GET"]}}],"collection":[{"href":"https:\/\/multiofertasvip.com\/index.php?rest_route=\/wp\/v2\/product"}],"about":[{"href":"https:\/\/multiofertasvip.com\/index.php?rest_route=\/wp\/v2\/types\/product"}],"version-history":[{"count":1,"href":"https:\/\/multiofertasvip.com\/index.php?rest_route=\/wp\/v2\/product\/30468\/revisions"}],"predecessor-version":[{"id":30471,"href":"https:\/\/multiofertasvip.com\/index.php?rest_route=\/wp\/v2\/product\/30468\/revisions\/30471"}],"wp:featuredmedia":[{"embeddable":true,"href":"https:\/\/multiofertasvip.com\/index.php?rest_route=\/wp\/v2\/media\/30469"}],"wp:attachment":[{"href":"https:\/\/multiofertasvip.com\/index.php?rest_route=%2Fwp%2Fv2%2Fmedia&parent=30468"}],"wp:term":[{"taxonomy":"product_brand","embeddable":true,"href":"https:\/\/multiofertasvip.com\/index.php?rest_route=%2Fwp%2Fv2%2Fproduct_brand&post=30468"},{"taxonomy":"product_cat","embeddable":true,"href":"https:\/\/multiofertasvip.com\/index.php?rest_route=%2Fwp%2Fv2%2Fproduct_cat&post=30468"},{"taxonomy":"product_tag","embeddable":true,"href":"https:\/\/multiofertasvip.com\/index.php?rest_route=%2Fwp%2Fv2%2Fproduct_tag&post=30468"}],"curies":[{"name":"wp","href":"https:\/\/api.w.org\/{rel}","templated":true}]}}