{"id":30453,"date":"2022-09-13T16:19:25","date_gmt":"2022-09-13T21:49:25","guid":{"rendered":"https:\/\/multiofertasvip.com\/?post_type=product&#038;p=30453"},"modified":"2022-09-13T16:24:40","modified_gmt":"2022-09-13T21:54:40","slug":"5-cursos-completos-del-metodo-grabovoi-en-video","status":"publish","type":"product","link":"https:\/\/multiofertasvip.com\/?product=5-cursos-completos-del-metodo-grabovoi-en-video","title":{"rendered":"5 Cursos Completos Del Metodo Grabovoi En Video"},"content":{"rendered":"<p>&nbsp;<\/p>\n<p>&nbsp;<\/p>\n<p>La nueva tecnolog\u00eda de la conciencia desarrollada por el Grabovoi confirma que mediante el uso de la concentraci\u00f3n en la combinaci\u00f3n espec\u00edfica de n\u00fameros pueden ayudar a curar muchas enfermedades y condiciones relacionadas con la enfermedad. Grabovoi dice que la conciencia humana es capaz de reflejar la realidad a trav\u00e9s de la percepci\u00f3n y la sensaci\u00f3n y tambi\u00e9n se trata de una sustancia creativa a trav\u00e9s del cual el ser humano mismo puede ser un creador.<\/p>\n<p>La base fundamental en la ense\u00f1anza Grabovoi est\u00e1 determinada por la creaci\u00f3n divina del Universo. Seg\u00fan Grabovoi Dios es la fuente b\u00e1sica, y la esencia de todo. Dios hace hincapi\u00e9 en las emociones, especialmente Alegr\u00eda, Luz y Amor, como base principal para la creaci\u00f3n del Universo. S\u00f3lo la comprensi\u00f3n adecuada del mundo, con \u00e9nfasis en Alegr\u00eda, Luz y Amor proporcionar\u00e1 significados de vivir la vida feliz. El crecimiento espiritual de la conciencia es un verdadero camino hacia Dios y hacia el conocimiento de su creaci\u00f3n. Para alguien que es capaz de lograr un mayor nivel de conciencia la verdad se abre. La conciencia de Dios determina toda nuestra existencia en este mundo. Nuestra conciencia parece ser un gran poder creativo. A trav\u00e9s de nuestra la conciencia se puede lograr el control de los procesos creativos y en lo f\u00edsico cuerpo, donde nuestra alma realizando el papel de factor de control (estructura). El alma es capaz de regenerar y sanar en el nivel celular.<\/p>\n<p>Todo en el mundo puede ser considerados como objetos de informaci\u00f3n. La informaci\u00f3n tambi\u00e9n est\u00e1 jugando un papel importante en nuestra vida cotidiana. Todo en este mundo conectado a trav\u00e9s de los canales informativos. Por alteraci\u00f3n de las conexiones se puede cambiar el sistema mundial de una manera hol\u00edstica. Grabovoi ha descubierto un mecanismo de control y tecnolog\u00edas que pueden ser directamente aplicado a influir en el sistema global de informaci\u00f3n. La conciencia y las sensaciones son herramientas para cambiar la informaci\u00f3n. Lleg\u00f3 a la conclusi\u00f3n de que en determinadas condiciones de un tipo de informaci\u00f3n puede convertirse en otro tipo de informaci\u00f3n. Al influir en la informaci\u00f3n a trav\u00e9s de la conciencia y las sensaciones de otra forma de informaci\u00f3n puede ser creado (control de la informaci\u00f3n). Control de la informaci\u00f3n permite la gesti\u00f3n de eventos.<\/p>\n<p>Los principios fundamentales de la doctrina \u201csobre la salvaci\u00f3n y el Desarrollo Arm\u00f3nico\u201d, se centra en la salvaci\u00f3n mundial, la salvaci\u00f3n de cada individuo, y proporcionar eterna desarrollo armonioso.<\/p>\n<p>El objetivo mas importante de las tecnolog\u00edas de Grigori Grabovoi es prevenir la mundo de una destrucci\u00f3n catastr\u00f3fica posible<br \/>\nEl principal m\u00e9todo para lograr este objetivo es proporcionar educaci\u00f3n a los dem\u00e1s sobre tecnolog\u00edas de Grigori Grabovoi<br \/>\nDe acuerdo con el plan del Creador sobre el desarrollo eterna de cada individuo en la conciencia, como un elemento de la conciencia del mundo, parece ser muy importante factor en la creaci\u00f3n de eventos futuros<br \/>\nLa moral de la ense\u00f1anza destaca Grigori Grabovoi de que cada individuo recibe la verdadera libertad del Creador a trav\u00e9s de una forma personal creativa de participantes en eventos futuros<br \/>\nLa necesidad de difusi\u00f3n de la ense\u00f1anza integrada con la salvaci\u00f3n mundial y prestaci\u00f3n de un desarrollo armonioso eterna en la que cada individuo es un participantecreativo en los eventos del mundo de acuerdo a la ley del Creador.<\/p>\n<p>-Negocios Grabovoi con Solange<\/p>\n<p>Duraci\u00f3n aproximada: 4 horas con 17 minutos<\/p>\n<p>-Amor y Rejuvenecimiento impartido por Solange Mu\u00f1oz.<\/p>\n<p>Como utilizar el amor para sanarse , para sanar a otros, para desarrollar la clarividencia, para tratar el inconciente colectivo, para cambiar eventos, para sanar situaciones de vida y para rejuvenencer.<\/p>\n<p>Duraci\u00f3n aproximada: 3 horas con 28 minutos<\/p>\n<p>-Psicolog\u00eda impartido por Solange Mu\u00f1oz.<\/p>\n<p>Este curso viene en 2 partes.<\/p>\n<p>Parte 1 duraci\u00f3n aproximada : 1 hora con 41 minutos<\/p>\n<p>Parte 2 duraci\u00f3n aproximada: 1 hora con 14 minutos<\/p>\n<p>-Relaciones impartido por Solange Mu\u00f1oz.<\/p>\n<p>Este curso viene en 2 partes.<\/p>\n<p>Parte 1 duraci\u00f3n aproximada : 1 hora con 42 minutos<\/p>\n<p>Parte 2 duraci\u00f3n aproximada: 1 hora con 53 minutos<\/p>\n<p>-Restablecimiento de la Materia impartido por Emiliano Mu\u00f1oz.<\/p>\n<p>Duraci\u00f3n aproximada: 4 horas con 44 minutos<\/p>\n<p>Incluye: 2 tomos del libro Restablecimiento de la Materia<\/p>\n","protected":false},"excerpt":{"rendered":"<p>&nbsp;<\/p>\n<p>&nbsp;<\/p>\n<p>&nbsp;<\/p>\n<p>&nbsp;<\/p>\n<p>&nbsp;<\/p>\n","protected":false},"featured_media":30454,"template":"","meta":{"_monsterinsights_skip_tracking":false,"_monsterinsights_sitenote_active":false,"_monsterinsights_sitenote_note":"","_monsterinsights_sitenote_category":0,"jetpack_post_was_ever_published":false,"jetpack_publicize_message":"","jetpack_publicize_feature_enabled":true,"jetpack_social_post_already_shared":true,"jetpack_social_options":{"image_generator_settings":{"template":"highway","default_image_id":0,"font":"","enabled":false},"version":2}},"product_brand":[],"product_cat":[91],"product_tag":[263,260,211,254,119,251,215,257,249,243,230,182,226,253,236,229,228,232,258,234,262,239,77,220,265,219,107,225,240,238,108,242,235,244,266,267,248,210,245,212,250,227,106,255,264,252,217,216,233,261,73,25,237,231,247,221,246,222,223,224,259,241,256,218,213,214,53],"class_list":{"0":"post-30453","1":"product","2":"type-product","3":"status-publish","4":"has-post-thumbnail","6":"product_cat-grabovoi","7":"product_tag-animales","8":"product_tag-biden","9":"product_tag-billetes","10":"product_tag-bitcoin","11":"product_tag-carrera","12":"product_tag-china","13":"product_tag-christopher-olivarrieta","14":"product_tag-cine","15":"product_tag-coranavirus","16":"product_tag-cultura","17":"product_tag-cursos","18":"product_tag-dinero","19":"product_tag-dios","20":"product_tag-dolar","21":"product_tag-enric-corbera","22":"product_tag-ensenanza-en-casa","23":"product_tag-escuela","24":"product_tag-especialidad","25":"product_tag-estrenos","26":"product_tag-estudios","27":"product_tag-facebook","28":"product_tag-famosos","29":"product_tag-fortalecimientos","30":"product_tag-free","31":"product_tag-gatos","32":"product_tag-gratis","33":"product_tag-guadalajara","34":"product_tag-guerra","35":"product_tag-humor","36":"product_tag-internet","37":"product_tag-introduccion","38":"product_tag-juegos","39":"product_tag-lavin","40":"product_tag-manga","41":"product_tag-mercado-libre","42":"product_tag-mercado-pago","43":"product_tag-meteorologia","44":"product_tag-moneda","45":"product_tag-musica","46":"product_tag-nuevo","47":"product_tag-omnicron","48":"product_tag-oracion","49":"product_tag-osvaldo","50":"product_tag-peliculas","51":"product_tag-perros","52":"product_tag-peso","53":"product_tag-porn","54":"product_tag-porno","55":"product_tag-profesional","56":"product_tag-putin","57":"product_tag-salud","58":"product_tag-sanacion","59":"product_tag-sexo","60":"product_tag-talleres","61":"product_tag-television","62":"product_tag-terapias","63":"product_tag-trabajo","64":"product_tag-ucrania","65":"product_tag-ukrania","66":"product_tag-usa","67":"product_tag-vacuna","68":"product_tag-viajes","69":"product_tag-videos","70":"product_tag-xxx","71":"product_tag-youtube","72":"product_tag-youtube-yuen-guadalajara","73":"product_tag-yuen","75":"first","76":"instock","77":"downloadable","78":"virtual","79":"purchasable","80":"product-type-simple"},"jetpack_publicize_connections":[],"jetpack-related-posts":[{"id":30448,"url":"https:\/\/multiofertasvip.com\/?product=el-dominio-creador-de-la-informacion-de-grigori-grabovoi","url_meta":{"origin":30453,"position":0},"title":"EL DOMINIO CREADOR DE LA INFORMACI\u00d3N DE GRIGORI GRABOVOI","author":"multiofertasvip","date":"septiembre 13, 2022","format":false,"excerpt":"En este libro se ofrecen herramientas de cambio Fundamentales en distintas \u00e1reas del Universo de cada persona y del colectivo humano y universal. Definiendo el concepto de creatividad del conocimiento. Grabovoi considera la conciencia del hombre como un elemento del universo en donde todos los elementos est\u00e1n interpenetrados e interdependientes\u2026","rel":"","context":"Entrada similar","block_context":{"text":"Entrada similar","link":""},"img":{"alt_text":"","src":"https:\/\/i0.wp.com\/multiofertasvip.com\/wp-content\/uploads\/2022\/09\/creador.jpg?fit=200%2C200&ssl=1&resize=350%2C200","width":350,"height":200},"classes":[]},{"id":31151,"url":"https:\/\/multiofertasvip.com\/?product=taller-de-prosperidad-y-abundancia-con-secuencias-numericas-grigori-grabovoi-antologia-cuantica","url_meta":{"origin":30453,"position":1},"title":"Taller de Prosperidad y Abundancia con Secuencias Numericas Grigori Grabovoi-Antologia Cuantica","author":"multiofertasvip","date":"enero 2, 2024","format":false,"excerpt":"Hoy en d\u00eda, Grigori Grabovoi es mundialmente conocido por su clarividencia y el desarrollo de la Nueva tecnolog\u00eda de la conscienciaa trav\u00e9s de la cual ha desarrollado infinidad de secuencias num\u00e9ricas que el crea o genera a trav\u00e9s de su conocimiento de las matem\u00e1ticas y de su clarividencia para ayudar\u2026","rel":"","context":"Entrada similar","block_context":{"text":"Entrada similar","link":""},"img":{"alt_text":"","src":"https:\/\/i0.wp.com\/multiofertasvip.com\/wp-content\/uploads\/2024\/01\/codigos.jpg?fit=200%2C200&ssl=1&resize=350%2C200","width":350,"height":200},"classes":[]},{"id":198,"url":"https:\/\/multiofertasvip.com\/?product=sistema-unificado-de-conocimiento-ilustrado-metodo-de-grigori-grabovoi","url_meta":{"origin":30453,"position":2},"title":"Sistema Unificado de Conocimiento Ilustrado: M\u00e9todo de Grigori Grabovoi","author":"multiofertasvip","date":"mayo 31, 2019","format":false,"excerpt":"\"Yo no entiendo mi trabajo s\u00f3lo como de sanaci\u00f3n, yo regenero la materia a pesar de su estado original. Esto demuestra la naturaleza il\u00f3gica de la destrucci\u00f3n, as\u00ed como demuestra las tecnolog\u00edas de salvaci\u00f3n y realiza los principios fundamentales de la salvaci\u00f3n ecol\u00f3gica del mundo\"","rel":"","context":"Entrada similar","block_context":{"text":"Entrada similar","link":""},"img":{"alt_text":"","src":"https:\/\/i0.wp.com\/multiofertasvip.com\/wp-content\/uploads\/2019\/05\/siste-unificado.jpg?fit=200%2C200&ssl=1&resize=350%2C200","width":350,"height":200},"classes":[]},{"id":30446,"url":"https:\/\/multiofertasvip.com\/?product=numeros-para-el-exito-empresarial-y-negocios-exitosos-grigori-grabovoi","url_meta":{"origin":30453,"position":3},"title":"N\u00daMEROS PARA EL \u00c9XITO EMPRESARIAL Y NEGOCIOS EXITOSOS GRIGORI GRABOVOI","author":"multiofertasvip","date":"septiembre 13, 2022","format":false,"excerpt":"En todo momento el contacto con negocios y trabajos es parte del d\u00eda a d\u00eda, esto nos obliga a estar conscientes del valor de encontrarnos muy bien en esta \u00e1rea tan importante de la vida. Este libro te dar\u00e1 herramientas tan eficaces como r\u00e1pidas para resolver los problemas por los\u2026","rel":"","context":"Entrada similar","block_context":{"text":"Entrada similar","link":""},"img":{"alt_text":"","src":"https:\/\/i0.wp.com\/multiofertasvip.com\/wp-content\/uploads\/2022\/09\/negocios.jpg?fit=200%2C200&ssl=1&resize=350%2C200","width":350,"height":200},"classes":[]},{"id":30450,"url":"https:\/\/multiofertasvip.com\/?product=los-alimentos-series-numericas-para-la-vida-eterna-de-grigori-grabovoi","url_meta":{"origin":30453,"position":4},"title":"LOS ALIMENTOS SERIES NUMERICAS PARA LA VIDA ETERNA DE GRIGORI GRABOVOI","author":"multiofertasvip","date":"septiembre 13, 2022","format":false,"excerpt":"\u00a0 \u00a0 \u00a0 \u00a0 \u00a0","rel":"","context":"Entrada similar","block_context":{"text":"Entrada similar","link":""},"img":{"alt_text":"","src":"https:\/\/i0.wp.com\/multiofertasvip.com\/wp-content\/uploads\/2022\/09\/alimentos.jpg?fit=200%2C200&ssl=1&resize=350%2C200","width":350,"height":200},"classes":[]},{"id":13773,"url":"https:\/\/multiofertasvip.com\/?product=libro-digital-restablecimiento-de-la-materia-humana-por-medio-de-la-concentracion-sobre-secuencias-numericas-vol2","url_meta":{"origin":30453,"position":5},"title":"Libro Digital Restablecimiento de la Materia Humana por medio de la concentraci\u00f3n sobre secuencias num\u00e9ricas Vol2","author":"multiofertasvip","date":"mayo 12, 2020","format":false,"excerpt":"Todos los m\u00e9todos del restablecimiento de la materia humana por medio de la concentraci\u00f3n sobre secuencias num\u00e9ricas, que se presentan en este libro, pueden ser utilizados con prop\u00f3sitos preventivos y de sanaci\u00f3n, para el rejuvenecimiento y en caso de necesidad, para restablecer la materia, independientemente de sus caracter\u00edsticas iniciales que\u2026","rel":"","context":"Entrada similar","block_context":{"text":"Entrada similar","link":""},"img":{"alt_text":"","src":"https:\/\/i0.wp.com\/multiofertasvip.com\/wp-content\/uploads\/2019\/06\/gravoi.jpg?fit=200%2C200&ssl=1&resize=350%2C200","width":350,"height":200},"classes":[]}],"jetpack_sharing_enabled":true,"jetpack_likes_enabled":true,"_links":{"self":[{"href":"https:\/\/multiofertasvip.com\/index.php?rest_route=\/wp\/v2\/product\/30453","targetHints":{"allow":["GET"]}}],"collection":[{"href":"https:\/\/multiofertasvip.com\/index.php?rest_route=\/wp\/v2\/product"}],"about":[{"href":"https:\/\/multiofertasvip.com\/index.php?rest_route=\/wp\/v2\/types\/product"}],"version-history":[{"count":0,"href":"https:\/\/multiofertasvip.com\/index.php?rest_route=\/wp\/v2\/product\/30453\/revisions"}],"wp:featuredmedia":[{"embeddable":true,"href":"https:\/\/multiofertasvip.com\/index.php?rest_route=\/wp\/v2\/media\/30454"}],"wp:attachment":[{"href":"https:\/\/multiofertasvip.com\/index.php?rest_route=%2Fwp%2Fv2%2Fmedia&parent=30453"}],"wp:term":[{"taxonomy":"product_brand","embeddable":true,"href":"https:\/\/multiofertasvip.com\/index.php?rest_route=%2Fwp%2Fv2%2Fproduct_brand&post=30453"},{"taxonomy":"product_cat","embeddable":true,"href":"https:\/\/multiofertasvip.com\/index.php?rest_route=%2Fwp%2Fv2%2Fproduct_cat&post=30453"},{"taxonomy":"product_tag","embeddable":true,"href":"https:\/\/multiofertasvip.com\/index.php?rest_route=%2Fwp%2Fv2%2Fproduct_tag&post=30453"}],"curies":[{"name":"wp","href":"https:\/\/api.w.org\/{rel}","templated":true}]}}