{"id":30448,"date":"2022-09-13T15:51:22","date_gmt":"2022-09-13T21:21:22","guid":{"rendered":"https:\/\/multiofertasvip.com\/?post_type=product&#038;p=30448"},"modified":"2025-04-15T11:43:50","modified_gmt":"2025-04-15T17:13:50","slug":"el-dominio-creador-de-la-informacion-de-grigori-grabovoi","status":"publish","type":"product","link":"https:\/\/multiofertasvip.com\/?product=el-dominio-creador-de-la-informacion-de-grigori-grabovoi","title":{"rendered":"EL DOMINIO CREADOR DE LA INFORMACI\u00d3N DE GRIGORI GRABOVOI"},"content":{"rendered":"<p>En este libro se ofrecen herramientas de cambio Fundamentales en distintas \u00e1reas del Universo de cada persona y del colectivo humano y universal. Definiendo el concepto de creatividad del conocimiento. Grabovoi considera la conciencia del hombre como un elemento del universo en donde todos los elementos est\u00e1n interpenetrados e interdependientes los unos de otros, al cambiar una parte en un elemento estamos cambiando el todo. Es posible adquirir conocimientos sobre el medio exterior y optimizar los procesos que se desarrollan. Los conocimientos que se producen no destruyen el medio ambiente porque tienen una naturaleza creadora constructiva. En la era de tecnolog\u00edas destructivas nacidas del desarrollo de la ciencia, es primordial desarrollar el sistema creador del conocimiento con verdadera conciencia. Como el universo esta compuesto de estructuras interconectadas, la modificaci\u00f3n de una de ellas conlleva al cambio de todas las otras. Considerando la percepci\u00f3n y la conciencia como una estructura del universo, podemos definir las leyes de transformaci\u00f3n del universo en funci\u00f3n de cambios de percepci\u00f3n de la conciencia. El concepto de estructura del dominio creador de la informaci\u00f3n esta basado sobre las relaciones existentes entre las nociones de conciencia y de percepci\u00f3n. Es lo mismo para otras estructuras espirituales y materiales. Grabovoi coloca tambi\u00e9n en aplicaci\u00f3n las leyes del universo para definir los principios de salud y desarrollo armonioso y revela una nueva faceta de su ense\u00f1anza. Aprender\u00e1s: \u2714 Las funciones concretas que dirigen el universo y como usarlas a tu favor \u2714 Crear condiciones especificas en tu vida \u2714 Utilizar Luz como tu propio Creador \u2714 Salva tu vida y la de otros usando leyes claras universales \u2714 Aprende a sanarte y sanar a otros \u2714 Aumenta tu cercan\u00eda con el Creador \u2714 Desarrolla Intuici\u00f3n Elevada \u2714 Configura tus estados mas elevados de conciencia con Amor \u2714 Desarrolla tu cercan\u00eda a tus objetivos Este libro forma parte del programa de Formaci\u00f3n de las Ense\u00f1anzas de Grigori Grabovoi para el programa de Salvaci\u00f3n de la Humanidad. Hoy D\u00eda impartimos estos cursos Online y en f\u00edsico al rededor del mundo con los Profesores Solange Mu\u00f1oz y Emiliano Mu\u00f1oz. La obtenci\u00f3n de este libro te garantiza un avance importante en tu desarrollo y entendimiento dentro de estas ciencias. Recuerda visitar tambi\u00e9n las otras obras de Grigori Grabovoi: \u2714 Sistema Educativo de Grigiori Grabovoi \u2714 Numeros Para Negocios Exitosos<\/p>\n","protected":false},"excerpt":{"rendered":"<p>En este libro se ofrecen herramientas de cambio Fundamentales en distintas \u00e1reas del Universo de cada persona y del colectivo humano y universal. Definiendo el concepto de creatividad del conocimiento. Grabovoi considera la conciencia del hombre como un elemento del universo en donde todos los elementos est\u00e1n interpenetrados e interdependientes los unos de otros, al [&#8230;]\n","protected":false},"featured_media":30449,"template":"","meta":{"_monsterinsights_skip_tracking":false,"_monsterinsights_sitenote_active":false,"_monsterinsights_sitenote_note":"","_monsterinsights_sitenote_category":0,"jetpack_post_was_ever_published":false,"jetpack_publicize_message":"","jetpack_publicize_feature_enabled":true,"jetpack_social_post_already_shared":true,"jetpack_social_options":{"image_generator_settings":{"template":"highway","default_image_id":0,"font":"","enabled":false},"version":2}},"product_brand":[],"product_cat":[298,161],"product_tag":[263,260,211,254,119,251,215,257,249,243,230,182,226,253,236,229,228,232,258,234,262,239,77,220,265,219,107,225,240,238,108,242,235,244,266,267,248,210,245,212,250,227,106,255,264,252,217,216,233,261,73,25,237,231,247,221,246,222,223,224,259,241,256,218,213,214,53],"class_list":{"0":"post-30448","1":"product","2":"type-product","3":"status-publish","4":"has-post-thumbnail","6":"product_cat-gratis","7":"product_cat-manuales","8":"product_tag-animales","9":"product_tag-biden","10":"product_tag-billetes","11":"product_tag-bitcoin","12":"product_tag-carrera","13":"product_tag-china","14":"product_tag-christopher-olivarrieta","15":"product_tag-cine","16":"product_tag-coranavirus","17":"product_tag-cultura","18":"product_tag-cursos","19":"product_tag-dinero","20":"product_tag-dios","21":"product_tag-dolar","22":"product_tag-enric-corbera","23":"product_tag-ensenanza-en-casa","24":"product_tag-escuela","25":"product_tag-especialidad","26":"product_tag-estrenos","27":"product_tag-estudios","28":"product_tag-facebook","29":"product_tag-famosos","30":"product_tag-fortalecimientos","31":"product_tag-free","32":"product_tag-gatos","33":"product_tag-gratis","34":"product_tag-guadalajara","35":"product_tag-guerra","36":"product_tag-humor","37":"product_tag-internet","38":"product_tag-introduccion","39":"product_tag-juegos","40":"product_tag-lavin","41":"product_tag-manga","42":"product_tag-mercado-libre","43":"product_tag-mercado-pago","44":"product_tag-meteorologia","45":"product_tag-moneda","46":"product_tag-musica","47":"product_tag-nuevo","48":"product_tag-omnicron","49":"product_tag-oracion","50":"product_tag-osvaldo","51":"product_tag-peliculas","52":"product_tag-perros","53":"product_tag-peso","54":"product_tag-porn","55":"product_tag-porno","56":"product_tag-profesional","57":"product_tag-putin","58":"product_tag-salud","59":"product_tag-sanacion","60":"product_tag-sexo","61":"product_tag-talleres","62":"product_tag-television","63":"product_tag-terapias","64":"product_tag-trabajo","65":"product_tag-ucrania","66":"product_tag-ukrania","67":"product_tag-usa","68":"product_tag-vacuna","69":"product_tag-viajes","70":"product_tag-videos","71":"product_tag-xxx","72":"product_tag-youtube","73":"product_tag-youtube-yuen-guadalajara","74":"product_tag-yuen","76":"first","77":"instock","78":"downloadable","79":"virtual","80":"purchasable","81":"product-type-simple"},"jetpack_publicize_connections":[],"jetpack-related-posts":[{"id":30453,"url":"https:\/\/multiofertasvip.com\/?product=5-cursos-completos-del-metodo-grabovoi-en-video","url_meta":{"origin":30448,"position":0},"title":"5 Cursos Completos Del Metodo Grabovoi En Video","author":"multiofertasvip","date":"septiembre 13, 2022","format":false,"excerpt":"\u00a0 \u00a0 \u00a0 \u00a0 \u00a0","rel":"","context":"Entrada similar","block_context":{"text":"Entrada similar","link":""},"img":{"alt_text":"","src":"https:\/\/i0.wp.com\/multiofertasvip.com\/wp-content\/uploads\/2022\/09\/grabovoi.jpg?fit=200%2C200&ssl=1&resize=350%2C200","width":350,"height":200},"classes":[]},{"id":31151,"url":"https:\/\/multiofertasvip.com\/?product=taller-de-prosperidad-y-abundancia-con-secuencias-numericas-grigori-grabovoi-antologia-cuantica","url_meta":{"origin":30448,"position":1},"title":"Taller de Prosperidad y Abundancia con Secuencias Numericas Grigori Grabovoi-Antologia Cuantica","author":"multiofertasvip","date":"enero 2, 2024","format":false,"excerpt":"Hoy en d\u00eda, Grigori Grabovoi es mundialmente conocido por su clarividencia y el desarrollo de la Nueva tecnolog\u00eda de la conscienciaa trav\u00e9s de la cual ha desarrollado infinidad de secuencias num\u00e9ricas que el crea o genera a trav\u00e9s de su conocimiento de las matem\u00e1ticas y de su clarividencia para ayudar\u2026","rel":"","context":"Entrada similar","block_context":{"text":"Entrada similar","link":""},"img":{"alt_text":"","src":"https:\/\/i0.wp.com\/multiofertasvip.com\/wp-content\/uploads\/2024\/01\/codigos.jpg?fit=200%2C200&ssl=1&resize=350%2C200","width":350,"height":200},"classes":[]},{"id":198,"url":"https:\/\/multiofertasvip.com\/?product=sistema-unificado-de-conocimiento-ilustrado-metodo-de-grigori-grabovoi","url_meta":{"origin":30448,"position":2},"title":"Sistema Unificado de Conocimiento Ilustrado: M\u00e9todo de Grigori Grabovoi","author":"multiofertasvip","date":"mayo 31, 2019","format":false,"excerpt":"\"Yo no entiendo mi trabajo s\u00f3lo como de sanaci\u00f3n, yo regenero la materia a pesar de su estado original. Esto demuestra la naturaleza il\u00f3gica de la destrucci\u00f3n, as\u00ed como demuestra las tecnolog\u00edas de salvaci\u00f3n y realiza los principios fundamentales de la salvaci\u00f3n ecol\u00f3gica del mundo\"","rel":"","context":"Entrada similar","block_context":{"text":"Entrada similar","link":""},"img":{"alt_text":"","src":"https:\/\/i0.wp.com\/multiofertasvip.com\/wp-content\/uploads\/2019\/05\/siste-unificado.jpg?fit=200%2C200&ssl=1&resize=350%2C200","width":350,"height":200},"classes":[]},{"id":30446,"url":"https:\/\/multiofertasvip.com\/?product=numeros-para-el-exito-empresarial-y-negocios-exitosos-grigori-grabovoi","url_meta":{"origin":30448,"position":3},"title":"N\u00daMEROS PARA EL \u00c9XITO EMPRESARIAL Y NEGOCIOS EXITOSOS GRIGORI GRABOVOI","author":"multiofertasvip","date":"septiembre 13, 2022","format":false,"excerpt":"En todo momento el contacto con negocios y trabajos es parte del d\u00eda a d\u00eda, esto nos obliga a estar conscientes del valor de encontrarnos muy bien en esta \u00e1rea tan importante de la vida. Este libro te dar\u00e1 herramientas tan eficaces como r\u00e1pidas para resolver los problemas por los\u2026","rel":"","context":"Entrada similar","block_context":{"text":"Entrada similar","link":""},"img":{"alt_text":"","src":"https:\/\/i0.wp.com\/multiofertasvip.com\/wp-content\/uploads\/2022\/09\/negocios.jpg?fit=200%2C200&ssl=1&resize=350%2C200","width":350,"height":200},"classes":[]},{"id":30450,"url":"https:\/\/multiofertasvip.com\/?product=los-alimentos-series-numericas-para-la-vida-eterna-de-grigori-grabovoi","url_meta":{"origin":30448,"position":4},"title":"LOS ALIMENTOS SERIES NUMERICAS PARA LA VIDA ETERNA DE GRIGORI GRABOVOI","author":"multiofertasvip","date":"septiembre 13, 2022","format":false,"excerpt":"\u00a0 \u00a0 \u00a0 \u00a0 \u00a0","rel":"","context":"Entrada similar","block_context":{"text":"Entrada similar","link":""},"img":{"alt_text":"","src":"https:\/\/i0.wp.com\/multiofertasvip.com\/wp-content\/uploads\/2022\/09\/alimentos.jpg?fit=200%2C200&ssl=1&resize=350%2C200","width":350,"height":200},"classes":[]},{"id":32725,"url":"https:\/\/multiofertasvip.com\/?product=tesla-healing-369-heriberto-bluhm","url_meta":{"origin":30448,"position":5},"title":"Tesla Healing 369-Heriberto Bluhm","author":"multiofertasvip","date":"abril 12, 2024","format":false,"excerpt":"Todo en el universo es energ\u00eda y vibraci\u00f3n. Cada elemento de la tabla peri\u00f3dica at\u00f3mica consiste de diferentes ondas vibratorias. El Universo est\u00e1 saturado de frecuencias o vibraciones energ\u00e9ticas que afectan a todas las c\u00e9lulas vivas de los reinos humano, animal y vegetal. El Humano tiene la facultad de utilizar\u2026","rel":"","context":"Entrada similar","block_context":{"text":"Entrada similar","link":""},"img":{"alt_text":"","src":"https:\/\/i0.wp.com\/multiofertasvip.com\/wp-content\/uploads\/2024\/04\/tesla-healing.png?fit=200%2C200&ssl=1&resize=350%2C200","width":350,"height":200},"classes":[]}],"jetpack_sharing_enabled":true,"jetpack_likes_enabled":true,"_links":{"self":[{"href":"https:\/\/multiofertasvip.com\/index.php?rest_route=\/wp\/v2\/product\/30448","targetHints":{"allow":["GET"]}}],"collection":[{"href":"https:\/\/multiofertasvip.com\/index.php?rest_route=\/wp\/v2\/product"}],"about":[{"href":"https:\/\/multiofertasvip.com\/index.php?rest_route=\/wp\/v2\/types\/product"}],"version-history":[{"count":1,"href":"https:\/\/multiofertasvip.com\/index.php?rest_route=\/wp\/v2\/product\/30448\/revisions"}],"predecessor-version":[{"id":33718,"href":"https:\/\/multiofertasvip.com\/index.php?rest_route=\/wp\/v2\/product\/30448\/revisions\/33718"}],"wp:featuredmedia":[{"embeddable":true,"href":"https:\/\/multiofertasvip.com\/index.php?rest_route=\/wp\/v2\/media\/30449"}],"wp:attachment":[{"href":"https:\/\/multiofertasvip.com\/index.php?rest_route=%2Fwp%2Fv2%2Fmedia&parent=30448"}],"wp:term":[{"taxonomy":"product_brand","embeddable":true,"href":"https:\/\/multiofertasvip.com\/index.php?rest_route=%2Fwp%2Fv2%2Fproduct_brand&post=30448"},{"taxonomy":"product_cat","embeddable":true,"href":"https:\/\/multiofertasvip.com\/index.php?rest_route=%2Fwp%2Fv2%2Fproduct_cat&post=30448"},{"taxonomy":"product_tag","embeddable":true,"href":"https:\/\/multiofertasvip.com\/index.php?rest_route=%2Fwp%2Fv2%2Fproduct_tag&post=30448"}],"curies":[{"name":"wp","href":"https:\/\/api.w.org\/{rel}","templated":true}]}}