{"id":30444,"date":"2022-09-12T15:42:11","date_gmt":"2022-09-12T21:12:11","guid":{"rendered":"https:\/\/multiofertasvip.com\/?post_type=product&#038;p=30444"},"modified":"2022-09-12T15:45:35","modified_gmt":"2022-09-12T21:15:35","slug":"chakras-ruedas-de-luz-alberto-villoldo","status":"publish","type":"product","link":"https:\/\/multiofertasvip.com\/?product=chakras-ruedas-de-luz-alberto-villoldo","title":{"rendered":"Chakras ruedas de Luz -Alberto Villoldo"},"content":{"rendered":"<div id=\"giaYtSNtSn\" data-component=\"text\">\n<div class=\"kartra_text\" aria-controls=\"cke_963\" aria-activedescendant=\"\" aria-autocomplete=\"list\" aria-expanded=\"false\">\n<p>Aprende c\u00f3mo trabajar con tus chakras para mejorar tu salud f\u00edsica, psico-emocional y espiritual.<\/p>\n<div id=\"B0duVpdfdb\" class=\"row\" data-component=\"grid\">\n<div class=\"col-md-12\">\n<div class=\"js_kartra_component_holder\">\n<div id=\"LIanycYObe\" data-component=\"text\">\n<div class=\"kartra_text kartra_css_effect_1\" aria-controls=\"cke_418\" aria-activedescendant=\"\" aria-autocomplete=\"list\" aria-expanded=\"false\" data-effect=\"kartra_css_effect_1\">\n<p><b>\u00bfSABES QUI\u00c9N ERES REALMENTE?<\/b><\/p>\n<\/div>\n<\/div>\n<\/div>\n<\/div>\n<\/div>\n<div class=\"row row--equal\" data-component=\"grid\">\n<div class=\"background_changer--blur0 col-md-10 col-md-offset-1\">\n<div class=\"js_kartra_component_holder\">\n<div id=\"OZxb9mPInl\" data-component=\"text\">\n<div class=\"kartra_text\" aria-controls=\"cke_80\" aria-activedescendant=\"\" aria-autocomplete=\"list\" aria-expanded=\"false\">\n<p><strong>\u00bfQui\u00e9n eras antes de nacer? \u00bfQui\u00e9n ser\u00e1s despu\u00e9s de morir?<\/strong><\/p>\n<p>Es imposible responder a la pregunta de \u201cqui\u00e9n soy\u201d hasta que entendemos de d\u00f3nde venimos y a d\u00f3nde vamos. Las ruedas de luz son un mapa antiguo que se encuentra en todas las culturas, desde Europa hasta el Himalaya, y en las Am\u00e9ricas. Este mapa te permite,\u00a0a trav\u00e9s de diferentes estados de conciencia, rastrear tu desarrollo a lo largo del camino que recorres para convertirte en un ser humano completo, e incluso para dar un paso m\u00e1s all\u00e1 hacia el estado transhumano del\u00a0<em>Homo Luminous<\/em>.<\/p>\n<p>En esta formaci\u00f3n pr\u00e1ctica, aprender\u00e1s a trabajar con las ruedas de luz.<\/p>\n<p>Descubrir\u00e1s las herramientas del cham\u00e1n para despertar los chakras, liberar viejos patrones y equilibrar tus chakras, mientras los sintonizas con tu coraz\u00f3n.\u00a0La formaci\u00f3n en l\u00ednea \u201c<em>Chakras: Ruedas de la Luz\u201d<\/em>\u00a0est\u00e1 dise\u00f1ada para llevar al siguiente nivel tu comprensi\u00f3n de la energ\u00eda, la psicolog\u00eda y la encarnaci\u00f3n.<\/p>\n<p>Ser\u00e1s guiado a trav\u00e9s de cada chakra en un viaje cham\u00e1nico para entender y sanar\u00a0 desequilibrios existentes.\u00a0\u00a0Descubrir\u00e1s c\u00f3mo dar los pasos necesarios y pr\u00e1cticos para mejorar tu salud, tus relaciones y tu trabajo; y recibir\u00e1s conocimientos que podr\u00e1s aplicar en situaciones dif\u00edciles y\/o estresantes. Este curso te ofrece profunda limpieza, alineaci\u00f3n, apertura y equilibrio de las energ\u00edas que habitan dentro de ti, ayud\u00e1ndote a descubrir una manera de navegar por la vida con gracia y liviandad.<\/p>\n<p>&nbsp;<\/p>\n<p><strong>Acomp\u00e1\u00f1ame en este curso pr\u00e1ctico,<\/strong><\/p>\n<p><strong>donde aprender\u00e1s a trabajar con las ruedas de luz<\/strong><\/p>\n<\/div>\n<\/div>\n<\/div>\n<\/div>\n<\/div>\n<\/div>\n<\/div>\n<p>&nbsp;<\/p>\n<div class=\"row\" data-component=\"grid\">\n<div class=\"col-md-12\">\n<div class=\"js_kartra_component_holder\">\n<div id=\"MI5ktY1fMy\" data-component=\"text\">\n<div class=\"kartra_text kartra_css_effect_1\" aria-controls=\"cke_80\" aria-activedescendant=\"\" aria-autocomplete=\"list\" aria-expanded=\"false\" data-effect=\"kartra_css_effect_1\">\n<p><strong>\u00bfQU\u00c9 SON LOS CHAKRAS?<\/strong><\/p>\n<\/div>\n<\/div>\n<\/div>\n<\/div>\n<\/div>\n<div class=\"row\" data-component=\"grid\">\n<div class=\"col-md-12\">\n<div class=\"js_kartra_component_holder\">\n<div data-component=\"text\">\n<div class=\"kartra_text kartra_css_effect_1\" aria-controls=\"cke_400\" aria-activedescendant=\"\" aria-autocomplete=\"list\" aria-expanded=\"false\" data-effect=\"kartra_css_effect_1\">\n<p align=\"center\"><span lang=\"EN-US\">Los chakras son m\u00e1s conocidos como los siete centros de energ\u00eda del cuerpo. \u00a0Para los chamanes de la antig\u00fcedad, hab\u00eda un total de nueve chakras, el octavo y el noveno se encuentran situados fuera del cuerpo y se asocian con la atemporalidad y con nuestra evoluci\u00f3n para convertirnos en seres luminosos. \u00a0<\/span><\/p>\n<p align=\"center\"><span lang=\"EN-US\">Nuestros chakras contienen toda la informaci\u00f3n energ\u00e9tica que necesitamos para comprender los bloqueos que se interponen en el camino hacia nuestro m\u00e1ximo potencial. \u00a0Los bloqueos, no son m\u00e1s que energ\u00eda estancada, viejas heridas del pasado o patrones obsoletos que siguen reapareciendo en nuestro mundo exterior. \u00a0<\/span><span lang=\"EN-US\">Al despertar y limpiar los centros energ\u00e9ticos del cuerpo, nos liberamos de los traumas y vivimos conscientemente en el campo de la creaci\u00f3n.<\/span><\/p>\n<\/div>\n<\/div>\n<\/div>\n<\/div>\n<\/div>\n<div data-component=\"headline\">\n<div class=\"kartra_headline kartra_headline--lato-font kartra_headline--h4 kartra_headline--dim-black kartra_headline--font-weight-semi-bold kartra_css_effect_1\" data-effect=\"kartra_css_effect_1\" aria-controls=\"cke_708\" aria-activedescendant=\"\" aria-autocomplete=\"list\" aria-expanded=\"false\">\n<p><strong>SEMANA 1:\u00a0CONECTANDO CON EL CHAKRA 1 Y 2<\/strong><\/p>\n<\/div>\n<\/div>\n<div data-component=\"text\">\n<div class=\"kartra_text kartra_text--lato-font kartra_text--font-weight-medium kartra_text--dim-grey kartra_css_effect_1\" data-effect=\"kartra_css_effect_1\" aria-controls=\"cke_1406\" aria-activedescendant=\"\" aria-autocomplete=\"list\" aria-expanded=\"false\">\n<ul>\n<li>Descubrimiento del sistema de chakras en distintas culturas<\/li>\n<li>Trabajar con los chakras a nivel psicosom\u00e1tico y espiritual<\/li>\n<li>C\u00f3mo reconocer los chakras disfuncionales<\/li>\n<li>Viaje para sanar el primer y segundo chakra<\/li>\n<li>Ceremonia de Fuego para liberar traumas del primer y segundo chakra<\/li>\n<\/ul>\n<\/div>\n<\/div>\n<div data-component=\"headline\">\n<div class=\"kartra_headline kartra_headline--lato-font kartra_headline--h4 kartra_headline--dim-black kartra_headline--font-weight-semi-bold kartra_css_effect_1\" aria-controls=\"cke_2874\" aria-activedescendant=\"\" aria-autocomplete=\"list\" aria-expanded=\"false\" data-effect=\"kartra_css_effect_1\">\n<p><strong>SEMANA 2:\u00a0DESCUBRIENDO LOS CHAKRAS 3 Y 4<\/strong><\/p>\n<\/div>\n<\/div>\n<div id=\"A8s3YDoCgM\" data-component=\"text\">\n<div class=\"kartra_text kartra_text--lato-font kartra_text--font-weight-medium kartra_text--dim-grey kartra_css_effect_1\" data-effect=\"kartra_css_effect_1\" aria-controls=\"cke_4086\" aria-activedescendant=\"\" aria-autocomplete=\"list\" aria-expanded=\"false\">\n<ul>\n<li>Comprender el contexto del tercer chakra a nivel bioqu\u00edmico<\/li>\n<li>C\u00f3mo lidiar con la ira: aprender a responder con el poder de la sabidur\u00eda, en lugar del poder del ego<\/li>\n<li>Encarnar al Guerrero Luminoso<\/li>\n<li>Comprender las cualidades y los desequilibrios de los chakras 3 y 4<\/li>\n<li>Reajustar a trav\u00e9s de la respiraci\u00f3n el modo de lucha o huida<\/li>\n<li>Viaje para sanar el tercer y cuarto chakra<\/li>\n<li>Equilibrar el chakra del coraz\u00f3n y sanar las relaciones<\/li>\n<\/ul>\n<\/div>\n<\/div>\n<div id=\"Wvc2Y2jgTE\" data-component=\"headline\">\n<div class=\"kartra_headline kartra_headline--lato-font kartra_headline--h4 kartra_headline--dim-black kartra_headline--font-weight-semi-bold kartra_css_effect_1\" aria-controls=\"cke_7989\" aria-activedescendant=\"\" aria-autocomplete=\"list\" aria-expanded=\"false\" data-effect=\"kartra_css_effect_1\">\n<p><strong>SEMANA 4:\u00a0CONECTANDO CON LOS CHAKRAS 7 Y 8<\/strong><\/p>\n<\/div>\n<\/div>\n<div id=\"4B0N3QTMRM\" data-component=\"text\">\n<div class=\"kartra_text kartra_text--lato-font kartra_text--font-weight-medium kartra_text--dim-grey kartra_css_effect_1\" data-effect=\"kartra_css_effect_1\" aria-controls=\"cke_8870\" aria-activedescendant=\"\" aria-autocomplete=\"list\" aria-expanded=\"false\">\n<ul>\n<li>Las cualidades de los chakras s\u00e9ptimo y octavo<\/li>\n<li>La pr\u00e1ctica del dominio del tiempo y el rastreo cham\u00e1nico<\/li>\n<li>Recordar antiguas memorias a trav\u00e9s del s\u00e9ptimo chakra<\/li>\n<li>Un viaje guiado para entender el concepto de tiempo<\/li>\n<li>Descubre c\u00f3mo los chamanes se adentran en el infinito<\/li>\n<li>La pr\u00e1ctica de c\u00f3mo liberarse del tiempo y de la muerte a trav\u00e9s del Wiracocha<\/li>\n<li>Descubrimiento de la Gnosis \u2013 la experiencia directa de la sabidur\u00eda<\/li>\n<li>Un viaje guiado para conocer a tus padres espiritual<\/li>\n<\/ul>\n<\/div>\n<\/div>\n<div id=\"XiVdtKsS9i\" data-component=\"headline\">\n<div class=\"kartra_headline kartra_headline--lato-font kartra_headline--h4 kartra_headline--dim-black kartra_headline--font-weight-semi-bold kartra_css_effect_1\" aria-controls=\"cke_10227\" aria-activedescendant=\"\" aria-autocomplete=\"list\" aria-expanded=\"false\" data-effect=\"kartra_css_effect_1\">\n<p><strong>SEMANA 5:\u00a0DESCUBRE EL CHAKRA 9<\/strong><\/p>\n<\/div>\n<\/div>\n<div id=\"KtIQKnT62z\" data-component=\"text\">\n<div class=\"kartra_text kartra_text--lato-font kartra_text--font-weight-medium kartra_text--dim-grey kartra_css_effect_1\" data-effect=\"kartra_css_effect_1\" aria-controls=\"cke_12282\" aria-activedescendant=\"\" aria-autocomplete=\"list\" aria-expanded=\"false\">\n<ul>\n<li>Las cualidades del noveno chakra<\/li>\n<li>El descubrimiento de los tres grandes temas de la humanidad<\/li>\n<li>Aprende la capacidad para guardar un secreto<\/li>\n<li>Las tradiciones de no dualidad y la conciencia universal<\/li>\n<li>Un viaje guiado a la desintegraci\u00f3n<\/li>\n<li>Potenciar tus chakras a trav\u00e9s de los cuatro puntos cardinales<\/li>\n<li>Equilibrar los chakras del paciente<\/li>\n<li>Comprobar tus propios chakras<\/li>\n<\/ul>\n<\/div>\n<\/div>\n<div id=\"XiVdtKsS9i\" data-component=\"headline\">\n<div class=\"kartra_headline kartra_headline--lato-font kartra_headline--h4 kartra_headline--dim-black kartra_headline--font-weight-semi-bold kartra_css_effect_1\" aria-controls=\"cke_10227\" aria-activedescendant=\"\" aria-autocomplete=\"list\" aria-expanded=\"false\" data-effect=\"kartra_css_effect_1\">\n<p><strong>SEMANA 5:\u00a0DESCUBRE EL CHAKRA 9<\/strong><\/p>\n<\/div>\n<\/div>\n<div id=\"KtIQKnT62z\" data-component=\"text\">\n<div class=\"kartra_text kartra_text--lato-font kartra_text--font-weight-medium kartra_text--dim-grey kartra_css_effect_1\" data-effect=\"kartra_css_effect_1\" aria-controls=\"cke_12282\" aria-activedescendant=\"\" aria-autocomplete=\"list\" aria-expanded=\"false\">\n<ul>\n<li>Las cualidades del noveno chakra<\/li>\n<li>El descubrimiento de los tres grandes temas de la humanidad<\/li>\n<li>Aprende la capacidad para guardar un secreto<\/li>\n<li>Las tradiciones de no dualidad y la conciencia universal<\/li>\n<li>Un viaje guiado a la desintegraci\u00f3n<\/li>\n<li>Potenciar tus chakras a trav\u00e9s de los cuatro puntos cardinales<\/li>\n<li>Equilibrar los chakras del paciente<\/li>\n<li>Comprobar tus propios chakras<\/li>\n<\/ul>\n<\/div>\n<\/div>\n<p class=\"hover\"><u><strong>CONTENIDO DEL CURSO<\/strong><\/u><\/p>\n<p><strong>M\u00f3dulo 1: Tierra<\/strong><\/p>\n<ul>\n<li><span class=\"hover\">Despertando al Cuerpo Arco\u00edris<\/span><\/li>\n<li>El Primer Chakra<\/li>\n<li>Viaje para sanar el Primer Chakra<\/li>\n<\/ul>\n<p><strong>M\u00f3dulo\u00a02: Agua<\/strong><\/p>\n<ul>\n<li>El Segundo Chakra<\/li>\n<li>Viaje para sanar el Segundo Chakra<\/li>\n<\/ul>\n<p><strong>M\u00f3dulo 3: Fuego<\/strong><\/p>\n<ul>\n<li>El Tercer Chakra<\/li>\n<li>Viaje para sanar el Tercer Chakra<\/li>\n<\/ul>\n<p><strong>M\u00f3dulo 4: Aire<\/strong><\/p>\n<ul>\n<li>El Cuarto Chakra<\/li>\n<li>Viaje para sanar el Cuarto\u00a0Chakra<\/li>\n<\/ul>\n<p><strong>M\u00f3dulo 5: Sonido<\/strong><\/p>\n<ul>\n<li>El Quinto Chakra<\/li>\n<li>Viaje para sanar el Quinto\u00a0Chakra<\/li>\n<\/ul>\n<p><strong>M\u00f3dulo 6: Luz<\/strong><\/p>\n<ul>\n<li>El Sexto Chakra<\/li>\n<li>Viaje para sanar el Sexto\u00a0Chakra<\/li>\n<\/ul>\n<p><strong>M\u00f3dulo 7: Energ\u00eda<\/strong><\/p>\n<ul>\n<li>El S\u00e9ptimo Chakra<\/li>\n<li>Viaje para sanar el S\u00e9ptimo\u00a0Chakra<\/li>\n<\/ul>\n<p><strong>M\u00f3dulo 8: Alma<\/strong><\/p>\n<ul>\n<li>El Octavo Chakra<\/li>\n<li>Viaje para sanar el Octavo\u00a0Chakra<\/li>\n<\/ul>\n<p><strong>M\u00f3dulo 9: Esp\u00edritu\u00a0<\/strong><\/p>\n<ul>\n<li>El Noveno Chakra<\/li>\n<li>Viaje para sanar el Noveno\u00a0Chakra<\/li>\n<li>Balanceando todos los Chakras<\/li>\n<\/ul>\n","protected":false},"excerpt":{"rendered":"<p>&nbsp;<\/p>\n<p>&nbsp;<\/p>\n<p>&nbsp;<\/p>\n<p>&nbsp;<\/p>\n<p>&nbsp;<\/p>\n<p>&nbsp;<\/p>\n<p>&nbsp;<\/p>\n","protected":false},"featured_media":30445,"template":"","meta":{"_monsterinsights_skip_tracking":false,"_monsterinsights_sitenote_active":false,"_monsterinsights_sitenote_note":"","_monsterinsights_sitenote_category":0,"jetpack_post_was_ever_published":false,"jetpack_publicize_message":"","jetpack_publicize_feature_enabled":true,"jetpack_social_post_already_shared":true,"jetpack_social_options":{"image_generator_settings":{"template":"highway","default_image_id":0,"font":"","enabled":false},"version":2}},"product_brand":[],"product_cat":[32],"product_tag":[263,260,211,254,119,251,215,257,249,243,230,182,226,253,236,229,228,232,258,234,262,239,77,220,265,219,107,225,240,238,108,242,235,244,266,267,248,210,245,212,250,227,106,255,264,252,217,216,233,261,73,25,237,231,247,221,246,222,223,224,259,241,256,218,213,214,53],"class_list":{"0":"post-30444","1":"product","2":"type-product","3":"status-publish","4":"has-post-thumbnail","6":"product_cat-sanacion","7":"product_tag-animales","8":"product_tag-biden","9":"product_tag-billetes","10":"product_tag-bitcoin","11":"product_tag-carrera","12":"product_tag-china","13":"product_tag-christopher-olivarrieta","14":"product_tag-cine","15":"product_tag-coranavirus","16":"product_tag-cultura","17":"product_tag-cursos","18":"product_tag-dinero","19":"product_tag-dios","20":"product_tag-dolar","21":"product_tag-enric-corbera","22":"product_tag-ensenanza-en-casa","23":"product_tag-escuela","24":"product_tag-especialidad","25":"product_tag-estrenos","26":"product_tag-estudios","27":"product_tag-facebook","28":"product_tag-famosos","29":"product_tag-fortalecimientos","30":"product_tag-free","31":"product_tag-gatos","32":"product_tag-gratis","33":"product_tag-guadalajara","34":"product_tag-guerra","35":"product_tag-humor","36":"product_tag-internet","37":"product_tag-introduccion","38":"product_tag-juegos","39":"product_tag-lavin","40":"product_tag-manga","41":"product_tag-mercado-libre","42":"product_tag-mercado-pago","43":"product_tag-meteorologia","44":"product_tag-moneda","45":"product_tag-musica","46":"product_tag-nuevo","47":"product_tag-omnicron","48":"product_tag-oracion","49":"product_tag-osvaldo","50":"product_tag-peliculas","51":"product_tag-perros","52":"product_tag-peso","53":"product_tag-porn","54":"product_tag-porno","55":"product_tag-profesional","56":"product_tag-putin","57":"product_tag-salud","58":"product_tag-sanacion","59":"product_tag-sexo","60":"product_tag-talleres","61":"product_tag-television","62":"product_tag-terapias","63":"product_tag-trabajo","64":"product_tag-ucrania","65":"product_tag-ukrania","66":"product_tag-usa","67":"product_tag-vacuna","68":"product_tag-viajes","69":"product_tag-videos","70":"product_tag-xxx","71":"product_tag-youtube","72":"product_tag-youtube-yuen-guadalajara","73":"product_tag-yuen","75":"first","76":"instock","77":"downloadable","78":"virtual","79":"purchasable","80":"product-type-simple"},"jetpack_publicize_connections":[],"jetpack-related-posts":[{"id":30419,"url":"https:\/\/multiofertasvip.com\/?product=limpieza-y-armonizacion-pendulo-chakras-y-cristales-adriana-echeverri","url_meta":{"origin":30444,"position":0},"title":"Limpieza y Armonizaci\u00f3n: P\u00e9ndulo, Chakras Y Cristales-Adriana Echeverri","author":"multiofertasvip","date":"septiembre 6, 2022","format":false,"excerpt":"\u00a0 \u00a0 \u00a0 \u00a0 \u00a0 \u00a0 \u00a0","rel":"","context":"Entrada similar","block_context":{"text":"Entrada similar","link":""},"img":{"alt_text":"","src":"https:\/\/i0.wp.com\/multiofertasvip.com\/wp-content\/uploads\/2022\/09\/chakras.jpg?fit=200%2C200&ssl=1&resize=350%2C200","width":350,"height":200},"classes":[]},{"id":30674,"url":"https:\/\/multiofertasvip.com\/?product=danza-arabe-terapeutica-lina-maria-rico-calderon","url_meta":{"origin":30444,"position":1},"title":"Danza \u00c1rabe Terap\u00e9utica-Lina Maria Rico Calderon","author":"multiofertasvip","date":"enero 9, 2023","format":false,"excerpt":"\u00a0 Danza \u00c1rabe Terap\u00e9utica \u00a0 \u00bfSabias que con el movimiento de tu cintura puedes armonizar tu energ\u00eda? Con el masterclass DANZA ARABE TERAPEUTICA podr\u00e1s hacer alineaci\u00f3n de chakras a trav\u00e9s de los movimientos de danza \u00e1rabe para ganar confianza y amor propio. \u00bfQU\u00c9 VAS A LOGRAR? Aprender\u00e1s los movimientos b\u00e1sicos\u2026","rel":"","context":"Entrada similar","block_context":{"text":"Entrada similar","link":""},"img":{"alt_text":"","src":"https:\/\/i0.wp.com\/cursosexclusivos.com\/wp-content\/uploads\/2021\/12\/Danza-Arabe-Terapeutica-MasterClasses.La_.jpg?resize=350%2C200&ssl=1","width":350,"height":200,"srcset":"https:\/\/i0.wp.com\/cursosexclusivos.com\/wp-content\/uploads\/2021\/12\/Danza-Arabe-Terapeutica-MasterClasses.La_.jpg?resize=350%2C200&ssl=1 1x, https:\/\/i0.wp.com\/cursosexclusivos.com\/wp-content\/uploads\/2021\/12\/Danza-Arabe-Terapeutica-MasterClasses.La_.jpg?resize=525%2C300&ssl=1 1.5x"},"classes":[]},{"id":34139,"url":"https:\/\/multiofertasvip.com\/?product=curso-metodo-7ce-soul-educacion-consciencia-dr-alejandro-posada-beuth","url_meta":{"origin":30444,"position":2},"title":"Curso M\u00e9todo 7CE Soul Educaci\u00f3n Consciencia- Dr. Alejandro Posada Beuth","author":"multiofertasvip","date":"agosto 7, 2025","format":false,"excerpt":"Los 7 c\u00f3digos de la energ\u00eda es un programa creado por el Dr. Alejandro Posada Beuth, que combina la antigua sabidur\u00eda de sanaci\u00f3n por medio de los chakras y la psicolog\u00eda cl\u00ednica moderna para ayudarte a descifrar tu propio mapa energ\u00e9tico. Los chakras son centros energ\u00e9ticos en nuestro cuerpo que\u2026","rel":"","context":"Entrada similar","block_context":{"text":"Entrada similar","link":""},"img":{"alt_text":"","src":"https:\/\/i0.wp.com\/multiofertasvip.com\/wp-content\/uploads\/2025\/08\/7CE.jpg?fit=200%2C200&ssl=1&resize=350%2C200","width":350,"height":200},"classes":[]},{"id":30276,"url":"https:\/\/multiofertasvip.com\/?product=image-icon-volver-kinesiologia-aplicada-a-la-regulacion-de-los-chakras-jesus-santos","url_meta":{"origin":30444,"position":3},"title":"Kinesiolog\u00eda Aplicada a la Regulaci\u00f3n de los Chakras-Jesus Santos","author":"multiofertasvip","date":"marzo 16, 2022","format":false,"excerpt":"El presente producto NO GARANTIZA sus resultados, las t\u00e9cnicas e ideas expuestas NO deben interpretarse como una promesa o GARANT\u00cdA DE PREVENCI\u00d3N para el mejoramiento de su salud. Este curso esta dise\u00f1ado para terapeutas que quieran tener mejores resultados con sus clientes y a personas que quieran regularse ellos mismos\u2026","rel":"","context":"Entrada similar","block_context":{"text":"Entrada similar","link":""},"img":{"alt_text":"","src":"https:\/\/i0.wp.com\/multiofertasvip.com\/wp-content\/uploads\/2022\/03\/kineo.png?fit=200%2C200&ssl=1&resize=350%2C200","width":350,"height":200},"classes":[]},{"id":30719,"url":"https:\/\/multiofertasvip.com\/?product=medicina-chamanica-alberto-villoldo","url_meta":{"origin":30444,"position":4},"title":"Medicina Chamanica Alberto Villoldo","author":"multiofertasvip","date":"febrero 15, 2023","format":false,"excerpt":"Los ingenieros del mundo sagrado Hace 50 000 a\u00f1os los chamanes comenzaron a investigar la curaci\u00f3n. Durante milenios, han acumulado sabidur\u00eda y han aprendido y entendido sobre el mundo y la medicina. Los chamanes reconocen el campo de energ\u00eda luminosa que rodea a las personas contiene informaci\u00f3n, el software de\u2026","rel":"","context":"Entrada similar","block_context":{"text":"Entrada similar","link":""},"img":{"alt_text":"","src":"https:\/\/i0.wp.com\/multiofertasvip.com\/wp-content\/uploads\/2023\/02\/medicina-chamanica.jpg?fit=200%2C200&ssl=1&resize=350%2C200","width":350,"height":200},"classes":[]},{"id":30100,"url":"https:\/\/multiofertasvip.com\/?product=curso-de-cromoterapia-gregorio-arenas","url_meta":{"origin":30444,"position":5},"title":"Curso de Cromoterapia-Gregorio Arenas","author":"multiofertasvip","date":"noviembre 27, 2021","format":false,"excerpt":"Incluye Manual Digital La luz y el color, son herramientas ideales para tratar patolog\u00edas desde leves hasta severas.","rel":"","context":"Entrada similar","block_context":{"text":"Entrada similar","link":""},"img":{"alt_text":"","src":"https:\/\/i0.wp.com\/multiofertasvip.com\/wp-content\/uploads\/2021\/11\/cromoterapia.png?fit=200%2C200&ssl=1&resize=350%2C200","width":350,"height":200},"classes":[]}],"jetpack_sharing_enabled":true,"jetpack_likes_enabled":true,"_links":{"self":[{"href":"https:\/\/multiofertasvip.com\/index.php?rest_route=\/wp\/v2\/product\/30444","targetHints":{"allow":["GET"]}}],"collection":[{"href":"https:\/\/multiofertasvip.com\/index.php?rest_route=\/wp\/v2\/product"}],"about":[{"href":"https:\/\/multiofertasvip.com\/index.php?rest_route=\/wp\/v2\/types\/product"}],"version-history":[{"count":0,"href":"https:\/\/multiofertasvip.com\/index.php?rest_route=\/wp\/v2\/product\/30444\/revisions"}],"wp:featuredmedia":[{"embeddable":true,"href":"https:\/\/multiofertasvip.com\/index.php?rest_route=\/wp\/v2\/media\/30445"}],"wp:attachment":[{"href":"https:\/\/multiofertasvip.com\/index.php?rest_route=%2Fwp%2Fv2%2Fmedia&parent=30444"}],"wp:term":[{"taxonomy":"product_brand","embeddable":true,"href":"https:\/\/multiofertasvip.com\/index.php?rest_route=%2Fwp%2Fv2%2Fproduct_brand&post=30444"},{"taxonomy":"product_cat","embeddable":true,"href":"https:\/\/multiofertasvip.com\/index.php?rest_route=%2Fwp%2Fv2%2Fproduct_cat&post=30444"},{"taxonomy":"product_tag","embeddable":true,"href":"https:\/\/multiofertasvip.com\/index.php?rest_route=%2Fwp%2Fv2%2Fproduct_tag&post=30444"}],"curies":[{"name":"wp","href":"https:\/\/api.w.org\/{rel}","templated":true}]}}