{"id":30422,"date":"2026-03-17T09:00:49","date_gmt":"2026-03-17T14:30:49","guid":{"rendered":"https:\/\/multiofertasvip.com\/?post_type=product&#038;p=30422"},"modified":"2026-03-17T12:30:53","modified_gmt":"2026-03-17T18:00:53","slug":"metodo-yuen-el-cuerpo-modulo-1-ypy-academy","status":"publish","type":"product","link":"https:\/\/multiofertasvip.com\/?product=metodo-yuen-el-cuerpo-modulo-1-ypy-academy","title":{"rendered":"Metodo Yuen El Cuerpo Modulo 1-YPY Academy"},"content":{"rendered":"<h2 class=\"font_4\" style=\"text-align: center;\"><strong>M\u00c9TODO CU\u00c1NTICO A TU SERVICIO<\/strong><\/h2>\n<p>El M\u00e9todo Yuen busca la debilidad, lo que te\u00a0 limita como persona, lo que te impide estar al 100% de tu potencial, f\u00edsico, espiritual, mental, psicol\u00f3gico, ps\u00edquico y\/o emocional, a trav\u00e9s de la intuici\u00f3n y la mejor metodolog\u00eda, una vez que se observa esa debilidad (por eso el M\u00e9todo YPT\u00a0 es cu\u00e1ntico) se hace que esa debilidad cambie, usando una llave cu\u00e1ntica que nos permite tener acceso al sistema operativo de las personas.<\/p>\n<p>Inicia tu carrera con este m\u00f3dulo sobre el cuerpo y sus sorprendentes funciones, adem\u00e1s aprende a identificar las verdaderas causas que ocasionan las debilidades y te enferman o hacen que tu vida no se viva al m\u00e1ximo.<\/p>\n<p>&nbsp;<\/p>\n<p>&nbsp;<\/p>\n<p><iframe title=\"Fortal\u00e9cete e incorpora la Magia cient\u00edfica. Entrevista a Dhanya y Atma Shakti\" width=\"1020\" height=\"574\" src=\"https:\/\/www.youtube.com\/embed\/WwojSfIkTHs?feature=oembed\" frameborder=\"0\" allow=\"accelerometer; autoplay; clipboard-write; encrypted-media; gyroscope; picture-in-picture; web-share\" referrerpolicy=\"strict-origin-when-cross-origin\" allowfullscreen><\/iframe><\/p>\n","protected":false},"excerpt":{"rendered":"<p>&nbsp;<\/p>\n<p>&nbsp;<\/p>\n<p>&nbsp;<\/p>\n<p>&nbsp;<\/p>\n<p>&nbsp;<\/p>\n<p>&nbsp;<\/p>\n<p>&nbsp;<\/p>\n","protected":false},"featured_media":30427,"template":"","meta":{"_monsterinsights_skip_tracking":false,"_monsterinsights_sitenote_active":false,"_monsterinsights_sitenote_note":"","_monsterinsights_sitenote_category":0,"jetpack_post_was_ever_published":false,"jetpack_publicize_message":"","jetpack_publicize_feature_enabled":true,"jetpack_social_post_already_shared":true,"jetpack_social_options":{"image_generator_settings":{"template":"highway","default_image_id":0,"font":"","enabled":false},"version":2}},"product_brand":[],"product_cat":[87],"product_tag":[263,260,211,254,119,251,215,257,249,243,230,182,226,253,236,229,228,232,258,234,262,239,77,220,265,219,107,225,240,238,108,242,235,244,266,267,248,210,245,212,250,227,106,255,264,252,217,216,233,261,73,25,237,231,247,221,246,222,223,224,259,241,256,218,213,214,53],"class_list":{"0":"post-30422","1":"product","2":"type-product","3":"status-publish","4":"has-post-thumbnail","6":"product_cat-metodo-yuen","7":"product_tag-animales","8":"product_tag-biden","9":"product_tag-billetes","10":"product_tag-bitcoin","11":"product_tag-carrera","12":"product_tag-china","13":"product_tag-christopher-olivarrieta","14":"product_tag-cine","15":"product_tag-coranavirus","16":"product_tag-cultura","17":"product_tag-cursos","18":"product_tag-dinero","19":"product_tag-dios","20":"product_tag-dolar","21":"product_tag-enric-corbera","22":"product_tag-ensenanza-en-casa","23":"product_tag-escuela","24":"product_tag-especialidad","25":"product_tag-estrenos","26":"product_tag-estudios","27":"product_tag-facebook","28":"product_tag-famosos","29":"product_tag-fortalecimientos","30":"product_tag-free","31":"product_tag-gatos","32":"product_tag-gratis","33":"product_tag-guadalajara","34":"product_tag-guerra","35":"product_tag-humor","36":"product_tag-internet","37":"product_tag-introduccion","38":"product_tag-juegos","39":"product_tag-lavin","40":"product_tag-manga","41":"product_tag-mercado-libre","42":"product_tag-mercado-pago","43":"product_tag-meteorologia","44":"product_tag-moneda","45":"product_tag-musica","46":"product_tag-nuevo","47":"product_tag-omnicron","48":"product_tag-oracion","49":"product_tag-osvaldo","50":"product_tag-peliculas","51":"product_tag-perros","52":"product_tag-peso","53":"product_tag-porn","54":"product_tag-porno","55":"product_tag-profesional","56":"product_tag-putin","57":"product_tag-salud","58":"product_tag-sanacion","59":"product_tag-sexo","60":"product_tag-talleres","61":"product_tag-television","62":"product_tag-terapias","63":"product_tag-trabajo","64":"product_tag-ucrania","65":"product_tag-ukrania","66":"product_tag-usa","67":"product_tag-vacuna","68":"product_tag-viajes","69":"product_tag-videos","70":"product_tag-xxx","71":"product_tag-youtube","72":"product_tag-youtube-yuen-guadalajara","73":"product_tag-yuen","75":"first","76":"instock","77":"downloadable","78":"virtual","79":"purchasable","80":"product-type-simple"},"jetpack_publicize_connections":[],"jetpack-related-posts":[{"id":30437,"url":"https:\/\/multiofertasvip.com\/?product=metodo-yuen-finanzas-modulo-6-parte-1-ypy-academy","url_meta":{"origin":30422,"position":0},"title":"Metodo Yuen Inteligencia Fisica Modulo 6 Parte 1-YPY Academy","author":"multiofertasvip","date":"marzo 17, 2026","format":false,"excerpt":"\u00a0 \u00a0 \u00a0 \u00a0 \u00a0 \u00a0 \u00a0","rel":"","context":"Entrada similar","block_context":{"text":"Entrada similar","link":""},"img":{"alt_text":"","src":"https:\/\/i0.wp.com\/multiofertasvip.com\/wp-content\/uploads\/2022\/09\/inteligencia-fisica-1-y-2.jpg?fit=200%2C200&ssl=1&resize=350%2C200","width":350,"height":200},"classes":[]},{"id":29877,"url":"https:\/\/multiofertasvip.com\/?product=metodo-yuen-modulo-1-el-cuerpo-dr-kam-yuen","url_meta":{"origin":30422,"position":1},"title":"M\u00e9todo Yuen M\u00f3dulo 1 &#8211; El Cuerpo-Dr Kam Yuen","author":"multiofertasvip","date":"abril 22, 2021","format":false,"excerpt":"Autor:\u00a0Dr. Kam Yuen Formatos:\u00a0mp4 (video), mp3 (audio), pdf (ebook) Cantidad videos:\u00a08 Cantidad audios:\u00a08 Cantidad pdf:\u00a01 Peso total:\u00a03.69 GB \u00a0 \u00a0 \u00a0 \u00a0","rel":"","context":"Entrada similar","block_context":{"text":"Entrada similar","link":""},"img":{"alt_text":"","src":"https:\/\/i0.wp.com\/multiofertasvip.com\/wp-content\/uploads\/2021\/04\/metodo-yuen-modulo-1-el-cuerpo.jpg?fit=200%2C200&ssl=1&resize=350%2C200","width":350,"height":200},"classes":[]},{"id":30434,"url":"https:\/\/multiofertasvip.com\/?product=metodo-yuen-el-espiritu-modulo-3-ypy-academy","url_meta":{"origin":30422,"position":2},"title":"Metodo Yuen El Espiritu Modulo 3-YPY Academy","author":"multiofertasvip","date":"marzo 17, 2026","format":false,"excerpt":"\u00a0 \u00a0 \u00a0 \u00a0 \u00a0 \u00a0 \u00a0","rel":"","context":"Entrada similar","block_context":{"text":"Entrada similar","link":""},"img":{"alt_text":"","src":"https:\/\/i0.wp.com\/multiofertasvip.com\/wp-content\/uploads\/2022\/09\/modulo-3.jpg?fit=200%2C200&ssl=1&resize=350%2C200","width":350,"height":200},"classes":[]},{"id":30433,"url":"https:\/\/multiofertasvip.com\/?product=metodo-yuen-la-mente-modulo-2-ypy-academy","url_meta":{"origin":30422,"position":3},"title":"Metodo Yuen La Mente Modulo 2-YPY Academy","author":"multiofertasvip","date":"marzo 17, 2026","format":false,"excerpt":"\u00a0 \u00a0 \u00a0 \u00a0 \u00a0 \u00a0 \u00a0","rel":"","context":"Entrada similar","block_context":{"text":"Entrada similar","link":""},"img":{"alt_text":"","src":"https:\/\/i0.wp.com\/multiofertasvip.com\/wp-content\/uploads\/2022\/09\/modulo-2.jpg?fit=200%2C200&ssl=1&resize=350%2C200","width":350,"height":200},"classes":[]},{"id":30440,"url":"https:\/\/multiofertasvip.com\/?product=metodo-yuen-psiquiatria-modulo-8-ypy-academy","url_meta":{"origin":30422,"position":4},"title":"Metodo Yuen Psiquiatria Modulo 8 -YPY Academy","author":"multiofertasvip","date":"marzo 17, 2026","format":false,"excerpt":"\u00a0 \u00a0 \u00a0 \u00a0 \u00a0 \u00a0 \u00a0","rel":"","context":"Entrada similar","block_context":{"text":"Entrada similar","link":""},"img":{"alt_text":"","src":"https:\/\/i0.wp.com\/multiofertasvip.com\/wp-content\/uploads\/2022\/09\/psiquiatria.jpg?fit=200%2C200&ssl=1&resize=350%2C200","width":350,"height":200},"classes":[]},{"id":30438,"url":"https:\/\/multiofertasvip.com\/?product=metodo-yuen-finanzas-modulo-6-parte-2-ypy-academy","url_meta":{"origin":30422,"position":5},"title":"Metodo Yuen Inteligencia Fisica Modulo 6 Parte 2-YPY Academy","author":"multiofertasvip","date":"marzo 17, 2026","format":false,"excerpt":"\u00a0 \u00a0 \u00a0 \u00a0 \u00a0 \u00a0 \u00a0","rel":"","context":"Entrada similar","block_context":{"text":"Entrada similar","link":""},"img":{"alt_text":"","src":"https:\/\/i0.wp.com\/multiofertasvip.com\/wp-content\/uploads\/2022\/09\/inteligencia-fisica-1-y-2.jpg?fit=200%2C200&ssl=1&resize=350%2C200","width":350,"height":200},"classes":[]}],"jetpack_sharing_enabled":true,"jetpack_likes_enabled":true,"_links":{"self":[{"href":"https:\/\/multiofertasvip.com\/index.php?rest_route=\/wp\/v2\/product\/30422","targetHints":{"allow":["GET"]}}],"collection":[{"href":"https:\/\/multiofertasvip.com\/index.php?rest_route=\/wp\/v2\/product"}],"about":[{"href":"https:\/\/multiofertasvip.com\/index.php?rest_route=\/wp\/v2\/types\/product"}],"version-history":[{"count":1,"href":"https:\/\/multiofertasvip.com\/index.php?rest_route=\/wp\/v2\/product\/30422\/revisions"}],"predecessor-version":[{"id":33778,"href":"https:\/\/multiofertasvip.com\/index.php?rest_route=\/wp\/v2\/product\/30422\/revisions\/33778"}],"wp:featuredmedia":[{"embeddable":true,"href":"https:\/\/multiofertasvip.com\/index.php?rest_route=\/wp\/v2\/media\/30427"}],"wp:attachment":[{"href":"https:\/\/multiofertasvip.com\/index.php?rest_route=%2Fwp%2Fv2%2Fmedia&parent=30422"}],"wp:term":[{"taxonomy":"product_brand","embeddable":true,"href":"https:\/\/multiofertasvip.com\/index.php?rest_route=%2Fwp%2Fv2%2Fproduct_brand&post=30422"},{"taxonomy":"product_cat","embeddable":true,"href":"https:\/\/multiofertasvip.com\/index.php?rest_route=%2Fwp%2Fv2%2Fproduct_cat&post=30422"},{"taxonomy":"product_tag","embeddable":true,"href":"https:\/\/multiofertasvip.com\/index.php?rest_route=%2Fwp%2Fv2%2Fproduct_tag&post=30422"}],"curies":[{"name":"wp","href":"https:\/\/api.w.org\/{rel}","templated":true}]}}