{"id":30418,"date":"2022-09-06T14:07:42","date_gmt":"2022-09-06T19:37:42","guid":{"rendered":"https:\/\/multiofertasvip.com\/?post_type=product&#038;p=30418"},"modified":"2022-09-06T14:10:05","modified_gmt":"2022-09-06T19:40:05","slug":"curso-pendulo-hebreo-adriana-echeverri","status":"publish","type":"product","link":"https:\/\/multiofertasvip.com\/?product=curso-pendulo-hebreo-adriana-echeverri","title":{"rendered":"Curso P\u00e9ndulo Hebreo-Adriana Echeverri"},"content":{"rendered":"<p>La terapia a trav\u00e9s del P\u00e9ndulo Hebreo, tambi\u00e9n llamado Metutelet, es un m\u00e9todo de sanaci\u00f3n que combina la t\u00e9cnica radiest\u00e9sica la energ\u00eda del idioma sagrado hebreo. Para realizar la terapia es necesario utilizar un p\u00e9ndulo y etiquetas escritas en hebreo.<\/p>\n<p><strong>\u00bfQu\u00e9 vas a lograr?<\/strong><\/p>\n<ol>\n<li>Aprender\u00e1s a detectar y limpiar miasmas, magia y larvas.<\/li>\n<li>Aprender\u00e1s a detectar equilibrios en los chakras y armonizarlos.<\/li>\n<li>Aprender\u00e1s a hacer limpiezas en los espacios.<\/li>\n<li>Aprender\u00e1s a hacer terapia presencial y a distancia usando todo el poder de los 72 Nombres de Dios y el poder de la Kabbalah.<\/li>\n<li>Tendr\u00e1s en tus manos una de las m\u00e1s poderosas y milenarias t\u00e9cnicas de sanaci\u00f3n.<\/li>\n<\/ol>\n<p><strong>\u00bfC\u00f3mo lo vas a lograr?<\/strong><\/p>\n<p>Nuestro curso 100% online, est\u00e1 estructurado por lecciones en formato video y material complementario en formato PDF. No necesitas experiencia previa, ya que el curso est\u00e1 pensado para que todos puedan acceder a \u00e9l y puedas aprender toda la t\u00e9cnica de cero hasta convertirte en un terapeuta de P\u00e9ndulo Hebreo.<\/p>\n<p>Est\u00e1 considerado como un m\u00e9todo de sanaci\u00f3n de alta tecnolog\u00eda ya que combina radiestesia, el idioma sagrado hebreo y la madera de Roble y Haya, \u00e1rboles calificados como sagrados en las antiguas tradiciones dru\u00eddicas.<\/p>\n<p><strong>Lista de Clases:<\/strong><\/p>\n<ul>\n<li>Introducci\u00f3n<\/li>\n<li>Qu\u00e9 es la terapia con P\u00e9ndulo Hebreo<\/li>\n<li>La Estructura del p\u00e9ndulo y las etiquetas<\/li>\n<li>Qui\u00e9n puede recibir la terapia y selecci\u00f3n del testigo<\/li>\n<li>Recomendaciones para el trabajo a distancia<\/li>\n<li>Recomendaciones para guardar el p\u00e9ndulo<\/li>\n<li>Recomendaciones de protecci\u00f3n<\/li>\n<li>Protocolo de protecci\u00f3n<\/li>\n<li>Protecci\u00f3n para la terapia presencial<\/li>\n<li>Testeo de miasmas<\/li>\n<li>Testeo de larvas<\/li>\n<li>Testeo de magias<\/li>\n<li>Limpieza con p\u00e9ndulo hebreo<\/li>\n<li>Armonizaci\u00f3n con p\u00e9ndulo hebreo<\/li>\n<li>Diferencia entre el trabajo presencial y a distancia<\/li>\n<li>Tratamiento en ni\u00f1os y en enfermos que no pueden comunicarse<\/li>\n<li>Terapia en animales<\/li>\n<li>S\u00edmbolos de Radi\u00f3nica y los 72 nombres de Dios<\/li>\n<li>Protecci\u00f3n para limpieza de espacios<\/li>\n<li>Activaci\u00f3n de los s\u00edmbolos de protecci\u00f3n<\/li>\n<li>Testeo de geopatolog\u00eda de espacios<\/li>\n<li>Testeo de posesiones y otras energ\u00edas<\/li>\n<li>Limpieza de espacios<\/li>\n<li>Armonizaci\u00f3n de espacios<\/li>\n<li>M\u00f3dulo de pr\u00e1ctica<\/li>\n<\/ul>\n","protected":false},"excerpt":{"rendered":"<p>&nbsp;<\/p>\n<p>&nbsp;<\/p>\n<p>&nbsp;<\/p>\n<p>&nbsp;<\/p>\n<p>&nbsp;<\/p>\n<p>&nbsp;<\/p>\n<p>&nbsp;<\/p>\n","protected":false},"featured_media":30416,"template":"","meta":{"_monsterinsights_skip_tracking":false,"_monsterinsights_sitenote_active":false,"_monsterinsights_sitenote_note":"","_monsterinsights_sitenote_category":0,"jetpack_post_was_ever_published":false,"jetpack_publicize_message":"","jetpack_publicize_feature_enabled":true,"jetpack_social_post_already_shared":true,"jetpack_social_options":{"image_generator_settings":{"template":"highway","default_image_id":0,"font":"","enabled":false},"version":2}},"product_brand":[],"product_cat":[286],"product_tag":[263,260,211,254,119,251,215,257,249,243,230,182,226,253,236,229,228,232,258,234,262,239,77,220,265,219,107,225,240,238,108,242,235,244,266,267,248,210,245,212,250,227,106,255,264,252,217,216,233,261,73,25,237,231,247,221,246,222,223,224,259,241,256,218,213,214,53],"class_list":{"0":"post-30418","1":"product","2":"type-product","3":"status-publish","4":"has-post-thumbnail","6":"product_cat-pendulo","7":"product_tag-animales","8":"product_tag-biden","9":"product_tag-billetes","10":"product_tag-bitcoin","11":"product_tag-carrera","12":"product_tag-china","13":"product_tag-christopher-olivarrieta","14":"product_tag-cine","15":"product_tag-coranavirus","16":"product_tag-cultura","17":"product_tag-cursos","18":"product_tag-dinero","19":"product_tag-dios","20":"product_tag-dolar","21":"product_tag-enric-corbera","22":"product_tag-ensenanza-en-casa","23":"product_tag-escuela","24":"product_tag-especialidad","25":"product_tag-estrenos","26":"product_tag-estudios","27":"product_tag-facebook","28":"product_tag-famosos","29":"product_tag-fortalecimientos","30":"product_tag-free","31":"product_tag-gatos","32":"product_tag-gratis","33":"product_tag-guadalajara","34":"product_tag-guerra","35":"product_tag-humor","36":"product_tag-internet","37":"product_tag-introduccion","38":"product_tag-juegos","39":"product_tag-lavin","40":"product_tag-manga","41":"product_tag-mercado-libre","42":"product_tag-mercado-pago","43":"product_tag-meteorologia","44":"product_tag-moneda","45":"product_tag-musica","46":"product_tag-nuevo","47":"product_tag-omnicron","48":"product_tag-oracion","49":"product_tag-osvaldo","50":"product_tag-peliculas","51":"product_tag-perros","52":"product_tag-peso","53":"product_tag-porn","54":"product_tag-porno","55":"product_tag-profesional","56":"product_tag-putin","57":"product_tag-salud","58":"product_tag-sanacion","59":"product_tag-sexo","60":"product_tag-talleres","61":"product_tag-television","62":"product_tag-terapias","63":"product_tag-trabajo","64":"product_tag-ucrania","65":"product_tag-ukrania","66":"product_tag-usa","67":"product_tag-vacuna","68":"product_tag-viajes","69":"product_tag-videos","70":"product_tag-xxx","71":"product_tag-youtube","72":"product_tag-youtube-yuen-guadalajara","73":"product_tag-yuen","75":"first","76":"instock","77":"downloadable","78":"virtual","79":"purchasable","80":"product-type-simple"},"jetpack_publicize_connections":[],"jetpack-related-posts":[{"id":35068,"url":"https:\/\/multiofertasvip.com\/?product=formacion-grabada-pendulo-hebreo-tienditadelalma-2","url_meta":{"origin":30418,"position":0},"title":"Formaci\u00f3n Grabada P\u00e9ndulo Hebreo-Tienditadelalma","author":"multiofertasvip","date":"marzo 13, 2026","format":false,"excerpt":"\u00a0 \u00a0 \u00a0 \u00a0","rel":"","context":"Entrada similar","block_context":{"text":"Entrada similar","link":""},"img":{"alt_text":"","src":"https:\/\/i0.wp.com\/multiofertasvip.com\/wp-content\/uploads\/2026\/03\/pendulo-hebrero.jpg?fit=200%2C200&ssl=1&resize=350%2C200","width":350,"height":200},"classes":[]},{"id":30370,"url":"https:\/\/multiofertasvip.com\/?product=formacion-pendulo-hebrero-originario","url_meta":{"origin":30418,"position":1},"title":"Formacion Pendulo Hebrero Originario","author":"multiofertasvip","date":"julio 27, 2022","format":false,"excerpt":"El P\u00e9ndulo Hebreo Originario permite elevar y equilibrar la vibraci\u00f3n de los centros energ\u00e9ticos (Chakras);como tambi\u00e9n al cuerpo mental, emocional y f\u00edsico en particular. Refuerza enormemente el Campo Electromagn\u00e9tico. Permite detectar y limpiar los miasmas (materia estancada) y as\u00ed evitar futuras enfermedades y colaborar en el proceso de alta vibraci\u00f3n\u2026","rel":"","context":"Entrada similar","block_context":{"text":"Entrada similar","link":""},"img":{"alt_text":"","src":"https:\/\/i0.wp.com\/multiofertasvip.com\/wp-content\/uploads\/2022\/07\/PHEBREO.jpg?fit=200%2C200&ssl=1&resize=350%2C200","width":350,"height":200},"classes":[]},{"id":34123,"url":"https:\/\/multiofertasvip.com\/?product=curso-pendulo-universal-almasaran","url_meta":{"origin":30418,"position":2},"title":"Curso Pendulo Universal Almasaran","author":"multiofertasvip","date":"agosto 6, 2025","format":false,"excerpt":"\u00bfQu\u00e9 es el p\u00e9ndulo Universal? Desde mi experiencia, el P\u00e9ndulo Universal es una herramienta de Luz imprescindible para cualquier terapeuta, que quiera facilitar un servicio exclusivo y diferente, con la seguridad de estar ofreciendo un Plus de calidad en sus sesiones. Adem\u00e1s es perfecta para cualquier persona que sienta la\u2026","rel":"","context":"Entrada similar","block_context":{"text":"Entrada similar","link":""},"img":{"alt_text":"","src":"https:\/\/i0.wp.com\/multiofertasvip.com\/wp-content\/uploads\/2025\/08\/PENDULO-UNIVERSAL.jpg?fit=200%2C200&ssl=1&resize=350%2C200","width":350,"height":200},"classes":[]},{"id":30336,"url":"https:\/\/multiofertasvip.com\/?product=terapia-con-pendulo-sol-lascano","url_meta":{"origin":30418,"position":3},"title":"Terapia con P\u00e9ndulo-Sol Lascano","author":"multiofertasvip","date":"julio 11, 2022","format":false,"excerpt":"La terapia de p\u00e9ndulo sobre gr\u00e1fico es una poderosa herramienta que nos permite detectar fugas energ\u00e9ticas y utilizarla como or\u00e1culo. Su origen se encuentra en la radiestesia ancestral, que desde la antig\u00fcedad fue utilizada para\u00a0resolver dudas y evolucionar espiritualmente. Esta terapia es muy\u00a0vers\u00e1til, f\u00e1cil de aplicar y r\u00e1pida. En pocos\u2026","rel":"","context":"Entrada similar","block_context":{"text":"Entrada similar","link":""},"img":{"alt_text":"","src":"https:\/\/i0.wp.com\/multiofertasvip.com\/wp-content\/uploads\/2022\/07\/pendulo.jpg?fit=200%2C200&ssl=1&resize=350%2C200","width":350,"height":200},"classes":[]},{"id":35053,"url":"https:\/\/multiofertasvip.com\/?product=curso-grabado-sahumo-y-limpieza-energetica-tienditadelalma-2","url_meta":{"origin":30418,"position":4},"title":"Curso Grabado Sahumo y limpieza energ\u00e9tica-Tienditadelalma","author":"multiofertasvip","date":"marzo 12, 2026","format":false,"excerpt":"\u00a0 \u00a0 \u00a0 \u00a0","rel":"","context":"Entrada similar","block_context":{"text":"Entrada similar","link":""},"img":{"alt_text":"","src":"https:\/\/i0.wp.com\/multiofertasvip.com\/wp-content\/uploads\/2026\/03\/limpieza-energetica.jpg?fit=200%2C200&ssl=1&resize=350%2C200","width":350,"height":200},"classes":[]},{"id":34131,"url":"https:\/\/multiofertasvip.com\/?product=curso-de-soul-communication-2-diana-arbol","url_meta":{"origin":30418,"position":5},"title":"Curso de Soul Communication 2-Diana Arbol","author":"multiofertasvip","date":"agosto 7, 2025","format":false,"excerpt":"Despu\u00e9s de haber integrado las 9 t\u00e9cnicas de acceso al Registro Ak\u00e1shico, aprender\u00e1s a acompa\u00f1ar a otros hacia el descubrimiento de su Ikigai, del descubrimiento del sentido de lo ocurrido en su vida, de sus relaciones, de los aprendizajes que a\u00fan necesita hacer, as\u00ed como del Origen y Prop\u00f3sito de\u2026","rel":"","context":"Entrada similar","block_context":{"text":"Entrada similar","link":""},"img":{"alt_text":"","src":"https:\/\/i0.wp.com\/multiofertasvip.com\/wp-content\/uploads\/2025\/08\/Ikigai2.png?fit=200%2C200&ssl=1&resize=350%2C200","width":350,"height":200},"classes":[]}],"jetpack_sharing_enabled":true,"jetpack_likes_enabled":true,"_links":{"self":[{"href":"https:\/\/multiofertasvip.com\/index.php?rest_route=\/wp\/v2\/product\/30418","targetHints":{"allow":["GET"]}}],"collection":[{"href":"https:\/\/multiofertasvip.com\/index.php?rest_route=\/wp\/v2\/product"}],"about":[{"href":"https:\/\/multiofertasvip.com\/index.php?rest_route=\/wp\/v2\/types\/product"}],"version-history":[{"count":0,"href":"https:\/\/multiofertasvip.com\/index.php?rest_route=\/wp\/v2\/product\/30418\/revisions"}],"wp:featuredmedia":[{"embeddable":true,"href":"https:\/\/multiofertasvip.com\/index.php?rest_route=\/wp\/v2\/media\/30416"}],"wp:attachment":[{"href":"https:\/\/multiofertasvip.com\/index.php?rest_route=%2Fwp%2Fv2%2Fmedia&parent=30418"}],"wp:term":[{"taxonomy":"product_brand","embeddable":true,"href":"https:\/\/multiofertasvip.com\/index.php?rest_route=%2Fwp%2Fv2%2Fproduct_brand&post=30418"},{"taxonomy":"product_cat","embeddable":true,"href":"https:\/\/multiofertasvip.com\/index.php?rest_route=%2Fwp%2Fv2%2Fproduct_cat&post=30418"},{"taxonomy":"product_tag","embeddable":true,"href":"https:\/\/multiofertasvip.com\/index.php?rest_route=%2Fwp%2Fv2%2Fproduct_tag&post=30418"}],"curies":[{"name":"wp","href":"https:\/\/api.w.org\/{rel}","templated":true}]}}