{"id":30415,"date":"2022-09-06T13:27:24","date_gmt":"2022-09-06T18:57:24","guid":{"rendered":"https:\/\/multiofertasvip.com\/?post_type=product&#038;p=30415"},"modified":"2022-09-06T14:06:40","modified_gmt":"2022-09-06T19:36:40","slug":"mesa-radionica-de-saint-germain-adriana-echeverri","status":"publish","type":"product","link":"https:\/\/multiofertasvip.com\/?product=mesa-radionica-de-saint-germain-adriana-echeverri","title":{"rendered":"Mesa Radi\u00f3nica de Saint Germain-Adriana Echeverri"},"content":{"rendered":"<p>La Mesa Radi\u00f3nica de Saint Germain es un poderoso instrumento de sanaci\u00f3n cu\u00e1ntica, canalizado por un gran maestro espiritual de Brasil y puesto a disposici\u00f3n del p\u00fablico hispanohablante por primera vez trav\u00e9s de \u00e9ste curso.<\/p>\n<p>La mesa utiliza ingredientes la geometr\u00eda sagrada, la simbolog\u00eda energ\u00e9tica y la simbolog\u00eda espiritual, que ayudan a desbloquear, limpiar, sanar y, por lo tanto, experimentar una nueva sensaci\u00f3n de libertad. Tambi\u00e9n, es un instrumento terap\u00e9utico, que tiene como objetivo realizar una limpieza profunda en todos los cuerpos sutiles, eliminando miasmas, implantes, creencias limitantes, magias da\u00f1inas, esp\u00edritus obsesivos y situaciones indeseables en todos los sectores de la vida, como las relaciones familiares o conyugales, el trabajo, la prosperidad, la salud f\u00edsica, emocional, mental y espiritual.<\/p>\n<p>Es una herramienta de balance energ\u00e9tico que une la Radiestesia, la Radi\u00f3nica, la frecuencia de la llama y el rayo violeta de la cual forman parte el Maestro Saint Germain y su egr\u00e9gora energ\u00e9tica y espiritual, las Flores de Bach, la Fitoterapia, el Reiki, los Florales Et\u00e9ricos, la Cromoterapia, la Musicoterapia entre otros que operan en la sanaci\u00f3n de desequilibrios energ\u00e9ticos, abriendo caminos, limpiando y energizando tu vida en general.<\/p>\n<p><strong>\u00bfQU\u00c9 VAS A LOGRAR?<\/strong><\/p>\n<ol>\n<li>Limpiar y armonizar los cuerpos f\u00edsico, mental, emocional y espiritual, proporcionando equilibrio y bienestar a la persona.<\/li>\n<li>Limpiar, armonizar y equilibrar la columna vertebral y todos los chakras, que son los puntos donde la energ\u00eda fluye y viaja por nuestro cuerpo.<\/li>\n<li>Armonizaci\u00f3n de las relaciones afectivas, profesionales y familiares. Transmutaci\u00f3n de patrones, miedos, bloqueos y traumas;<\/li>\n<li>Limpiar y armonizar fuentes de enfermedad, despertando y potenciando el proceso de curaci\u00f3n y recuperaci\u00f3n y equilibrando la salud;<\/li>\n<li>Armonizaci\u00f3n de ambientes donde hay energ\u00edas desequilibradas. Hogar, trabajo, etc;<\/li>\n<li>Empoderamiento personal para la prosperidad, la abundancia, el amor y una perspectiva positiva de los aspectos de la vida.<\/li>\n<\/ol>\n<p>&nbsp;<\/p>\n<p><strong>\u00bfC\u00f3mo lo vas a lograr?<\/strong><\/p>\n<p>Nuestro curso 100% online, est\u00e1 estructurado por lecciones en formato video y material complementario en formato PDF (incluyendo la tabla para que la imprimas y plastifiques). No necesitas experiencia previa, ya que el curso est\u00e1 pensado para que todos puedan acceder a \u00e9l y puedas aprender c\u00f3mo ejecutar una terapia con Mesa Radi\u00f3nica de principio a fin.<\/p>\n<ul>\n<li>Introducci\u00f3n<\/li>\n<li>Qu\u00e9 es la Mesa Radi\u00f3nica<\/li>\n<li>Diferencia entre Radiestesia y Radi\u00f3nica<\/li>\n<li>En cu\u00e1les casos se usa la mesa radi\u00f3nica<\/li>\n<li>Qu\u00e9 necesitas para hacer la terapia y primer paso<\/li>\n<li>Qu\u00e9 puedo colocar como testigo<\/li>\n<li>A qui\u00e9n podemos hacerle tratamiento con la mesa radi\u00f3nica<\/li>\n<li>Abriendo el portal de la mesa radi\u00f3nica<\/li>\n<li>Conectando el consultante a la mesa radi\u00f3nica<\/li>\n<li>Testeo de la frecuencia vibratoria del consultante<\/li>\n<li>Testeo de obsesores<\/li>\n<li>Testeo de magias<\/li>\n<li>Testeo de implantes<\/li>\n<li>Ejecuci\u00f3n de la mesa: limpieza<\/li>\n<li>Herramientas Selector primario I<\/li>\n<li>Herramienta Gr\u00e1ficos de Radiestesia<\/li>\n<li>Herramientas Selector primario II<\/li>\n<li>Herramientas Selector secundario I<\/li>\n<li>Herramientas Selector secundario II<\/li>\n<li>Usando la herramienta del Merkabah de Luz<\/li>\n<li>Cierre de sesi\u00f3n<\/li>\n<\/ul>\n","protected":false},"excerpt":{"rendered":"<p>&nbsp;<\/p>\n<p>&nbsp;<\/p>\n<p>&nbsp;<\/p>\n<p>&nbsp;<\/p>\n<p>&nbsp;<\/p>\n<p>&nbsp;<\/p>\n<p>&nbsp;<\/p>\n","protected":false},"featured_media":30417,"template":"","meta":{"_monsterinsights_skip_tracking":false,"_monsterinsights_sitenote_active":false,"_monsterinsights_sitenote_note":"","_monsterinsights_sitenote_category":0,"jetpack_post_was_ever_published":false,"jetpack_publicize_message":"","jetpack_publicize_feature_enabled":true,"jetpack_social_post_already_shared":true,"jetpack_social_options":{"image_generator_settings":{"template":"highway","default_image_id":0,"font":"","enabled":false},"version":2}},"product_brand":[],"product_cat":[286],"product_tag":[263,260,211,254,119,251,215,257,249,243,230,182,226,253,236,229,228,232,258,234,262,239,77,220,265,219,107,225,240,238,108,242,235,244,266,267,248,210,245,212,250,227,106,255,264,252,217,216,233,261,73,25,237,231,247,221,246,222,223,224,259,241,256,218,213,214,53],"class_list":{"0":"post-30415","1":"product","2":"type-product","3":"status-publish","4":"has-post-thumbnail","6":"product_cat-pendulo","7":"product_tag-animales","8":"product_tag-biden","9":"product_tag-billetes","10":"product_tag-bitcoin","11":"product_tag-carrera","12":"product_tag-china","13":"product_tag-christopher-olivarrieta","14":"product_tag-cine","15":"product_tag-coranavirus","16":"product_tag-cultura","17":"product_tag-cursos","18":"product_tag-dinero","19":"product_tag-dios","20":"product_tag-dolar","21":"product_tag-enric-corbera","22":"product_tag-ensenanza-en-casa","23":"product_tag-escuela","24":"product_tag-especialidad","25":"product_tag-estrenos","26":"product_tag-estudios","27":"product_tag-facebook","28":"product_tag-famosos","29":"product_tag-fortalecimientos","30":"product_tag-free","31":"product_tag-gatos","32":"product_tag-gratis","33":"product_tag-guadalajara","34":"product_tag-guerra","35":"product_tag-humor","36":"product_tag-internet","37":"product_tag-introduccion","38":"product_tag-juegos","39":"product_tag-lavin","40":"product_tag-manga","41":"product_tag-mercado-libre","42":"product_tag-mercado-pago","43":"product_tag-meteorologia","44":"product_tag-moneda","45":"product_tag-musica","46":"product_tag-nuevo","47":"product_tag-omnicron","48":"product_tag-oracion","49":"product_tag-osvaldo","50":"product_tag-peliculas","51":"product_tag-perros","52":"product_tag-peso","53":"product_tag-porn","54":"product_tag-porno","55":"product_tag-profesional","56":"product_tag-putin","57":"product_tag-salud","58":"product_tag-sanacion","59":"product_tag-sexo","60":"product_tag-talleres","61":"product_tag-television","62":"product_tag-terapias","63":"product_tag-trabajo","64":"product_tag-ucrania","65":"product_tag-ukrania","66":"product_tag-usa","67":"product_tag-vacuna","68":"product_tag-viajes","69":"product_tag-videos","70":"product_tag-xxx","71":"product_tag-youtube","72":"product_tag-youtube-yuen-guadalajara","73":"product_tag-yuen","75":"first","76":"instock","77":"downloadable","78":"virtual","79":"purchasable","80":"product-type-simple"},"jetpack_publicize_connections":[],"jetpack-related-posts":[{"id":30672,"url":"https:\/\/multiofertasvip.com\/?product=metodo-ahava-radiestesia-diferencial-y-efectiva-adriana-echeverri","url_meta":{"origin":30415,"position":0},"title":"M\u00e9todo AHAVA &#8211; Radiestesia Diferencial y Efectiva-Adriana Echeverri","author":"multiofertasvip","date":"enero 9, 2023","format":false,"excerpt":"\u00a1MIRA TODO LO QUE TE LLEVAS! M\u00f3dulo 1: Acercamiento a la Radiestesia: \u00a0 Fundamentos de radiestesia Instrumentos radiest\u00e9sicos P\u00e9ndulo: fundamentos, programaci\u00f3n y trabajo con p\u00e9ndulo Norte magn\u00e9tico y forma correcta de hacer preguntas Gr\u00e1ficos de radiestesia: fundamentos y s funcionamiento Bi\u00f3metros: fundamentos, funcionamiento y creaci\u00f3n Testigos: crear, limpiar y potencializar\u2026","rel":"","context":"Entrada similar","block_context":{"text":"Entrada similar","link":""},"img":{"alt_text":"","src":"https:\/\/i0.wp.com\/productoselite.net\/wp-content\/uploads\/2022\/12\/Acercamiento-a-la-radiestesia.jpg?resize=350%2C200&ssl=1","width":350,"height":200},"classes":[]},{"id":34724,"url":"https:\/\/multiofertasvip.com\/?product=activacion-de-tu-mision-y-dones-necesarios-con-tu-yo-superior-y-el-maestro-saint-germain-assaya","url_meta":{"origin":30415,"position":1},"title":"ACTIVACI\u00d3N de tu MISI\u00d3N y DONES necesarios Con TU YO SUPERIOR y el MAESTRO SAINT GERMAIN-Assaya","author":"multiofertasvip","date":"enero 9, 2026","format":false,"excerpt":"Temario \u261b Activaci\u00f3n con tu YO SUPERIOR y el MAESTRO SAINT GERMAIN. \u00a0 \u261b Vas a ponerte en CONTACTO con tu YO SUPERIOR, RECIBIR su MENSAJE para que sepas hacia donde va TU MISI\u00d3N. \u00a0 \u261b RECIBIR\u00c1S unas PAUTAS de TRABAJO PERSONAL y ESPIRITUAL para los pr\u00f3ximos meses. \u00a0 \u261b\u2026","rel":"","context":"Entrada similar","block_context":{"text":"Entrada similar","link":""},"img":{"alt_text":"","src":"https:\/\/i0.wp.com\/multiofertasvip.com\/wp-content\/uploads\/2026\/01\/dones.jpg?fit=200%2C200&ssl=1&resize=350%2C200","width":350,"height":200},"classes":[]},{"id":30470,"url":"https:\/\/multiofertasvip.com\/?product=mesa-radionica-de-animales-adriana-echeverri","url_meta":{"origin":30415,"position":2},"title":"Mesa Radi\u00f3nica de Animales-Adriana Echeverri","author":"multiofertasvip","date":"octubre 5, 2022","format":false,"excerpt":"\u00a0 \u00a0 \u00a0 \u00a0","rel":"","context":"Entrada similar","block_context":{"text":"Entrada similar","link":""},"img":{"alt_text":"","src":"https:\/\/i0.wp.com\/productoselite.net\/wp-content\/uploads\/2022\/09\/Campeonato-infantil-de-futbol-11.jpg?resize=350%2C200&ssl=1","width":350,"height":200,"srcset":"https:\/\/i0.wp.com\/productoselite.net\/wp-content\/uploads\/2022\/09\/Campeonato-infantil-de-futbol-11.jpg?resize=350%2C200&ssl=1 1x, https:\/\/i0.wp.com\/productoselite.net\/wp-content\/uploads\/2022\/09\/Campeonato-infantil-de-futbol-11.jpg?resize=525%2C300&ssl=1 1.5x, https:\/\/i0.wp.com\/productoselite.net\/wp-content\/uploads\/2022\/09\/Campeonato-infantil-de-futbol-11.jpg?resize=700%2C400&ssl=1 2x, https:\/\/i0.wp.com\/productoselite.net\/wp-content\/uploads\/2022\/09\/Campeonato-infantil-de-futbol-11.jpg?resize=1050%2C600&ssl=1 3x"},"classes":[]},{"id":30804,"url":"https:\/\/multiofertasvip.com\/?product=mandalas-radionicos-cristhian-david-saavedra-martinez","url_meta":{"origin":30415,"position":3},"title":"Mandalas Radi\u00f3nicos-Adriana Echeverri","author":"multiofertasvip","date":"abril 18, 2023","format":false,"excerpt":"os Mandalas Radi\u00f3nicos son ecosistemas creados a partir de disposici\u00f3n ordenada de los gr\u00e1ficos de radiestesia con el fin de generar estructuras energ\u00e9ticas que contribuyan a la consecuci\u00f3n de objetivos a nivel de la salud, las relaciones, la prosperidad, la protecci\u00f3n, etc. Con los Mandalas Radi\u00f3nicos podr\u00e1s crear el ambiente\u2026","rel":"","context":"Entrada similar","block_context":{"text":"Entrada similar","link":""},"img":{"alt_text":"","src":"https:\/\/i0.wp.com\/multiofertasvip.com\/wp-content\/uploads\/2023\/04\/mandalas.jpg?fit=200%2C200&ssl=1&resize=350%2C200","width":350,"height":200},"classes":[]},{"id":30616,"url":"https:\/\/multiofertasvip.com\/?product=mesa-radionica-de-ganesha-para-la-prosperidad-adriana-echeverri","url_meta":{"origin":30415,"position":4},"title":"Mesa Radi\u00f3nica de Ganesha para la prosperidad-Adriana Echeverri","author":"multiofertasvip","date":"noviembre 10, 2022","format":false,"excerpt":"\u00a0 \u00a0 \u00a0 \u00a0","rel":"","context":"Entrada similar","block_context":{"text":"Entrada similar","link":""},"img":{"alt_text":"","src":"https:\/\/i0.wp.com\/multiofertasvip.com\/wp-content\/uploads\/2022\/11\/ganesha.jpg?fit=200%2C200&ssl=1&resize=350%2C200","width":350,"height":200},"classes":[]},{"id":34818,"url":"https:\/\/multiofertasvip.com\/?product=formacion-integral-de-tarot-egipcio-los-78-arcanos-guillermo-bergandi","url_meta":{"origin":30415,"position":5},"title":"Formaci\u00f3n Integral de Tarot Egipcio Los 78 Arcanos- Guillermo Bergandi","author":"multiofertasvip","date":"febrero 18, 2026","format":false,"excerpt":"La Formaci\u00f3n Integral de Tarot Egipcio es un viaje profundo hacia el autoconocimiento, la sabidur\u00eda ancestral y la toma de decisiones conscientes. A trav\u00e9s de este curso pr\u00e1ctico y accesible, aprender\u00e1s a interpretar los 78 Arcanos del Tarot Egipcio de manera clara, simb\u00f3lica y aplicable a la vida cotidiana, incluso\u2026","rel":"","context":"Entrada similar","block_context":{"text":"Entrada similar","link":""},"img":{"alt_text":"","src":"https:\/\/i0.wp.com\/multiofertasvip.com\/wp-content\/uploads\/2026\/02\/TarotEgipcio.png?fit=200%2C200&ssl=1&resize=350%2C200","width":350,"height":200},"classes":[]}],"jetpack_sharing_enabled":true,"jetpack_likes_enabled":true,"_links":{"self":[{"href":"https:\/\/multiofertasvip.com\/index.php?rest_route=\/wp\/v2\/product\/30415","targetHints":{"allow":["GET"]}}],"collection":[{"href":"https:\/\/multiofertasvip.com\/index.php?rest_route=\/wp\/v2\/product"}],"about":[{"href":"https:\/\/multiofertasvip.com\/index.php?rest_route=\/wp\/v2\/types\/product"}],"version-history":[{"count":0,"href":"https:\/\/multiofertasvip.com\/index.php?rest_route=\/wp\/v2\/product\/30415\/revisions"}],"wp:featuredmedia":[{"embeddable":true,"href":"https:\/\/multiofertasvip.com\/index.php?rest_route=\/wp\/v2\/media\/30417"}],"wp:attachment":[{"href":"https:\/\/multiofertasvip.com\/index.php?rest_route=%2Fwp%2Fv2%2Fmedia&parent=30415"}],"wp:term":[{"taxonomy":"product_brand","embeddable":true,"href":"https:\/\/multiofertasvip.com\/index.php?rest_route=%2Fwp%2Fv2%2Fproduct_brand&post=30415"},{"taxonomy":"product_cat","embeddable":true,"href":"https:\/\/multiofertasvip.com\/index.php?rest_route=%2Fwp%2Fv2%2Fproduct_cat&post=30415"},{"taxonomy":"product_tag","embeddable":true,"href":"https:\/\/multiofertasvip.com\/index.php?rest_route=%2Fwp%2Fv2%2Fproduct_tag&post=30415"}],"curies":[{"name":"wp","href":"https:\/\/api.w.org\/{rel}","templated":true}]}}