{"id":30398,"date":"2022-08-17T12:42:55","date_gmt":"2022-08-17T18:12:55","guid":{"rendered":"https:\/\/multiofertasvip.com\/?post_type=product&#038;p=30398"},"modified":"2022-08-17T12:47:44","modified_gmt":"2022-08-17T18:17:44","slug":"access-consciousness-mitos-ancestrales","status":"publish","type":"product","link":"https:\/\/multiofertasvip.com\/?product=access-consciousness-mitos-ancestrales","title":{"rendered":"Access Consciousness-Mitos Ancestrales"},"content":{"rendered":"<h2>Mitos ancestrales<\/h2>\n<p>\u00bfQu\u00e9 mitos crees que son reales?<\/p>\n<p>El mito de la familia, la familia lo es todo, de obligaci\u00f3n y responsabilidad. \u00bfEl mito del linaje y todo lo que te ata y te atrapa?<\/p>\n<p>\u00bfY si hasta la familia fuera una elecci\u00f3n y la elecci\u00f3n nunca termina?<\/p>\n<p>Por el mito de la familia has dado permiso a entidades para que te sigan por siempre.<\/p>\n<p>\u00bfQu\u00e9 m\u00e1s has creado que no sabes, eres o percibes?<br \/>\nDescubre c\u00f3mo tener una realidad diferente.<\/p>\n","protected":false},"excerpt":{"rendered":"<p>&nbsp;<\/p>\n<p>&nbsp;<\/p>\n<p>&nbsp;<\/p>\n<p>&nbsp;<\/p>\n<p>&nbsp;<\/p>\n<p>&nbsp;<\/p>\n<p>&nbsp;<\/p>\n","protected":false},"featured_media":30399,"template":"","meta":{"_monsterinsights_skip_tracking":false,"_monsterinsights_sitenote_active":false,"_monsterinsights_sitenote_note":"","_monsterinsights_sitenote_category":0,"jetpack_post_was_ever_published":false,"jetpack_publicize_message":"","jetpack_publicize_feature_enabled":true,"jetpack_social_post_already_shared":true,"jetpack_social_options":{"image_generator_settings":{"template":"highway","default_image_id":0,"font":"","enabled":false},"version":2}},"product_brand":[],"product_cat":[122],"product_tag":[263,260,211,254,119,251,215,257,249,243,230,182,226,253,236,229,228,232,258,234,262,239,77,220,265,219,107,225,240,238,108,242,235,244,266,267,248,210,245,212,250,227,106,255,264,252,217,216,233,261,73,25,237,231,247,221,246,222,223,224,259,241,256,218,213,214,53],"class_list":{"0":"post-30398","1":"product","2":"type-product","3":"status-publish","4":"has-post-thumbnail","6":"product_cat-access-consciousness","7":"product_tag-animales","8":"product_tag-biden","9":"product_tag-billetes","10":"product_tag-bitcoin","11":"product_tag-carrera","12":"product_tag-china","13":"product_tag-christopher-olivarrieta","14":"product_tag-cine","15":"product_tag-coranavirus","16":"product_tag-cultura","17":"product_tag-cursos","18":"product_tag-dinero","19":"product_tag-dios","20":"product_tag-dolar","21":"product_tag-enric-corbera","22":"product_tag-ensenanza-en-casa","23":"product_tag-escuela","24":"product_tag-especialidad","25":"product_tag-estrenos","26":"product_tag-estudios","27":"product_tag-facebook","28":"product_tag-famosos","29":"product_tag-fortalecimientos","30":"product_tag-free","31":"product_tag-gatos","32":"product_tag-gratis","33":"product_tag-guadalajara","34":"product_tag-guerra","35":"product_tag-humor","36":"product_tag-internet","37":"product_tag-introduccion","38":"product_tag-juegos","39":"product_tag-lavin","40":"product_tag-manga","41":"product_tag-mercado-libre","42":"product_tag-mercado-pago","43":"product_tag-meteorologia","44":"product_tag-moneda","45":"product_tag-musica","46":"product_tag-nuevo","47":"product_tag-omnicron","48":"product_tag-oracion","49":"product_tag-osvaldo","50":"product_tag-peliculas","51":"product_tag-perros","52":"product_tag-peso","53":"product_tag-porn","54":"product_tag-porno","55":"product_tag-profesional","56":"product_tag-putin","57":"product_tag-salud","58":"product_tag-sanacion","59":"product_tag-sexo","60":"product_tag-talleres","61":"product_tag-television","62":"product_tag-terapias","63":"product_tag-trabajo","64":"product_tag-ucrania","65":"product_tag-ukrania","66":"product_tag-usa","67":"product_tag-vacuna","68":"product_tag-viajes","69":"product_tag-videos","70":"product_tag-xxx","71":"product_tag-youtube","72":"product_tag-youtube-yuen-guadalajara","73":"product_tag-yuen","75":"first","76":"instock","77":"downloadable","78":"virtual","79":"purchasable","80":"product-type-simple"},"jetpack_publicize_connections":[],"jetpack-related-posts":[{"id":35305,"url":"https:\/\/multiofertasvip.com\/?product=finanzas-para-padres-laura-mascaro-2","url_meta":{"origin":30398,"position":0},"title":"Finanzas Para Padres \u2013 Laura Mascar\u00f3","author":"multiofertasvip","date":"abril 2, 2026","format":false,"excerpt":"\u00a0 \u00a0 \u00a0 \u00a0 \u00a0 \u00a0 \u00a0","rel":"","context":"Entrada similar","block_context":{"text":"Entrada similar","link":""},"img":{"alt_text":"","src":"https:\/\/i0.wp.com\/multiofertasvip.com\/wp-content\/uploads\/2026\/04\/finanzas-para-padres.jpg?fit=200%2C200&ssl=1&resize=350%2C200","width":350,"height":200},"classes":[]},{"id":29863,"url":"https:\/\/multiofertasvip.com\/?product=taller-ansiedad-y-depresion-en-video-yuen-guadalajara","url_meta":{"origin":30398,"position":1},"title":"Taller Ansiedad y Depresion En Video -Yuen Guadalajara","author":"multiofertasvip","date":"abril 20, 2021","format":false,"excerpt":"\u00a0 \u00a0 \u00a0 \u00a0 \u00a0 \u00a0 \u00a0","rel":"","context":"Entrada similar","block_context":{"text":"Entrada similar","link":""},"img":{"alt_text":"","src":"https:\/\/i0.wp.com\/multiofertasvip.com\/wp-content\/uploads\/2021\/04\/ansiedad-y-depresion.jpg?fit=200%2C200&ssl=1&resize=350%2C200","width":350,"height":200},"classes":[]},{"id":35272,"url":"https:\/\/multiofertasvip.com\/?product=metodo-konmar-especialista-en-decodificador-de-empresas-y-proyectos-maria-figun-2","url_meta":{"origin":30398,"position":2},"title":"Metodo KonMar &#8211; Especialista en Decodificador de empresas y proyectos Mar\u00eda Figun","author":"multiofertasvip","date":"marzo 27, 2026","format":false,"excerpt":"M\u00e9todo KonMar\u00a0de\u00a0Mar\u00eda Figun: formaci\u00f3n online para\u00a0decodificar\u00a0bloqueos en\u00a0econom\u00eda, empresas y proyectos. Integra 7 llaves del inconsciente, l\u00f3gica biol\u00f3gica y simbolog\u00eda para alinear prop\u00f3sito, finanzas y resultados.\u00a0Accede al curso ahora. \u00a0 \u00a0 \u00a0 \u00a0 \u00a0 \u00a0","rel":"","context":"Entrada similar","block_context":{"text":"Entrada similar","link":""},"img":{"alt_text":"","src":"https:\/\/i0.wp.com\/multiofertasvip.com\/wp-content\/uploads\/2026\/03\/metodo-konmar.png?fit=200%2C200&ssl=1&resize=350%2C200","width":350,"height":200},"classes":[]},{"id":29909,"url":"https:\/\/multiofertasvip.com\/?product=metodo-yuen-curso-especializado-4-sinergia-familia-dr-kam-yuen","url_meta":{"origin":30398,"position":3},"title":"M\u00e9todo Yuen &#8211; Curso Especializado 4. Sinergia Familia-Dr Kam Yuen","author":"multiofertasvip","date":"abril 22, 2021","format":false,"excerpt":"T\u00edtulo:\u00a0M\u00e9todo Yuen - Curso Especializado 4. Sinergia Familia Autor:\u00a0Dr. Kam Yuen Idioma:\u00a0Espa\u00f1ol Formatos:\u00a0mp3 (audio), pdf (ebook) Cantidad audios:\u00a08 Cantidad pdf:\u00a04 Peso total:\u00a086 MB \u00a0","rel":"","context":"Entrada similar","block_context":{"text":"Entrada similar","link":""},"img":{"alt_text":"","src":"https:\/\/i0.wp.com\/multiofertasvip.com\/wp-content\/uploads\/2021\/04\/curso-especializado-4.png?fit=200%2C200&ssl=1&resize=350%2C200","width":350,"height":200},"classes":[]},{"id":30045,"url":"https:\/\/multiofertasvip.com\/?product=metodo-yuen-guadalajara-taller-mejora-de-familia","url_meta":{"origin":30398,"position":4},"title":"M\u00e9todo Yuen Guadalajara &#8211; Taller  Mejora de Familia","author":"multiofertasvip","date":"octubre 18, 2021","format":false,"excerpt":"\u00a0 \u00a0 \u00a0 \u00a0 \u00a0 \u00a0 \u00a0","rel":"","context":"Entrada similar","block_context":{"text":"Entrada similar","link":""},"img":{"alt_text":"","src":"https:\/\/i0.wp.com\/multiofertasvip.com\/wp-content\/uploads\/2021\/10\/metodo-yuen-guadalajara-taller-mejora-de-la-familia.jpg?fit=200%2C200&ssl=1&resize=350%2C200","width":350,"height":200},"classes":[]},{"id":29859,"url":"https:\/\/multiofertasvip.com\/?product=taller-desarrolla-tu-intucion-en-video-yuen-guadalajara","url_meta":{"origin":30398,"position":5},"title":"Taller Desarrolla tu Intucion En Video -Yuen Guadalajara 2020","author":"multiofertasvip","date":"abril 20, 2021","format":false,"excerpt":"\u00a0 \u00a0 \u00a0 \u00a0 \u00a0 \u00a0 \u00a0","rel":"","context":"Entrada similar","block_context":{"text":"Entrada similar","link":""},"img":{"alt_text":"","src":"https:\/\/i0.wp.com\/multiofertasvip.com\/wp-content\/uploads\/2021\/04\/intuicion-1.jpg?fit=200%2C200&ssl=1&resize=350%2C200","width":350,"height":200},"classes":[]}],"jetpack_sharing_enabled":true,"jetpack_likes_enabled":true,"_links":{"self":[{"href":"https:\/\/multiofertasvip.com\/index.php?rest_route=\/wp\/v2\/product\/30398","targetHints":{"allow":["GET"]}}],"collection":[{"href":"https:\/\/multiofertasvip.com\/index.php?rest_route=\/wp\/v2\/product"}],"about":[{"href":"https:\/\/multiofertasvip.com\/index.php?rest_route=\/wp\/v2\/types\/product"}],"version-history":[{"count":0,"href":"https:\/\/multiofertasvip.com\/index.php?rest_route=\/wp\/v2\/product\/30398\/revisions"}],"wp:featuredmedia":[{"embeddable":true,"href":"https:\/\/multiofertasvip.com\/index.php?rest_route=\/wp\/v2\/media\/30399"}],"wp:attachment":[{"href":"https:\/\/multiofertasvip.com\/index.php?rest_route=%2Fwp%2Fv2%2Fmedia&parent=30398"}],"wp:term":[{"taxonomy":"product_brand","embeddable":true,"href":"https:\/\/multiofertasvip.com\/index.php?rest_route=%2Fwp%2Fv2%2Fproduct_brand&post=30398"},{"taxonomy":"product_cat","embeddable":true,"href":"https:\/\/multiofertasvip.com\/index.php?rest_route=%2Fwp%2Fv2%2Fproduct_cat&post=30398"},{"taxonomy":"product_tag","embeddable":true,"href":"https:\/\/multiofertasvip.com\/index.php?rest_route=%2Fwp%2Fv2%2Fproduct_tag&post=30398"}],"curies":[{"name":"wp","href":"https:\/\/api.w.org\/{rel}","templated":true}]}}