{"id":30373,"date":"2022-07-27T14:12:28","date_gmt":"2022-07-27T19:42:28","guid":{"rendered":"https:\/\/multiofertasvip.com\/?post_type=product&#038;p=30373"},"modified":"2024-01-23T11:54:43","modified_gmt":"2024-01-23T17:24:43","slug":"taller-tarot-y-numerologia-ismael-sanchez","status":"publish","type":"product","link":"https:\/\/multiofertasvip.com\/?product=taller-tarot-y-numerologia-ismael-sanchez","title":{"rendered":"Taller Tarot y Numerologia-Ismael Sanchez"},"content":{"rendered":"<h2><strong>4 Modulos<\/strong><\/h2>\n<h2><strong>1.- Camino de la Raiz<\/strong><\/h2>\n<p><strong>En este taller ahondaremos en el camino de vida RA\u00cdZ.<\/strong>\u00a0Tanto si eres una persona ra\u00edz como si tienes padres, hermanos, pareja, hijos, amigos o clientes ra\u00edces, comprender\u00e1s desde mi mapa canalizado de Tarot y Numerolog\u00eda los aspectos m\u00e1s importantes a sanar en el sendero del coraz\u00f3n, el cual he bautizado como el camino de la aceptaci\u00f3n.<\/p>\n<p><strong>Te llevar\u00e1s frases de soluci\u00f3n y rituales sanadores<\/strong>\u00a0para abrir tu coraz\u00f3n y tendr\u00e1s herramientas para comprender mejor a las personas ra\u00edces con las que te relaciones.<\/p>\n<p><strong>Tambi\u00e9n dispondr\u00e1s de una informaci\u00f3n relevante acerca de c\u00f3mo afrontar tus a\u00f1os y\/o ciclos ra\u00edces.<\/strong><\/p>\n<h2><strong>2.- Camino de la Vida Portal<\/strong><\/h2>\n<p><strong>En este taller ahondaremos en el camino de vida PORTAL.<\/strong>\u00a0Tanto si eres una persona portal como si tienes padres, hermanos, pareja, hijos, amigos o clientes portales, comprender\u00e1s desde mi mapa canalizado de Tarot y Numerolog\u00eda los aspectos m\u00e1s importantes a sanar en el sendero de la mente, el cual he bautizado como el camino del conocimiento.<\/p>\n<p><strong>Te llevar\u00e1s frases de soluci\u00f3n y rituales sanadores<\/strong>\u00a0para abrir tu mente y tendr\u00e1s herramientas para comprender mejor a las personas portales con las que te relaciones.<\/p>\n<p><strong>Tambi\u00e9n dispondr\u00e1s de una informaci\u00f3n relevante acerca de c\u00f3mo afrontar tus a\u00f1os y\/o ciclos portales.<\/strong><\/p>\n<h2><strong>3.- Camino Ala<\/strong><\/h2>\n<p><strong>En este taller ahondaremos en el camino de vida ALA.<\/strong>\u00a0Tanto si eres una persona ala como si tienes padres, hermanos, pareja, hijos, amigos o clientes alas, comprender\u00e1s desde mi mapa canalizado de Tarot y Numerolog\u00eda los aspectos m\u00e1s importantes a sanar en el sendero de la creatividad, el cual he bautizado como el camino del empoderamiento.<\/p>\n<p><strong>Te llevar\u00e1s frases de soluci\u00f3n y rituales sanadores<\/strong>\u00a0para abrir tu creatividad y tendr\u00e1s herramientas para comprender mejor a las personas alas con las que te relaciones.<\/p>\n<p><strong>Tambi\u00e9n dispondr\u00e1s de una informaci\u00f3n relevante acerca de c\u00f3mo afrontar tus a\u00f1os y\/o ciclos alas.\u00a0<\/strong><\/p>\n<h2><strong>4.- Camino de la Vida Integrador<\/strong><\/h2>\n<p><strong>En este taller ahondaremos en el camino de vida INTEGRADOR.<\/strong>\u00a0Tanto si eres una persona integradora como si tienes padres, hermanos, pareja, hijos, amigos o clientes integradores, comprender\u00e1s desde mi mapa canalizado de Tarot y Numerolog\u00eda los aspectos m\u00e1s importantes a sanar en el sendero de la gratitud, el cual he bautizado como el camino de la confianza.<\/p>\n<p><strong>Te llevar\u00e1s frases de soluci\u00f3n y rituales sanadores<\/strong>\u00a0para abrir tu cuerpo y tendr\u00e1s herramientas para comprender mejor a las personas integradoras con las que te relaciones.<\/p>\n<p><b>Tambi\u00e9n dispondr\u00e1s de una informaci\u00f3n relevante acerca de c\u00f3mo afrontar tus a\u00f1os y\/o ciclos integradores.<\/b><\/p>\n<p>&nbsp;<\/p>\n","protected":false},"excerpt":{"rendered":"<p>4 Modulos 1.- Camino de la Raiz En este taller ahondaremos en el camino de vida RA\u00cdZ.\u00a0Tanto si eres una persona ra\u00edz como si tienes padres, hermanos, pareja, hijos, amigos o clientes ra\u00edces, comprender\u00e1s desde mi mapa canalizado de Tarot y Numerolog\u00eda los aspectos m\u00e1s importantes a sanar en el sendero del coraz\u00f3n, el cual [&#8230;]\n","protected":false},"featured_media":30378,"template":"","meta":{"_monsterinsights_skip_tracking":false,"_monsterinsights_sitenote_active":false,"_monsterinsights_sitenote_note":"","_monsterinsights_sitenote_category":0,"jetpack_post_was_ever_published":false,"jetpack_publicize_message":"","jetpack_publicize_feature_enabled":true,"jetpack_social_post_already_shared":true,"jetpack_social_options":{"image_generator_settings":{"template":"highway","default_image_id":0,"font":"","enabled":false},"version":2}},"product_brand":[],"product_cat":[178],"product_tag":[211,119,215,249,243,230,182,226,236,229,228,232,234,239,220,219,225,240,238,242,235,244,248,210,245,212,250,227,217,216,233,73,237,231,247,221,246,222,223,224,241,218,213,53],"class_list":{"0":"post-30373","1":"product","2":"type-product","3":"status-publish","4":"has-post-thumbnail","6":"product_cat-tarot","7":"product_tag-billetes","8":"product_tag-carrera","9":"product_tag-christopher-olivarrieta","10":"product_tag-coranavirus","11":"product_tag-cultura","12":"product_tag-cursos","13":"product_tag-dinero","14":"product_tag-dios","15":"product_tag-enric-corbera","16":"product_tag-ensenanza-en-casa","17":"product_tag-escuela","18":"product_tag-especialidad","19":"product_tag-estudios","20":"product_tag-famosos","21":"product_tag-free","22":"product_tag-gratis","23":"product_tag-guerra","24":"product_tag-humor","25":"product_tag-internet","26":"product_tag-juegos","27":"product_tag-lavin","28":"product_tag-manga","29":"product_tag-meteorologia","30":"product_tag-moneda","31":"product_tag-musica","32":"product_tag-nuevo","33":"product_tag-omnicron","34":"product_tag-oracion","35":"product_tag-porn","36":"product_tag-porno","37":"product_tag-profesional","38":"product_tag-salud","39":"product_tag-sexo","40":"product_tag-talleres","41":"product_tag-television","42":"product_tag-terapias","43":"product_tag-trabajo","44":"product_tag-ucrania","45":"product_tag-ukrania","46":"product_tag-usa","47":"product_tag-viajes","48":"product_tag-xxx","49":"product_tag-youtube","50":"product_tag-yuen","52":"first","53":"instock","54":"downloadable","55":"virtual","56":"purchasable","57":"product-type-simple"},"jetpack_publicize_connections":[],"jetpack-related-posts":[{"id":319,"url":"https:\/\/multiofertasvip.com\/?product=curso-numerologia-transpersonal-nivel-1-y-2","url_meta":{"origin":30373,"position":0},"title":"Curso Numerologia Transpersonal Nivel 1 y 2","author":"multiofertasvip","date":"junio 3, 2019","format":false,"excerpt":"Los n\u00fameros han estado siempre presentes como valores, como ciencia, como auxiliares del arte, han sido sistemas, leyes, doctrinas, s\u00edmbolos sagrados y principios de sabidur\u00eda universal, como con Plat\u00f3n y suN\u00famero Nupcial; y Pit\u00e1goras con su\u00a0Paradigma, que combina C\u00e1bala, Astrolog\u00eda y Numerolog\u00eda. El Universo vibra, tiene resonancia, es ritmo, el\u2026","rel":"","context":"Con 1 comentario","block_context":{"text":"Con 1 comentario","link":"https:\/\/multiofertasvip.com\/?product=curso-numerologia-transpersonal-nivel-1-y-2#comments"},"img":{"alt_text":"","src":"https:\/\/i0.wp.com\/multiofertasvip.com\/wp-content\/uploads\/2019\/06\/numerologia.jpg?fit=200%2C200&ssl=1&resize=350%2C200","width":350,"height":200},"classes":[]},{"id":30759,"url":"https:\/\/multiofertasvip.com\/?product=curso-numerologia-nivel-1-y-2-macarena-giuliani","url_meta":{"origin":30373,"position":1},"title":"Curso Numerologia Nivel 1 y 2-Macarena Giuliani","author":"multiofertasvip","date":"marzo 3, 2023","format":false,"excerpt":"Los n\u00fameros han estado siempre presentes como valores, como ciencia, como auxiliares del arte, han sido sistemas, leyes, doctrinas, s\u00edmbolos sagrados y principios de sabidur\u00eda universal, como con Plat\u00f3n y suN\u00famero Nupcial; y Pit\u00e1goras con su\u00a0Paradigma, que combina C\u00e1bala, Astrolog\u00eda y Numerolog\u00eda. El Universo vibra, tiene resonancia, es ritmo, el\u2026","rel":"","context":"Con 1 comentario","block_context":{"text":"Con 1 comentario","link":"https:\/\/multiofertasvip.com\/?product=curso-numerologia-nivel-1-y-2-macarena-giuliani#comments"},"img":{"alt_text":"","src":"https:\/\/i0.wp.com\/multiofertasvip.com\/wp-content\/uploads\/2023\/03\/numerolia.png?fit=200%2C200&ssl=1&resize=350%2C200","width":350,"height":200},"classes":[]},{"id":34675,"url":"https:\/\/multiofertasvip.com\/?product=como-atraer-a-tu-pareja-ideal-o-mejorar-la-actual-assaya","url_meta":{"origin":30373,"position":2},"title":"Como ATRAER a tu PAREJA IDEAL o MEJORAR la ACTUAL-Assaya","author":"multiofertasvip","date":"enero 8, 2026","format":false,"excerpt":"Temario \u2665 En este taller aprender\u00e1s a realizar dos t\u00e9cnicas pr\u00e1cticas y sencillas junto al ARC\u00c1NGEL CHAMUEL y la carta del Tarot de los ENAMORADOS. \u00a0 \u2665 En la PRIMERA T\u00c9CNICA\u00a0aprender\u00e1s COMO ATRAER A TU VIDA A TU PAREJA IDEAL, la que te har\u00e1 feliz a ti y a la\u2026","rel":"","context":"Entrada similar","block_context":{"text":"Entrada similar","link":""},"img":{"alt_text":"","src":"https:\/\/i0.wp.com\/multiofertasvip.com\/wp-content\/uploads\/2026\/01\/pareja-ideal-assaya.png?fit=200%2C200&ssl=1&resize=350%2C200","width":350,"height":200},"classes":[]},{"id":34800,"url":"https:\/\/multiofertasvip.com\/?product=biodificacion-transgeneracional-romina-clemente","url_meta":{"origin":30373,"position":3},"title":"Biodificacion Transgeneracional-Romina Clemente","author":"multiofertasvip","date":"febrero 18, 2026","format":false,"excerpt":"\ud83c\udf1f\u00a0Transforma tu Vida con el Curso de Biodescodificaci\u00f3n Transgeneracional\u00a0\ud83c\udf1f \u00bfTe has preguntado alguna vez por qu\u00e9 enfrentas ciertos patrones repetitivos en tu vida? \u00bfO por qu\u00e9 algunas emociones y traumas parecen acompa\u00f1arte a lo largo de generaciones? \u00a1Es hora de romper cadenas y sanar! Descubre el poder de la Biodescodificaci\u00f3n\u2026","rel":"","context":"Entrada similar","block_context":{"text":"Entrada similar","link":""},"img":{"alt_text":"","src":"https:\/\/i0.wp.com\/multiofertasvip.com\/wp-content\/uploads\/2026\/02\/biodescodificacion.png?fit=200%2C200&ssl=1&resize=350%2C200","width":350,"height":200},"classes":[]},{"id":35044,"url":"https:\/\/multiofertasvip.com\/?product=curso-grabado-numerologia-pitagorica-tienditadelalma-2","url_meta":{"origin":30373,"position":4},"title":"Curso Grabado Numerolog\u00eda Pitagorica-Tienditadelalma","author":"multiofertasvip","date":"marzo 12, 2026","format":false,"excerpt":"\u00a0 \u00a0 \u00a0 \u00a0","rel":"","context":"Entrada similar","block_context":{"text":"Entrada similar","link":""},"img":{"alt_text":"","src":"https:\/\/i0.wp.com\/institutolta.com\/wp-content\/uploads\/2024\/05\/numerologia.jpg?resize=350%2C200&ssl=1","width":350,"height":200,"srcset":"https:\/\/i0.wp.com\/institutolta.com\/wp-content\/uploads\/2024\/05\/numerologia.jpg?resize=350%2C200&ssl=1 1x, https:\/\/i0.wp.com\/institutolta.com\/wp-content\/uploads\/2024\/05\/numerologia.jpg?resize=525%2C300&ssl=1 1.5x"},"classes":[]},{"id":32821,"url":"https:\/\/multiofertasvip.com\/?product=el-club-del-1-mayo-2024-daniela-correa","url_meta":{"origin":30373,"position":5},"title":"El Club del 1% Mayo 2024-Daniela Correa","author":"multiofertasvip","date":"mayo 13, 2024","format":false,"excerpt":"El Club del 1%\u00a0es un t\u00e9rmino que hace referencia a ese peque\u00f1o porcentaje de la poblaci\u00f3n mundial que acumula el 99% de los recursos materiales del planeta. \u00bfTe cuento algo? Yo formo parte de ese peque\u00f1o grupo de personas que\u00a0acumula \u00a1casi el total de la riqueza del mundo! Pero no\u2026","rel":"","context":"Entrada similar","block_context":{"text":"Entrada similar","link":""},"img":{"alt_text":"","src":"https:\/\/i0.wp.com\/multiofertasvip.com\/wp-content\/uploads\/2024\/05\/el-club2024.png?fit=200%2C200&ssl=1&resize=350%2C200","width":350,"height":200},"classes":[]}],"jetpack_sharing_enabled":true,"jetpack_likes_enabled":true,"_links":{"self":[{"href":"https:\/\/multiofertasvip.com\/index.php?rest_route=\/wp\/v2\/product\/30373","targetHints":{"allow":["GET"]}}],"collection":[{"href":"https:\/\/multiofertasvip.com\/index.php?rest_route=\/wp\/v2\/product"}],"about":[{"href":"https:\/\/multiofertasvip.com\/index.php?rest_route=\/wp\/v2\/types\/product"}],"version-history":[{"count":0,"href":"https:\/\/multiofertasvip.com\/index.php?rest_route=\/wp\/v2\/product\/30373\/revisions"}],"wp:featuredmedia":[{"embeddable":true,"href":"https:\/\/multiofertasvip.com\/index.php?rest_route=\/wp\/v2\/media\/30378"}],"wp:attachment":[{"href":"https:\/\/multiofertasvip.com\/index.php?rest_route=%2Fwp%2Fv2%2Fmedia&parent=30373"}],"wp:term":[{"taxonomy":"product_brand","embeddable":true,"href":"https:\/\/multiofertasvip.com\/index.php?rest_route=%2Fwp%2Fv2%2Fproduct_brand&post=30373"},{"taxonomy":"product_cat","embeddable":true,"href":"https:\/\/multiofertasvip.com\/index.php?rest_route=%2Fwp%2Fv2%2Fproduct_cat&post=30373"},{"taxonomy":"product_tag","embeddable":true,"href":"https:\/\/multiofertasvip.com\/index.php?rest_route=%2Fwp%2Fv2%2Fproduct_tag&post=30373"}],"curies":[{"name":"wp","href":"https:\/\/api.w.org\/{rel}","templated":true}]}}