{"id":30345,"date":"2022-07-11T15:57:40","date_gmt":"2022-07-11T21:27:40","guid":{"rendered":"https:\/\/multiofertasvip.com\/?post_type=product&#038;p=30345"},"modified":"2022-07-11T16:04:20","modified_gmt":"2022-07-11T21:34:20","slug":"taller-para-ninos-y-adolecentes-yuen-guadalajara","status":"publish","type":"product","link":"https:\/\/multiofertasvip.com\/?product=taller-para-ninos-y-adolecentes-yuen-guadalajara","title":{"rendered":"Taller para ni\u00f1os y Adolecentes-Yuen Guadalajara"},"content":{"rendered":"<div class=\"cxmmr5t8 oygrvhab hcukyx3x c1et5uql o9v6fnle\">*El objetivo es que los ni\u00f1os y adolescentes aprendan COMANDOS DE PODER que van a cambiar la energ\u00eda de una situaci\u00f3n, de ellos y de otros, TODO a su favor y para su beneficio.*<\/div>\n<div class=\"cxmmr5t8 oygrvhab hcukyx3x c1et5uql o9v6fnle\">Parte del Temario:<\/div>\n<div class=\"cxmmr5t8 oygrvhab hcukyx3x c1et5uql o9v6fnle\"><span class=\"pq6dq46d tbxw36s4 knj5qynh kvgmc6g5 ditlmg2l oygrvhab nvdbi5me sf5mxxl7 gl3lb2sf hhz5lgdu\"><img decoding=\"async\" src=\"https:\/\/static.xx.fbcdn.net\/images\/emoji.php\/v9\/tac\/1\/16\/1f4cc.png\" alt=\"\ud83d\udccc\" width=\"16\" height=\"16\" \/><\/span>QUE HACER CUANDO:<\/div>\n<div class=\"cxmmr5t8 oygrvhab hcukyx3x c1et5uql o9v6fnle\">&#8211; Estoy triste, enojado<br \/>\n&#8211; Me sienta solo, sin fuerzas, con miedo<br \/>\n&#8211; Mis padres peleen<br \/>\n&#8211; Me rega\u00f1en<br \/>\n&#8211; Otros me agredan<br \/>\n&#8211; Sienta que estoy en peligro<br \/>\n&#8211; Quiera aprender algo nuevo<br \/>\n&#8211; Sacar buenas calificaciones<br \/>\n&#8211; Mejorar en un deporte<br \/>\n&#8211; Quiera tener mas amigos<br \/>\n&#8211; Quiera crecer, bajar, subir de peso<br \/>\n&#8211; Quiera conseguir cosas<br \/>\n&#8211; Tenga un accidente<br \/>\n&#8211; Tenga que ir al doctor<br \/>\n&#8211; Tome medicina<br \/>\n&#8211; Me duela alguna parte del cuerpo<br \/>\n&#8211; Para presentar ex\u00e1menes, concentrarme m\u00e1s<br \/>\n&#8211; Y OTRAS COSAS M\u00c1S.<\/div>\n<div><\/div>\n<div>\n<div class=\"cxmmr5t8 oygrvhab hcukyx3x c1et5uql o9v6fnle\"><span class=\"pq6dq46d tbxw36s4 knj5qynh kvgmc6g5 ditlmg2l oygrvhab nvdbi5me sf5mxxl7 gl3lb2sf hhz5lgdu\"><img decoding=\"async\" src=\"https:\/\/static.xx.fbcdn.net\/images\/emoji.php\/v9\/t1b\/1\/16\/1f53a.png\" alt=\"\ud83d\udd3a\" width=\"16\" height=\"16\" \/><\/span>INCLUYE<span class=\"pq6dq46d tbxw36s4 knj5qynh kvgmc6g5 ditlmg2l oygrvhab nvdbi5me sf5mxxl7 gl3lb2sf hhz5lgdu\"><img decoding=\"async\" src=\"https:\/\/static.xx.fbcdn.net\/images\/emoji.php\/v9\/t1b\/1\/16\/1f53a.png\" alt=\"\ud83d\udd3a\" width=\"16\" height=\"16\" \/><\/span><\/div>\n<div class=\"cxmmr5t8 oygrvhab hcukyx3x c1et5uql o9v6fnle\"><span class=\"pq6dq46d tbxw36s4 knj5qynh kvgmc6g5 ditlmg2l oygrvhab nvdbi5me sf5mxxl7 gl3lb2sf hhz5lgdu\"><img decoding=\"async\" src=\"https:\/\/static.xx.fbcdn.net\/images\/emoji.php\/v9\/t9a\/1\/16\/1f4d2.png\" alt=\"\ud83d\udcd2\" width=\"16\" height=\"16\" \/><\/span>\u00a0Manual: Con comandos muy f\u00e1ciles<\/div>\n<div class=\"cxmmr5t8 oygrvhab hcukyx3x c1et5uql o9v6fnle\"><span class=\"pq6dq46d tbxw36s4 knj5qynh kvgmc6g5 ditlmg2l oygrvhab nvdbi5me sf5mxxl7 gl3lb2sf hhz5lgdu\"><img loading=\"lazy\" decoding=\"async\" src=\"https:\/\/static.xx.fbcdn.net\/images\/emoji.php\/v9\/tff\/1\/16\/1f3a5.png\" alt=\"\ud83c\udfa5\" width=\"16\" height=\"16\" \/><\/span>\u00a0Grabaci\u00f3n de todo el curso en video y en audio mp3<\/div>\n<\/div>\n<div><\/div>\n<div>\n<div class=\"cxmmr5t8 oygrvhab hcukyx3x c1et5uql o9v6fnle\"><span class=\"pq6dq46d tbxw36s4 knj5qynh kvgmc6g5 ditlmg2l oygrvhab nvdbi5me sf5mxxl7 gl3lb2sf hhz5lgdu\"><img loading=\"lazy\" decoding=\"async\" src=\"https:\/\/static.xx.fbcdn.net\/images\/emoji.php\/v9\/tcc\/1\/16\/1f4dd.png\" alt=\"\ud83d\udcdd\" width=\"16\" height=\"16\" \/><\/span>\u00a0QUIENES PUEDEN TOMARLO:<\/div>\n<div class=\"cxmmr5t8 oygrvhab hcukyx3x c1et5uql o9v6fnle\">Todos pueden tomarlo:<\/div>\n<div class=\"cxmmr5t8 oygrvhab hcukyx3x c1et5uql o9v6fnle\"><span class=\"pq6dq46d tbxw36s4 knj5qynh kvgmc6g5 ditlmg2l oygrvhab nvdbi5me sf5mxxl7 gl3lb2sf hhz5lgdu\"><img loading=\"lazy\" decoding=\"async\" src=\"https:\/\/static.xx.fbcdn.net\/images\/emoji.php\/v9\/t2d\/1\/16\/1f4cd.png\" alt=\"\ud83d\udccd\" width=\"16\" height=\"16\" \/><\/span>Adultos que quieran aprender para ense\u00f1ar a sus hijos, sobrinos etc<\/div>\n<div class=\"cxmmr5t8 oygrvhab hcukyx3x c1et5uql o9v6fnle\"><span class=\"pq6dq46d tbxw36s4 knj5qynh kvgmc6g5 ditlmg2l oygrvhab nvdbi5me sf5mxxl7 gl3lb2sf hhz5lgdu\"><img loading=\"lazy\" decoding=\"async\" src=\"https:\/\/static.xx.fbcdn.net\/images\/emoji.php\/v9\/t2d\/1\/16\/1f4cd.png\" alt=\"\ud83d\udccd\" width=\"16\" height=\"16\" \/><\/span>Adolescentes que quieran tener herramientas para avanzar r\u00e1pidamente<\/div>\n<div class=\"cxmmr5t8 oygrvhab hcukyx3x c1et5uql o9v6fnle\"><span class=\"pq6dq46d tbxw36s4 knj5qynh kvgmc6g5 ditlmg2l oygrvhab nvdbi5me sf5mxxl7 gl3lb2sf hhz5lgdu\"><img loading=\"lazy\" decoding=\"async\" src=\"https:\/\/static.xx.fbcdn.net\/images\/emoji.php\/v9\/t2d\/1\/16\/1f4cd.png\" alt=\"\ud83d\udccd\" width=\"16\" height=\"16\" \/><\/span>Cualquier persona de cualquier edad que quiera aprender a fortalecerse<\/div>\n<div class=\"cxmmr5t8 oygrvhab hcukyx3x c1et5uql o9v6fnle\">Si inscriben a un ni\u00f1o puede estar el adulto acompa\u00f1\u00e1ndolo.<\/div>\n<div class=\"cxmmr5t8 oygrvhab hcukyx3x c1et5uql o9v6fnle\">*UNICO REQUISITO:* Que sepan leer.<\/div>\n<\/div>\n","protected":false},"excerpt":{"rendered":"<p>*El objetivo es que los ni\u00f1os y adolescentes aprendan COMANDOS DE PODER que van a cambiar la energ\u00eda de una situaci\u00f3n, de ellos y de otros, TODO a su favor y para su beneficio.* Parte del Temario: QUE HACER CUANDO: &#8211; Estoy triste, enojado &#8211; Me sienta solo, sin fuerzas, con miedo &#8211; Mis padres [&#8230;]\n","protected":false},"featured_media":30346,"template":"","meta":{"_monsterinsights_skip_tracking":false,"_monsterinsights_sitenote_active":false,"_monsterinsights_sitenote_note":"","_monsterinsights_sitenote_category":0,"jetpack_post_was_ever_published":false,"jetpack_publicize_message":"","jetpack_publicize_feature_enabled":true,"jetpack_social_post_already_shared":true,"jetpack_social_options":{"image_generator_settings":{"template":"highway","default_image_id":0,"font":"","enabled":false},"version":2}},"product_brand":[],"product_cat":[87],"product_tag":[211,119,215,249,243,230,182,226,236,229,228,232,234,239,220,219,225,240,238,242,235,244,248,210,245,212,250,227,217,216,233,73,237,231,247,221,246,222,223,224,241,218,213,53],"class_list":{"0":"post-30345","1":"product","2":"type-product","3":"status-publish","4":"has-post-thumbnail","6":"product_cat-metodo-yuen","7":"product_tag-billetes","8":"product_tag-carrera","9":"product_tag-christopher-olivarrieta","10":"product_tag-coranavirus","11":"product_tag-cultura","12":"product_tag-cursos","13":"product_tag-dinero","14":"product_tag-dios","15":"product_tag-enric-corbera","16":"product_tag-ensenanza-en-casa","17":"product_tag-escuela","18":"product_tag-especialidad","19":"product_tag-estudios","20":"product_tag-famosos","21":"product_tag-free","22":"product_tag-gratis","23":"product_tag-guerra","24":"product_tag-humor","25":"product_tag-internet","26":"product_tag-juegos","27":"product_tag-lavin","28":"product_tag-manga","29":"product_tag-meteorologia","30":"product_tag-moneda","31":"product_tag-musica","32":"product_tag-nuevo","33":"product_tag-omnicron","34":"product_tag-oracion","35":"product_tag-porn","36":"product_tag-porno","37":"product_tag-profesional","38":"product_tag-salud","39":"product_tag-sexo","40":"product_tag-talleres","41":"product_tag-television","42":"product_tag-terapias","43":"product_tag-trabajo","44":"product_tag-ucrania","45":"product_tag-ukrania","46":"product_tag-usa","47":"product_tag-viajes","48":"product_tag-xxx","49":"product_tag-youtube","50":"product_tag-yuen","52":"first","53":"instock","54":"shipping-taxable","55":"purchasable","56":"product-type-simple"},"jetpack_publicize_connections":[],"jetpack-related-posts":[{"id":33600,"url":"https:\/\/multiofertasvip.com\/?product=terapeuta-angelical-educlases-online","url_meta":{"origin":30345,"position":0},"title":"Terapeuta Angelical-Educlases.online","author":"multiofertasvip","date":"enero 29, 2025","format":false,"excerpt":"Este curso es para ti si: \u00bfTe encuentras en un momento de mucha confusi\u00f3n y necesitas volver a encontrar tu equilibrio interno? \u00bfQuieres aprender a sanar internamente de situaciones que te han hecho mucho da\u00f1o emocional? \u00bfSientes que est\u00e1s en un punto de profunda angustia en tu vida y necesitas\u2026","rel":"","context":"Entrada similar","block_context":{"text":"Entrada similar","link":""},"img":{"alt_text":"","src":"https:\/\/i0.wp.com\/multiofertasvip.com\/wp-content\/uploads\/2025\/01\/terapeuta-angelical.jpg?fit=200%2C200&ssl=1&resize=350%2C200","width":350,"height":200},"classes":[]},{"id":33510,"url":"https:\/\/multiofertasvip.com\/?product=academia-de-riqueza-tatiana-arias","url_meta":{"origin":30345,"position":1},"title":"Academia de Riqueza Tatiana Arias","author":"multiofertasvip","date":"diciembre 19, 2024","format":false,"excerpt":"La \u00danica Comunidad del Mercado Hispano\u2026 La\u00a0F\u00f3rmula Paso a Paso\u00a0para Crear Riqueza y poder vivir en plena Libertad y Tranquilidad Financiera (te encuentres en la situaci\u00f3n que te encuentres).\u00a0\u00a0Aprende c\u00f3mo hacer para que el dinero\u00a0trabaje para ti hoy mismo. \u00a0\u00a0Lo que conseguir\u00e1s con este programa pr\u00e1ctico y concreto \u00a1Felicitaciones! Hoy\u2026","rel":"","context":"Entrada similar","block_context":{"text":"Entrada similar","link":""},"img":{"alt_text":"","src":"https:\/\/i0.wp.com\/multiofertasvip.com\/wp-content\/uploads\/2024\/12\/academia-de-riqueza.jpg?fit=200%2C200&ssl=1&resize=350%2C200","width":350,"height":200},"classes":[]},{"id":35363,"url":"https:\/\/multiofertasvip.com\/?product=inteligencia-artificial-para-creadores-de-contenido-2","url_meta":{"origin":30345,"position":2},"title":"Inteligencia Artificial Para Creadores de Contenido","author":"multiofertasvip","date":"abril 1, 2026","format":false,"excerpt":"\u00a0 \u00a0 \u00a0 \u00a0 \u00a0 \u00a0 \u00a0","rel":"","context":"Entrada similar","block_context":{"text":"Entrada similar","link":""},"img":{"alt_text":"","src":"https:\/\/i0.wp.com\/multiofertasvip.com\/wp-content\/uploads\/2026\/04\/curso-ia-para-crear-contenido-1.jpg?fit=200%2C200&ssl=1&resize=350%2C200","width":350,"height":200},"classes":[]},{"id":30886,"url":"https:\/\/multiofertasvip.com\/?product=dale-al-play-formacion-online-sobre-los-munecos-en-constelaciones","url_meta":{"origin":30345,"position":3},"title":"Dale al Play- Formaci\u00f3n online sobre los mu\u00f1ecos en Constelaciones","author":"multiofertasvip","date":"abril 14, 2026","format":false,"excerpt":"Dale al Play es la \u00fanica formaci\u00f3n online sobre los mu\u00f1ecos como herramienta proyectiva y que, adem\u00e1s, incluye un contenido t\u00e9cnico de gran profundidad (sist\u00e9mica, transgeneracional, ni\u00f1o interior, narrativa, entre otros\u2026). Aprende a usar los mu\u00f1ecos como herramienta proyectiva y difer\u00e9nciate de otros profesionales de la ayuda, mientras generas sesiones\u2026","rel":"","context":"Entrada similar","block_context":{"text":"Entrada similar","link":""},"img":{"alt_text":"","src":"https:\/\/i0.wp.com\/multiofertasvip.com\/wp-content\/uploads\/2023\/07\/PLAY.png?fit=200%2C200&ssl=1&resize=350%2C200","width":350,"height":200},"classes":[]},{"id":34123,"url":"https:\/\/multiofertasvip.com\/?product=curso-pendulo-universal-almasaran","url_meta":{"origin":30345,"position":4},"title":"Curso Pendulo Universal Almasaran","author":"multiofertasvip","date":"agosto 6, 2025","format":false,"excerpt":"\u00bfQu\u00e9 es el p\u00e9ndulo Universal? Desde mi experiencia, el P\u00e9ndulo Universal es una herramienta de Luz imprescindible para cualquier terapeuta, que quiera facilitar un servicio exclusivo y diferente, con la seguridad de estar ofreciendo un Plus de calidad en sus sesiones. Adem\u00e1s es perfecta para cualquier persona que sienta la\u2026","rel":"","context":"Entrada similar","block_context":{"text":"Entrada similar","link":""},"img":{"alt_text":"","src":"https:\/\/i0.wp.com\/multiofertasvip.com\/wp-content\/uploads\/2025\/08\/PENDULO-UNIVERSAL.jpg?fit=200%2C200&ssl=1&resize=350%2C200","width":350,"height":200},"classes":[]},{"id":30257,"url":"https:\/\/multiofertasvip.com\/?product=curso-desata-el-poder-interior-anthony-robbins","url_meta":{"origin":30345,"position":5},"title":"Curso Desata el Poder Interior-Anthony Robbins","author":"multiofertasvip","date":"marzo 7, 2022","format":false,"excerpt":"\u00a0 Ser\u00e1s capaz de desarrollar el conocimiento y las herramientas para crear cambios y desafiar sus propias limitaciones. Esta es una gran oportunidad para que aprenda c\u00f3mo ser una persona m\u00e1s fuerte, m\u00e1s habilidosa y poderosa. Autor: Anthony Robbins Idioma: Espa\u00f1ol Formatos: mp4 (video), pdf (ebook), mp3 (audio), jpg (imagen)\u2026","rel":"","context":"Entrada similar","block_context":{"text":"Entrada similar","link":""},"img":{"alt_text":"","src":"https:\/\/i0.wp.com\/cursosvips.com\/wp-content\/uploads\/2022\/03\/Banner1-Curso-Desata-el-Poder-Interior-Tony-Robbins.jpg?resize=350%2C200&ssl=1","width":350,"height":200,"srcset":"https:\/\/i0.wp.com\/cursosvips.com\/wp-content\/uploads\/2022\/03\/Banner1-Curso-Desata-el-Poder-Interior-Tony-Robbins.jpg?resize=350%2C200&ssl=1 1x, https:\/\/i0.wp.com\/cursosvips.com\/wp-content\/uploads\/2022\/03\/Banner1-Curso-Desata-el-Poder-Interior-Tony-Robbins.jpg?resize=525%2C300&ssl=1 1.5x, https:\/\/i0.wp.com\/cursosvips.com\/wp-content\/uploads\/2022\/03\/Banner1-Curso-Desata-el-Poder-Interior-Tony-Robbins.jpg?resize=700%2C400&ssl=1 2x"},"classes":[]}],"jetpack_sharing_enabled":true,"jetpack_likes_enabled":true,"_links":{"self":[{"href":"https:\/\/multiofertasvip.com\/index.php?rest_route=\/wp\/v2\/product\/30345","targetHints":{"allow":["GET"]}}],"collection":[{"href":"https:\/\/multiofertasvip.com\/index.php?rest_route=\/wp\/v2\/product"}],"about":[{"href":"https:\/\/multiofertasvip.com\/index.php?rest_route=\/wp\/v2\/types\/product"}],"version-history":[{"count":0,"href":"https:\/\/multiofertasvip.com\/index.php?rest_route=\/wp\/v2\/product\/30345\/revisions"}],"wp:featuredmedia":[{"embeddable":true,"href":"https:\/\/multiofertasvip.com\/index.php?rest_route=\/wp\/v2\/media\/30346"}],"wp:attachment":[{"href":"https:\/\/multiofertasvip.com\/index.php?rest_route=%2Fwp%2Fv2%2Fmedia&parent=30345"}],"wp:term":[{"taxonomy":"product_brand","embeddable":true,"href":"https:\/\/multiofertasvip.com\/index.php?rest_route=%2Fwp%2Fv2%2Fproduct_brand&post=30345"},{"taxonomy":"product_cat","embeddable":true,"href":"https:\/\/multiofertasvip.com\/index.php?rest_route=%2Fwp%2Fv2%2Fproduct_cat&post=30345"},{"taxonomy":"product_tag","embeddable":true,"href":"https:\/\/multiofertasvip.com\/index.php?rest_route=%2Fwp%2Fv2%2Fproduct_tag&post=30345"}],"curies":[{"name":"wp","href":"https:\/\/api.w.org\/{rel}","templated":true}]}}