{"id":30343,"date":"2022-07-11T15:41:26","date_gmt":"2022-07-11T21:11:26","guid":{"rendered":"https:\/\/multiofertasvip.com\/?post_type=product&#038;p=30343"},"modified":"2022-07-11T15:47:50","modified_gmt":"2022-07-11T21:17:50","slug":"7x7-la-cuarentena-andina-leo-petrozzi","status":"publish","type":"product","link":"https:\/\/multiofertasvip.com\/?product=7x7-la-cuarentena-andina-leo-petrozzi","title":{"rendered":"7&#215;7 La Cuarentena Andina-Leo Petrozzi"},"content":{"rendered":"","protected":false},"excerpt":{"rendered":"<h1 class=\"vc_custom_heading h1\">Cada d\u00eda m\u00e1s personas descubren c\u00f3mo la\u00a0<b>Cosmovisi\u00f3n Andina les permite crear una nueva vida<\/b><\/h1>\n<div class=\"vc_empty_space\"><\/div>\n<div class=\"wpb_text_column wpb_content_element \">\n<div class=\"wpb_wrapper\">\n<p>Hechos concretos\u2026 desde que la Cosmovisi\u00f3n Andina ha salido a la luz de la cultura occidental no ha dejado de expandirse de forma sostenida. Los Principios y Codificaciones Andinas se practican en lugares tan distantes de los Andes como medio Oriente, Asia, Ocean\u00eda y Europa.<\/p>\n<h4>Y est\u00e1 claro para quien la descubre por qu\u00e9 esto es as\u00ed\u2026<\/h4>\n<p>Somos testigos privilegiados del renacimiento de una tradici\u00f3n que pone en manos de las personas un paradigma, una manera clara y distinta de relacionarnos con la vida misma.<\/p>\n<h4>El centro de tu Universo personal eres t\u00fa, no tus creencias heredadas e impuestas desde la sociedad<\/h4>\n<p>La manera en que la persona expande su capacidad de gestionar su realidad solo es comprendida cuando se experimenta la din\u00e1mica esencial de la Cu\u00e1ntica Andina.<\/p>\n<h3><span style=\"font-size: 25.92px;\">Solo si buscas <\/span><b style=\"font-size: 25.92px;\">tener resultados en tu vida<\/b><span style=\"font-size: 25.92px;\">\u00a0este taller es para ti<\/span><\/h3>\n<\/div>\n<h1 class=\"vc_custom_heading vc_custom_1522202556232\">La\u00a0<b>Cuarentena Andina<\/b>\u00a0es un Viaje Inici\u00e1tico \u00cdntimo que permite\u00a0<b>darle la vuelta como a un calcet\u00edn<\/b>\u00a0a la vida de quien quiere algo nuevo y distinto en esta etapa de su vida.<\/h1>\n<p>&nbsp;<\/p>\n<\/div>\n","protected":false},"featured_media":30344,"template":"","meta":{"_monsterinsights_skip_tracking":false,"_monsterinsights_sitenote_active":false,"_monsterinsights_sitenote_note":"","_monsterinsights_sitenote_category":0,"jetpack_post_was_ever_published":false,"jetpack_publicize_message":"","jetpack_publicize_feature_enabled":true,"jetpack_social_post_already_shared":true,"jetpack_social_options":{"image_generator_settings":{"template":"highway","default_image_id":0,"font":"","enabled":false},"version":2}},"product_brand":[],"product_cat":[32],"product_tag":[211,119,215,249,243,230,182,226,236,229,228,232,234,239,220,219,225,240,238,242,235,244,248,210,245,212,250,227,217,216,233,73,237,231,247,221,246,222,223,224,241,218,213,53],"class_list":{"0":"post-30343","1":"product","2":"type-product","3":"status-publish","4":"has-post-thumbnail","6":"product_cat-sanacion","7":"product_tag-billetes","8":"product_tag-carrera","9":"product_tag-christopher-olivarrieta","10":"product_tag-coranavirus","11":"product_tag-cultura","12":"product_tag-cursos","13":"product_tag-dinero","14":"product_tag-dios","15":"product_tag-enric-corbera","16":"product_tag-ensenanza-en-casa","17":"product_tag-escuela","18":"product_tag-especialidad","19":"product_tag-estudios","20":"product_tag-famosos","21":"product_tag-free","22":"product_tag-gratis","23":"product_tag-guerra","24":"product_tag-humor","25":"product_tag-internet","26":"product_tag-juegos","27":"product_tag-lavin","28":"product_tag-manga","29":"product_tag-meteorologia","30":"product_tag-moneda","31":"product_tag-musica","32":"product_tag-nuevo","33":"product_tag-omnicron","34":"product_tag-oracion","35":"product_tag-porn","36":"product_tag-porno","37":"product_tag-profesional","38":"product_tag-salud","39":"product_tag-sexo","40":"product_tag-talleres","41":"product_tag-television","42":"product_tag-terapias","43":"product_tag-trabajo","44":"product_tag-ucrania","45":"product_tag-ukrania","46":"product_tag-usa","47":"product_tag-viajes","48":"product_tag-xxx","49":"product_tag-youtube","50":"product_tag-yuen","52":"first","53":"instock","54":"shipping-taxable","55":"purchasable","56":"product-type-simple"},"jetpack_publicize_connections":[],"jetpack-related-posts":[{"id":34615,"url":"https:\/\/multiofertasvip.com\/?product=el-manifiesto-harry-potra","url_meta":{"origin":30343,"position":0},"title":"El Manifiesto \u2013 Harry Potra","author":"multiofertasvip","date":"diciembre 15, 2025","format":false,"excerpt":"\u00a1Descubre el poder del \u00abManifiesto\u00bb en nuestro curso exclusivo! Aprender\u00e1s a expresar tus ideas y proyectos de manera impactante y efectiva. A trav\u00e9s de ejercicios pr\u00e1cticos y ejemplos inspiradores, desarrollar\u00e1s la habilidad de comunicar tu visi\u00f3n y conectar con tu audiencia. Ideal para emprendedores, creativos y l\u00edderes que desean dejar\u2026","rel":"","context":"Entrada similar","block_context":{"text":"Entrada similar","link":""},"img":{"alt_text":"","src":"https:\/\/i0.wp.com\/multiofertasvip.com\/wp-content\/uploads\/2025\/12\/EL-MANIFIESTO.png?fit=200%2C200&ssl=1&resize=350%2C200","width":350,"height":200},"classes":[]},{"id":35248,"url":"https:\/\/multiofertasvip.com\/?product=metodo-pums-cesar-gonzales","url_meta":{"origin":30343,"position":1},"title":"M\u00e9todo PUMS C\u00e9sar Gonz\u00e1les","author":"multiofertasvip","date":"marzo 27, 2026","format":false,"excerpt":"\u00a0 \u00a0 \u00a0 \u00a0 \u00a0 \u00a0 \u00a0","rel":"","context":"Entrada similar","block_context":{"text":"Entrada similar","link":""},"img":{"alt_text":"","src":"https:\/\/i0.wp.com\/multiofertasvip.com\/wp-content\/uploads\/2026\/03\/bioenergetica.png?fit=200%2C200&ssl=1&resize=350%2C200","width":350,"height":200},"classes":[]},{"id":34131,"url":"https:\/\/multiofertasvip.com\/?product=curso-de-soul-communication-2-diana-arbol","url_meta":{"origin":30343,"position":2},"title":"Curso de Soul Communication 2-Diana Arbol","author":"multiofertasvip","date":"agosto 7, 2025","format":false,"excerpt":"Despu\u00e9s de haber integrado las 9 t\u00e9cnicas de acceso al Registro Ak\u00e1shico, aprender\u00e1s a acompa\u00f1ar a otros hacia el descubrimiento de su Ikigai, del descubrimiento del sentido de lo ocurrido en su vida, de sus relaciones, de los aprendizajes que a\u00fan necesita hacer, as\u00ed como del Origen y Prop\u00f3sito de\u2026","rel":"","context":"Entrada similar","block_context":{"text":"Entrada similar","link":""},"img":{"alt_text":"","src":"https:\/\/i0.wp.com\/multiofertasvip.com\/wp-content\/uploads\/2025\/08\/Ikigai2.png?fit=200%2C200&ssl=1&resize=350%2C200","width":350,"height":200},"classes":[]},{"id":34156,"url":"https:\/\/multiofertasvip.com\/?product=curso-premium-katsugen-undo-online-aura-lopez-copto","url_meta":{"origin":30343,"position":3},"title":"Curso Premium Katsugen Undo Online-Aura Lopez Copto","author":"multiofertasvip","date":"agosto 19, 2025","format":false,"excerpt":"Katsugen Undo, el recurso natural que revoluciona el autocuidado y que disfrutan miles de personas? \u00a0 Katsugen Undo es el movimiento natural que reestablece la salud. \u00bfSientes que te falta algo? As\u00ed es. Y acabas de encontrarlo. Katsugen Undo,\u00a0es la sencilla pr\u00e1ctica de\u00a0Seitai\u00a0que te ayudar\u00e1 a mantener tu Organismo equilibrado\u2026","rel":"","context":"Entrada similar","block_context":{"text":"Entrada similar","link":""},"img":{"alt_text":"","src":"https:\/\/i0.wp.com\/multiofertasvip.com\/wp-content\/uploads\/2025\/08\/katsugen-undo.png?fit=200%2C200&ssl=1&resize=350%2C200","width":350,"height":200},"classes":[]},{"id":30677,"url":"https:\/\/multiofertasvip.com\/?product=anclas-para-el-exito-edmundo-velasco","url_meta":{"origin":30343,"position":4},"title":"Anclas para el \u00e9xito Edmundo Velasco","author":"multiofertasvip","date":"enero 19, 2023","format":false,"excerpt":"\u00a0 Prep\u00e1rate para el 2023\u00a0 Descubre la poderosa t\u00e9cnica de Programaci\u00f3n Neuroling\u00fc\u00edstica que entra a tu mente inconsciente y te permite lograr resultados sobresalientes en todas las \u00e1reas de tu vida,\u00a0aunque en alg\u00fan momento hayas cre\u00eddo que alcanzar el \u00e9xito era imposible. \u2013\u00a0El \u00e9xito es para unos pocos afortunados.\u2013\u00a0No lo\u2026","rel":"","context":"Entrada similar","block_context":{"text":"Entrada similar","link":""},"img":{"alt_text":"","src":"https:\/\/i0.wp.com\/multiofertasvip.com\/wp-content\/uploads\/2023\/01\/anclas-para-el-exito-.jpg?fit=200%2C200&ssl=1&resize=350%2C200","width":350,"height":200},"classes":[]},{"id":35300,"url":"https:\/\/multiofertasvip.com\/?product=ruta-360-isabel-osorio-2","url_meta":{"origin":30343,"position":5},"title":"Ruta 360-Isabel Osorio","author":"multiofertasvip","date":"abril 2, 2026","format":false,"excerpt":"\u00a0 \u00a0 \u00a0 \u00a0 \u00a0 \u00a0 \u00a0","rel":"","context":"Entrada similar","block_context":{"text":"Entrada similar","link":""},"img":{"alt_text":"Ruta 360","src":"https:\/\/i0.wp.com\/cursoslux.com\/wp-content\/uploads\/2026\/03\/ruta-360.jpg?resize=350%2C200&ssl=1","width":350,"height":200},"classes":[]}],"jetpack_sharing_enabled":true,"jetpack_likes_enabled":true,"_links":{"self":[{"href":"https:\/\/multiofertasvip.com\/index.php?rest_route=\/wp\/v2\/product\/30343","targetHints":{"allow":["GET"]}}],"collection":[{"href":"https:\/\/multiofertasvip.com\/index.php?rest_route=\/wp\/v2\/product"}],"about":[{"href":"https:\/\/multiofertasvip.com\/index.php?rest_route=\/wp\/v2\/types\/product"}],"version-history":[{"count":0,"href":"https:\/\/multiofertasvip.com\/index.php?rest_route=\/wp\/v2\/product\/30343\/revisions"}],"wp:featuredmedia":[{"embeddable":true,"href":"https:\/\/multiofertasvip.com\/index.php?rest_route=\/wp\/v2\/media\/30344"}],"wp:attachment":[{"href":"https:\/\/multiofertasvip.com\/index.php?rest_route=%2Fwp%2Fv2%2Fmedia&parent=30343"}],"wp:term":[{"taxonomy":"product_brand","embeddable":true,"href":"https:\/\/multiofertasvip.com\/index.php?rest_route=%2Fwp%2Fv2%2Fproduct_brand&post=30343"},{"taxonomy":"product_cat","embeddable":true,"href":"https:\/\/multiofertasvip.com\/index.php?rest_route=%2Fwp%2Fv2%2Fproduct_cat&post=30343"},{"taxonomy":"product_tag","embeddable":true,"href":"https:\/\/multiofertasvip.com\/index.php?rest_route=%2Fwp%2Fv2%2Fproduct_tag&post=30343"}],"curies":[{"name":"wp","href":"https:\/\/api.w.org\/{rel}","templated":true}]}}