{"id":30338,"date":"2022-07-11T15:22:42","date_gmt":"2022-07-11T20:52:42","guid":{"rendered":"https:\/\/multiofertasvip.com\/?post_type=product&#038;p=30338"},"modified":"2022-07-11T15:31:50","modified_gmt":"2022-07-11T21:01:50","slug":"curso-online-arboles-cuanticos-1-pedro-gea-martinez","status":"publish","type":"product","link":"https:\/\/multiofertasvip.com\/?product=curso-online-arboles-cuanticos-1-pedro-gea-martinez","title":{"rendered":"Curso Online \u00c1rboles Cu\u00e1nticos 1-Pedro Gea Martinez"},"content":{"rendered":"<h4><strong>\u00bfHAS HECHO MILES DE CURSOS Y TE SIGUE FALTANDO ALGO?<\/strong><\/h4>\n<h4><strong>\u00bfQUIERES MEJORES RESULTADOS Y M\u00c1S R\u00c1PIDOS?<\/strong><\/h4>\n<h4><strong>\u00bfVERDADERAS TRANSFORMACIONES?<\/strong><\/h4>\n<h4><strong>\u00bfTe gustar\u00eda hacerle magia a tus clientes en 25 segundos?<\/strong><\/h4>\n<p>Si a\u00fan no lo has comprobado, no creer\u00e1s lo de la magia en 25 segundos<\/p>\n<p>&nbsp;<\/p>\n<h4><strong><u>PUEDES TRANSFORMAR TU VIDA, LA DE TUS CLIENTES Y\/O LA DE TUS SERES QUERIDOS teniendo mejores resultados y m\u00e1s r\u00e1pidos<\/u><\/strong><\/h4>\n<p>Puede que no te hayan dicho lo siguiente que te voy a comentar.<\/p>\n<p>Presta mucha atenci\u00f3n.<\/p>\n<p>La capacidad para resolver situaciones fastidiosas en la vida es, por mucho, lo m\u00e1s valioso que podemos tener las personas.<\/p>\n<p>La capacidad para resolver esto a tus seres queridos y personas de tu entorno es algo muy gratificante para todos.<\/p>\n<p>Y el hacerlo de forma profesional ya se torna extremadamente valioso si es tu medio de vida.<\/p>\n<p>Si adem\u00e1s puedes conseguir esto sin necesidad de tocar a nadie ni de tener que recomendar nada f\u00edsico y conectando a distancia con su informaci\u00f3n interna, eso ya es \u201cla leche\u201d (perm\u00edteme la expresi\u00f3n).<\/p>\n<p>Si dominas estas habilidades, nunca m\u00e1s tendr\u00e1s que preocuparte por tu futuro, ni por el de tus seres queridos y nunca tendr\u00e1s que preocuparte de tener o no tener resultados con tus clientes. Y es que pasar\u00e1s de pre-ocuparte a ocuparte de hacer todo lo que puedes hacer en el momento que haga falta.<\/p>\n<p>Para profesionales de las terapias o del coaching, la capacidad de resolver en muy poco tiempo las peque\u00f1as o grandes perturbaciones de un cliente sin tocarle e incluso sin estar en comunicaci\u00f3n con esa persona es algo tan raro como ver a un cuervo de tres ojos (bueno, la verdad es que ver a un cuervo normal tambi\u00e9n puede ser dif\u00edcil).<\/p>\n<p>Y si puedes hacerlo, si realmente puedes resolver en poco tiempo y de forma amable esas perturbaciones a tus clientes-consultantes y fortalecerlos para minimizarlas, pr\u00e1cticamente tendr\u00e1s asegurada tu consulta de por vida. Pero en vez de tener al mismo cliente muchas veces, tendr\u00e1s a muchos clientes que se recomendar\u00e1n unos a otros. Y es que mirando la sociedad actual, a\u00fan queda mucho trabajo por hacer y muchas personas a las que ayudar.<\/p>\n<p>Y como tambi\u00e9n puedes hacer eso por ti mismo\/a,\u00a0<strong>tendr\u00e1s una vida digna de ser vivida.<\/strong><\/p>\n<p>Ojo, no te estoy diciendo que tu vida vaya a ser felicidad en todo momento. Te estoy diciendo que vas a estar siempre preparado\/a para lo que pueda surgir, para poder accionar en consecuencia y para perturbarte al m\u00ednimo o no perturbarte.<\/p>\n<p>Y no te estoy diciendo que vayas a poder tener resultados extraordinarios en el 100% de los casos, pero s\u00ed que podr\u00e1s abordar cualquier caso y ayudar incluso a quienes han probado de todo y ya casi han tirado la toalla.<\/p>\n<p>Si a\u00fan no has usado algo como \u00c1rboles Cu\u00e1nticos y como mucho has usado herramientas buenas, pero lentas, o herramientas con buena intenci\u00f3n pero algo ineficaces en nuestra sociedad occidental, yo quiero brindarte algo para intentar resolver r\u00e1pido.<\/p>\n<p>O si en realidad tu situaci\u00f3n es que tus herramientas ya son buenas y eficaces, pues AC-1 te va a suponer la ventaja de poder ayudar a tus clientes en persona o a distancia y sin que ni siquiera sepan que est\u00e1s usando AC-1. Estas herramientas se complementan a la perfecci\u00f3n con cualquier otra t\u00e9cnica o conocimiento.<\/p>\n","protected":false},"excerpt":{"rendered":"<p>\u00bfHAS HECHO MILES DE CURSOS Y TE SIGUE FALTANDO ALGO? \u00bfQUIERES MEJORES RESULTADOS Y M\u00c1S R\u00c1PIDOS? \u00bfVERDADERAS TRANSFORMACIONES? \u00bfTe gustar\u00eda hacerle magia a tus clientes en 25 segundos? Si a\u00fan no lo has comprobado, no creer\u00e1s lo de la magia en 25 segundos &nbsp; PUEDES TRANSFORMAR TU VIDA, LA DE TUS CLIENTES Y\/O LA DE [&#8230;]\n","protected":false},"featured_media":30339,"template":"","meta":{"_monsterinsights_skip_tracking":false,"_monsterinsights_sitenote_active":false,"_monsterinsights_sitenote_note":"","_monsterinsights_sitenote_category":0,"jetpack_post_was_ever_published":false,"jetpack_publicize_message":"","jetpack_publicize_feature_enabled":true,"jetpack_social_post_already_shared":true,"jetpack_social_options":{"image_generator_settings":{"template":"highway","default_image_id":0,"font":"","enabled":false},"version":2}},"product_brand":[],"product_cat":[87],"product_tag":[211,119,215,249,243,230,182,226,236,229,228,232,234,239,220,219,225,240,238,242,235,244,248,210,245,212,250,227,217,216,233,73,237,231,247,221,246,222,223,224,241,218,213,53],"class_list":{"0":"post-30338","1":"product","2":"type-product","3":"status-publish","4":"has-post-thumbnail","6":"product_cat-metodo-yuen","7":"product_tag-billetes","8":"product_tag-carrera","9":"product_tag-christopher-olivarrieta","10":"product_tag-coranavirus","11":"product_tag-cultura","12":"product_tag-cursos","13":"product_tag-dinero","14":"product_tag-dios","15":"product_tag-enric-corbera","16":"product_tag-ensenanza-en-casa","17":"product_tag-escuela","18":"product_tag-especialidad","19":"product_tag-estudios","20":"product_tag-famosos","21":"product_tag-free","22":"product_tag-gratis","23":"product_tag-guerra","24":"product_tag-humor","25":"product_tag-internet","26":"product_tag-juegos","27":"product_tag-lavin","28":"product_tag-manga","29":"product_tag-meteorologia","30":"product_tag-moneda","31":"product_tag-musica","32":"product_tag-nuevo","33":"product_tag-omnicron","34":"product_tag-oracion","35":"product_tag-porn","36":"product_tag-porno","37":"product_tag-profesional","38":"product_tag-salud","39":"product_tag-sexo","40":"product_tag-talleres","41":"product_tag-television","42":"product_tag-terapias","43":"product_tag-trabajo","44":"product_tag-ucrania","45":"product_tag-ukrania","46":"product_tag-usa","47":"product_tag-viajes","48":"product_tag-xxx","49":"product_tag-youtube","50":"product_tag-yuen","52":"first","53":"instock","54":"shipping-taxable","55":"purchasable","56":"product-type-simple"},"jetpack_publicize_connections":[],"jetpack-related-posts":[{"id":30723,"url":"https:\/\/multiofertasvip.com\/?product=reprograma-tu-mente-en-21-dias-de-monica-bustamante","url_meta":{"origin":30338,"position":0},"title":"Reprograma tu mente en 21 d\u00edas de M\u00f3nica Bustamante","author":"multiofertasvip","date":"febrero 15, 2023","format":false,"excerpt":"Reprograma tu mente en 21 d\u00edas de M\u00f3nica Bustamante \u2013 Curso completo actualizado\u00a0| Aprende c\u00f3mo aprovechar tu tiempo al m\u00e1ximo, reprogramar tu mente y lograr los resultados deseas y mereces\u2026 En solo 21 D\u00edas aprender\u00e1s como reprogramar tu mente y poder llevar tu vida a otro nivel. \u2705 Tendr\u00e1s el\u2026","rel":"","context":"Entrada similar","block_context":{"text":"Entrada similar","link":""},"img":{"alt_text":"","src":"https:\/\/i0.wp.com\/multiofertasvip.com\/wp-content\/uploads\/2023\/02\/reprogrm.png?fit=200%2C200&ssl=1&resize=350%2C200","width":350,"height":200},"classes":[]},{"id":30336,"url":"https:\/\/multiofertasvip.com\/?product=terapia-con-pendulo-sol-lascano","url_meta":{"origin":30338,"position":1},"title":"Terapia con P\u00e9ndulo-Sol Lascano","author":"multiofertasvip","date":"julio 11, 2022","format":false,"excerpt":"La terapia de p\u00e9ndulo sobre gr\u00e1fico es una poderosa herramienta que nos permite detectar fugas energ\u00e9ticas y utilizarla como or\u00e1culo. Su origen se encuentra en la radiestesia ancestral, que desde la antig\u00fcedad fue utilizada para\u00a0resolver dudas y evolucionar espiritualmente. Esta terapia es muy\u00a0vers\u00e1til, f\u00e1cil de aplicar y r\u00e1pida. En pocos\u2026","rel":"","context":"Entrada similar","block_context":{"text":"Entrada similar","link":""},"img":{"alt_text":"","src":"https:\/\/i0.wp.com\/multiofertasvip.com\/wp-content\/uploads\/2022\/07\/pendulo.jpg?fit=200%2C200&ssl=1&resize=350%2C200","width":350,"height":200},"classes":[]},{"id":31157,"url":"https:\/\/multiofertasvip.com\/?product=el-arte-de-la-manifestacion-regan-hyllier-mindvalley","url_meta":{"origin":30338,"position":2},"title":"El Arte de la Manifestaci\u00f3n Regan Hyllier &#8211; Mindvalley","author":"multiofertasvip","date":"enero 2, 2024","format":false,"excerpt":"Este evento transformador te guiar\u00e1 en un viaje espiritual para presenciar de primera mano el poder de cinco renombrados canalizadores mientras transmiten mensajes ps\u00edquicos del m\u00e1s all\u00e1 en estados alterados de conciencia.","rel":"","context":"Entrada similar","block_context":{"text":"Entrada similar","link":""},"img":{"alt_text":"Nombre del programa en m\u00faltiples dispositivos","src":"https:\/\/i0.wp.com\/storyblok-cdn.mindvalley.com\/f\/60579\/2068x1110\/55b23c5544\/tam_sp_devices_curriculum_en.png?resize=350%2C200&ssl=1","width":350,"height":200,"srcset":"https:\/\/i0.wp.com\/storyblok-cdn.mindvalley.com\/f\/60579\/2068x1110\/55b23c5544\/tam_sp_devices_curriculum_en.png?resize=350%2C200&ssl=1 1x, https:\/\/i0.wp.com\/storyblok-cdn.mindvalley.com\/f\/60579\/2068x1110\/55b23c5544\/tam_sp_devices_curriculum_en.png?resize=525%2C300&ssl=1 1.5x, https:\/\/i0.wp.com\/storyblok-cdn.mindvalley.com\/f\/60579\/2068x1110\/55b23c5544\/tam_sp_devices_curriculum_en.png?resize=700%2C400&ssl=1 2x"},"classes":[]},{"id":35335,"url":"https:\/\/multiofertasvip.com\/?product=curso-being-you-being-magic-en-espanol-dain-heer","url_meta":{"origin":30338,"position":3},"title":"Curso Being You Being Magic-en Espa\u00f1ol -Dain Heer","author":"multiofertasvip","date":"abril 1, 2026","format":false,"excerpt":"\u00a0 \u00a0 \u00a0 \u00a0 \u00a0 \u00a0 \u00a0","rel":"","context":"Entrada similar","block_context":{"text":"Entrada similar","link":""},"img":{"alt_text":"","src":"https:\/\/i0.wp.com\/multiofertasvip.com\/wp-content\/uploads\/2026\/04\/BEING.jpg?fit=200%2C200&ssl=1&resize=350%2C200","width":350,"height":200},"classes":[]},{"id":267,"url":"https:\/\/multiofertasvip.com\/?product=psicologia-del-exito","url_meta":{"origin":30338,"position":4},"title":"Psicolog\u00eda del \u00c9xito","author":"multiofertasvip","date":"junio 2, 2019","format":false,"excerpt":"\"PSICOLOG\u00cdA DEL \u00c9XITO es otra cosa. Esta dise\u00f1ado para personas comprometidas a cambiar su vida de verdad y para siempre. Sin esoterismos ni magia. Sin gilipatra\u00f1as ni autoayudismos. Te servir\u00e1 solo si entiendes que, para obtener m\u00e1s, necesitas hacer y ser m\u00e1s. Psicolog\u00eda del \u00e9xito es ese coach particular que\u2026","rel":"","context":"Entrada similar","block_context":{"text":"Entrada similar","link":""},"img":{"alt_text":"","src":"https:\/\/i0.wp.com\/multiofertasvip.com\/wp-content\/uploads\/2019\/06\/psicologia-del-exito2.png?fit=200%2C200&ssl=1&resize=350%2C200","width":350,"height":200},"classes":[]},{"id":31000,"url":"https:\/\/multiofertasvip.com\/?product=descodificacion-total-carlos-galvan-copia","url_meta":{"origin":30338,"position":5},"title":"Anti Terapia Or\u00edgen- V\u00edctor Brossah","author":"multiofertasvip","date":"octubre 15, 2023","format":false,"excerpt":"Lo primero que te diremos es que\u2026 no te dejes enga\u00f1ar por eso de que se trata de una ANTI TERAPIA \u00a0 Porque ORIGEN es la terapia m\u00e1s poderosa que existe al menos a la hora de sugestionar nuestro subconsciente. \u00bfQUIERES UNA PODEROSA HERRAMIENTA PARA LOGRAR REPROGRAMAR TU SUBCONSCIENTE CADA\u2026","rel":"","context":"Entrada similar","block_context":{"text":"Entrada similar","link":""},"img":{"alt_text":"","src":"https:\/\/i0.wp.com\/formaciones.brossahleyton.com\/wp\/wp-content\/uploads\/2023\/07\/MANOS_LUZ.png?resize=350%2C200&ssl=1","width":350,"height":200,"srcset":"https:\/\/i0.wp.com\/formaciones.brossahleyton.com\/wp\/wp-content\/uploads\/2023\/07\/MANOS_LUZ.png?resize=350%2C200&ssl=1 1x, https:\/\/i0.wp.com\/formaciones.brossahleyton.com\/wp\/wp-content\/uploads\/2023\/07\/MANOS_LUZ.png?resize=525%2C300&ssl=1 1.5x, https:\/\/i0.wp.com\/formaciones.brossahleyton.com\/wp\/wp-content\/uploads\/2023\/07\/MANOS_LUZ.png?resize=700%2C400&ssl=1 2x, https:\/\/i0.wp.com\/formaciones.brossahleyton.com\/wp\/wp-content\/uploads\/2023\/07\/MANOS_LUZ.png?resize=1050%2C600&ssl=1 3x"},"classes":[]}],"jetpack_sharing_enabled":true,"jetpack_likes_enabled":true,"_links":{"self":[{"href":"https:\/\/multiofertasvip.com\/index.php?rest_route=\/wp\/v2\/product\/30338","targetHints":{"allow":["GET"]}}],"collection":[{"href":"https:\/\/multiofertasvip.com\/index.php?rest_route=\/wp\/v2\/product"}],"about":[{"href":"https:\/\/multiofertasvip.com\/index.php?rest_route=\/wp\/v2\/types\/product"}],"version-history":[{"count":0,"href":"https:\/\/multiofertasvip.com\/index.php?rest_route=\/wp\/v2\/product\/30338\/revisions"}],"wp:featuredmedia":[{"embeddable":true,"href":"https:\/\/multiofertasvip.com\/index.php?rest_route=\/wp\/v2\/media\/30339"}],"wp:attachment":[{"href":"https:\/\/multiofertasvip.com\/index.php?rest_route=%2Fwp%2Fv2%2Fmedia&parent=30338"}],"wp:term":[{"taxonomy":"product_brand","embeddable":true,"href":"https:\/\/multiofertasvip.com\/index.php?rest_route=%2Fwp%2Fv2%2Fproduct_brand&post=30338"},{"taxonomy":"product_cat","embeddable":true,"href":"https:\/\/multiofertasvip.com\/index.php?rest_route=%2Fwp%2Fv2%2Fproduct_cat&post=30338"},{"taxonomy":"product_tag","embeddable":true,"href":"https:\/\/multiofertasvip.com\/index.php?rest_route=%2Fwp%2Fv2%2Fproduct_tag&post=30338"}],"curies":[{"name":"wp","href":"https:\/\/api.w.org\/{rel}","templated":true}]}}