{"id":30336,"date":"2022-07-11T14:39:50","date_gmt":"2022-07-11T20:09:50","guid":{"rendered":"https:\/\/multiofertasvip.com\/?post_type=product&#038;p=30336"},"modified":"2022-07-11T15:22:22","modified_gmt":"2022-07-11T20:52:22","slug":"terapia-con-pendulo-sol-lascano","status":"publish","type":"product","link":"https:\/\/multiofertasvip.com\/?product=terapia-con-pendulo-sol-lascano","title":{"rendered":"Terapia con P\u00e9ndulo-Sol Lascano"},"content":{"rendered":"<div class=\"et_pb_section et_pb_section_1 et_pb_with_background et_section_regular\">\n<div class=\"et_pb_row et_pb_row_1\">\n<div class=\"et_pb_column et_pb_column_4_4 et_pb_column_1 et_pb_css_mix_blend_mode_passthrough et-last-child\">\n<div class=\"et_pb_module et_pb_text et_pb_text_0 et_pb_text_align_center et_pb_bg_layout_light\">\n<div class=\"et_pb_text_inner\"><\/div>\n<\/div>\n<\/div>\n<\/div>\n<\/div>\n<div class=\"et_pb_section et_pb_section_3 et_section_regular\">\n<div class=\"et_pb_row et_pb_row_3\">\n<div class=\"et_pb_column et_pb_column_4_4 et_pb_column_3 et_pb_css_mix_blend_mode_passthrough et-last-child\">\n<div class=\"et_pb_module et_pb_code et_pb_code_1\">\n<div class=\"et_pb_code_inner\">\n<div class=\"wistia_responsive_padding\">\n<div class=\"wistia_responsive_wrapper\">\n<div id=\"wistia-7zerwjmhoe-1\" class=\"wistia_embed wistia_async_7zerwjmhoe videoFoam=true wistia_embed_initialized\">\n<div class=\"wistia_swatch\"><img data-recalc-dims=\"1\" decoding=\"async\" class=\"aligncenter\" src=\"https:\/\/i0.wp.com\/embed-ssl.wistia.com\/deliveries\/d83a5f0520a5547982e843906fed1ac4.webp?w=1020&#038;ssl=1\" alt=\"Video Thumbnail\" \/><\/div>\n<div id=\"wistia_chrome_23\" class=\"w-chrome\" tabindex=\"-1\">\n<div id=\"wistia_grid_57_wrapper\">\n<div id=\"wistia_grid_57_main\">\n<div id=\"wistia_grid_57_center\">\n<div class=\"w-ui-container\">\n<div id=\"w-vulcan-v2-56\" class=\"w-vulcan-v2 w-css-reset\">\n<div class=\"w-bottom-bar w-css-reset\">\n<div class=\"w-bottom-bar-lower w-css-reset\">\n<div class=\"w-bottom-bar-middle w-css-reset\">\n<div class=\"w-bottom-bar-middle-inner w-css-reset\">\n<div class=\"w-css-reset\" data-handle=\"playbar\">\n<div class=\"w-playbar-wrapper w-css-reset w-css-reset-tree\">\n<div tabindex=\"0\" role=\"slider\" aria-label=\"Playbar\" aria-orientation=\"horizontal\" aria-valuemax=\"90.691\" aria-valuemin=\"0\" aria-valuenow=\"0\" aria-valuetext=\"0:00\">\n<div class=\"w-storyboard-anchor\">\n<div class=\"w-storyboard\">\n<div class=\"w-storyboard-time\"><span style=\"color: #555555; font-size: 14.4px;\">La terapia de p\u00e9ndulo sobre gr\u00e1fico es una poderosa herramienta que nos permite <\/span><strong style=\"color: #555555; font-size: 14.4px;\">detectar fugas energ\u00e9ticas y utilizarla como or\u00e1culo<\/strong><span style=\"color: #555555; font-size: 14.4px;\">.<\/span><\/div>\n<\/div>\n<\/div>\n<\/div>\n<\/div>\n<\/div>\n<\/div>\n<\/div>\n<\/div>\n<\/div>\n<\/div>\n<\/div>\n<\/div>\n<\/div>\n<\/div>\n<\/div>\n<\/div>\n<\/div>\n<\/div>\n<\/div>\n<\/div>\n<\/div>\n<\/div>\n<\/div>\n<div class=\"et_pb_section et_pb_section_4 et_section_regular\">\n<div class=\"et_pb_row et_pb_row_4\">\n<div class=\"et_pb_column et_pb_column_3_5 et_pb_column_4 et_pb_css_mix_blend_mode_passthrough\">\n<div class=\"et_pb_module et_pb_text et_pb_text_2 et_pb_text_align_left et_pb_bg_layout_light\">\n<div class=\"et_pb_text_inner\">\n<p>Su origen se encuentra en la radiestesia ancestral, que desde la antig\u00fcedad fue utilizada para\u00a0<strong>resolver dudas y evolucionar espiritualmente<\/strong>.<\/p>\n<p>Esta terapia es muy\u00a0<strong>vers\u00e1til, f\u00e1cil de aplicar y r\u00e1pida<\/strong>. En pocos pasos nos permite obtener diagn\u00f3sticos precisos.<\/p>\n<p>En este video curso podr\u00e1s aprender\u00a0<strong>el lenguaje del p\u00e9ndulo<\/strong>, para que puedas\u00a0<strong>consultarlo<\/strong>\u00a0y llevar adelante una pr\u00e1ctica correcta.<\/p>\n<p>Podr\u00e1s\u00a0<strong>conectarte con la capacidad de sentir y descifrar\u00a0<\/strong>las percepciones subconscientes internas y colectivas, informaci\u00f3n aparentemente oculta, que se encuentra detr\u00e1s de todas las cosas.<\/p>\n<p>Es una herramienta con la que\u00a0<strong>detectar\u00e1s y limpiar\u00e1s energ\u00edas negativas<\/strong>, lo que te permitir\u00e1 desarrollarte plenamente en todos los \u00e1mbitos de tu vida.<\/p>\n<p>Incluso puede ser una manera de llevar adelante un hermoso emprendimiento, tanto de manera\u00a0<strong>presencial como online\u00a0<\/strong>(a distancia), con el que podr\u00edas generar un ingreso extra.<\/p>\n<p>Nuestra docente\u00a0<strong>Sol Lascano<\/strong>, Radiestesista profesional, es quien te llevar\u00e1 de la mano por este excelente video curso, donde aprender\u00e1s a trabajar con energ\u00eda sutiles para\u2026<\/p>\n<\/div>\n<\/div>\n<div class=\"et_pb_module et_pb_blurb et_pb_blurb_0 et_pb_text_align_left et_pb_blurb_position_left et_pb_bg_layout_light\">\n<div class=\"et_pb_blurb_content\">\n<div class=\"et_pb_main_blurb_image\"><\/div>\n<div class=\"et_pb_blurb_container\">\n<div class=\"et_pb_blurb_description\">Destrabar \u00e1reas de tu vida que est\u00e1n bloqueadas.<\/div>\n<\/div>\n<\/div>\n<\/div>\n<div class=\"et_pb_module et_pb_blurb et_pb_blurb_1 et_pb_text_align_left et_pb_blurb_position_left et_pb_bg_layout_light\">\n<div class=\"et_pb_blurb_content\">\n<div class=\"et_pb_main_blurb_image\"><span style=\"color: #555555; font-size: 14.4px;\">Realizar sanaciones en ti y en otras personas.<\/span><\/div>\n<\/div>\n<\/div>\n<div class=\"et_pb_module et_pb_blurb et_pb_blurb_2 et_pb_text_align_left et_pb_blurb_position_left et_pb_bg_layout_light\">\n<div class=\"et_pb_blurb_content\">\n<div class=\"et_pb_main_blurb_image\"><span style=\"font-size: 14.4px;\">Cortar votos, contratos, brujer\u00edas, envidias y magia negra (de vidas pasadas y de la actual).<\/span><\/div>\n<\/div>\n<\/div>\n<div class=\"et_pb_module et_pb_blurb et_pb_blurb_3 et_pb_text_align_left et_pb_blurb_position_left et_pb_bg_layout_light\">\n<div class=\"et_pb_blurb_content\">\n<div class=\"et_pb_main_blurb_image\"><span style=\"color: #555555; font-size: 14.4px;\">Liberar tus energ\u00edas positivas.<\/span><\/div>\n<\/div>\n<\/div>\n<div class=\"et_pb_module et_pb_blurb et_pb_blurb_4 et_pb_text_align_left et_pb_blurb_position_left et_pb_bg_layout_light\">\n<div class=\"et_pb_blurb_content\">\n<div class=\"et_pb_main_blurb_image\"><span style=\"font-size: 14.4px;\">Elevar la energ\u00eda de las relaciones.<\/span><\/div>\n<\/div>\n<\/div>\n<div class=\"et_pb_module et_pb_blurb et_pb_blurb_5 et_pb_text_align_left et_pb_blurb_position_left et_pb_bg_layout_light\">\n<div class=\"et_pb_blurb_content\">\n<div class=\"et_pb_main_blurb_image\"><span style=\"font-size: 14.4px;\">Limpiar y equilibrar los chakras y el aura.<\/span><\/div>\n<\/div>\n<\/div>\n<div class=\"et_pb_module et_pb_blurb et_pb_blurb_6 et_pb_text_align_left et_pb_blurb_position_left et_pb_bg_layout_light\">\n<div class=\"et_pb_blurb_content\">\n<div class=\"et_pb_main_blurb_image\"><span style=\"font-size: 14.4px;\">Recibir el mensaje de los arc\u00e1ngeles.<\/span><\/div>\n<\/div>\n<\/div>\n<div class=\"et_pb_module et_pb_blurb et_pb_blurb_7 et_pb_text_align_left et_pb_blurb_position_left et_pb_bg_layout_light\">\n<div class=\"et_pb_blurb_content\">\n<div class=\"et_pb_main_blurb_image\"><span style=\"font-size: 14.4px;\">Mejorar estados inarm\u00f3nicos que se reflejan en bloqueos, ansiedad, depresi\u00f3n, estr\u00e9s, dolores y otras situaciones.<\/span><\/div>\n<\/div>\n<\/div>\n<div class=\"et_pb_module et_pb_blurb et_pb_blurb_8 et_pb_text_align_left et_pb_blurb_position_left et_pb_bg_layout_light\">\n<div class=\"et_pb_blurb_content\">\n<div class=\"et_pb_main_blurb_image\"><span style=\"font-size: 14.4px;\">Desbloquear el dinero, los negocios y la abundancia.<\/span><\/div>\n<\/div>\n<\/div>\n<div class=\"et_pb_module et_pb_blurb et_pb_blurb_9 et_pb_text_align_left et_pb_blurb_position_left et_pb_bg_layout_light\">\n<div class=\"et_pb_blurb_content\">\n<div class=\"et_pb_main_blurb_image\"><span style=\"font-size: 14.4px;\">Trabajar sobre el fortalecimiento de la salud, la vitalidad, la autoestima y el crecimiento personal.<\/span><\/div>\n<\/div>\n<\/div>\n<div class=\"et_pb_module et_pb_blurb et_pb_blurb_10 et_pb_text_align_left et_pb_blurb_position_left et_pb_bg_layout_light\">\n<div class=\"et_pb_blurb_content\">\n<div class=\"et_pb_main_blurb_image\"><span style=\"font-size: 14.4px;\">Entre muchas otras cosas!<\/span><\/div>\n<\/div>\n<\/div>\n<div class=\"et_pb_module et_pb_text et_pb_text_3 et_pb_text_align_left et_pb_bg_layout_light\">\n<div class=\"et_pb_text_inner\">\n<p>Todo explicado en pr\u00e1cticas video lecciones, en un\u00a0<strong>lenguaje simple y accesible<\/strong>, para que puedas acceder en el momento que desees y desde cualquier dispositivo, aunque no tengas ning\u00fan conocimiento previo.<\/p>\n<p>Y si en esta dif\u00edcil econom\u00eda que todos sufrimos, deseas generar un ingreso extra, hemos creado un\u00a0<strong>m\u00f3dulo adicional<\/strong>, s\u00faper completo, donde te ense\u00f1aremos como puedes promocionar tus servicios\u00a0<strong>a todo el mundo.<\/strong><\/p>\n<p>La experiencia de Sol har\u00e1 que comprendas y puedas aplicar de\u00a0<strong>manera r\u00e1pida<\/strong>, todos los conocimientos, tanto para la sanaci\u00f3n con p\u00e9ndulo en ti mism@, como para con los dem\u00e1s.<\/p>\n<p>&nbsp;<\/p>\n<p><strong style=\"font-size: 23.04px; color: #333333;\">Esta Formaci\u00f3n Est\u00e1 Pensada Para\u2026<\/strong><\/p>\n<\/div>\n<\/div>\n<div class=\"et_pb_module et_pb_blurb et_pb_blurb_11 et_pb_text_align_left et_pb_blurb_position_left et_pb_bg_layout_light\">\n<div class=\"et_pb_blurb_content\">\n<div class=\"et_pb_main_blurb_image\"><\/div>\n<div class=\"et_pb_blurb_container\">\n<div class=\"et_pb_blurb_description\">\n<p>Profesionales que puedan utilizar este conocimiento en su \u00e1mbito de trabajo (psic\u00f3logos, terapeutas, reikistas, maestros, m\u00e9dicos, trabajadores sociales, etc.)<\/p>\n<\/div>\n<\/div>\n<\/div>\n<\/div>\n<div class=\"et_pb_module et_pb_blurb et_pb_blurb_12 et_pb_text_align_left et_pb_blurb_position_left et_pb_bg_layout_light\">\n<div class=\"et_pb_blurb_content\">\n<div class=\"et_pb_main_blurb_image\"><\/div>\n<div class=\"et_pb_blurb_container\">\n<div class=\"et_pb_blurb_description\">\n<p>Personas que quieran transmitir este conocimiento en sus \u00e1mbitos de experiencia (familia, \u00e1mbitos educativos, amigos, etc.)<\/p>\n<\/div>\n<\/div>\n<\/div>\n<\/div>\n<div class=\"et_pb_module et_pb_blurb et_pb_blurb_13 et_pb_text_align_left et_pb_blurb_position_left et_pb_bg_layout_light\">\n<div class=\"et_pb_blurb_content\">\n<div class=\"et_pb_main_blurb_image\"><span style=\"color: #555555; font-size: 14.4px;\">Todos aquellos que quieran obtener una<\/span><strong style=\"color: #555555; font-size: 14.4px;\">\u00a0herramienta de sanaci\u00f3n<\/strong><span style=\"color: #555555; font-size: 14.4px;\">\u00a0para profundizar su desarrollo personal o para generar un emprendimiento.<\/span><\/div>\n<\/div>\n<\/div>\n<div><\/div>\n<\/div>\n<\/div>\n<\/div>\n","protected":false},"excerpt":{"rendered":"<p>La terapia de p\u00e9ndulo sobre gr\u00e1fico es una poderosa herramienta que nos permite detectar fugas energ\u00e9ticas y utilizarla como or\u00e1culo. Su origen se encuentra en la radiestesia ancestral, que desde la antig\u00fcedad fue utilizada para\u00a0resolver dudas y evolucionar espiritualmente. Esta terapia es muy\u00a0vers\u00e1til, f\u00e1cil de aplicar y r\u00e1pida. En pocos pasos nos permite obtener diagn\u00f3sticos [&#8230;]\n","protected":false},"featured_media":30337,"template":"","meta":{"_monsterinsights_skip_tracking":false,"_monsterinsights_sitenote_active":false,"_monsterinsights_sitenote_note":"","_monsterinsights_sitenote_category":0,"jetpack_post_was_ever_published":false,"jetpack_publicize_message":"","jetpack_publicize_feature_enabled":true,"jetpack_social_post_already_shared":true,"jetpack_social_options":{"image_generator_settings":{"template":"highway","default_image_id":0,"font":"","enabled":false},"version":2}},"product_brand":[],"product_cat":[96,286],"product_tag":[211,119,215,249,243,230,182,226,236,229,228,232,234,239,220,219,225,240,238,242,235,244,248,210,245,212,250,227,217,216,233,73,237,231,247,221,246,222,223,224,241,218,213,53],"class_list":{"0":"post-30336","1":"product","2":"type-product","3":"status-publish","4":"has-post-thumbnail","6":"product_cat-biomagnetismo","7":"product_cat-pendulo","8":"product_tag-billetes","9":"product_tag-carrera","10":"product_tag-christopher-olivarrieta","11":"product_tag-coranavirus","12":"product_tag-cultura","13":"product_tag-cursos","14":"product_tag-dinero","15":"product_tag-dios","16":"product_tag-enric-corbera","17":"product_tag-ensenanza-en-casa","18":"product_tag-escuela","19":"product_tag-especialidad","20":"product_tag-estudios","21":"product_tag-famosos","22":"product_tag-free","23":"product_tag-gratis","24":"product_tag-guerra","25":"product_tag-humor","26":"product_tag-internet","27":"product_tag-juegos","28":"product_tag-lavin","29":"product_tag-manga","30":"product_tag-meteorologia","31":"product_tag-moneda","32":"product_tag-musica","33":"product_tag-nuevo","34":"product_tag-omnicron","35":"product_tag-oracion","36":"product_tag-porn","37":"product_tag-porno","38":"product_tag-profesional","39":"product_tag-salud","40":"product_tag-sexo","41":"product_tag-talleres","42":"product_tag-television","43":"product_tag-terapias","44":"product_tag-trabajo","45":"product_tag-ucrania","46":"product_tag-ukrania","47":"product_tag-usa","48":"product_tag-viajes","49":"product_tag-xxx","50":"product_tag-youtube","51":"product_tag-yuen","53":"first","54":"instock","55":"shipping-taxable","56":"purchasable","57":"product-type-simple"},"jetpack_publicize_connections":[],"jetpack-related-posts":[{"id":30418,"url":"https:\/\/multiofertasvip.com\/?product=curso-pendulo-hebreo-adriana-echeverri","url_meta":{"origin":30336,"position":0},"title":"Curso P\u00e9ndulo Hebreo-Adriana Echeverri","author":"multiofertasvip","date":"septiembre 6, 2022","format":false,"excerpt":"\u00a0 \u00a0 \u00a0 \u00a0 \u00a0 \u00a0 \u00a0","rel":"","context":"Entrada similar","block_context":{"text":"Entrada similar","link":""},"img":{"alt_text":"","src":"https:\/\/i0.wp.com\/multiofertasvip.com\/wp-content\/uploads\/2022\/09\/pendulo-hebreo.jpg?fit=200%2C200&ssl=1&resize=350%2C200","width":350,"height":200},"classes":[]},{"id":30419,"url":"https:\/\/multiofertasvip.com\/?product=limpieza-y-armonizacion-pendulo-chakras-y-cristales-adriana-echeverri","url_meta":{"origin":30336,"position":1},"title":"Limpieza y Armonizaci\u00f3n: P\u00e9ndulo, Chakras Y Cristales-Adriana Echeverri","author":"multiofertasvip","date":"septiembre 6, 2022","format":false,"excerpt":"\u00a0 \u00a0 \u00a0 \u00a0 \u00a0 \u00a0 \u00a0","rel":"","context":"Entrada similar","block_context":{"text":"Entrada similar","link":""},"img":{"alt_text":"","src":"https:\/\/i0.wp.com\/multiofertasvip.com\/wp-content\/uploads\/2022\/09\/chakras.jpg?fit=200%2C200&ssl=1&resize=350%2C200","width":350,"height":200},"classes":[]},{"id":34123,"url":"https:\/\/multiofertasvip.com\/?product=curso-pendulo-universal-almasaran","url_meta":{"origin":30336,"position":2},"title":"Curso Pendulo Universal Almasaran","author":"multiofertasvip","date":"agosto 6, 2025","format":false,"excerpt":"\u00bfQu\u00e9 es el p\u00e9ndulo Universal? Desde mi experiencia, el P\u00e9ndulo Universal es una herramienta de Luz imprescindible para cualquier terapeuta, que quiera facilitar un servicio exclusivo y diferente, con la seguridad de estar ofreciendo un Plus de calidad en sus sesiones. Adem\u00e1s es perfecta para cualquier persona que sienta la\u2026","rel":"","context":"Entrada similar","block_context":{"text":"Entrada similar","link":""},"img":{"alt_text":"","src":"https:\/\/i0.wp.com\/multiofertasvip.com\/wp-content\/uploads\/2025\/08\/PENDULO-UNIVERSAL.jpg?fit=200%2C200&ssl=1&resize=350%2C200","width":350,"height":200},"classes":[]},{"id":30370,"url":"https:\/\/multiofertasvip.com\/?product=formacion-pendulo-hebrero-originario","url_meta":{"origin":30336,"position":3},"title":"Formacion Pendulo Hebrero Originario","author":"multiofertasvip","date":"julio 27, 2022","format":false,"excerpt":"El P\u00e9ndulo Hebreo Originario permite elevar y equilibrar la vibraci\u00f3n de los centros energ\u00e9ticos (Chakras);como tambi\u00e9n al cuerpo mental, emocional y f\u00edsico en particular. Refuerza enormemente el Campo Electromagn\u00e9tico. Permite detectar y limpiar los miasmas (materia estancada) y as\u00ed evitar futuras enfermedades y colaborar en el proceso de alta vibraci\u00f3n\u2026","rel":"","context":"Entrada similar","block_context":{"text":"Entrada similar","link":""},"img":{"alt_text":"","src":"https:\/\/i0.wp.com\/multiofertasvip.com\/wp-content\/uploads\/2022\/07\/PHEBREO.jpg?fit=200%2C200&ssl=1&resize=350%2C200","width":350,"height":200},"classes":[]},{"id":35068,"url":"https:\/\/multiofertasvip.com\/?product=formacion-grabada-pendulo-hebreo-tienditadelalma-2","url_meta":{"origin":30336,"position":4},"title":"Formaci\u00f3n Grabada P\u00e9ndulo Hebreo-Tienditadelalma","author":"multiofertasvip","date":"marzo 13, 2026","format":false,"excerpt":"\u00a0 \u00a0 \u00a0 \u00a0","rel":"","context":"Entrada similar","block_context":{"text":"Entrada similar","link":""},"img":{"alt_text":"","src":"https:\/\/i0.wp.com\/multiofertasvip.com\/wp-content\/uploads\/2026\/03\/pendulo-hebrero.jpg?fit=200%2C200&ssl=1&resize=350%2C200","width":350,"height":200},"classes":[]},{"id":34131,"url":"https:\/\/multiofertasvip.com\/?product=curso-de-soul-communication-2-diana-arbol","url_meta":{"origin":30336,"position":5},"title":"Curso de Soul Communication 2-Diana Arbol","author":"multiofertasvip","date":"agosto 7, 2025","format":false,"excerpt":"Despu\u00e9s de haber integrado las 9 t\u00e9cnicas de acceso al Registro Ak\u00e1shico, aprender\u00e1s a acompa\u00f1ar a otros hacia el descubrimiento de su Ikigai, del descubrimiento del sentido de lo ocurrido en su vida, de sus relaciones, de los aprendizajes que a\u00fan necesita hacer, as\u00ed como del Origen y Prop\u00f3sito de\u2026","rel":"","context":"Entrada similar","block_context":{"text":"Entrada similar","link":""},"img":{"alt_text":"","src":"https:\/\/i0.wp.com\/multiofertasvip.com\/wp-content\/uploads\/2025\/08\/Ikigai2.png?fit=200%2C200&ssl=1&resize=350%2C200","width":350,"height":200},"classes":[]}],"jetpack_sharing_enabled":true,"jetpack_likes_enabled":true,"_links":{"self":[{"href":"https:\/\/multiofertasvip.com\/index.php?rest_route=\/wp\/v2\/product\/30336","targetHints":{"allow":["GET"]}}],"collection":[{"href":"https:\/\/multiofertasvip.com\/index.php?rest_route=\/wp\/v2\/product"}],"about":[{"href":"https:\/\/multiofertasvip.com\/index.php?rest_route=\/wp\/v2\/types\/product"}],"version-history":[{"count":0,"href":"https:\/\/multiofertasvip.com\/index.php?rest_route=\/wp\/v2\/product\/30336\/revisions"}],"wp:featuredmedia":[{"embeddable":true,"href":"https:\/\/multiofertasvip.com\/index.php?rest_route=\/wp\/v2\/media\/30337"}],"wp:attachment":[{"href":"https:\/\/multiofertasvip.com\/index.php?rest_route=%2Fwp%2Fv2%2Fmedia&parent=30336"}],"wp:term":[{"taxonomy":"product_brand","embeddable":true,"href":"https:\/\/multiofertasvip.com\/index.php?rest_route=%2Fwp%2Fv2%2Fproduct_brand&post=30336"},{"taxonomy":"product_cat","embeddable":true,"href":"https:\/\/multiofertasvip.com\/index.php?rest_route=%2Fwp%2Fv2%2Fproduct_cat&post=30336"},{"taxonomy":"product_tag","embeddable":true,"href":"https:\/\/multiofertasvip.com\/index.php?rest_route=%2Fwp%2Fv2%2Fproduct_tag&post=30336"}],"curies":[{"name":"wp","href":"https:\/\/api.w.org\/{rel}","templated":true}]}}