{"id":30322,"date":"2022-05-27T11:30:31","date_gmt":"2022-05-27T17:00:31","guid":{"rendered":"https:\/\/multiofertasvip.com\/?post_type=product&#038;p=30322"},"modified":"2022-07-11T13:46:48","modified_gmt":"2022-07-11T19:16:48","slug":"seminario-internacional-de-bioenergetica-y-microbioenergetica-vallarta","status":"publish","type":"product","link":"https:\/\/multiofertasvip.com\/?product=seminario-internacional-de-bioenergetica-y-microbioenergetica-vallarta","title":{"rendered":"Seminario Internacional de Bioenergetica y Microbioenergetica Vallarta"},"content":{"rendered":"<table role=\"presentation\" border=\"0\" width=\"100%\" cellspacing=\"0\" cellpadding=\"0\">\n<tbody>\n<tr>\n<td id=\"mceColumnContainer\" class=\"mceSpacing-24\" valign=\"top\">\n<div class=\"mceText\">\n<h4 class=\"last-child\">Temario<\/h4>\n<\/div>\n<\/td>\n<\/tr>\n<tr>\n<td id=\"mceColumnContainer\" class=\"mceSpacing-24\" valign=\"top\">\n<div class=\"mceText\">\n<ul>\n<li>Biomagnetismo avanzado<\/li>\n<li>La teor\u00eda polivagal y conflictolog\u00eda biol\u00f3gica<\/li>\n<li>Tratamiento del s\u00edndrome post-covid<\/li>\n<li>Din\u00e1micas sist\u00e9micas de la enfermedad<\/li>\n<li>Transgeneracional y ciclos repetitivos<\/li>\n<li>Recuperaci\u00f3n funcional y bioenerg\u00e9tica<\/li>\n<li>Virolog\u00eda energ\u00e9tica<\/li>\n<li>Infecci\u00f3n cr\u00f3nica y esquemas desadaptativos<\/li>\n<li>El sistema de las partes internas<\/li>\n<li>Reprocesamiento del trauma<\/li>\n<li>Trauma, memoria y conflictos biol\u00f3gicos<\/li>\n<li>Sindrome inflamatorio y conflictolog\u00eda biologica<\/li>\n<li>Teoria de los campos energ\u00e9ticos y sus din\u00e1micas<\/li>\n<li>Conflictolog\u00eda biol\u00f3gica y bioenerg\u00e9tica<\/li>\n<li>Sincronizaci\u00f3n y campos energ\u00e9ticos (Trabajar en el campo)<\/li>\n<li>Embrollos energ\u00e9ticos y enfermedad<\/li>\n<li>Tuning Forks, sound healing (Tratamiento con diapasones)<\/li>\n<li>Mecanobiologia y sistemas de defensa<\/li>\n<li>Im\u00e1genes perceptivas y trauma<\/li>\n<li>S\u00edndrome del aniversario<\/li>\n<\/ul>\n<\/div>\n<\/td>\n<\/tr>\n<\/tbody>\n<\/table>\n","protected":false},"excerpt":{"rendered":"<p>Temario Biomagnetismo avanzado La teor\u00eda polivagal y conflictolog\u00eda biol\u00f3gica Tratamiento del s\u00edndrome post-covid Din\u00e1micas sist\u00e9micas de la enfermedad Transgeneracional y ciclos repetitivos Recuperaci\u00f3n funcional y bioenerg\u00e9tica Virolog\u00eda energ\u00e9tica Infecci\u00f3n cr\u00f3nica y esquemas desadaptativos El sistema de las partes internas Reprocesamiento del trauma Trauma, memoria y conflictos biol\u00f3gicos Sindrome inflamatorio y conflictolog\u00eda biologica Teoria de los [&#8230;]\n","protected":false},"featured_media":30323,"template":"","meta":{"_monsterinsights_skip_tracking":false,"_monsterinsights_sitenote_active":false,"_monsterinsights_sitenote_note":"","_monsterinsights_sitenote_category":0,"jetpack_post_was_ever_published":false,"jetpack_publicize_message":"","jetpack_publicize_feature_enabled":true,"jetpack_social_post_already_shared":true,"jetpack_social_options":{"image_generator_settings":{"template":"highway","default_image_id":0,"font":"","enabled":false},"version":2}},"product_brand":[],"product_cat":[96],"product_tag":[211,119,215,249,243,230,182,226,229,228,225,240,238,242,235,244,248,210,245,212,250,217,216,233,73,237,231,247,221,246,222,223,224,241,218,213,53],"class_list":{"0":"post-30322","1":"product","2":"type-product","3":"status-publish","4":"has-post-thumbnail","6":"product_cat-biomagnetismo","7":"product_tag-billetes","8":"product_tag-carrera","9":"product_tag-christopher-olivarrieta","10":"product_tag-coranavirus","11":"product_tag-cultura","12":"product_tag-cursos","13":"product_tag-dinero","14":"product_tag-dios","15":"product_tag-ensenanza-en-casa","16":"product_tag-escuela","17":"product_tag-guerra","18":"product_tag-humor","19":"product_tag-internet","20":"product_tag-juegos","21":"product_tag-lavin","22":"product_tag-manga","23":"product_tag-meteorologia","24":"product_tag-moneda","25":"product_tag-musica","26":"product_tag-nuevo","27":"product_tag-omnicron","28":"product_tag-porn","29":"product_tag-porno","30":"product_tag-profesional","31":"product_tag-salud","32":"product_tag-sexo","33":"product_tag-talleres","34":"product_tag-television","35":"product_tag-terapias","36":"product_tag-trabajo","37":"product_tag-ucrania","38":"product_tag-ukrania","39":"product_tag-usa","40":"product_tag-viajes","41":"product_tag-xxx","42":"product_tag-youtube","43":"product_tag-yuen","45":"first","46":"instock","47":"shipping-taxable","48":"purchasable","49":"product-type-simple"},"jetpack_publicize_connections":[],"jetpack-related-posts":[{"id":30280,"url":"https:\/\/multiofertasvip.com\/?product=bioenergetica-y-tratamiento-en-efectos-post-covid-miguel-ojeda","url_meta":{"origin":30322,"position":0},"title":"Bioenergetica y tratamiento en efectos post-covid-Miguel Ojeda","author":"multiofertasvip","date":"marzo 31, 2022","format":false,"excerpt":"\u00a0 \u00a0","rel":"","context":"Entrada similar","block_context":{"text":"Entrada similar","link":""},"img":{"alt_text":"","src":"https:\/\/i0.wp.com\/multiofertasvip.com\/wp-content\/uploads\/2022\/03\/Efectospostcovid-1.jpg?fit=200%2C200&ssl=1&resize=350%2C200","width":350,"height":200},"classes":[]},{"id":29761,"url":"https:\/\/multiofertasvip.com\/?product=curso-conflictos-biologicos-y-neurociencias-en-video-miguel-ojeda","url_meta":{"origin":30322,"position":1},"title":"Curso Conflictos Biologicos y Neurociencias En Video-Miguel Ojeda","author":"multiofertasvip","date":"abril 18, 2021","format":false,"excerpt":"La neurociencia basa sus investigaciones en campos tan diversos como: El control gen\u00e9tico del desarrollo neuronal desde el nacimiento. La operaci\u00f3n de redes neuronales. La estructura y el funcionamiento de las redes neuronales que se responsabilizan de la memoria, la percepci\u00f3n y el habla. Los mecanismos responsables del aprendizaje.","rel":"","context":"Entrada similar","block_context":{"text":"Entrada similar","link":""},"img":{"alt_text":"","src":"https:\/\/i0.wp.com\/multiofertasvip.com\/wp-content\/uploads\/2021\/04\/conflictos.jpg?fit=200%2C200&ssl=1&resize=350%2C200","width":350,"height":200},"classes":[]},{"id":33964,"url":"https:\/\/multiofertasvip.com\/?product=microbioenergetica-miguel-ojeda","url_meta":{"origin":30322,"position":2},"title":"Microbioenerg\u00e9tica-Miguel Ojeda","author":"multiofertasvip","date":"mayo 30, 2025","format":false,"excerpt":"\u00a0 Microbioenerg\u00e9tica \u201cEl c\u00f3digo emocional, energ\u00e9tico y simb\u00f3lico de los microbios\u201d 4 - 5 de marzo 2023 Temario: Estados emocionales y microbios. Teoria de los equivalentes simb\u00f3licos. Conflictos biol\u00f3gicos y microbios. Los circulos de la Vida. Niveles de somatizaci\u00f3n. Sistema nervioso autonomo y bioshock. Embriologia y microbios. El sistema ontog\u00e9nico\u2026","rel":"","context":"Entrada similar","block_context":{"text":"Entrada similar","link":""},"img":{"alt_text":"","src":"https:\/\/i0.wp.com\/multiofertasvip.com\/wp-content\/uploads\/2025\/05\/microbioenergetica.jpg?fit=200%2C200&ssl=1&resize=350%2C200","width":350,"height":200},"classes":[]},{"id":30798,"url":"https:\/\/multiofertasvip.com\/?product=conflictos-biologicos-y-neurociencias-enero-2023-miguel-ojeda","url_meta":{"origin":30322,"position":3},"title":"Conflictos Biologicos y Neurociencias  Enero 2023-Miguel Ojeda","author":"multiofertasvip","date":"abril 18, 2023","format":false,"excerpt":"La neurociencia basa sus investigaciones en campos tan diversos como: El control gen\u00e9tico del desarrollo neuronal desde el nacimiento. La operaci\u00f3n de redes neuronales. La estructura y el funcionamiento de las redes neuronales que se responsabilizan de la memoria, la percepci\u00f3n y el habla. Los mecanismos responsables del aprendizaje.","rel":"","context":"Entrada similar","block_context":{"text":"Entrada similar","link":""},"img":{"alt_text":"","src":"https:\/\/i0.wp.com\/multiofertasvip.com\/wp-content\/uploads\/2023\/04\/conflictos.jpg?fit=200%2C200&ssl=1&resize=350%2C200","width":350,"height":200},"classes":[]},{"id":34040,"url":"https:\/\/multiofertasvip.com\/?product=curso-nivel-2-biomagnetismo-quantico-avelino-hervas","url_meta":{"origin":30322,"position":4},"title":"Curso Nivel 2 Biomagnetismo Quantico-Avelino Hervas","author":"multiofertasvip","date":"junio 15, 2025","format":false,"excerpt":"En este SEGUNDO NIVEL\u00a0se tratar\u00e1 el Biomagnetismo Qu\u00e1ntico d\u00f3nde trabajamos m\u00e1s desde el plano\u00a0ENERG\u00c9TICO, ya no utilizamos imanes f\u00edsicos ni medicamentos f\u00edsicos, aqu\u00ed tambi\u00e9n utilizamos las l\u00e1minas especiales para enfermedades a modo de radi\u00f3nica. \u00bfQu\u00e9 aprender\u00e1s? Qu\u00e9 es el Biomagnetismo Qu\u00e1ntico La meditaci\u00f3n guiada de Theta Healing para subir al\u2026","rel":"","context":"Entrada similar","block_context":{"text":"Entrada similar","link":""},"img":{"alt_text":"","src":"https:\/\/i0.wp.com\/multiofertasvip.com\/wp-content\/uploads\/2025\/06\/BQN2.jpg?fit=200%2C200&ssl=1&resize=350%2C200","width":350,"height":200},"classes":[]},{"id":30775,"url":"https:\/\/multiofertasvip.com\/?product=metodo-yuen-nivel-2-manuel-marquez","url_meta":{"origin":30322,"position":5},"title":"Metodo yuen Nivel 2-Manuel Marquez","author":"multiofertasvip","date":"marzo 7, 2023","format":false,"excerpt":"El nivel 2 del M\u00e9todo Yuen se enfoca en la eliminaci\u00f3n de bloqueos energ\u00e9ticos m\u00e1s profundos y complejos. Algunos de los temas que podr\u00edas aprender incluyen: Ampliar tu capacidad de percepci\u00f3n energ\u00e9tica: Aprender\u00e1s a sintonizarte con diferentes tipos de energ\u00eda, incluyendo la energ\u00eda del cuerpo humano, el medio ambiente y\u2026","rel":"","context":"Entrada similar","block_context":{"text":"Entrada similar","link":""},"img":{"alt_text":"","src":"https:\/\/i0.wp.com\/multiofertasvip.com\/wp-content\/uploads\/2023\/03\/nivel-2.jpg?fit=200%2C200&ssl=1&resize=350%2C200","width":350,"height":200},"classes":[]}],"jetpack_sharing_enabled":true,"jetpack_likes_enabled":true,"_links":{"self":[{"href":"https:\/\/multiofertasvip.com\/index.php?rest_route=\/wp\/v2\/product\/30322","targetHints":{"allow":["GET"]}}],"collection":[{"href":"https:\/\/multiofertasvip.com\/index.php?rest_route=\/wp\/v2\/product"}],"about":[{"href":"https:\/\/multiofertasvip.com\/index.php?rest_route=\/wp\/v2\/types\/product"}],"version-history":[{"count":0,"href":"https:\/\/multiofertasvip.com\/index.php?rest_route=\/wp\/v2\/product\/30322\/revisions"}],"wp:featuredmedia":[{"embeddable":true,"href":"https:\/\/multiofertasvip.com\/index.php?rest_route=\/wp\/v2\/media\/30323"}],"wp:attachment":[{"href":"https:\/\/multiofertasvip.com\/index.php?rest_route=%2Fwp%2Fv2%2Fmedia&parent=30322"}],"wp:term":[{"taxonomy":"product_brand","embeddable":true,"href":"https:\/\/multiofertasvip.com\/index.php?rest_route=%2Fwp%2Fv2%2Fproduct_brand&post=30322"},{"taxonomy":"product_cat","embeddable":true,"href":"https:\/\/multiofertasvip.com\/index.php?rest_route=%2Fwp%2Fv2%2Fproduct_cat&post=30322"},{"taxonomy":"product_tag","embeddable":true,"href":"https:\/\/multiofertasvip.com\/index.php?rest_route=%2Fwp%2Fv2%2Fproduct_tag&post=30322"}],"curies":[{"name":"wp","href":"https:\/\/api.w.org\/{rel}","templated":true}]}}