{"id":30313,"date":"2022-05-07T05:01:59","date_gmt":"2022-05-07T05:01:59","guid":{"rendered":"https:\/\/multiofertasvip.com\/?post_type=product&#038;p=30313"},"modified":"2022-05-07T05:15:37","modified_gmt":"2022-05-07T05:15:37","slug":"taller-para-quitar-karmas-y-vidas-pasadas-cristopher-olavarrieta","status":"publish","type":"product","link":"https:\/\/multiofertasvip.com\/?product=taller-para-quitar-karmas-y-vidas-pasadas-cristopher-olavarrieta","title":{"rendered":"Taller  karmas y Vidas Pasadas-Cristopher Olavarrieta"},"content":{"rendered":"<p>Cuando hay resistencia a evolucionar hacia la conciencia ps\u00edquica y espiritual aparecen: TRAUMAS, DOLOR, DESCONTENTO, INSATISFACCI\u00d3N, ENFERMEDADES, EMOCIONES NEGATIVAS, EXPERIENCIAS NEGATIVAS Y AFLICCIONES. Por lo que la capacidad de curarse est\u00e1 mas en estos \u00faltimos niveles, el ps\u00edquico y el espiritual.<br \/>\nYo no soy ning\u00fan gur\u00fa, pero quiero ayudarte a recuperar esos derechos con los que naciste, a que logres sanar por fin tu relaci\u00f3n con el dinero.<\/p>\n<p>El camino de la salud, de la prosperidad, de la integridad, del e\u0301xito, exento de estre\u0301s y dolor es el derecho que todo ser humano tiene desde el momento en que nace. Cuando das con la verdadera causa del problema. So\u0301lo entonces, pasas de un estado de debilidad a un estado de fortaleza.<br \/>\nEl Me\u0301todo Yuen es una te\u0301cnica que todo el mundo puede aprender y a todos se puede ensen\u0303ar.<\/p>\n","protected":false},"excerpt":{"rendered":"<p>Cuando hay resistencia a evolucionar hacia la conciencia ps\u00edquica y espiritual aparecen: TRAUMAS, DOLOR, DESCONTENTO, INSATISFACCI\u00d3N, ENFERMEDADES, EMOCIONES NEGATIVAS, EXPERIENCIAS NEGATIVAS Y AFLICCIONES. Por lo que la capacidad de curarse est\u00e1 mas en estos \u00faltimos niveles, el ps\u00edquico y el espiritual. Yo no soy ning\u00fan gur\u00fa, pero quiero ayudarte a recuperar esos derechos con los [&#8230;]\n","protected":false},"featured_media":30314,"template":"","meta":{"_monsterinsights_skip_tracking":false,"_monsterinsights_sitenote_active":false,"_monsterinsights_sitenote_note":"","_monsterinsights_sitenote_category":0,"jetpack_post_was_ever_published":false,"jetpack_publicize_message":"","jetpack_publicize_feature_enabled":true,"jetpack_social_post_already_shared":true,"jetpack_social_options":{"image_generator_settings":{"template":"highway","default_image_id":0,"font":"","enabled":false},"version":2}},"product_brand":[],"product_cat":[87],"product_tag":[275,93,263,273,151,260,211,68,254,119,251,215,257,277,249,278,243,230,182,226,253,236,229,228,232,258,234,262,239,166,220,265,219,225,240,280,238,271,242,111,281,235,83,276,244,285,101,266,267,248,103,132,210,245,269,212,250,227,156,284,255,264,252,193,274,217,216,233,261,268,73,237,153,270,231,247,152,221,246,222,223,224,259,279,241,256,218,213,214,53,283],"class_list":{"0":"post-30313","1":"product","2":"type-product","3":"status-publish","4":"has-post-thumbnail","6":"product_cat-metodo-yuen","7":"product_tag-activa","8":"product_tag-alejandro-lavin","9":"product_tag-animales","10":"product_tag-anthony-robbins","11":"product_tag-aromaterapia","12":"product_tag-biden","13":"product_tag-billetes","14":"product_tag-bioenergetica","15":"product_tag-bitcoin","16":"product_tag-carrera","17":"product_tag-china","18":"product_tag-christopher-olivarrieta","19":"product_tag-cine","20":"product_tag-constelaciones-vibracionales","21":"product_tag-coranavirus","22":"product_tag-cuantica-financiera","23":"product_tag-cultura","24":"product_tag-cursos","25":"product_tag-dinero","26":"product_tag-dios","27":"product_tag-dolar","28":"product_tag-enric-corbera","29":"product_tag-ensenanza-en-casa","30":"product_tag-escuela","31":"product_tag-especialidad","32":"product_tag-estrenos","33":"product_tag-estudios","34":"product_tag-facebook","35":"product_tag-famosos","36":"product_tag-finanzas","37":"product_tag-free","38":"product_tag-gatos","39":"product_tag-gratis","40":"product_tag-guerra","41":"product_tag-humor","42":"product_tag-inteligencia-financiera","43":"product_tag-internet","44":"product_tag-interpretacion","45":"product_tag-juegos","46":"product_tag-karmas","47":"product_tag-kinesiologia","48":"product_tag-lavin","49":"product_tag-maldiciones","50":"product_tag-mama","51":"product_tag-manga","52":"product_tag-manuel-marquez","53":"product_tag-mente","54":"product_tag-mercado-libre","55":"product_tag-mercado-pago","56":"product_tag-meteorologia","57":"product_tag-miguel-ojeda","58":"product_tag-miranda-guzman","59":"product_tag-moneda","60":"product_tag-musica","61":"product_tag-nordicas","62":"product_tag-nuevo","63":"product_tag-omnicron","64":"product_tag-oracion","65":"product_tag-oratoria","66":"product_tag-osvaldo-rios","67":"product_tag-peliculas","68":"product_tag-perros","69":"product_tag-peso","70":"product_tag-pnl","71":"product_tag-poder-interior","72":"product_tag-porn","73":"product_tag-porno","74":"product_tag-profesional","75":"product_tag-putin","76":"product_tag-runas","77":"product_tag-salud","78":"product_tag-sexo","79":"product_tag-sistematica","80":"product_tag-sueno","81":"product_tag-talleres","82":"product_tag-television","83":"product_tag-terapia","84":"product_tag-terapias","85":"product_tag-trabajo","86":"product_tag-ucrania","87":"product_tag-ukrania","88":"product_tag-usa","89":"product_tag-vacuna","90":"product_tag-valoracion-cuantica-financiera","91":"product_tag-viajes","92":"product_tag-videos","93":"product_tag-xxx","94":"product_tag-youtube","95":"product_tag-youtube-yuen-guadalajara","96":"product_tag-yuen","97":"product_tag-yuen-guadalajara","99":"first","100":"instock","101":"downloadable","102":"virtual","103":"purchasable","104":"product-type-simple"},"jetpack_publicize_connections":[],"jetpack-related-posts":[{"id":35112,"url":"https:\/\/multiofertasvip.com\/?product=metodo-yuen-resolucion-final-modulo-10-ypy-academy-2","url_meta":{"origin":30313,"position":0},"title":"Metodo Yuen Resolucion Final Modulo 10 -YPY Academy","author":"multiofertasvip","date":"marzo 17, 2026","format":false,"excerpt":"\u00a0 \u00a0 \u00a0 \u00a0 \u00a0 \u00a0 \u00a0","rel":"","context":"Entrada similar","block_context":{"text":"Entrada similar","link":""},"img":{"alt_text":"","src":"https:\/\/i0.wp.com\/multiofertasvip.com\/wp-content\/uploads\/2026\/03\/YPT-MODULO-10.png?fit=200%2C200&ssl=1&resize=350%2C200","width":350,"height":200},"classes":[]},{"id":35108,"url":"https:\/\/multiofertasvip.com\/?product=metodo-yuen-fortalecimiento-para-la-vida-diaria-modulo-9-ypy-academy-2","url_meta":{"origin":30313,"position":1},"title":"Metodo Yuen Fortalecimiento para la vida diaria Modulo 9 -YPY Academy","author":"multiofertasvip","date":"marzo 17, 2026","format":false,"excerpt":"\u00a0 \u00a0 \u00a0 \u00a0 \u00a0 \u00a0 \u00a0","rel":"","context":"Entrada similar","block_context":{"text":"Entrada similar","link":""},"img":{"alt_text":"","src":"https:\/\/i0.wp.com\/multiofertasvip.com\/wp-content\/uploads\/2026\/03\/MODULO9-YPT.png?fit=200%2C200&ssl=1&resize=350%2C200","width":350,"height":200},"classes":[]},{"id":30496,"url":"https:\/\/multiofertasvip.com\/?product=taller-guadalajara-enfermedades-psiquicas","url_meta":{"origin":30313,"position":2},"title":"Taller Guadalajara Enfermedades Psiquicas","author":"multiofertasvip","date":"octubre 13, 2022","format":false,"excerpt":"Existen muchos m\u00e9todos de sanaci\u00f3n espiritual, pero tal vez el m\u00e1s eficaz es el de la sanaci\u00f3n espiritual por arquetipos. Por medio de la canalizaci\u00f3n de las energ\u00edas y el poder de la mente se pueden llegar a curar o por lo menos aliviar muchas dolencias y enfermedades. Requiere esfuerzo,\u2026","rel":"","context":"Entrada similar","block_context":{"text":"Entrada similar","link":""},"img":{"alt_text":"\ud83d\udccc","src":"https:\/\/static.xx.fbcdn.net\/images\/emoji.php\/v9\/tac\/1\/16\/1f4cc.png","width":350,"height":200},"classes":[]},{"id":29991,"url":"https:\/\/multiofertasvip.com\/?product=metodo-yuen-nivel-1-3-christopher-olivarrieta","url_meta":{"origin":30313,"position":3},"title":"Metodo Yuen Nivel 1-3 Christopher Olivarrieta","author":"multiofertasvip","date":"agosto 30, 2021","format":false,"excerpt":"Con la t\u00e9cnica \u00fanica del M\u00e9todo Yuen, puedes aprender a determinar y corregir tus propios desequilibrios, o en otras palabras, revertir la mayor\u00eda de cualquier proceso de enfermedad. Puedes mejorar todo en tus rendimientos de salud, relaciones y finanzas instant\u00e1neamente. Puedes eliminar el dolor al instante.","rel":"","context":"Entrada similar","block_context":{"text":"Entrada similar","link":""},"img":{"alt_text":"","src":"https:\/\/i0.wp.com\/multiofertasvip.com\/wp-content\/uploads\/2021\/08\/nivel-1-3-Christopher.jpg?fit=200%2C200&ssl=1&resize=350%2C200","width":350,"height":200},"classes":[]},{"id":30812,"url":"https:\/\/multiofertasvip.com\/?product=access-bar-hablando-con-las-entidades-manfred-zepeda","url_meta":{"origin":30313,"position":4},"title":"Access Bar Hablando con las Entidades-Manfred Zepeda","author":"multiofertasvip","date":"agosto 27, 2023","format":false,"excerpt":"\u00bfTe gustar\u00eda ser m\u00e1s consciente y presente con las energ\u00edas y tener comunicaci\u00f3n con seres del m\u00e1s all\u00e1? \u00danete a la clase de Hablando con Entidades donde aprender\u00e1s a desarrollar tus habilidades ps\u00edquicas y a cambiar tu forma de ver el mundo de los esp\u00edritus. Esta clase es altamente energ\u00e9tica\u2026","rel":"","context":"Entrada similar","block_context":{"text":"Entrada similar","link":""},"img":{"alt_text":"","src":"https:\/\/i0.wp.com\/multiofertasvip.com\/wp-content\/uploads\/2023\/04\/talk.jpg?fit=200%2C200&ssl=1&resize=350%2C200","width":350,"height":200},"classes":[]},{"id":31159,"url":"https:\/\/multiofertasvip.com\/?product=tu-destino-te-espera-por-michael-beckwith","url_meta":{"origin":30313,"position":5},"title":"Tu destino te espera por Michael Beckwith","author":"multiofertasvip","date":"enero 2, 2024","format":false,"excerpt":"Este evento transformador te guiar\u00e1 en un viaje espiritual para presenciar de primera mano el poder de cinco renombrados canalizadores mientras transmiten mensajes ps\u00edquicos del m\u00e1s all\u00e1 en estados alterados de conciencia.","rel":"","context":"Entrada similar","block_context":{"text":"Entrada similar","link":""},"img":{"alt_text":"","src":"https:\/\/i0.wp.com\/multiofertasvip.com\/wp-content\/uploads\/2024\/01\/tu-destino-te-espera.png?fit=200%2C200&ssl=1&resize=350%2C200","width":350,"height":200},"classes":[]}],"jetpack_sharing_enabled":true,"jetpack_likes_enabled":true,"_links":{"self":[{"href":"https:\/\/multiofertasvip.com\/index.php?rest_route=\/wp\/v2\/product\/30313","targetHints":{"allow":["GET"]}}],"collection":[{"href":"https:\/\/multiofertasvip.com\/index.php?rest_route=\/wp\/v2\/product"}],"about":[{"href":"https:\/\/multiofertasvip.com\/index.php?rest_route=\/wp\/v2\/types\/product"}],"version-history":[{"count":0,"href":"https:\/\/multiofertasvip.com\/index.php?rest_route=\/wp\/v2\/product\/30313\/revisions"}],"wp:featuredmedia":[{"embeddable":true,"href":"https:\/\/multiofertasvip.com\/index.php?rest_route=\/wp\/v2\/media\/30314"}],"wp:attachment":[{"href":"https:\/\/multiofertasvip.com\/index.php?rest_route=%2Fwp%2Fv2%2Fmedia&parent=30313"}],"wp:term":[{"taxonomy":"product_brand","embeddable":true,"href":"https:\/\/multiofertasvip.com\/index.php?rest_route=%2Fwp%2Fv2%2Fproduct_brand&post=30313"},{"taxonomy":"product_cat","embeddable":true,"href":"https:\/\/multiofertasvip.com\/index.php?rest_route=%2Fwp%2Fv2%2Fproduct_cat&post=30313"},{"taxonomy":"product_tag","embeddable":true,"href":"https:\/\/multiofertasvip.com\/index.php?rest_route=%2Fwp%2Fv2%2Fproduct_tag&post=30313"}],"curies":[{"name":"wp","href":"https:\/\/api.w.org\/{rel}","templated":true}]}}