{"id":30297,"date":"2022-04-08T21:02:19","date_gmt":"2022-04-08T21:02:19","guid":{"rendered":"https:\/\/multiofertasvip.com\/?post_type=product&#038;p=30297"},"modified":"2022-04-08T21:14:40","modified_gmt":"2022-04-08T21:14:40","slug":"30297","status":"publish","type":"product","link":"https:\/\/multiofertasvip.com\/?product=30297","title":{"rendered":"Cursos EFT Tapping Online 1-2-3"},"content":{"rendered":"<h2>Cursos EFT Tapping On-Line<\/h2>\n<p><strong>\u00bfQu\u00e9 es EFT\u00a0<em>Tapping<\/em>?<\/strong><\/p>\n<p>EFT son las siglas de \u201c<em>Emotional Freedom Techniques<\/em>\u201d o\u00a0<em>\u201cT\u00e9cnicas de Liberaci\u00f3n Emocional\u201d.<\/em>\u00a0 EFT Tapping es una potente herramienta de gesti\u00f3n emocional que te permite gestionar tus emociones de una forma eficiente, ayud\u00e1ndote a reducir malestar y a tomar conciencia para generar nuevos patrones de respuesta.<\/p>\n<p>Con el curso EFT Tapping vas a poder trabajar, de una forma global, lo mental, lo emocional, lo corporal y lo energ\u00e9tico. EFT Tapping<em>\u00a0<\/em>se basa en la acupuntura china, pero en vez de utilizar agujas, EFT estimula los puntos energ\u00e9ticos con un suave golpeteo de los dedos.\u00a0<em>Tapping<\/em>\u00a0significa en ingl\u00e9s, precisamente, realizar ese suave golpeteo que realizas mientras haces EFT.<\/p>\n<p>Mientras hacemos EFT Tapping\u00a0con la emoci\u00f3n que genera malestar, se producen cambios y se genera conciencia respecto a su sentido y a la respuesta que se le est\u00e1 dando. Por eso EFT te ayuda a reducir la respuesta de malestar emocional y, en muchos casos, a permitir una comprensi\u00f3n distinta del asunto que la generaba.<\/p>\n<p><strong>Beneficios de la t\u00e9cnica que vas a obtener con el Curso EFT Tapping<\/strong><\/p>\n<ul>\n<li>Ayuda a reducir la ansiedad y el estr\u00e9s<\/li>\n<li>Facilita la toma de conciencia sobre qu\u00e9 est\u00e1 ocurriendo en tu interior<\/li>\n<li>Alivia el malestar emocional<\/li>\n<li>Ayuda a recuperar m\u00e1s r\u00e1pidamente el bienestar<\/li>\n<li>Facilita volver a conectar con tus recursos, con todo tu potencial<\/li>\n<li>Desarrolla inteligencia emocional, permitiendo escuchar los mensajes de las emociones<\/li>\n<li>Ayuda a superar los bloqueos emocionales<\/li>\n<li>Recomendada para coaches, psic\u00f3logos y terapeutas que deseen utilizarla con sus clientes<\/li>\n<\/ul>\n<p>EFT permite auto-aplicaci\u00f3n, en su versi\u00f3n sencilla.<\/p>\n<p><strong>\u00bfQUIERES EMPEZAR A APRENDER con el Curso EFT AHORA MISMO?<\/strong><\/p>\n<p>El mejor curso EFT Tapping desde tu casa, a tu ritmo, a trav\u00e9s de internet y con GARANT\u00cdA DE CALIDAD.<\/p>\n<p>El PRIMER CURSO EFT ON LINE TOTALMENTE RECONOCIDA por La Asociaci\u00f3n Hispana de EFT.<\/p>\n<p>\u00a1Para aprender todo lo que necesitas saber sobre EFT Tapping!<\/p>\n<p>\u00a1Para refrescar los conocimientos que ya tengas de EFT!<\/p>\n<h5><strong>TEMARIO DE LOS CURSOS<\/strong><\/h5>\n<p><strong>Curso EFT Tapping 1<\/strong><\/p>\n<ul>\n<li>qu\u00e9 es EFT y para qu\u00e9 sirve<\/li>\n<li>c\u00f3mo funciona EFT para gestionar tus emociones<\/li>\n<li>los aspectos de EFT para entender y limpiar la emoci\u00f3n<\/li>\n<li>el asunto ra\u00edz en la respuesta emocional<\/li>\n<li>EFT y temas f\u00edsicos<\/li>\n<li>c\u00f3mo integrar EFT en tu vida cotidiana<\/li>\n<li>procedimiento de paz personal<\/li>\n<li>c\u00f3mo utilizar EFT contigo<\/li>\n<\/ul>\n<p><strong>Curso EFT Tapping 2<\/strong><\/p>\n<ul>\n<li>las creencias limitantes<\/li>\n<li>limpiar emociones negativas antes de depositar emociones nuevas<\/li>\n<li>EFT para crear futuro<\/li>\n<li>la t\u00e9cnica de las elecciones para elegir c\u00f3mo sentirte<\/li>\n<li>t\u00e9cnicas suaves para trabajar traumas<\/li>\n<li>otras consideraciones sobre las emociones<\/li>\n<li>otras formas de usar EFT<\/li>\n<\/ul>\n<p><strong>Curso EFT Tapping 3<\/strong><\/p>\n<ul>\n<li>el test muscular<\/li>\n<li>otras t\u00e9cnicas energ\u00e9ticas complementarias<\/li>\n<li>TAT, TTT<\/li>\n<li>el lenguaje metaf\u00f3rico en EFT<\/li>\n<li>imaginer\u00eda con EFT<\/li>\n<li>integrando partes enfrentadas con EFT<\/li>\n<li>otras consideraciones<\/li>\n<\/ul>\n<p>EFT \u00a0jam\u00e1s debe considerarse un sustituto de un abordaje m\u00e9dico o psicol\u00f3gico profesional.<\/p>\n<p>&nbsp;<\/p>\n","protected":false},"excerpt":{"rendered":"<p>Cursos EFT Tapping On-Line \u00bfQu\u00e9 es EFT\u00a0Tapping? EFT son las siglas de \u201cEmotional Freedom Techniques\u201d o\u00a0\u201cT\u00e9cnicas de Liberaci\u00f3n Emocional\u201d.\u00a0 EFT Tapping es una potente herramienta de gesti\u00f3n emocional que te permite gestionar tus emociones de una forma eficiente, ayud\u00e1ndote a reducir malestar y a tomar conciencia para generar nuevos patrones de respuesta. Con el curso [&#8230;]\n","protected":false},"featured_media":30298,"template":"","meta":{"_monsterinsights_skip_tracking":false,"_monsterinsights_sitenote_active":false,"_monsterinsights_sitenote_note":"","_monsterinsights_sitenote_category":0,"jetpack_post_was_ever_published":false,"jetpack_publicize_message":"","jetpack_publicize_feature_enabled":true,"jetpack_social_post_already_shared":true,"jetpack_social_options":{"image_generator_settings":{"template":"highway","default_image_id":0,"font":"","enabled":false},"version":2}},"product_brand":[],"product_cat":[90],"product_tag":[275,93,263,273,151,260,211,68,254,119,251,215,257,277,249,278,243,230,182,226,253,76,236,229,228,232,258,234,262,239,166,220,265,219,225,240,280,238,271,242,111,281,235,83,276,244,285,101,266,267,248,103,132,210,245,269,212,250,227,156,284,255,264,252,193,274,217,216,233,261,268,73,237,153,270,231,247,152,221,246,222,223,224,259,279,241,256,218,213,214,53,283],"class_list":{"0":"post-30297","1":"product","2":"type-product","3":"status-publish","4":"has-post-thumbnail","6":"product_cat-eft","7":"product_tag-activa","8":"product_tag-alejandro-lavin","9":"product_tag-animales","10":"product_tag-anthony-robbins","11":"product_tag-aromaterapia","12":"product_tag-biden","13":"product_tag-billetes","14":"product_tag-bioenergetica","15":"product_tag-bitcoin","16":"product_tag-carrera","17":"product_tag-china","18":"product_tag-christopher-olivarrieta","19":"product_tag-cine","20":"product_tag-constelaciones-vibracionales","21":"product_tag-coranavirus","22":"product_tag-cuantica-financiera","23":"product_tag-cultura","24":"product_tag-cursos","25":"product_tag-dinero","26":"product_tag-dios","27":"product_tag-dolar","28":"product_tag-eft","29":"product_tag-enric-corbera","30":"product_tag-ensenanza-en-casa","31":"product_tag-escuela","32":"product_tag-especialidad","33":"product_tag-estrenos","34":"product_tag-estudios","35":"product_tag-facebook","36":"product_tag-famosos","37":"product_tag-finanzas","38":"product_tag-free","39":"product_tag-gatos","40":"product_tag-gratis","41":"product_tag-guerra","42":"product_tag-humor","43":"product_tag-inteligencia-financiera","44":"product_tag-internet","45":"product_tag-interpretacion","46":"product_tag-juegos","47":"product_tag-karmas","48":"product_tag-kinesiologia","49":"product_tag-lavin","50":"product_tag-maldiciones","51":"product_tag-mama","52":"product_tag-manga","53":"product_tag-manuel-marquez","54":"product_tag-mente","55":"product_tag-mercado-libre","56":"product_tag-mercado-pago","57":"product_tag-meteorologia","58":"product_tag-miguel-ojeda","59":"product_tag-miranda-guzman","60":"product_tag-moneda","61":"product_tag-musica","62":"product_tag-nordicas","63":"product_tag-nuevo","64":"product_tag-omnicron","65":"product_tag-oracion","66":"product_tag-oratoria","67":"product_tag-osvaldo-rios","68":"product_tag-peliculas","69":"product_tag-perros","70":"product_tag-peso","71":"product_tag-pnl","72":"product_tag-poder-interior","73":"product_tag-porn","74":"product_tag-porno","75":"product_tag-profesional","76":"product_tag-putin","77":"product_tag-runas","78":"product_tag-salud","79":"product_tag-sexo","80":"product_tag-sistematica","81":"product_tag-sueno","82":"product_tag-talleres","83":"product_tag-television","84":"product_tag-terapia","85":"product_tag-terapias","86":"product_tag-trabajo","87":"product_tag-ucrania","88":"product_tag-ukrania","89":"product_tag-usa","90":"product_tag-vacuna","91":"product_tag-valoracion-cuantica-financiera","92":"product_tag-viajes","93":"product_tag-videos","94":"product_tag-xxx","95":"product_tag-youtube","96":"product_tag-youtube-yuen-guadalajara","97":"product_tag-yuen","98":"product_tag-yuen-guadalajara","100":"first","101":"instock","102":"downloadable","103":"virtual","104":"purchasable","105":"product-type-simple"},"jetpack_publicize_connections":[],"jetpack-related-posts":[{"id":13777,"url":"https:\/\/multiofertasvip.com\/?product=el-dragon-con-llamas-de-amor-tapping-para-ninos-formato-digital","url_meta":{"origin":30297,"position":0},"title":"El Drag\u00f3n con Llamas de Amor: Tapping para Ni\u00f1os \u2013 formato DIGITAL","author":"multiofertasvip","date":"mayo 12, 2020","format":false,"excerpt":"\u00a0 \u00a0 \u00a0","rel":"","context":"Entrada similar","block_context":{"text":"Entrada similar","link":""},"img":{"alt_text":"","src":"https:\/\/i0.wp.com\/multiofertasvip.com\/wp-content\/uploads\/2020\/05\/dragon.jpg?fit=200%2C200&ssl=1&resize=350%2C200","width":350,"height":200},"classes":[]},{"id":13775,"url":"https:\/\/multiofertasvip.com\/?product=guia-de-eft-para-ninos-y-ninas-formato-digital","url_meta":{"origin":30297,"position":1},"title":"Gu\u00eda de EFT para ni\u00f1os y ni\u00f1as \u2013 formato DIGITAL","author":"multiofertasvip","date":"mayo 12, 2020","format":false,"excerpt":"\u00a0 \u00a0","rel":"","context":"Entrada similar","block_context":{"text":"Entrada similar","link":""},"img":{"alt_text":"","src":"https:\/\/i0.wp.com\/multiofertasvip.com\/wp-content\/uploads\/2020\/05\/magia-en-tus-manos.jpg?fit=200%2C200&ssl=1&resize=350%2C200","width":350,"height":200},"classes":[]},{"id":13831,"url":"https:\/\/multiofertasvip.com\/?product=curso-eft-fuma-solo-si-quieres","url_meta":{"origin":30297,"position":2},"title":"Curso EFT Fuma S\u00f3lo Si Quieres-Pedro Alarcon","author":"multiofertasvip","date":"mayo 13, 2020","format":false,"excerpt":"\u00a0 \u00a0 \u00a0 \u00a0","rel":"","context":"Entrada similar","block_context":{"text":"Entrada similar","link":""},"img":{"alt_text":"","src":"https:\/\/i0.wp.com\/multiofertasvip.com\/wp-content\/uploads\/2020\/05\/fuma.jpg?fit=200%2C200&ssl=1&resize=350%2C200","width":350,"height":200},"classes":[]},{"id":13833,"url":"https:\/\/multiofertasvip.com\/?product=curso-eft-como-superar-tu-problema-sentimental-en-6-pasos","url_meta":{"origin":30297,"position":3},"title":"Curso EFT C\u00f3mo superar tu Problema Sentimental en 6 pasos","author":"multiofertasvip","date":"mayo 13, 2020","format":false,"excerpt":"\u00a0 \u00a0 \u00a0 \u00a0","rel":"","context":"Entrada similar","block_context":{"text":"Entrada similar","link":""},"img":{"alt_text":"","src":"https:\/\/i0.wp.com\/multiofertasvip.com\/wp-content\/uploads\/2020\/05\/problemas.jpg?fit=200%2C200&ssl=1&resize=350%2C200","width":350,"height":200},"classes":[]},{"id":34115,"url":"https:\/\/multiofertasvip.com\/?product=curso-coaching-neuro-emocional-mario-posanzini","url_meta":{"origin":30297,"position":4},"title":"Curso Coaching Neuro Emocional Mario Posanzini","author":"multiofertasvip","date":"agosto 6, 2025","format":false,"excerpt":"La ciencia hoy nos demuestra que detr\u00e1s de cada s\u00edntoma, detr\u00e1s de cada enfermedad, hay una emoci\u00f3n que la genera. Descubre en esta formaci\u00f3n el impacto que tienen las emociones en nuestra biolog\u00eda, en nuestro organismo, y c\u00f3mo puedes gestionarlas de forma efectiva. Es una fusi\u00f3n que une al Coaching\u2026","rel":"","context":"Entrada similar","block_context":{"text":"Entrada similar","link":""},"img":{"alt_text":"","src":"https:\/\/i0.wp.com\/multiofertasvip.com\/wp-content\/uploads\/2025\/08\/COACHING-EMO.png?fit=200%2C200&ssl=1&resize=350%2C200","width":350,"height":200},"classes":[]},{"id":35183,"url":"https:\/\/multiofertasvip.com\/?product=curso-online-canalizacion-espiritual-todohipno-actualizado-2","url_meta":{"origin":30297,"position":5},"title":"Curso Online Canalizaci\u00f3n Espiritual TodoHipno-Actualizado","author":"multiofertasvip","date":"marzo 19, 2026","format":false,"excerpt":"\u00a0 \u00a0 \u00a0 \u00a0 \u00a0 \u00a0 \u00a0","rel":"","context":"Entrada similar","block_context":{"text":"Entrada similar","link":""},"img":{"alt_text":"","src":"https:\/\/i0.wp.com\/www.todohipno.com\/wp-content\/uploads\/2021\/03\/curso-canalizacion-espiritual-1080x675.png?resize=350%2C200&ssl=1","width":350,"height":200,"srcset":"https:\/\/i0.wp.com\/www.todohipno.com\/wp-content\/uploads\/2021\/03\/curso-canalizacion-espiritual-1080x675.png?resize=350%2C200&ssl=1 1x, https:\/\/i0.wp.com\/www.todohipno.com\/wp-content\/uploads\/2021\/03\/curso-canalizacion-espiritual-1080x675.png?resize=525%2C300&ssl=1 1.5x, https:\/\/i0.wp.com\/www.todohipno.com\/wp-content\/uploads\/2021\/03\/curso-canalizacion-espiritual-1080x675.png?resize=700%2C400&ssl=1 2x"},"classes":[]}],"jetpack_sharing_enabled":true,"jetpack_likes_enabled":true,"_links":{"self":[{"href":"https:\/\/multiofertasvip.com\/index.php?rest_route=\/wp\/v2\/product\/30297","targetHints":{"allow":["GET"]}}],"collection":[{"href":"https:\/\/multiofertasvip.com\/index.php?rest_route=\/wp\/v2\/product"}],"about":[{"href":"https:\/\/multiofertasvip.com\/index.php?rest_route=\/wp\/v2\/types\/product"}],"version-history":[{"count":0,"href":"https:\/\/multiofertasvip.com\/index.php?rest_route=\/wp\/v2\/product\/30297\/revisions"}],"wp:featuredmedia":[{"embeddable":true,"href":"https:\/\/multiofertasvip.com\/index.php?rest_route=\/wp\/v2\/media\/30298"}],"wp:attachment":[{"href":"https:\/\/multiofertasvip.com\/index.php?rest_route=%2Fwp%2Fv2%2Fmedia&parent=30297"}],"wp:term":[{"taxonomy":"product_brand","embeddable":true,"href":"https:\/\/multiofertasvip.com\/index.php?rest_route=%2Fwp%2Fv2%2Fproduct_brand&post=30297"},{"taxonomy":"product_cat","embeddable":true,"href":"https:\/\/multiofertasvip.com\/index.php?rest_route=%2Fwp%2Fv2%2Fproduct_cat&post=30297"},{"taxonomy":"product_tag","embeddable":true,"href":"https:\/\/multiofertasvip.com\/index.php?rest_route=%2Fwp%2Fv2%2Fproduct_tag&post=30297"}],"curies":[{"name":"wp","href":"https:\/\/api.w.org\/{rel}","templated":true}]}}