{"id":30295,"date":"2022-04-08T20:50:50","date_gmt":"2022-04-08T20:50:50","guid":{"rendered":"https:\/\/multiofertasvip.com\/?post_type=product&#038;p=30295"},"modified":"2022-04-08T20:59:24","modified_gmt":"2022-04-08T20:59:24","slug":"taller-dinero-estas-ahi-metodo-mcha","status":"publish","type":"product","link":"https:\/\/multiofertasvip.com\/?product=taller-dinero-estas-ahi-metodo-mcha","title":{"rendered":"Taller dinero estas ah\u00ed. M\u00e9todo MCHA"},"content":{"rendered":"<div class=\"vc_row wpb_row vc_row-fluid\">\n<div class=\"vc_col-sm-12 wpb_column vc_column_container\">\n<div class=\"wpb_wrapper\">\n<div class=\"wpb_text_column wpb_content_element \">\n<div class=\"wpb_wrapper\">\n<h3><strong>\u00bfPor qu\u00e9 este curso sobre el dinero?<\/strong><\/h3>\n<p>&nbsp;<\/p>\n<p>Porque el dinero, en nuestra sociedad, es fundamental. Fundamental porque nos garantiza la supervivencia y nos permite complacernos o complacer a aquellos a los que amamos, \u00a1y tambi\u00e9n es un instrumento de libertad y de poder!<\/p>\n<p>As\u00ed que, forzosamente, muchas \u00abcosas\u00bb de nuestra historia, conscientes e inconscientes, pueden expresarse a trav\u00e9s de nuestra relaci\u00f3n con el dinero y\/o a trav\u00e9s de los problemas econ\u00f3micos con los que nos podemos tropezar. Porque un problema econ\u00f3mico es como un s\u00edntoma. Tiene su origen en algo, y ese s\u00edntoma nos limita para vivir. De modo que, trabajando sobre este tema, podremos tocar y transformar nudos importantes de nuestra historia\u2026 para cambiar de historia y contar la nuestra: \u00a1La de una Vida Rica!<\/p>\n<\/div>\n<\/div>\n<\/div>\n<\/div>\n<\/div>\n<div class=\"vc_row wpb_row vc_row-fluid\">\n<div class=\"vc_col-sm-12 wpb_column vc_column_container\">\n<div class=\"wpb_wrapper\">\n<div class=\"wpb_text_column wpb_content_element \">\n<div class=\"wpb_wrapper\">\n<h2><strong>Programa del taller<\/strong><\/h2>\n<\/div>\n<\/div>\n<\/div>\n<\/div>\n<\/div>\n<div class=\"vc_row wpb_row vc_row-fluid\">\n<div class=\"vc_col-sm-4 wpb_column vc_column_container\">\n<div class=\"wpb_wrapper\">\n<div class=\"wpb_text_column wpb_content_element \">\n<div class=\"wpb_wrapper\">\n<p>TEMA 1<\/p>\n<ol>\n<li>Activar el conflicto y hacernos conscientes de como surgen los patrones.<\/li>\n<li>Descubrir el aprendizaje detr\u00e1s de este problema. Eso es el 50% de la resoluci\u00f3n del problema.<\/li>\n<li>Definir nuestro objetivo econ\u00f3mico fuera de nuestra programaci\u00f3n. Simbolizarlo para estar en el mismo lenguaje del inconsciente.<\/li>\n<li>Reconocer la programaci\u00f3n colectiva en relaci\u00f3n al dinero para poner nuestro c\u00f3digo.<\/li>\n<\/ol>\n<\/div>\n<\/div>\n<\/div>\n<\/div>\n<div class=\"vc_col-sm-4 wpb_column vc_column_container\">\n<div class=\"wpb_wrapper\">\n<div class=\"wpb_text_column wpb_content_element \">\n<div class=\"wpb_wrapper\">\n<p>TEMA 2<\/p>\n<ol>\n<li>Entrar en nuestra historia personal para buscar los patrones inconscientes que nos limitan. Entender como es el funcionamiento del inconsciente y su l\u00f3gica.<\/li>\n<li>Reconectar con el arquetipo materno (abundancia) y paterno (prosperidad) a trav\u00e9s de varios trabajos espec\u00edficos muy precisos.<\/li>\n<li>Descubrir nuestros c\u00f3digos personales para activar la abundancia y la prosperidad con un protocolo concreto para cada uno.<\/li>\n<li>Identificar las creencias inconscientes que son el origen de nuestro problema con el dinero y cambiar esto con distintas herramientas y recursos.<\/li>\n<li>Cambiar nuestras creencias limitantes con el dinero y la vida.<\/li>\n<\/ol>\n<\/div>\n<\/div>\n<\/div>\n<\/div>\n<div class=\"vc_col-sm-4 wpb_column vc_column_container\">\n<div class=\"wpb_wrapper\">\n<div class=\"wpb_text_column wpb_content_element \">\n<div class=\"wpb_wrapper\">\n<p>TEMA 3<\/p>\n<ol>\n<li>Crear un nuevo futuro.<\/li>\n<li>Identificaremos el principio creador\/Conciencia Materia<\/li>\n<li>Descubriremos las trampas inconscientes asumidas como propias, sean o no nuestras, que nos alejan de nuestro objetivo.<\/li>\n<li>Aprenderemos a sostener nuestra frecuencia en coherencia con nuestro objetivo.<\/li>\n<li>Herramientas y hoja de ruta para despu\u00e9s el taller.<\/li>\n<\/ol>\n<\/div>\n<\/div>\n<\/div>\n<\/div>\n<\/div>\n<div class=\"vc_row wpb_row vc_row-fluid\">\n<div class=\"vc_col-sm-12 wpb_column vc_column_container\">\n<div class=\"wpb_wrapper\">\n<div class=\"wpb_text_column wpb_content_element \">\n<div class=\"wpb_wrapper\">\n<h3><strong>Instrucciones para Antes de comenzar el Curso&#8230;.<\/strong><\/h3>\n<p>&nbsp;<\/p>\n<p>&nbsp;<\/p>\n<h4><strong><br \/>\nTENER BILLETES A MANO<\/strong><\/h4>\n<p>&nbsp;<\/p>\n<p>&nbsp;<\/p>\n<p><strong><br \/>\nCuando empieces el\u00a0curso ten a mano algunos billetes<\/strong>\u00a0( dinero ) para hacer unos ejercicios, varios billetes de diferentes cantidades ( ej: billete de5 \u20ac, de 10 \u20ac, de 20 \u20ac\u00a0\u00a0 &#8211; o la moneda que teng\u00e1is, D\u00f3lares, etc\u2026 )<\/p>\n<h4><strong>CREAR EL \u00c1RBOL TRANSGENERACIONAL<\/strong><\/h4>\n<p>&nbsp;<\/p>\n<p>&nbsp;<\/p>\n<p><strong><br \/>\nTen preparado tu \u00e1rbol Transgeneracional<\/strong>\u00a0lo m\u00e1s preciso que puedas.<\/p>\n<p>Si no sabes hacer el \u00e1rbol transgeneracional por favor\u00a0<strong>mira este video donde se explica c\u00f3mo hacerlo:<\/strong>\u00a0\u00a0<a href=\"https:\/\/www.youtube.com\/watch?v=rpSdXlNHISg\">https:\/\/www.youtube.com\/watch?v=rpSdXlNHISg<\/a><\/p>\n<\/div>\n<\/div>\n<\/div>\n<\/div>\n<\/div>\n<div class=\"vc_row wpb_row vc_row-fluid\">\n<div class=\"vc_col-sm-12 wpb_column vc_column_container\">\n<div class=\"wpb_wrapper\">\n<div class=\"wpb_text_column wpb_content_element \">\n<div class=\"wpb_wrapper\">\n<h3><strong>\u00bfQu\u00e9 puede aportarte este curso?<\/strong><\/h3>\n<p>&nbsp;<\/p>\n<div>\n<p align=\"justify\">Utilizar el dinero para honrar la Vida y no que el dinero te utilice a ti como esclavo suyo! Mereces lo mejor que hay en la Vida y tener tiempo para disfrutarlo, al igual que todos nosotros. La calidad de Vida no es un lujo, sino una condici\u00f3n inherente al ser humano.<\/p>\n<\/div>\n<\/div>\n<\/div>\n<\/div>\n<\/div>\n<\/div>\n<div class=\"vc_row wpb_row vc_row-fluid\">\n<div class=\"vc_col-sm-6 wpb_column vc_column_container\">\n<div class=\"wpb_wrapper\">\n<div class=\"wpb_text_column wpb_content_element \">\n<div class=\"wpb_wrapper\">\n<h3>1.\u00a0Tratar la causa del problema<\/h3>\n<div>Identificar los \u00abbloqueos\u00bb que est\u00e1n ocultos tras las historias de dinero y liberarte de ellos, con el fin de permitirte generar la prosperidad necesaria para tu Bienestar. Exploraremos los diferentes conflictos ligados a los problemas de dinero y los sistemas de creencias transgeneracionales que est\u00e1n en el origen del problema. Y tambi\u00e9n obraremos para sanar el arquetipo del dinero.<\/div>\n<\/div>\n<\/div>\n<\/div>\n<\/div>\n<div class=\"vc_col-sm-6 wpb_column vc_column_container\">\n<div class=\"wpb_wrapper\">\n<div class=\"wpb_text_column wpb_content_element \">\n<div class=\"wpb_wrapper\">\n<h3>2.\u00a0Descubrir c\u00f3mo construir tu prosperidad<\/h3>\n<p>&nbsp;<\/p>\n<div>\u00a0A partir de tu estado de ser. Y esto, descubriendo las leyes cu\u00e1nticas que rigen la Interacci\u00f3n Conciencia-Materia. Y, sobre todo, descubrir c\u00f3mo utilizar y aplicar esas leyes para crear tu prosperidad restableciendo el orden del principio creativo<\/div>\n<\/div>\n<\/div>\n<\/div>\n<\/div>\n<\/div>\n","protected":false},"excerpt":{"rendered":"<p>\u00bfPor qu\u00e9 este curso sobre el dinero? &nbsp; Porque el dinero, en nuestra sociedad, es fundamental. Fundamental porque nos garantiza la supervivencia y nos permite complacernos o complacer a aquellos a los que amamos, \u00a1y tambi\u00e9n es un instrumento de libertad y de poder! As\u00ed que, forzosamente, muchas \u00abcosas\u00bb de nuestra historia, conscientes e inconscientes, [&#8230;]\n","protected":false},"featured_media":30296,"template":"","meta":{"_monsterinsights_skip_tracking":false,"_monsterinsights_sitenote_active":false,"_monsterinsights_sitenote_note":"","_monsterinsights_sitenote_category":0,"jetpack_post_was_ever_published":false,"jetpack_publicize_message":"","jetpack_publicize_feature_enabled":true,"jetpack_social_post_already_shared":true,"jetpack_social_options":{"image_generator_settings":{"template":"highway","default_image_id":0,"font":"","enabled":false},"version":2}},"product_brand":[],"product_cat":[46],"product_tag":[275,93,263,273,151,260,211,68,254,119,251,215,257,277,249,278,243,230,182,226,253,236,229,228,232,258,234,262,239,166,220,265,219,225,240,280,238,271,242,111,281,235,83,276,244,285,101,266,267,248,103,132,210,245,269,212,250,227,156,284,255,264,252,193,274,217,216,233,261,268,73,237,153,270,231,247,152,221,246,222,223,224,259,279,241,256,218,213,214,53,283],"class_list":{"0":"post-30295","1":"product","2":"type-product","3":"status-publish","4":"has-post-thumbnail","6":"product_cat-superacion","7":"product_tag-activa","8":"product_tag-alejandro-lavin","9":"product_tag-animales","10":"product_tag-anthony-robbins","11":"product_tag-aromaterapia","12":"product_tag-biden","13":"product_tag-billetes","14":"product_tag-bioenergetica","15":"product_tag-bitcoin","16":"product_tag-carrera","17":"product_tag-china","18":"product_tag-christopher-olivarrieta","19":"product_tag-cine","20":"product_tag-constelaciones-vibracionales","21":"product_tag-coranavirus","22":"product_tag-cuantica-financiera","23":"product_tag-cultura","24":"product_tag-cursos","25":"product_tag-dinero","26":"product_tag-dios","27":"product_tag-dolar","28":"product_tag-enric-corbera","29":"product_tag-ensenanza-en-casa","30":"product_tag-escuela","31":"product_tag-especialidad","32":"product_tag-estrenos","33":"product_tag-estudios","34":"product_tag-facebook","35":"product_tag-famosos","36":"product_tag-finanzas","37":"product_tag-free","38":"product_tag-gatos","39":"product_tag-gratis","40":"product_tag-guerra","41":"product_tag-humor","42":"product_tag-inteligencia-financiera","43":"product_tag-internet","44":"product_tag-interpretacion","45":"product_tag-juegos","46":"product_tag-karmas","47":"product_tag-kinesiologia","48":"product_tag-lavin","49":"product_tag-maldiciones","50":"product_tag-mama","51":"product_tag-manga","52":"product_tag-manuel-marquez","53":"product_tag-mente","54":"product_tag-mercado-libre","55":"product_tag-mercado-pago","56":"product_tag-meteorologia","57":"product_tag-miguel-ojeda","58":"product_tag-miranda-guzman","59":"product_tag-moneda","60":"product_tag-musica","61":"product_tag-nordicas","62":"product_tag-nuevo","63":"product_tag-omnicron","64":"product_tag-oracion","65":"product_tag-oratoria","66":"product_tag-osvaldo-rios","67":"product_tag-peliculas","68":"product_tag-perros","69":"product_tag-peso","70":"product_tag-pnl","71":"product_tag-poder-interior","72":"product_tag-porn","73":"product_tag-porno","74":"product_tag-profesional","75":"product_tag-putin","76":"product_tag-runas","77":"product_tag-salud","78":"product_tag-sexo","79":"product_tag-sistematica","80":"product_tag-sueno","81":"product_tag-talleres","82":"product_tag-television","83":"product_tag-terapia","84":"product_tag-terapias","85":"product_tag-trabajo","86":"product_tag-ucrania","87":"product_tag-ukrania","88":"product_tag-usa","89":"product_tag-vacuna","90":"product_tag-valoracion-cuantica-financiera","91":"product_tag-viajes","92":"product_tag-videos","93":"product_tag-xxx","94":"product_tag-youtube","95":"product_tag-youtube-yuen-guadalajara","96":"product_tag-yuen","97":"product_tag-yuen-guadalajara","99":"first","100":"instock","101":"downloadable","102":"virtual","103":"purchasable","104":"product-type-simple"},"jetpack_publicize_connections":[],"jetpack-related-posts":[{"id":33595,"url":"https:\/\/multiofertasvip.com\/?product=dinerologia-daniela-correa","url_meta":{"origin":30295,"position":0},"title":"Dinerologia-Daniela Correa","author":"multiofertasvip","date":"febrero 9, 2025","format":false,"excerpt":"\u00bfTe encuentras haciendo cuentas cada fin de mes? \u00bfTrabajas, ganas, gastas\u2026\u00a0y vuelves a empezar, pero nunca es suficiente? no es\u00a0el t\u00edpico curso\u00a0de finanzas. No es la cl\u00e1sica charla sobre \u201cahorra m\u00e1s\u201d o \u201cgasta menos\u201d. Es un curso en el que\u00a0desbloquear\u00e1s esas limitaciones mentales, emocionales y energ\u00e9ticas que, aunque no las\u2026","rel":"","context":"Entrada similar","block_context":{"text":"Entrada similar","link":""},"img":{"alt_text":"","src":"https:\/\/i0.wp.com\/dinerologia.mx\/wp-content\/uploads\/2024\/11\/Sin-titulo-3.png?resize=350%2C200&ssl=1","width":350,"height":200,"srcset":"https:\/\/i0.wp.com\/dinerologia.mx\/wp-content\/uploads\/2024\/11\/Sin-titulo-3.png?resize=350%2C200&ssl=1 1x, https:\/\/i0.wp.com\/dinerologia.mx\/wp-content\/uploads\/2024\/11\/Sin-titulo-3.png?resize=525%2C300&ssl=1 1.5x, https:\/\/i0.wp.com\/dinerologia.mx\/wp-content\/uploads\/2024\/11\/Sin-titulo-3.png?resize=700%2C400&ssl=1 2x, https:\/\/i0.wp.com\/dinerologia.mx\/wp-content\/uploads\/2024\/11\/Sin-titulo-3.png?resize=1050%2C600&ssl=1 3x, https:\/\/i0.wp.com\/dinerologia.mx\/wp-content\/uploads\/2024\/11\/Sin-titulo-3.png?resize=1400%2C800&ssl=1 4x"},"classes":[]},{"id":29764,"url":"https:\/\/multiofertasvip.com\/?product=taller-de-negocios-dinero-y-ventas-en-video-metodo-yuen-guadalajara","url_meta":{"origin":30295,"position":1},"title":"Taller De Negocios Dinero Y Ventas en Video-Metodo Yuen Guadalajara","author":"multiofertasvip","date":"abril 18, 2021","format":false,"excerpt":"\u00a0 \u00a0 \u00a0 \u00a0 \u00a0 \u00a0 \u00a0","rel":"","context":"Entrada similar","block_context":{"text":"Entrada similar","link":""},"img":{"alt_text":"","src":"https:\/\/i0.wp.com\/multiofertasvip.com\/wp-content\/uploads\/2021\/04\/negocios.jpg?fit=200%2C200&ssl=1&resize=350%2C200","width":350,"height":200},"classes":[]},{"id":30379,"url":"https:\/\/multiofertasvip.com\/?product=metodo-yuen-guadalajara-taller-poder-de-la-manifestacion","url_meta":{"origin":30295,"position":2},"title":"M\u00e9todo Yuen Guadalajara &#8211; Taller Poder de la Manifestacion","author":"multiofertasvip","date":"julio 27, 2022","format":false,"excerpt":"\u00a0 \u00a0 \u00a0 \u00a0 \u00a0 \u00a0 \u00a0","rel":"","context":"Entrada similar","block_context":{"text":"Entrada similar","link":""},"img":{"alt_text":"","src":"https:\/\/i0.wp.com\/multiofertasvip.com\/wp-content\/uploads\/2022\/05\/talleres.jpg?fit=200%2C200&ssl=1&resize=350%2C200","width":350,"height":200},"classes":[]},{"id":30499,"url":"https:\/\/multiofertasvip.com\/?product=metodo-yuen-guadalajara-taller-el-poder-de-la-manifestacion","url_meta":{"origin":30295,"position":3},"title":"M\u00e9todo Yuen Guadalajara &#8211; Taller el Poder de la Manifestacion","author":"multiofertasvip","date":"octubre 13, 2022","format":false,"excerpt":"\u00a0 \u00a0 \u00a0 \u00a0 \u00a0 \u00a0 \u00a0","rel":"","context":"Entrada similar","block_context":{"text":"Entrada similar","link":""},"img":{"alt_text":"","src":"https:\/\/i0.wp.com\/multiofertasvip.com\/wp-content\/uploads\/2022\/05\/talleres.jpg?fit=200%2C200&ssl=1&resize=350%2C200","width":350,"height":200},"classes":[]},{"id":33081,"url":"https:\/\/multiofertasvip.com\/?product=mentoria-privada-con-lain-garcia-calvo","url_meta":{"origin":30295,"position":4},"title":"Mentoria Privada con Lain Garcia Calvo","author":"multiofertasvip","date":"agosto 19, 2024","format":false,"excerpt":"3 MESES CONMIGO PARA DAR UN SALTO CU\u00c1NTICO EN TU VIDA, TU ECONOM\u00cdA Y TU DINERO 4 RAZONES POR LAS CUALES ESTA MENTOR\u00cdA MARCAR\u00c1 UNA DIFERENCIA ABISMAL TANTO EN TU VIDA PERSONAL COMO ECON\u00d3MICA: Aprender\u00e1s\u00a0las ESTRATEGIAS MAGISTRALES de las personas m\u00e1s exitosas del mundo. Estas ESTRATEGIAS MAGISTRALES han catapultado a\u2026","rel":"","context":"Entrada similar","block_context":{"text":"Entrada similar","link":""},"img":{"alt_text":"","src":"https:\/\/i0.wp.com\/multiofertasvip.com\/wp-content\/uploads\/2024\/08\/lain.jpg?fit=200%2C200&ssl=1&resize=350%2C200","width":350,"height":200},"classes":[]},{"id":33510,"url":"https:\/\/multiofertasvip.com\/?product=academia-de-riqueza-tatiana-arias","url_meta":{"origin":30295,"position":5},"title":"Academia de Riqueza Tatiana Arias","author":"multiofertasvip","date":"diciembre 19, 2024","format":false,"excerpt":"La \u00danica Comunidad del Mercado Hispano\u2026 La\u00a0F\u00f3rmula Paso a Paso\u00a0para Crear Riqueza y poder vivir en plena Libertad y Tranquilidad Financiera (te encuentres en la situaci\u00f3n que te encuentres).\u00a0\u00a0Aprende c\u00f3mo hacer para que el dinero\u00a0trabaje para ti hoy mismo. \u00a0\u00a0Lo que conseguir\u00e1s con este programa pr\u00e1ctico y concreto \u00a1Felicitaciones! Hoy\u2026","rel":"","context":"Entrada similar","block_context":{"text":"Entrada similar","link":""},"img":{"alt_text":"","src":"https:\/\/i0.wp.com\/multiofertasvip.com\/wp-content\/uploads\/2024\/12\/academia-de-riqueza.jpg?fit=200%2C200&ssl=1&resize=350%2C200","width":350,"height":200},"classes":[]}],"jetpack_sharing_enabled":true,"jetpack_likes_enabled":true,"_links":{"self":[{"href":"https:\/\/multiofertasvip.com\/index.php?rest_route=\/wp\/v2\/product\/30295","targetHints":{"allow":["GET"]}}],"collection":[{"href":"https:\/\/multiofertasvip.com\/index.php?rest_route=\/wp\/v2\/product"}],"about":[{"href":"https:\/\/multiofertasvip.com\/index.php?rest_route=\/wp\/v2\/types\/product"}],"version-history":[{"count":0,"href":"https:\/\/multiofertasvip.com\/index.php?rest_route=\/wp\/v2\/product\/30295\/revisions"}],"wp:featuredmedia":[{"embeddable":true,"href":"https:\/\/multiofertasvip.com\/index.php?rest_route=\/wp\/v2\/media\/30296"}],"wp:attachment":[{"href":"https:\/\/multiofertasvip.com\/index.php?rest_route=%2Fwp%2Fv2%2Fmedia&parent=30295"}],"wp:term":[{"taxonomy":"product_brand","embeddable":true,"href":"https:\/\/multiofertasvip.com\/index.php?rest_route=%2Fwp%2Fv2%2Fproduct_brand&post=30295"},{"taxonomy":"product_cat","embeddable":true,"href":"https:\/\/multiofertasvip.com\/index.php?rest_route=%2Fwp%2Fv2%2Fproduct_cat&post=30295"},{"taxonomy":"product_tag","embeddable":true,"href":"https:\/\/multiofertasvip.com\/index.php?rest_route=%2Fwp%2Fv2%2Fproduct_tag&post=30295"}],"curies":[{"name":"wp","href":"https:\/\/api.w.org\/{rel}","templated":true}]}}