{"id":30291,"date":"2022-03-31T20:46:13","date_gmt":"2022-03-31T20:46:13","guid":{"rendered":"https:\/\/multiofertasvip.com\/?post_type=product&#038;p=30291"},"modified":"2022-03-31T20:50:10","modified_gmt":"2022-03-31T20:50:10","slug":"taller-para-quitar-karmas-y-maldiciones-manuel-marquez","status":"publish","type":"product","link":"https:\/\/multiofertasvip.com\/?product=taller-para-quitar-karmas-y-maldiciones-manuel-marquez","title":{"rendered":"Taller para quitar karmas y maldiciones-Manuel Marquez"},"content":{"rendered":"<p>El taller para quitar karmas y maldiciones ser\u00e1 la mejor protecci\u00f3n que puedas tener para poder avanzar con tu vida y vivir en plenitud. Imparte: Manuel M\u00e1rquez, instructor certificado en M\u00e9todo Yuen.<\/p>\n<p>\u00bfAlguien no te paga? \u00bfTe llevabas bien con alguien y ahora ya no? \u00bfLleg\u00f3 la herencia y tu familia se dispers\u00f3?<\/p>\n<p>Si no entiendes porqu\u00e9 tienes que esforzarte demasiado para encajar, o te cuesta encontrar el balance en tu vida, esta charla GRATUITA es para ti, para que identifiques los karmas o maldiciones que pueden estar bloque\u00e1ndote para una vida de paz y prosperidad.<\/p>\n<p><img decoding=\"async\" class=\"aligncenter\" src=\"https:\/\/scontent.fmxl1-1.fna.fbcdn.net\/v\/t39.30808-6\/272797678_349953273801174_2028398213278171378_n.jpg?stp=dst-jpg_p526x296&amp;_nc_cat=103&amp;ccb=1-5&amp;_nc_sid=730e14&amp;_nc_eui2=AeEydSV-5w5c_HGXXsw_BDR5fV-uXgZwojR9X65eBnCiNAbuDFkHmWcEf1Dz6KIpRessSRx2dBn7vt60FVOTcxjR&amp;_nc_ohc=EWqLVN6YGdAAX9Py0WI&amp;_nc_ht=scontent.fmxl1-1.fna&amp;oh=00_AT-Ub6lCs4onVJFdaeHQnlJmM24kmkHwBS2-zVTbhTlpKw&amp;oe=624A433E\" alt=\"Puede ser una imagen de 1 persona y texto que dice &quot;YUEN\/ JUEN|MANUEL MANUEL CadIEW ZAAI -No encuentro trabajo -No obtengo dinero -Fallo en relaciones \u00a1Lib\u00e9rate con mi taller! \u00bfC\u00f3mo puedo quitar karmas y maldiciones que afectan mi vida?&quot;\" \/><\/p>\n","protected":false},"excerpt":{"rendered":"<p>El taller para quitar karmas y maldiciones ser\u00e1 la mejor protecci\u00f3n que puedas tener para poder avanzar con tu vida y vivir en plenitud. Imparte: Manuel M\u00e1rquez, instructor certificado en M\u00e9todo Yuen. \u00bfAlguien no te paga? \u00bfTe llevabas bien con alguien y ahora ya no? \u00bfLleg\u00f3 la herencia y tu familia se dispers\u00f3? Si no [&#8230;]\n","protected":false},"featured_media":30292,"template":"","meta":{"_monsterinsights_skip_tracking":false,"_monsterinsights_sitenote_active":false,"_monsterinsights_sitenote_note":"","_monsterinsights_sitenote_category":0,"jetpack_post_was_ever_published":false,"jetpack_publicize_message":"","jetpack_publicize_feature_enabled":true,"jetpack_social_post_already_shared":true,"jetpack_social_options":{"image_generator_settings":{"template":"highway","default_image_id":0,"font":"","enabled":false},"version":2}},"product_brand":[],"product_cat":[87],"product_tag":[275,93,263,273,151,260,211,68,254,119,251,215,257,277,249,278,243,230,182,226,253,236,229,228,232,258,234,262,239,166,220,265,219,225,240,280,238,271,242,111,281,235,83,276,244,285,101,266,267,248,103,132,210,245,269,212,250,227,156,284,255,264,252,193,274,217,216,233,261,268,73,237,153,270,231,247,152,221,246,222,223,224,259,279,241,256,218,213,214,53,283],"class_list":{"0":"post-30291","1":"product","2":"type-product","3":"status-publish","4":"has-post-thumbnail","6":"product_cat-metodo-yuen","7":"product_tag-activa","8":"product_tag-alejandro-lavin","9":"product_tag-animales","10":"product_tag-anthony-robbins","11":"product_tag-aromaterapia","12":"product_tag-biden","13":"product_tag-billetes","14":"product_tag-bioenergetica","15":"product_tag-bitcoin","16":"product_tag-carrera","17":"product_tag-china","18":"product_tag-christopher-olivarrieta","19":"product_tag-cine","20":"product_tag-constelaciones-vibracionales","21":"product_tag-coranavirus","22":"product_tag-cuantica-financiera","23":"product_tag-cultura","24":"product_tag-cursos","25":"product_tag-dinero","26":"product_tag-dios","27":"product_tag-dolar","28":"product_tag-enric-corbera","29":"product_tag-ensenanza-en-casa","30":"product_tag-escuela","31":"product_tag-especialidad","32":"product_tag-estrenos","33":"product_tag-estudios","34":"product_tag-facebook","35":"product_tag-famosos","36":"product_tag-finanzas","37":"product_tag-free","38":"product_tag-gatos","39":"product_tag-gratis","40":"product_tag-guerra","41":"product_tag-humor","42":"product_tag-inteligencia-financiera","43":"product_tag-internet","44":"product_tag-interpretacion","45":"product_tag-juegos","46":"product_tag-karmas","47":"product_tag-kinesiologia","48":"product_tag-lavin","49":"product_tag-maldiciones","50":"product_tag-mama","51":"product_tag-manga","52":"product_tag-manuel-marquez","53":"product_tag-mente","54":"product_tag-mercado-libre","55":"product_tag-mercado-pago","56":"product_tag-meteorologia","57":"product_tag-miguel-ojeda","58":"product_tag-miranda-guzman","59":"product_tag-moneda","60":"product_tag-musica","61":"product_tag-nordicas","62":"product_tag-nuevo","63":"product_tag-omnicron","64":"product_tag-oracion","65":"product_tag-oratoria","66":"product_tag-osvaldo-rios","67":"product_tag-peliculas","68":"product_tag-perros","69":"product_tag-peso","70":"product_tag-pnl","71":"product_tag-poder-interior","72":"product_tag-porn","73":"product_tag-porno","74":"product_tag-profesional","75":"product_tag-putin","76":"product_tag-runas","77":"product_tag-salud","78":"product_tag-sexo","79":"product_tag-sistematica","80":"product_tag-sueno","81":"product_tag-talleres","82":"product_tag-television","83":"product_tag-terapia","84":"product_tag-terapias","85":"product_tag-trabajo","86":"product_tag-ucrania","87":"product_tag-ukrania","88":"product_tag-usa","89":"product_tag-vacuna","90":"product_tag-valoracion-cuantica-financiera","91":"product_tag-viajes","92":"product_tag-videos","93":"product_tag-xxx","94":"product_tag-youtube","95":"product_tag-youtube-yuen-guadalajara","96":"product_tag-yuen","97":"product_tag-yuen-guadalajara","99":"first","100":"instock","101":"downloadable","102":"virtual","103":"purchasable","104":"product-type-simple"},"jetpack_publicize_connections":[],"jetpack-related-posts":[{"id":30313,"url":"https:\/\/multiofertasvip.com\/?product=taller-para-quitar-karmas-y-vidas-pasadas-cristopher-olavarrieta","url_meta":{"origin":30291,"position":0},"title":"Taller  karmas y Vidas Pasadas-Cristopher Olavarrieta","author":"multiofertasvip","date":"mayo 7, 2022","format":false,"excerpt":"Cuando hay resistencia a evolucionar hacia la conciencia ps\u00edquica y espiritual aparecen: TRAUMAS, DOLOR, DESCONTENTO, INSATISFACCI\u00d3N, ENFERMEDADES, EMOCIONES NEGATIVAS, EXPERIENCIAS NEGATIVAS Y AFLICCIONES. Por lo que la capacidad de curarse est\u00e1 mas en estos \u00faltimos niveles, el ps\u00edquico y el espiritual. Yo no soy ning\u00fan gur\u00fa, pero quiero ayudarte a\u2026","rel":"","context":"Entrada similar","block_context":{"text":"Entrada similar","link":""},"img":{"alt_text":"","src":"https:\/\/i0.wp.com\/multiofertasvip.com\/wp-content\/uploads\/2022\/05\/taller-karmas-Cristopher.png?fit=200%2C200&ssl=1&resize=350%2C200","width":350,"height":200},"classes":[]},{"id":30661,"url":"https:\/\/multiofertasvip.com\/?product=taller-yuen-karmas-y-maldiciones-janeth-franco","url_meta":{"origin":30291,"position":1},"title":"Taller Yuen -Karmas y Maldiciones-Janeth Franco","author":"multiofertasvip","date":"diciembre 20, 2022","format":false,"excerpt":"BIENVENIDO AL TALLER KARMAS Y MALDICIONES \u00a0","rel":"","context":"Entrada similar","block_context":{"text":"Entrada similar","link":""},"img":{"alt_text":"","src":"https:\/\/i0.wp.com\/multiofertasvip.com\/wp-content\/uploads\/2022\/12\/karmas.jpg?fit=200%2C200&ssl=1&resize=350%2C200","width":350,"height":200},"classes":[]},{"id":29856,"url":"https:\/\/multiofertasvip.com\/?product=taller-karmas-y-maldiciones-en-video-yuen-guadalajara","url_meta":{"origin":30291,"position":2},"title":"Taller Karmas y Maldiciones En Video -Yuen Guadalajara","author":"multiofertasvip","date":"abril 20, 2021","format":false,"excerpt":"\u00a0 \u00a0 \u00a0 \u00a0 \u00a0 \u00a0 \u00a0","rel":"","context":"Entrada similar","block_context":{"text":"Entrada similar","link":""},"img":{"alt_text":"\ud83d\udccc","src":"https:\/\/static.xx.fbcdn.net\/images\/emoji.php\/v9\/t5\/1.5\/16\/1f4cc.png","width":350,"height":200},"classes":[]},{"id":30773,"url":"https:\/\/multiofertasvip.com\/?product=metodo-yuen-nivel-1-manuel-marquez","url_meta":{"origin":30291,"position":3},"title":"Metodo yuen Nivel 1-Manuel Marquez","author":"multiofertasvip","date":"marzo 7, 2023","format":false,"excerpt":"Algunas de las cosas que aprender\u00e1s en el nivel 1 de M\u00e9todo Yuen incluyen: Los principios fundamentales de la medicina energ\u00e9tica y c\u00f3mo se relacionan con la salud f\u00edsica y emocional. C\u00f3mo detectar los desequilibrios energ\u00e9ticos en el cuerpo utilizando t\u00e9cnicas manuales y la observaci\u00f3n visual. C\u00f3mo corregir los desequilibrios\u2026","rel":"","context":"Entrada similar","block_context":{"text":"Entrada similar","link":""},"img":{"alt_text":"","src":"https:\/\/i0.wp.com\/multiofertasvip.com\/wp-content\/uploads\/2023\/03\/nivel-1.png?fit=200%2C200&ssl=1&resize=350%2C200","width":350,"height":200},"classes":[]},{"id":30775,"url":"https:\/\/multiofertasvip.com\/?product=metodo-yuen-nivel-2-manuel-marquez","url_meta":{"origin":30291,"position":4},"title":"Metodo yuen Nivel 2-Manuel Marquez","author":"multiofertasvip","date":"marzo 7, 2023","format":false,"excerpt":"El nivel 2 del M\u00e9todo Yuen se enfoca en la eliminaci\u00f3n de bloqueos energ\u00e9ticos m\u00e1s profundos y complejos. Algunos de los temas que podr\u00edas aprender incluyen: Ampliar tu capacidad de percepci\u00f3n energ\u00e9tica: Aprender\u00e1s a sintonizarte con diferentes tipos de energ\u00eda, incluyendo la energ\u00eda del cuerpo humano, el medio ambiente y\u2026","rel":"","context":"Entrada similar","block_context":{"text":"Entrada similar","link":""},"img":{"alt_text":"","src":"https:\/\/i0.wp.com\/multiofertasvip.com\/wp-content\/uploads\/2023\/03\/nivel-2.jpg?fit=200%2C200&ssl=1&resize=350%2C200","width":350,"height":200},"classes":[]},{"id":30295,"url":"https:\/\/multiofertasvip.com\/?product=taller-dinero-estas-ahi-metodo-mcha","url_meta":{"origin":30291,"position":5},"title":"Taller dinero estas ah\u00ed. M\u00e9todo MCHA","author":"multiofertasvip","date":"abril 8, 2022","format":false,"excerpt":"\u00bfPor qu\u00e9 este curso sobre el dinero? \u00a0 Porque el dinero, en nuestra sociedad, es fundamental. Fundamental porque nos garantiza la supervivencia y nos permite complacernos o complacer a aquellos a los que amamos, \u00a1y tambi\u00e9n es un instrumento de libertad y de poder! As\u00ed que, forzosamente, muchas \u00abcosas\u00bb de\u2026","rel":"","context":"Entrada similar","block_context":{"text":"Entrada similar","link":""},"img":{"alt_text":"","src":"https:\/\/i0.wp.com\/multiofertasvip.com\/wp-content\/uploads\/2022\/04\/taller-dinero-estas-ahi-metodo-mcha.jpg?fit=200%2C200&ssl=1&resize=350%2C200","width":350,"height":200},"classes":[]}],"jetpack_sharing_enabled":true,"jetpack_likes_enabled":true,"_links":{"self":[{"href":"https:\/\/multiofertasvip.com\/index.php?rest_route=\/wp\/v2\/product\/30291","targetHints":{"allow":["GET"]}}],"collection":[{"href":"https:\/\/multiofertasvip.com\/index.php?rest_route=\/wp\/v2\/product"}],"about":[{"href":"https:\/\/multiofertasvip.com\/index.php?rest_route=\/wp\/v2\/types\/product"}],"version-history":[{"count":0,"href":"https:\/\/multiofertasvip.com\/index.php?rest_route=\/wp\/v2\/product\/30291\/revisions"}],"wp:featuredmedia":[{"embeddable":true,"href":"https:\/\/multiofertasvip.com\/index.php?rest_route=\/wp\/v2\/media\/30292"}],"wp:attachment":[{"href":"https:\/\/multiofertasvip.com\/index.php?rest_route=%2Fwp%2Fv2%2Fmedia&parent=30291"}],"wp:term":[{"taxonomy":"product_brand","embeddable":true,"href":"https:\/\/multiofertasvip.com\/index.php?rest_route=%2Fwp%2Fv2%2Fproduct_brand&post=30291"},{"taxonomy":"product_cat","embeddable":true,"href":"https:\/\/multiofertasvip.com\/index.php?rest_route=%2Fwp%2Fv2%2Fproduct_cat&post=30291"},{"taxonomy":"product_tag","embeddable":true,"href":"https:\/\/multiofertasvip.com\/index.php?rest_route=%2Fwp%2Fv2%2Fproduct_tag&post=30291"}],"curies":[{"name":"wp","href":"https:\/\/api.w.org\/{rel}","templated":true}]}}