{"id":30289,"date":"2022-03-31T20:30:12","date_gmt":"2022-03-31T20:30:12","guid":{"rendered":"https:\/\/multiofertasvip.com\/?post_type=product&#038;p=30289"},"modified":"2022-03-31T20:39:48","modified_gmt":"2022-03-31T20:39:48","slug":"taller-de-regularizacion-niveles-1-3-metodo-yuen-guadalajara","status":"publish","type":"product","link":"https:\/\/multiofertasvip.com\/?product=taller-de-regularizacion-niveles-1-3-metodo-yuen-guadalajara","title":{"rendered":"Taller de Regularizacion Niveles 1-3 Metodo Yuen Guadalajara"},"content":{"rendered":"<p>El\u00a0<b>M\u00e9todo Yuen<\/b>\u00a0trata\u00a0<b>de<\/b>\u00a0buscar las debilidades\u00a0<b>que<\/b>\u00a0crean una situaci\u00f3n indeseada con la intenci\u00f3n\u00a0<b>de<\/b>\u00a0llegar al origen o ra\u00edz del problema, cuantas m\u00e1s debilidades encontramos y fortalecemos m\u00e1s cerca estamos\u00a0<b>de<\/b>\u00a0solucionar el problema.<\/p>\n<p>Pero, \u00bfqui\u00e9n es el doctor Yuen?<\/p>\n<p>Orador principal internacional, el\u00a0<b>Dr<\/b>. Kam\u00a0<b>Yuen<\/b>\u00a0es consultor, autor, conductor de seminarios, maestro, entrenador para la vida y experto en el alivio del dolor del m\u00e1s alto nivel. Hay m\u00e1s de 15.000 personas habilitadas para aplicar el M\u00e9todo\u00a0<b>Yuen<\/b>, lo que representa una amplia muestra de la poblaci\u00f3n mundial.<\/p>\n<p>En la misma linea, \u00bfqu\u00e9 es el metodo Yuen Christopher Olavarrieta?<\/p>\n<p>El\u00a0<b>M\u00e9todo Yuen<\/b>\u00a0es una t\u00e9cnica de medicina energ\u00e9tica\u00a0<b>que<\/b>\u00a0combina el antiguo arte de curaci\u00f3n practicado en el templo Shaolin de China con la ciencia occidental y\u00a0<b>que<\/b>\u00a0fusiona anatom\u00eda, fisiolog\u00eda, an\u00e1lisis estructural, otras t\u00e9cnicas energ\u00e9ticas y f\u00edsica cu\u00e1ntica.<\/p>\n<p>Pero tambi\u00e9n, \u00bfqu\u00e9 es el metodo Yuen y para qu\u00e9 sirve?<\/p>\n<p>El\u00a0<b>M\u00e9todo Yuen<\/b>\u00a0trata\u00a0<b>de<\/b>\u00a0buscar las debilidades\u00a0<b>que<\/b>\u00a0crean una situaci\u00f3n indeseada con la intenci\u00f3n\u00a0<b>de<\/b>\u00a0llegar al origen o ra\u00edz del problema, cuantas m\u00e1s debilidades encontramos y fortalecemos m\u00e1s cerca estamos\u00a0<b>de<\/b>\u00a0solucionar el problema.<\/p>\n","protected":false},"excerpt":{"rendered":"<p>Incluye (8) lecciones de audio de alta definici\u00f3n (60 minutos cada una)<\/p>\n<p>&nbsp;<\/p>\n","protected":false},"featured_media":30290,"template":"","meta":{"_monsterinsights_skip_tracking":false,"_monsterinsights_sitenote_active":false,"_monsterinsights_sitenote_note":"","_monsterinsights_sitenote_category":0,"jetpack_post_was_ever_published":false,"jetpack_publicize_message":"","jetpack_publicize_feature_enabled":true,"jetpack_social_post_already_shared":true,"jetpack_social_options":{"image_generator_settings":{"template":"highway","default_image_id":0,"font":"","enabled":false},"version":2}},"product_brand":[],"product_cat":[87],"product_tag":[275,93,263,273,151,260,211,68,254,119,251,215,257,277,249,278,243,230,182,226,253,236,229,228,232,258,234,262,239,166,220,265,219,225,240,280,238,271,242,281,235,276,244,101,266,267,248,103,132,210,245,269,212,250,227,156,284,255,264,252,193,274,217,216,233,261,268,73,237,153,270,231,247,152,221,246,222,223,224,259,279,241,256,218,213,214,53,283],"class_list":{"0":"post-30289","1":"product","2":"type-product","3":"status-publish","4":"has-post-thumbnail","6":"product_cat-metodo-yuen","7":"product_tag-activa","8":"product_tag-alejandro-lavin","9":"product_tag-animales","10":"product_tag-anthony-robbins","11":"product_tag-aromaterapia","12":"product_tag-biden","13":"product_tag-billetes","14":"product_tag-bioenergetica","15":"product_tag-bitcoin","16":"product_tag-carrera","17":"product_tag-china","18":"product_tag-christopher-olivarrieta","19":"product_tag-cine","20":"product_tag-constelaciones-vibracionales","21":"product_tag-coranavirus","22":"product_tag-cuantica-financiera","23":"product_tag-cultura","24":"product_tag-cursos","25":"product_tag-dinero","26":"product_tag-dios","27":"product_tag-dolar","28":"product_tag-enric-corbera","29":"product_tag-ensenanza-en-casa","30":"product_tag-escuela","31":"product_tag-especialidad","32":"product_tag-estrenos","33":"product_tag-estudios","34":"product_tag-facebook","35":"product_tag-famosos","36":"product_tag-finanzas","37":"product_tag-free","38":"product_tag-gatos","39":"product_tag-gratis","40":"product_tag-guerra","41":"product_tag-humor","42":"product_tag-inteligencia-financiera","43":"product_tag-internet","44":"product_tag-interpretacion","45":"product_tag-juegos","46":"product_tag-kinesiologia","47":"product_tag-lavin","48":"product_tag-mama","49":"product_tag-manga","50":"product_tag-mente","51":"product_tag-mercado-libre","52":"product_tag-mercado-pago","53":"product_tag-meteorologia","54":"product_tag-miguel-ojeda","55":"product_tag-miranda-guzman","56":"product_tag-moneda","57":"product_tag-musica","58":"product_tag-nordicas","59":"product_tag-nuevo","60":"product_tag-omnicron","61":"product_tag-oracion","62":"product_tag-oratoria","63":"product_tag-osvaldo-rios","64":"product_tag-peliculas","65":"product_tag-perros","66":"product_tag-peso","67":"product_tag-pnl","68":"product_tag-poder-interior","69":"product_tag-porn","70":"product_tag-porno","71":"product_tag-profesional","72":"product_tag-putin","73":"product_tag-runas","74":"product_tag-salud","75":"product_tag-sexo","76":"product_tag-sistematica","77":"product_tag-sueno","78":"product_tag-talleres","79":"product_tag-television","80":"product_tag-terapia","81":"product_tag-terapias","82":"product_tag-trabajo","83":"product_tag-ucrania","84":"product_tag-ukrania","85":"product_tag-usa","86":"product_tag-vacuna","87":"product_tag-valoracion-cuantica-financiera","88":"product_tag-viajes","89":"product_tag-videos","90":"product_tag-xxx","91":"product_tag-youtube","92":"product_tag-youtube-yuen-guadalajara","93":"product_tag-yuen","94":"product_tag-yuen-guadalajara","96":"first","97":"instock","98":"downloadable","99":"virtual","100":"purchasable","101":"product-type-simple"},"jetpack_publicize_connections":[],"jetpack-related-posts":[{"id":29945,"url":"https:\/\/multiofertasvip.com\/?product=metodo-yuen-antologia-cuantica-nivel-1","url_meta":{"origin":30289,"position":0},"title":"Metodo Yuen Antologia Cuantica Nivel 1","author":"multiofertasvip","date":"mayo 23, 2021","format":false,"excerpt":"\u00bfQu\u00e9 es el M\u00e9todo Yuen? El M\u00e9todo Yuen es una t\u00e9cnica de sanaci\u00f3n cu\u00e1ntica cuyo origen se encuentra en la sabidur\u00eda ancestral de los antiguos Monjes Shaolin de China, el Dr. Kam Yuen es la persona que ha desarrollado este m\u00e9todo integrando conocimientos de la Medicina Tradicional China y de\u2026","rel":"","context":"Entrada similar","block_context":{"text":"Entrada similar","link":""},"img":{"alt_text":"","src":"https:\/\/i0.wp.com\/multiofertasvip.com\/wp-content\/uploads\/2021\/05\/milagros1.png?fit=200%2C200&ssl=1&resize=350%2C200","width":350,"height":200},"classes":[]},{"id":29936,"url":"https:\/\/multiofertasvip.com\/?product=metodo-yuen-guadalajara-nivel-1","url_meta":{"origin":30289,"position":1},"title":"Metodo Yuen Guadalajara Nivel 1","author":"multiofertasvip","date":"mayo 10, 2021","format":false,"excerpt":"\u00bfQu\u00e9 es el M\u00e9todo Yuen? El M\u00e9todo Yuen es una t\u00e9cnica de sanaci\u00f3n cu\u00e1ntica cuyo origen se encuentra en la sabidur\u00eda ancestral de los antiguos Monjes Shaolin de China, el Dr. Kam Yuen es la persona que ha desarrollado este m\u00e9todo integrando conocimientos de la Medicina Tradicional China y de\u2026","rel":"","context":"Entrada similar","block_context":{"text":"Entrada similar","link":""},"img":{"alt_text":"","src":"https:\/\/i0.wp.com\/multiofertasvip.com\/wp-content\/uploads\/2021\/05\/guadalajara-1.png?fit=200%2C200&ssl=1&resize=350%2C200","width":350,"height":200},"classes":[]},{"id":29938,"url":"https:\/\/multiofertasvip.com\/?product=metodo-yuen-guadalajara-nivel-2","url_meta":{"origin":30289,"position":2},"title":"Metodo Yuen Guadalajara Nivel 2","author":"multiofertasvip","date":"mayo 10, 2021","format":false,"excerpt":"\u00bfQu\u00e9 es el M\u00e9todo Yuen? El M\u00e9todo Yuen es una t\u00e9cnica de sanaci\u00f3n cu\u00e1ntica cuyo origen se encuentra en la sabidur\u00eda ancestral de los antiguos Monjes Shaolin de China, el Dr. Kam Yuen es la persona que ha desarrollado este m\u00e9todo integrando conocimientos de la Medicina Tradicional China y de\u2026","rel":"","context":"Entrada similar","block_context":{"text":"Entrada similar","link":""},"img":{"alt_text":"","src":"https:\/\/i0.wp.com\/multiofertasvip.com\/wp-content\/uploads\/2021\/05\/guadalajara-2.png?fit=200%2C200&ssl=1&resize=350%2C200","width":350,"height":200},"classes":[]},{"id":29940,"url":"https:\/\/multiofertasvip.com\/?product=metodo-yuen-guadalajara-nivel-3","url_meta":{"origin":30289,"position":3},"title":"Metodo Yuen Guadalajara Nivel 3","author":"multiofertasvip","date":"mayo 10, 2021","format":false,"excerpt":"\u00bfQu\u00e9 es el M\u00e9todo Yuen? El M\u00e9todo Yuen es una t\u00e9cnica de sanaci\u00f3n cu\u00e1ntica cuyo origen se encuentra en la sabidur\u00eda ancestral de los antiguos Monjes Shaolin de China, el Dr. Kam Yuen es la persona que ha desarrollado este m\u00e9todo integrando conocimientos de la Medicina Tradicional China y de\u2026","rel":"","context":"Entrada similar","block_context":{"text":"Entrada similar","link":""},"img":{"alt_text":"","src":"https:\/\/i0.wp.com\/multiofertasvip.com\/wp-content\/uploads\/2021\/05\/guadalajara-3.png?fit=200%2C200&ssl=1&resize=350%2C200","width":350,"height":200},"classes":[]},{"id":29942,"url":"https:\/\/multiofertasvip.com\/?product=metodo-yuen-guadalajara-nivel-4","url_meta":{"origin":30289,"position":4},"title":"Metodo Yuen Guadalajara Nivel 4","author":"multiofertasvip","date":"mayo 10, 2021","format":false,"excerpt":"\u00bfQu\u00e9 es el M\u00e9todo Yuen? El M\u00e9todo Yuen es una t\u00e9cnica de sanaci\u00f3n cu\u00e1ntica cuyo origen se encuentra en la sabidur\u00eda ancestral de los antiguos Monjes Shaolin de China, el Dr. Kam Yuen es la persona que ha desarrollado este m\u00e9todo integrando conocimientos de la Medicina Tradicional China y de\u2026","rel":"","context":"Entrada similar","block_context":{"text":"Entrada similar","link":""},"img":{"alt_text":"","src":"https:\/\/i0.wp.com\/multiofertasvip.com\/wp-content\/uploads\/2021\/05\/guadalajara-4.png?fit=200%2C200&ssl=1&resize=350%2C200","width":350,"height":200},"classes":[]},{"id":30001,"url":"https:\/\/multiofertasvip.com\/?product=metodo-yuen-guadalajara-nivel-5","url_meta":{"origin":30289,"position":5},"title":"Metodo Yuen Guadalajara Nivel 5","author":"multiofertasvip","date":"septiembre 30, 2021","format":false,"excerpt":"\u00bfQu\u00e9 es el M\u00e9todo Yuen? El M\u00e9todo Yuen es una t\u00e9cnica de sanaci\u00f3n cu\u00e1ntica cuyo origen se encuentra en la sabidur\u00eda ancestral de los antiguos Monjes Shaolin de China, el Dr. Kam Yuen es la persona que ha desarrollado este m\u00e9todo integrando conocimientos de la Medicina Tradicional China y de\u2026","rel":"","context":"Entrada similar","block_context":{"text":"Entrada similar","link":""},"img":{"alt_text":"","src":"https:\/\/i0.wp.com\/multiofertasvip.com\/wp-content\/uploads\/2021\/09\/NIVEL5.png?fit=200%2C200&ssl=1&resize=350%2C200","width":350,"height":200},"classes":[]}],"jetpack_sharing_enabled":true,"jetpack_likes_enabled":true,"_links":{"self":[{"href":"https:\/\/multiofertasvip.com\/index.php?rest_route=\/wp\/v2\/product\/30289","targetHints":{"allow":["GET"]}}],"collection":[{"href":"https:\/\/multiofertasvip.com\/index.php?rest_route=\/wp\/v2\/product"}],"about":[{"href":"https:\/\/multiofertasvip.com\/index.php?rest_route=\/wp\/v2\/types\/product"}],"version-history":[{"count":0,"href":"https:\/\/multiofertasvip.com\/index.php?rest_route=\/wp\/v2\/product\/30289\/revisions"}],"wp:featuredmedia":[{"embeddable":true,"href":"https:\/\/multiofertasvip.com\/index.php?rest_route=\/wp\/v2\/media\/30290"}],"wp:attachment":[{"href":"https:\/\/multiofertasvip.com\/index.php?rest_route=%2Fwp%2Fv2%2Fmedia&parent=30289"}],"wp:term":[{"taxonomy":"product_brand","embeddable":true,"href":"https:\/\/multiofertasvip.com\/index.php?rest_route=%2Fwp%2Fv2%2Fproduct_brand&post=30289"},{"taxonomy":"product_cat","embeddable":true,"href":"https:\/\/multiofertasvip.com\/index.php?rest_route=%2Fwp%2Fv2%2Fproduct_cat&post=30289"},{"taxonomy":"product_tag","embeddable":true,"href":"https:\/\/multiofertasvip.com\/index.php?rest_route=%2Fwp%2Fv2%2Fproduct_tag&post=30289"}],"curies":[{"name":"wp","href":"https:\/\/api.w.org\/{rel}","templated":true}]}}