{"id":30280,"date":"2022-03-31T19:33:01","date_gmt":"2022-03-31T19:33:01","guid":{"rendered":"https:\/\/multiofertasvip.com\/?post_type=product&#038;p=30280"},"modified":"2022-04-10T18:36:18","modified_gmt":"2022-04-10T18:36:18","slug":"bioenergetica-y-tratamiento-en-efectos-post-covid-miguel-ojeda","status":"publish","type":"product","link":"https:\/\/multiofertasvip.com\/?product=bioenergetica-y-tratamiento-en-efectos-post-covid-miguel-ojeda","title":{"rendered":"Bioenergetica y tratamiento en efectos post-covid-Miguel Ojeda"},"content":{"rendered":"<ul>\n<li>LoTemas<\/li>\n<\/ul>\n<p>Sindrome de Covid Persitente.<\/p>\n<p>Programas biologicos en covid persistente.<\/p>\n<p>Conflico endotelial e inflamacion cronica.<\/p>\n<p>Recuperacion funcional y Bioenergetica.<\/p>\n<p>Evaluacion del terreno biologico.<\/p>\n<p>Bioenergetica y sindrome inflamatorio.<\/p>\n<p>Reacciones post-vacunales y bioenergetica.<\/p>\n<p>Covid largo en adultos.<\/p>\n<p>Estrategicas nutricionales y enzimas en covid largo.<\/p>\n<p>Evaluaciones con bioenergetica en Covid persistente.<\/p>\n<p>Conflictos biologica latntes en covid largo.<\/p>\n<p>Protocolos y estrategias con bionergetica en efectos Post-Covid.<\/p>\n<p>Descomprension biologica y vagotonia.<\/p>\n<p>Virologia energetica.<\/p>\n<p>Medicion del terreno bioenergetico.<\/p>\n<p>Protocolos y tratamientos.<\/p>\n<p>&nbsp;<\/p>\n<p>&nbsp;<\/p>\n<p>&nbsp;<\/p>\n<p>&nbsp;<\/p>\n","protected":false},"excerpt":{"rendered":"<p>&nbsp;<\/p>\n<p>&nbsp;<\/p>\n","protected":false},"featured_media":30282,"template":"","meta":{"_monsterinsights_skip_tracking":false,"_monsterinsights_sitenote_active":false,"_monsterinsights_sitenote_note":"","_monsterinsights_sitenote_category":0,"jetpack_post_was_ever_published":false,"jetpack_publicize_message":"","jetpack_publicize_feature_enabled":true,"jetpack_social_post_already_shared":true,"jetpack_social_options":{"image_generator_settings":{"template":"highway","default_image_id":0,"font":"","enabled":false},"version":2}},"product_brand":[],"product_cat":[96],"product_tag":[275,93,263,273,151,260,211,68,254,119,251,215,257,277,249,278,243,230,182,226,253,236,229,228,232,258,234,262,239,166,220,265,219,225,240,280,238,271,242,281,235,276,244,101,266,267,248,103,132,210,245,269,212,250,227,156,255,264,252,193,274,217,216,233,261,268,73,237,153,270,231,247,152,221,246,222,223,224,259,279,241,256,218,213,214,53],"class_list":{"0":"post-30280","1":"product","2":"type-product","3":"status-publish","4":"has-post-thumbnail","6":"product_cat-biomagnetismo","7":"product_tag-activa","8":"product_tag-alejandro-lavin","9":"product_tag-animales","10":"product_tag-anthony-robbins","11":"product_tag-aromaterapia","12":"product_tag-biden","13":"product_tag-billetes","14":"product_tag-bioenergetica","15":"product_tag-bitcoin","16":"product_tag-carrera","17":"product_tag-china","18":"product_tag-christopher-olivarrieta","19":"product_tag-cine","20":"product_tag-constelaciones-vibracionales","21":"product_tag-coranavirus","22":"product_tag-cuantica-financiera","23":"product_tag-cultura","24":"product_tag-cursos","25":"product_tag-dinero","26":"product_tag-dios","27":"product_tag-dolar","28":"product_tag-enric-corbera","29":"product_tag-ensenanza-en-casa","30":"product_tag-escuela","31":"product_tag-especialidad","32":"product_tag-estrenos","33":"product_tag-estudios","34":"product_tag-facebook","35":"product_tag-famosos","36":"product_tag-finanzas","37":"product_tag-free","38":"product_tag-gatos","39":"product_tag-gratis","40":"product_tag-guerra","41":"product_tag-humor","42":"product_tag-inteligencia-financiera","43":"product_tag-internet","44":"product_tag-interpretacion","45":"product_tag-juegos","46":"product_tag-kinesiologia","47":"product_tag-lavin","48":"product_tag-mama","49":"product_tag-manga","50":"product_tag-mente","51":"product_tag-mercado-libre","52":"product_tag-mercado-pago","53":"product_tag-meteorologia","54":"product_tag-miguel-ojeda","55":"product_tag-miranda-guzman","56":"product_tag-moneda","57":"product_tag-musica","58":"product_tag-nordicas","59":"product_tag-nuevo","60":"product_tag-omnicron","61":"product_tag-oracion","62":"product_tag-oratoria","63":"product_tag-peliculas","64":"product_tag-perros","65":"product_tag-peso","66":"product_tag-pnl","67":"product_tag-poder-interior","68":"product_tag-porn","69":"product_tag-porno","70":"product_tag-profesional","71":"product_tag-putin","72":"product_tag-runas","73":"product_tag-salud","74":"product_tag-sexo","75":"product_tag-sistematica","76":"product_tag-sueno","77":"product_tag-talleres","78":"product_tag-television","79":"product_tag-terapia","80":"product_tag-terapias","81":"product_tag-trabajo","82":"product_tag-ucrania","83":"product_tag-ukrania","84":"product_tag-usa","85":"product_tag-vacuna","86":"product_tag-valoracion-cuantica-financiera","87":"product_tag-viajes","88":"product_tag-videos","89":"product_tag-xxx","90":"product_tag-youtube","91":"product_tag-youtube-yuen-guadalajara","92":"product_tag-yuen","94":"first","95":"instock","96":"downloadable","97":"virtual","98":"purchasable","99":"product-type-simple"},"jetpack_publicize_connections":[],"jetpack-related-posts":[{"id":30322,"url":"https:\/\/multiofertasvip.com\/?product=seminario-internacional-de-bioenergetica-y-microbioenergetica-vallarta","url_meta":{"origin":30280,"position":0},"title":"Seminario Internacional de Bioenergetica y Microbioenergetica Vallarta","author":"multiofertasvip","date":"mayo 27, 2022","format":false,"excerpt":"Temario Biomagnetismo avanzado La teor\u00eda polivagal y conflictolog\u00eda biol\u00f3gica Tratamiento del s\u00edndrome post-covid Din\u00e1micas sist\u00e9micas de la enfermedad Transgeneracional y ciclos repetitivos Recuperaci\u00f3n funcional y bioenerg\u00e9tica Virolog\u00eda energ\u00e9tica Infecci\u00f3n cr\u00f3nica y esquemas desadaptativos El sistema de las partes internas Reprocesamiento del trauma Trauma, memoria y conflictos biol\u00f3gicos Sindrome inflamatorio y\u2026","rel":"","context":"Entrada similar","block_context":{"text":"Entrada similar","link":""},"img":{"alt_text":"","src":"https:\/\/i0.wp.com\/multiofertasvip.com\/wp-content\/uploads\/2022\/05\/vallarta.png?fit=200%2C200&ssl=1&resize=350%2C200","width":350,"height":200},"classes":[]},{"id":29967,"url":"https:\/\/multiofertasvip.com\/?product=curso-par-magnetico-enfoque-pums-en-video-mariana-del-hoyo","url_meta":{"origin":30280,"position":1},"title":"Curso Par Magnetico Enfoque PUMS En Video-Mariana del Hoyo","author":"multiofertasvip","date":"junio 27, 2021","format":false,"excerpt":"Este es un curso muy completo y con mucha informaci\u00f3n, no necesitaas hacer oto nivel de PAR BIOMAGNETICO, podras iniciarte en metodo PUMS optimizacion en rastreos.","rel":"","context":"Entrada similar","block_context":{"text":"Entrada similar","link":""},"img":{"alt_text":"","src":"https:\/\/i0.wp.com\/multiofertasvip.com\/wp-content\/uploads\/2021\/06\/bio.jpg?fit=200%2C200&ssl=1&resize=350%2C200","width":350,"height":200},"classes":[]},{"id":29758,"url":"https:\/\/multiofertasvip.com\/?product=curso-bioenergetica-avanzada-en-video-miguel-ojeda","url_meta":{"origin":30280,"position":2},"title":"Curso Bioenergetica Avanzada En Video-Miguel Ojeda","author":"multiofertasvip","date":"abril 18, 2021","format":false,"excerpt":"La bioenerg\u00e9tica avanzada es una t\u00e9cnica basada en experiencias e investigaciones de terapeutas biomagn\u00e9ticos de todo el mundo bas\u00e1ndose en la evoluci\u00f3n de diversos protocolos detallados logrando ir m\u00e1s all\u00e1 del par Biomagn\u00e9tico que te proporcionan el equilibrio energ\u00e9tico que requieres en tu mente cuerpo y esp\u00edritu. La bioenerg\u00e9tica es\u2026","rel":"","context":"Entrada similar","block_context":{"text":"Entrada similar","link":""},"img":{"alt_text":"","src":"https:\/\/i0.wp.com\/multiofertasvip.com\/wp-content\/uploads\/2021\/04\/bioenergetica-avanzada.jpg?fit=200%2C200&ssl=1&resize=350%2C200","width":350,"height":200},"classes":[]},{"id":31033,"url":"https:\/\/multiofertasvip.com\/?product=biomagnetismo-medico-niveles-i-y-ii-dr-pierre-trillos","url_meta":{"origin":30280,"position":3},"title":"Biomagnetismo M\u00e9dico Niveles I y II-Dr. Pierre Trillos","author":"multiofertasvip","date":"octubre 30, 2023","format":false,"excerpt":"El biomagnetismo es un enfoque revolucionario, cient\u00edfico y terap\u00e9utico del bienestar que difiere de la medicina tradicional, la homeopat\u00eda, las hierbas y las terapias naturales, pero es perfectamente compatible con cualquier otra t\u00e9cnica tradicional o alternativa. Se trata de uno de los usos alternativos de los imanes, que representa un\u2026","rel":"","context":"Entrada similar","block_context":{"text":"Entrada similar","link":""},"img":{"alt_text":"","src":"https:\/\/i0.wp.com\/multiofertasvip.com\/wp-content\/uploads\/2023\/10\/Captura-300x126.jpg?resize=350%2C200&ssl=1","width":350,"height":200},"classes":[]},{"id":33781,"url":"https:\/\/multiofertasvip.com\/?product=diplomado-metodo-pums-fidham-ac","url_meta":{"origin":30280,"position":4},"title":"Diplomado M\u00e9todo Pums-FIDHAM AC","author":"multiofertasvip","date":"abril 15, 2025","format":false,"excerpt":"\u2705 \u00bfQUE ES EL METODO PUMS Y QUE APRENDER\u00c1S: \u269b\ufe0f El terapeuta aprender\u00e1: explicado bajo factores cu\u00e1nticos, seg\u00fan los principios de Entrelazamiento cu\u00e1ntico, Superposici\u00f3n y de Incertidumbre: 1\ufe0f\u20e3 Herramientas de tratamiento de factores etiol\u00f3gicos que siguen una secuencia de rastreos en el organismo tal, que detecta el \u00f3rgano, tejido o\u2026","rel":"","context":"Entrada similar","block_context":{"text":"Entrada similar","link":""},"img":{"alt_text":"","src":"https:\/\/i0.wp.com\/multiofertasvip.com\/wp-content\/uploads\/2025\/04\/DIPLOMADO-PUMS.png?fit=200%2C200&ssl=1&resize=350%2C200","width":350,"height":200},"classes":[]},{"id":29761,"url":"https:\/\/multiofertasvip.com\/?product=curso-conflictos-biologicos-y-neurociencias-en-video-miguel-ojeda","url_meta":{"origin":30280,"position":5},"title":"Curso Conflictos Biologicos y Neurociencias En Video-Miguel Ojeda","author":"multiofertasvip","date":"abril 18, 2021","format":false,"excerpt":"La neurociencia basa sus investigaciones en campos tan diversos como: El control gen\u00e9tico del desarrollo neuronal desde el nacimiento. La operaci\u00f3n de redes neuronales. La estructura y el funcionamiento de las redes neuronales que se responsabilizan de la memoria, la percepci\u00f3n y el habla. Los mecanismos responsables del aprendizaje.","rel":"","context":"Entrada similar","block_context":{"text":"Entrada similar","link":""},"img":{"alt_text":"","src":"https:\/\/i0.wp.com\/multiofertasvip.com\/wp-content\/uploads\/2021\/04\/conflictos.jpg?fit=200%2C200&ssl=1&resize=350%2C200","width":350,"height":200},"classes":[]}],"jetpack_sharing_enabled":true,"jetpack_likes_enabled":true,"_links":{"self":[{"href":"https:\/\/multiofertasvip.com\/index.php?rest_route=\/wp\/v2\/product\/30280","targetHints":{"allow":["GET"]}}],"collection":[{"href":"https:\/\/multiofertasvip.com\/index.php?rest_route=\/wp\/v2\/product"}],"about":[{"href":"https:\/\/multiofertasvip.com\/index.php?rest_route=\/wp\/v2\/types\/product"}],"version-history":[{"count":1,"href":"https:\/\/multiofertasvip.com\/index.php?rest_route=\/wp\/v2\/product\/30280\/revisions"}],"predecessor-version":[{"id":30299,"href":"https:\/\/multiofertasvip.com\/index.php?rest_route=\/wp\/v2\/product\/30280\/revisions\/30299"}],"wp:featuredmedia":[{"embeddable":true,"href":"https:\/\/multiofertasvip.com\/index.php?rest_route=\/wp\/v2\/media\/30282"}],"wp:attachment":[{"href":"https:\/\/multiofertasvip.com\/index.php?rest_route=%2Fwp%2Fv2%2Fmedia&parent=30280"}],"wp:term":[{"taxonomy":"product_brand","embeddable":true,"href":"https:\/\/multiofertasvip.com\/index.php?rest_route=%2Fwp%2Fv2%2Fproduct_brand&post=30280"},{"taxonomy":"product_cat","embeddable":true,"href":"https:\/\/multiofertasvip.com\/index.php?rest_route=%2Fwp%2Fv2%2Fproduct_cat&post=30280"},{"taxonomy":"product_tag","embeddable":true,"href":"https:\/\/multiofertasvip.com\/index.php?rest_route=%2Fwp%2Fv2%2Fproduct_tag&post=30280"}],"curies":[{"name":"wp","href":"https:\/\/api.w.org\/{rel}","templated":true}]}}