{"id":30275,"date":"2022-03-16T20:54:56","date_gmt":"2022-03-16T20:54:56","guid":{"rendered":"https:\/\/multiofertasvip.com\/?post_type=product&#038;p=30275"},"modified":"2022-03-16T20:57:48","modified_gmt":"2022-03-16T20:57:48","slug":"terapia-con-imanes-biomagnetismo","status":"publish","type":"product","link":"https:\/\/multiofertasvip.com\/?product=terapia-con-imanes-biomagnetismo","title":{"rendered":"Terapia con Imanes (Biomagnetismo)"},"content":{"rendered":"<p tabindex=\"1\">El presente producto NO GARANTIZA sus resultados, las t\u00e9cnicas e ideas expuestas NO deben interpretarse como una promesa o GARANT\u00cdA DE PREVENCI\u00d3N para el mejoramiento de su salud.<\/p>\n<p tabindex=\"1\">\n<p tabindex=\"1\">Su nivel de \u00e9xito depende del tiempo que le dedique a las habilidades presentadas en el libro, como estos factores var\u00edan de un individuo a otro, NO PODEMOS GARANTIZAR SU \u00c9XITO, NI SOMOS RESPONSABLES DE LAS ACCIONES PROVENIENTES DE SU APLICACI\u00d3N.<\/p>\n<p tabindex=\"1\">\n<p tabindex=\"1\">MUCHOS FACTORES SON IMPORTANTES EN LA OBTENCI\u00d3N DE RESULTADOS REALES, PERO NO DAN GARANT\u00cdA DE QUE TODOS PUEDAN ALCANZAR LOS RESULTADOS DESEADOS, A TRAV\u00c9S DE LAS T\u00c9CNICAS EXPUESTAS EN ESTE MATERIAL.<\/p>\n","protected":false},"excerpt":{"rendered":"<p>El presente producto NO GARANTIZA sus resultados, las t\u00e9cnicas e ideas expuestas NO deben interpretarse como una promesa o GARANT\u00cdA DE PREVENCI\u00d3N para el mejoramiento de su salud. Su nivel de \u00e9xito depende del tiempo que le dedique a las habilidades presentadas en el libro, como estos factores var\u00edan de un individuo a otro, NO [&#8230;]\n","protected":false},"featured_media":30270,"template":"","meta":{"_monsterinsights_skip_tracking":false,"_monsterinsights_sitenote_active":false,"_monsterinsights_sitenote_note":"","_monsterinsights_sitenote_category":0,"jetpack_post_was_ever_published":false,"jetpack_publicize_message":"","jetpack_publicize_feature_enabled":true,"jetpack_social_post_already_shared":true,"jetpack_social_options":{"image_generator_settings":{"template":"highway","default_image_id":0,"font":"","enabled":false},"version":2}},"product_brand":[],"product_cat":[96],"product_tag":[275,93,263,273,151,260,211,254,119,251,215,257,277,249,278,243,230,182,226,253,236,229,228,232,258,234,262,239,166,220,265,219,225,240,280,238,271,242,235,276,244,101,266,267,248,132,210,245,269,212,250,227,156,255,264,252,193,274,217,216,233,261,268,73,237,153,270,231,247,152,221,246,222,223,224,259,279,241,256,218,213,214,53],"class_list":{"0":"post-30275","1":"product","2":"type-product","3":"status-publish","4":"has-post-thumbnail","6":"product_cat-biomagnetismo","7":"product_tag-activa","8":"product_tag-alejandro-lavin","9":"product_tag-animales","10":"product_tag-anthony-robbins","11":"product_tag-aromaterapia","12":"product_tag-biden","13":"product_tag-billetes","14":"product_tag-bitcoin","15":"product_tag-carrera","16":"product_tag-china","17":"product_tag-christopher-olivarrieta","18":"product_tag-cine","19":"product_tag-constelaciones-vibracionales","20":"product_tag-coranavirus","21":"product_tag-cuantica-financiera","22":"product_tag-cultura","23":"product_tag-cursos","24":"product_tag-dinero","25":"product_tag-dios","26":"product_tag-dolar","27":"product_tag-enric-corbera","28":"product_tag-ensenanza-en-casa","29":"product_tag-escuela","30":"product_tag-especialidad","31":"product_tag-estrenos","32":"product_tag-estudios","33":"product_tag-facebook","34":"product_tag-famosos","35":"product_tag-finanzas","36":"product_tag-free","37":"product_tag-gatos","38":"product_tag-gratis","39":"product_tag-guerra","40":"product_tag-humor","41":"product_tag-inteligencia-financiera","42":"product_tag-internet","43":"product_tag-interpretacion","44":"product_tag-juegos","45":"product_tag-lavin","46":"product_tag-mama","47":"product_tag-manga","48":"product_tag-mente","49":"product_tag-mercado-libre","50":"product_tag-mercado-pago","51":"product_tag-meteorologia","52":"product_tag-miranda-guzman","53":"product_tag-moneda","54":"product_tag-musica","55":"product_tag-nordicas","56":"product_tag-nuevo","57":"product_tag-omnicron","58":"product_tag-oracion","59":"product_tag-oratoria","60":"product_tag-peliculas","61":"product_tag-perros","62":"product_tag-peso","63":"product_tag-pnl","64":"product_tag-poder-interior","65":"product_tag-porn","66":"product_tag-porno","67":"product_tag-profesional","68":"product_tag-putin","69":"product_tag-runas","70":"product_tag-salud","71":"product_tag-sexo","72":"product_tag-sistematica","73":"product_tag-sueno","74":"product_tag-talleres","75":"product_tag-television","76":"product_tag-terapia","77":"product_tag-terapias","78":"product_tag-trabajo","79":"product_tag-ucrania","80":"product_tag-ukrania","81":"product_tag-usa","82":"product_tag-vacuna","83":"product_tag-valoracion-cuantica-financiera","84":"product_tag-viajes","85":"product_tag-videos","86":"product_tag-xxx","87":"product_tag-youtube","88":"product_tag-youtube-yuen-guadalajara","89":"product_tag-yuen","91":"first","92":"instock","93":"downloadable","94":"virtual","95":"purchasable","96":"product-type-simple"},"jetpack_publicize_connections":[],"jetpack-related-posts":[{"id":30276,"url":"https:\/\/multiofertasvip.com\/?product=image-icon-volver-kinesiologia-aplicada-a-la-regulacion-de-los-chakras-jesus-santos","url_meta":{"origin":30275,"position":0},"title":"Kinesiolog\u00eda Aplicada a la Regulaci\u00f3n de los Chakras-Jesus Santos","author":"multiofertasvip","date":"marzo 16, 2022","format":false,"excerpt":"El presente producto NO GARANTIZA sus resultados, las t\u00e9cnicas e ideas expuestas NO deben interpretarse como una promesa o GARANT\u00cdA DE PREVENCI\u00d3N para el mejoramiento de su salud. Este curso esta dise\u00f1ado para terapeutas que quieran tener mejores resultados con sus clientes y a personas que quieran regularse ellos mismos\u2026","rel":"","context":"Entrada similar","block_context":{"text":"Entrada similar","link":""},"img":{"alt_text":"","src":"https:\/\/i0.wp.com\/multiofertasvip.com\/wp-content\/uploads\/2022\/03\/kineo.png?fit=200%2C200&ssl=1&resize=350%2C200","width":350,"height":200},"classes":[]},{"id":30487,"url":"https:\/\/multiofertasvip.com\/?product=reiki-tradicional-japones-manuel-uribazo","url_meta":{"origin":30275,"position":1},"title":"Reiki Tradicional Japones-Manuel Uribazo","author":"multiofertasvip","date":"octubre 12, 2022","format":false,"excerpt":"El Reiki japon\u00e9s es una pr\u00e1ctica espiritual, la cual combina la meditaci\u00f3n, el cultivo de energ\u00eda y las pr\u00e1cticas de limpieza, todo con la intenci\u00f3n de aquietar y refinar la mente, al contrario que el\u00a0Reiki Kundalini\u00a0el cual har\u00e1 ascender tu energ\u00eda. Un practicante de Reiki japon\u00e9s pasa tiempo cultivando la\u2026","rel":"","context":"Entrada similar","block_context":{"text":"Entrada similar","link":""},"img":{"alt_text":"","src":"https:\/\/i0.wp.com\/multiofertasvip.com\/wp-content\/uploads\/2022\/10\/Reiki-Japones-Tradicional.jpg?fit=200%2C200&ssl=1&resize=350%2C200","width":350,"height":200},"classes":[]},{"id":31049,"url":"https:\/\/multiofertasvip.com\/?product=diplomado-programacion-neurolinguistica-pnl","url_meta":{"origin":30275,"position":2},"title":"Diplomado Programaci\u00f3n Neuroling\u00fc\u00edstica (PNL)","author":"multiofertasvip","date":"noviembre 9, 2023","format":false,"excerpt":"Inteligencia Emocional y Programaci\u00f3n Neuroling\u00fc\u00edstica para Terapeutas La PNL o programaci\u00f3n neuroling\u00fc\u00edstica ha sido definida por el famoso coach Tony Robbins como la f\u00edsica nuclear de la mente, que permite descomponer y analizar las partes que constituyen el comportamiento. Es una estrategia de comunicaci\u00f3n, desarrollo personal y psicoterapia, desarrollada por\u2026","rel":"","context":"Entrada similar","block_context":{"text":"Entrada similar","link":""},"img":{"alt_text":"","src":"https:\/\/i0.wp.com\/multiofertasvip.com\/wp-content\/uploads\/2023\/11\/pnl.png?fit=720%2C552&ssl=1&resize=350%2C200","width":350,"height":200,"srcset":"https:\/\/i0.wp.com\/multiofertasvip.com\/wp-content\/uploads\/2023\/11\/pnl.png?fit=720%2C552&ssl=1&resize=350%2C200 1x, https:\/\/i0.wp.com\/multiofertasvip.com\/wp-content\/uploads\/2023\/11\/pnl.png?fit=720%2C552&ssl=1&resize=525%2C300 1.5x, https:\/\/i0.wp.com\/multiofertasvip.com\/wp-content\/uploads\/2023\/11\/pnl.png?fit=720%2C552&ssl=1&resize=700%2C400 2x"},"classes":[]},{"id":30677,"url":"https:\/\/multiofertasvip.com\/?product=anclas-para-el-exito-edmundo-velasco","url_meta":{"origin":30275,"position":3},"title":"Anclas para el \u00e9xito Edmundo Velasco","author":"multiofertasvip","date":"enero 19, 2023","format":false,"excerpt":"\u00a0 Prep\u00e1rate para el 2023\u00a0 Descubre la poderosa t\u00e9cnica de Programaci\u00f3n Neuroling\u00fc\u00edstica que entra a tu mente inconsciente y te permite lograr resultados sobresalientes en todas las \u00e1reas de tu vida,\u00a0aunque en alg\u00fan momento hayas cre\u00eddo que alcanzar el \u00e9xito era imposible. \u2013\u00a0El \u00e9xito es para unos pocos afortunados.\u2013\u00a0No lo\u2026","rel":"","context":"Entrada similar","block_context":{"text":"Entrada similar","link":""},"img":{"alt_text":"","src":"https:\/\/i0.wp.com\/multiofertasvip.com\/wp-content\/uploads\/2023\/01\/anclas-para-el-exito-.jpg?fit=200%2C200&ssl=1&resize=350%2C200","width":350,"height":200},"classes":[]},{"id":33847,"url":"https:\/\/multiofertasvip.com\/?product=marcaje-abdominal-colombiano-fisioparallevar","url_meta":{"origin":30275,"position":4},"title":"Marcaje Abdominal Colombiano-Fisioparallevar","author":"multiofertasvip","date":"abril 28, 2025","format":false,"excerpt":"En este curso aprender\u00e1s y te volver\u00e1s experto en 4 t\u00e9cnicas colombianas para lograr un vientre plano y reloj de arena 100% natural. Aprender\u00e1s a tratar el estre\u00f1imiento, inflamaci\u00f3n visceral, reducci\u00f3n de cintura y marcaje abdominal. Un protocolo extremadamente completo en el cu\u00e1l ver\u00e1s: .- Desbloqueo digestivo abdominal .- Malaxaci\u00f3n\u2026","rel":"","context":"Entrada similar","block_context":{"text":"Entrada similar","link":""},"img":{"alt_text":"","src":"https:\/\/i0.wp.com\/multiofertasvip.com\/wp-content\/uploads\/2025\/04\/marcaje-colombiano.png?fit=200%2C200&ssl=1&resize=350%2C200","width":350,"height":200},"classes":[]},{"id":34804,"url":"https:\/\/multiofertasvip.com\/?product=coaching-para-tu-salud-ejv-y-asociados-sc","url_meta":{"origin":30275,"position":5},"title":"Coaching Para tu Salud EJV y Asociados SC","author":"multiofertasvip","date":"febrero 18, 2026","format":false,"excerpt":"\ud83c\udf1f\u00a0Transforma Tu Vida con el Curso de Coaching Para Tu Salud\u00a0\ud83c\udf1f \u00bfTe sientes atrapado en un ciclo de h\u00e1bitos poco saludables? \u00bfSue\u00f1as con una vida m\u00e1s plena, en\u00e9rgica y equilibrada? \u00a1Es el momento de dar el paso hacia tu bienestar integral! Te presentamos nuestro innovador\u00a0Curso de Coaching Para Tu Salud,\u2026","rel":"","context":"Entrada similar","block_context":{"text":"Entrada similar","link":""},"img":{"alt_text":"","src":"https:\/\/i0.wp.com\/multiofertasvip.com\/wp-content\/uploads\/2026\/02\/coaching-para-la-salud.png?fit=200%2C200&ssl=1&resize=350%2C200","width":350,"height":200},"classes":[]}],"jetpack_sharing_enabled":true,"jetpack_likes_enabled":true,"_links":{"self":[{"href":"https:\/\/multiofertasvip.com\/index.php?rest_route=\/wp\/v2\/product\/30275","targetHints":{"allow":["GET"]}}],"collection":[{"href":"https:\/\/multiofertasvip.com\/index.php?rest_route=\/wp\/v2\/product"}],"about":[{"href":"https:\/\/multiofertasvip.com\/index.php?rest_route=\/wp\/v2\/types\/product"}],"version-history":[{"count":0,"href":"https:\/\/multiofertasvip.com\/index.php?rest_route=\/wp\/v2\/product\/30275\/revisions"}],"wp:featuredmedia":[{"embeddable":true,"href":"https:\/\/multiofertasvip.com\/index.php?rest_route=\/wp\/v2\/media\/30270"}],"wp:attachment":[{"href":"https:\/\/multiofertasvip.com\/index.php?rest_route=%2Fwp%2Fv2%2Fmedia&parent=30275"}],"wp:term":[{"taxonomy":"product_brand","embeddable":true,"href":"https:\/\/multiofertasvip.com\/index.php?rest_route=%2Fwp%2Fv2%2Fproduct_brand&post=30275"},{"taxonomy":"product_cat","embeddable":true,"href":"https:\/\/multiofertasvip.com\/index.php?rest_route=%2Fwp%2Fv2%2Fproduct_cat&post=30275"},{"taxonomy":"product_tag","embeddable":true,"href":"https:\/\/multiofertasvip.com\/index.php?rest_route=%2Fwp%2Fv2%2Fproduct_tag&post=30275"}],"curies":[{"name":"wp","href":"https:\/\/api.w.org\/{rel}","templated":true}]}}