{"id":30274,"date":"2022-03-16T20:48:50","date_gmt":"2022-03-16T20:48:50","guid":{"rendered":"https:\/\/multiofertasvip.com\/?post_type=product&#038;p=30274"},"modified":"2022-04-08T18:14:11","modified_gmt":"2022-04-08T18:14:11","slug":"terapia-del-dolor-gersson-alejandro-lopez-pernia","status":"publish","type":"product","link":"https:\/\/multiofertasvip.com\/?product=terapia-del-dolor-gersson-alejandro-lopez-pernia","title":{"rendered":"Terapia del Dolor-Gersson Alejandro Lopez Pernia"},"content":{"rendered":"<p tabindex=\"1\">Nos disponemos a ense\u00f1arle la terapia m\u00e1s impactante surgida en la historia de la medicina, no solo es capaz de mejorar o quitar la mayor parte de los dolores casi de inmediato, sino que sobre todo acelera el proceso de curaci\u00f3n de tal modo que asombra a legos y a expertos.<\/p>\n<p tabindex=\"1\">Lo mejor es que es f\u00e1cil de aprender, de muy bajo riesgo y muy econ\u00f3mica de aplicar.<\/p>\n<p tabindex=\"1\">Tal como nuestros alumnos en todo el mundo lo califican es un verdadero tesoro<\/p>\n<p>-Facil de aprender.<\/p>\n<p>-Facil de aplicar.<\/p>\n<p>-Tener una visi\u00f3n general del tercer enfoque de la salud y la medicina.<\/p>\n<p>-Tener informaci\u00f3n a cerca de la historia de la terapia y c\u00f3mo surgi\u00f3.<\/p>\n<p>-Conocer el mecanismo de acci\u00f3n b\u00e1sico de la terapia.<\/p>\n<p>-Conocer el mapa del holograma de la mano y sus anomal\u00edas.<\/p>\n<p>-Manejar en la pr\u00e1ctica el m\u00e9todo general de trabajo en siete pasos.<\/p>\n<p>-Tener una visi\u00f3n general de c\u00f3mo se genera la salud y sus factores principales.<\/p>\n<p>-Aprender lo b\u00e1sico para dar un consejo de salud de alta eficiencia.<\/p>\n<p>&nbsp;<\/p>\n<p tabindex=\"1\">\n","protected":false},"excerpt":{"rendered":"<p>Nos disponemos a ense\u00f1arle la terapia m\u00e1s impactante surgida en la historia de la medicina, no solo es capaz de mejorar o quitar la mayor parte de los dolores casi de inmediato, sino que sobre todo acelera el proceso de curaci\u00f3n de tal modo que asombra a legos y a expertos. Lo mejor es que [&#8230;]\n","protected":false},"featured_media":30272,"template":"","meta":{"_monsterinsights_skip_tracking":false,"_monsterinsights_sitenote_active":false,"_monsterinsights_sitenote_note":"","_monsterinsights_sitenote_category":0,"jetpack_post_was_ever_published":false,"jetpack_publicize_message":"","jetpack_publicize_feature_enabled":true,"jetpack_social_post_already_shared":true,"jetpack_social_options":{"image_generator_settings":{"template":"highway","default_image_id":0,"font":"","enabled":false},"version":2}},"product_brand":[],"product_cat":[96],"product_tag":[275,93,263,273,151,260,211,254,119,251,215,257,277,249,278,243,230,182,226,253,236,229,228,232,258,234,262,239,166,220,265,219,225,240,280,238,271,242,235,276,244,101,266,267,248,132,210,245,269,212,250,227,156,255,264,252,193,274,217,216,233,261,268,73,237,153,270,231,247,152,221,246,222,223,224,259,279,241,256,218,213,214,53],"class_list":{"0":"post-30274","1":"product","2":"type-product","3":"status-publish","4":"has-post-thumbnail","6":"product_cat-biomagnetismo","7":"product_tag-activa","8":"product_tag-alejandro-lavin","9":"product_tag-animales","10":"product_tag-anthony-robbins","11":"product_tag-aromaterapia","12":"product_tag-biden","13":"product_tag-billetes","14":"product_tag-bitcoin","15":"product_tag-carrera","16":"product_tag-china","17":"product_tag-christopher-olivarrieta","18":"product_tag-cine","19":"product_tag-constelaciones-vibracionales","20":"product_tag-coranavirus","21":"product_tag-cuantica-financiera","22":"product_tag-cultura","23":"product_tag-cursos","24":"product_tag-dinero","25":"product_tag-dios","26":"product_tag-dolar","27":"product_tag-enric-corbera","28":"product_tag-ensenanza-en-casa","29":"product_tag-escuela","30":"product_tag-especialidad","31":"product_tag-estrenos","32":"product_tag-estudios","33":"product_tag-facebook","34":"product_tag-famosos","35":"product_tag-finanzas","36":"product_tag-free","37":"product_tag-gatos","38":"product_tag-gratis","39":"product_tag-guerra","40":"product_tag-humor","41":"product_tag-inteligencia-financiera","42":"product_tag-internet","43":"product_tag-interpretacion","44":"product_tag-juegos","45":"product_tag-lavin","46":"product_tag-mama","47":"product_tag-manga","48":"product_tag-mente","49":"product_tag-mercado-libre","50":"product_tag-mercado-pago","51":"product_tag-meteorologia","52":"product_tag-miranda-guzman","53":"product_tag-moneda","54":"product_tag-musica","55":"product_tag-nordicas","56":"product_tag-nuevo","57":"product_tag-omnicron","58":"product_tag-oracion","59":"product_tag-oratoria","60":"product_tag-peliculas","61":"product_tag-perros","62":"product_tag-peso","63":"product_tag-pnl","64":"product_tag-poder-interior","65":"product_tag-porn","66":"product_tag-porno","67":"product_tag-profesional","68":"product_tag-putin","69":"product_tag-runas","70":"product_tag-salud","71":"product_tag-sexo","72":"product_tag-sistematica","73":"product_tag-sueno","74":"product_tag-talleres","75":"product_tag-television","76":"product_tag-terapia","77":"product_tag-terapias","78":"product_tag-trabajo","79":"product_tag-ucrania","80":"product_tag-ukrania","81":"product_tag-usa","82":"product_tag-vacuna","83":"product_tag-valoracion-cuantica-financiera","84":"product_tag-viajes","85":"product_tag-videos","86":"product_tag-xxx","87":"product_tag-youtube","88":"product_tag-youtube-yuen-guadalajara","89":"product_tag-yuen","91":"first","92":"instock","93":"downloadable","94":"virtual","95":"purchasable","96":"product-type-simple"},"jetpack_publicize_connections":[],"jetpack-related-posts":[{"id":30479,"url":"https:\/\/multiofertasvip.com\/?product=master-en-terapia-del-dolor-gersson-alejandro-lopez-pernia","url_meta":{"origin":30274,"position":0},"title":"Master en Terapia del Dolor-Gersson Alejandro Lopez Pernia","author":"multiofertasvip","date":"octubre 7, 2022","format":false,"excerpt":"Nos disponemos a ense\u00f1arle la terapia m\u00e1s impactante surgida en la historia de la medicina, no solo es capaz de mejorar o quitar la mayor parte de los dolores casi de inmediato, sino que sobre todo acelera el proceso de curaci\u00f3n de tal modo que asombra a legos y a\u2026","rel":"","context":"Entrada similar","block_context":{"text":"Entrada similar","link":""},"img":{"alt_text":"","src":"https:\/\/i0.wp.com\/multiofertasvip.com\/wp-content\/uploads\/2022\/10\/mtd.jpg?fit=200%2C200&ssl=1&resize=350%2C200","width":350,"height":200},"classes":[]},{"id":30784,"url":"https:\/\/multiofertasvip.com\/?product=cero-dolor-su-jok-curso-basico-gersson-alejandro-lopez-pernia","url_meta":{"origin":30274,"position":1},"title":"Cero Dolor( su jok Curso Basico)-Gersson Alejandro Lopez Pernia","author":"multiofertasvip","date":"marzo 14, 2023","format":false,"excerpt":"Nos disponemos a ense\u00f1arle la terapia m\u00e1s impactante surgida en la historia de la medicina, no solo es capaz de mejorar o quitar la mayor parte de los dolores casi de inmediato, sino que sobre todo acelera el proceso de curaci\u00f3n de tal modo que asombra a legos y a\u2026","rel":"","context":"Entrada similar","block_context":{"text":"Entrada similar","link":""},"img":{"alt_text":"","src":"https:\/\/i0.wp.com\/multiofertasvip.com\/wp-content\/uploads\/2023\/03\/cero.jpg?fit=200%2C200&ssl=1&resize=350%2C200","width":350,"height":200},"classes":[]},{"id":30773,"url":"https:\/\/multiofertasvip.com\/?product=metodo-yuen-nivel-1-manuel-marquez","url_meta":{"origin":30274,"position":2},"title":"Metodo yuen Nivel 1-Manuel Marquez","author":"multiofertasvip","date":"marzo 7, 2023","format":false,"excerpt":"Algunas de las cosas que aprender\u00e1s en el nivel 1 de M\u00e9todo Yuen incluyen: Los principios fundamentales de la medicina energ\u00e9tica y c\u00f3mo se relacionan con la salud f\u00edsica y emocional. C\u00f3mo detectar los desequilibrios energ\u00e9ticos en el cuerpo utilizando t\u00e9cnicas manuales y la observaci\u00f3n visual. C\u00f3mo corregir los desequilibrios\u2026","rel":"","context":"Entrada similar","block_context":{"text":"Entrada similar","link":""},"img":{"alt_text":"","src":"https:\/\/i0.wp.com\/multiofertasvip.com\/wp-content\/uploads\/2023\/03\/nivel-1.png?fit=200%2C200&ssl=1&resize=350%2C200","width":350,"height":200},"classes":[]},{"id":30830,"url":"https:\/\/multiofertasvip.com\/?product=proyecto-sentido-gestacional-carlos-galvan","url_meta":{"origin":30274,"position":3},"title":"Proyecto Sentido Gestacional-Carlos Galvan","author":"multiofertasvip","date":"mayo 7, 2023","format":false,"excerpt":"\u00a0 \u00a0 \u00a0","rel":"","context":"Entrada similar","block_context":{"text":"Entrada similar","link":""},"img":{"alt_text":"","src":"https:\/\/i0.wp.com\/multiofertasvip.com\/wp-content\/uploads\/2023\/05\/proyecto-sentido.png?fit=200%2C200&ssl=1&resize=350%2C200","width":350,"height":200},"classes":[]},{"id":30892,"url":"https:\/\/multiofertasvip.com\/?product=metodo-integra-nivel-1-2","url_meta":{"origin":30274,"position":4},"title":"Metodo Integra Nivel 1-Ricardo Eiriz","author":"multiofertasvip","date":"enero 2, 2024","format":false,"excerpt":"El Nivel 1 de la formaci\u00f3n de Facilitadores de M\u00e9todo INTEGRA\u00ae es un curso online donde aprender\u00e1s a realizar transformaciones a nivel subconsciente, tanto en ti mismo como en otras personas. Se trata de una formaci\u00f3n elaborada directamente por Ricardo Eiriz, en la que descubrir\u00e1s los secretos del subconsciente para\u2026","rel":"","context":"Entrada similar","block_context":{"text":"Entrada similar","link":""},"img":{"alt_text":"","src":"https:\/\/i0.wp.com\/multiofertasvip.com\/wp-content\/uploads\/2023\/07\/intetgra-nivel-1.jpg?fit=200%2C200&ssl=1&resize=350%2C200","width":350,"height":200},"classes":[]},{"id":31040,"url":"https:\/\/multiofertasvip.com\/?product=terapia-magnetica-para-mascotas-fabiana-perrone","url_meta":{"origin":30274,"position":5},"title":"Terapia magn\u00e9tica para mascotas-Fabiana Perrone","author":"multiofertasvip","date":"octubre 31, 2023","format":false,"excerpt":"TERAPIA MAGN\u00c9TICA PARA MASCOTAS \u00abTerapia magn\u00e9tica para mascotas: el camino hacia una salud m\u00e1s plena\u00bb \u2193\u2193MIRA EL VIDEO CON ATENCI\u00d3N\u2193\u2193 \u00bfQU\u00c9 ES LA TERAPIA MAGN\u00c9TICA PARA ANIMALES? La\u00a0terapia biomagn\u00e9tica para mascotas\u00a0busca identificar y corregir posibles\u00a0desequilibrios energ\u00e9ticos\u00a0que puedan estar afectando la salud y el bienestar de los animales. Se puede aplicar\u2026","rel":"","context":"Entrada similar","block_context":{"text":"Entrada similar","link":""},"img":{"alt_text":"","src":"","width":0,"height":0},"classes":[]}],"jetpack_sharing_enabled":true,"jetpack_likes_enabled":true,"_links":{"self":[{"href":"https:\/\/multiofertasvip.com\/index.php?rest_route=\/wp\/v2\/product\/30274","targetHints":{"allow":["GET"]}}],"collection":[{"href":"https:\/\/multiofertasvip.com\/index.php?rest_route=\/wp\/v2\/product"}],"about":[{"href":"https:\/\/multiofertasvip.com\/index.php?rest_route=\/wp\/v2\/types\/product"}],"version-history":[{"count":0,"href":"https:\/\/multiofertasvip.com\/index.php?rest_route=\/wp\/v2\/product\/30274\/revisions"}],"wp:featuredmedia":[{"embeddable":true,"href":"https:\/\/multiofertasvip.com\/index.php?rest_route=\/wp\/v2\/media\/30272"}],"wp:attachment":[{"href":"https:\/\/multiofertasvip.com\/index.php?rest_route=%2Fwp%2Fv2%2Fmedia&parent=30274"}],"wp:term":[{"taxonomy":"product_brand","embeddable":true,"href":"https:\/\/multiofertasvip.com\/index.php?rest_route=%2Fwp%2Fv2%2Fproduct_brand&post=30274"},{"taxonomy":"product_cat","embeddable":true,"href":"https:\/\/multiofertasvip.com\/index.php?rest_route=%2Fwp%2Fv2%2Fproduct_cat&post=30274"},{"taxonomy":"product_tag","embeddable":true,"href":"https:\/\/multiofertasvip.com\/index.php?rest_route=%2Fwp%2Fv2%2Fproduct_tag&post=30274"}],"curies":[{"name":"wp","href":"https:\/\/api.w.org\/{rel}","templated":true}]}}