{"id":30269,"date":"2022-03-16T20:40:01","date_gmt":"2022-03-16T20:40:01","guid":{"rendered":"https:\/\/multiofertasvip.com\/?post_type=product&#038;p=30269"},"modified":"2022-03-16T20:48:05","modified_gmt":"2022-03-16T20:48:05","slug":"activa-tus-finanzas-al-sanar-con-mama-zyntya-felicidad","status":"publish","type":"product","link":"https:\/\/multiofertasvip.com\/?product=activa-tus-finanzas-al-sanar-con-mama-zyntya-felicidad","title":{"rendered":"Activa tus Finanzas Al Sanar con Mam\u00e1-Zyntya Felicidad"},"content":{"rendered":"<div class=\"elementor-element elementor-element-269a58b elementor-widget elementor-widget-text-editor\" data-id=\"269a58b\" data-element_type=\"widget\" data-widget_type=\"text-editor.default\">\n<div class=\"elementor-widget-container\">\n<div class=\"elementor-text-editor elementor-clearfix\">\n<p tabindex=\"1\">Este curso es ideal para todo aquel que a\u00fan no siente merecimiento de la riqueza que por derecho universal le pertenece, no conf\u00eda en s\u00ed mismo para desarrollar su real potencial de prosperidad y quiere saber c\u00f3mo concretar y materializar sus m\u00e1s grandes sue\u00f1os<\/p>\n<p tabindex=\"1\">Aunque no lo sab\u00edas, toda tu vida has estado soportando problemas financieros como consecuencia de las emociones negativas ocultas hacia el dinero, que tus padres te heredaron inconscientemente a ti, sea que est\u00e9n vivos o muertos y sea que hayas tenido o no, un v\u00ednculo cercano con ellos<\/p>\n<p tabindex=\"1\">\u00a1Lleg\u00f3 tu momento de cambiar tu mentalidad de escasez por la de riqueza!<\/p>\n<p tabindex=\"1\">Mejorando tu relaci\u00f3n con el dinero y el \u00e9xito, disfrutando y manifestando una vida abundante donde el dinero sea tu aliado para cumplir tus sue\u00f1os y cortando para siempre los lazos, cargas y creencias limitantes que tra\u00edas de tus padres.<\/p>\n<p tabindex=\"1\">Todo esto lo lograr\u00e1s con mi metodolog\u00eda Constelaciones vibracionales, cu\u00e1ntica Financiera, valoraci\u00f3n cu\u00e1ntica financiera e inteligencia financiera.<\/p>\n<\/div>\n<\/div>\n<\/div>\n<p>&nbsp;<\/p>\n<ul class=\"sales-argument__list\">\n<li class=\"sales-argument__list__item _text-md-1 _font-weight-bold\" tabindex=\"1\" aria-label=\"16 clases y 3 horas de contenido original\">16 clases y 3 horas<\/li>\n<\/ul>\n","protected":false},"excerpt":{"rendered":"<p>Este curso es ideal para todo aquel que a\u00fan no siente merecimiento de la riqueza que por derecho universal le pertenece, no conf\u00eda en s\u00ed mismo para desarrollar su real potencial de prosperidad y quiere saber c\u00f3mo concretar y materializar sus m\u00e1s grandes sue\u00f1os Aunque no lo sab\u00edas, toda tu vida has estado soportando problemas [&#8230;]\n","protected":false},"featured_media":30273,"template":"","meta":{"_monsterinsights_skip_tracking":false,"_monsterinsights_sitenote_active":false,"_monsterinsights_sitenote_note":"","_monsterinsights_sitenote_category":0,"jetpack_post_was_ever_published":false,"jetpack_publicize_message":"","jetpack_publicize_feature_enabled":true,"jetpack_social_post_already_shared":true,"jetpack_social_options":{"image_generator_settings":{"template":"highway","default_image_id":0,"font":"","enabled":false},"version":2}},"product_brand":[],"product_cat":[32],"product_tag":[275,93,263,273,151,260,211,254,119,251,215,257,277,249,278,243,230,182,226,253,236,229,228,232,258,234,262,239,166,220,265,219,225,240,280,238,271,242,235,276,244,101,266,267,248,132,210,245,269,212,250,227,156,255,264,252,193,274,217,216,233,261,268,73,237,153,270,231,247,152,221,246,222,223,224,259,279,241,256,218,213,214,53],"class_list":{"0":"post-30269","1":"product","2":"type-product","3":"status-publish","4":"has-post-thumbnail","6":"product_cat-sanacion","7":"product_tag-activa","8":"product_tag-alejandro-lavin","9":"product_tag-animales","10":"product_tag-anthony-robbins","11":"product_tag-aromaterapia","12":"product_tag-biden","13":"product_tag-billetes","14":"product_tag-bitcoin","15":"product_tag-carrera","16":"product_tag-china","17":"product_tag-christopher-olivarrieta","18":"product_tag-cine","19":"product_tag-constelaciones-vibracionales","20":"product_tag-coranavirus","21":"product_tag-cuantica-financiera","22":"product_tag-cultura","23":"product_tag-cursos","24":"product_tag-dinero","25":"product_tag-dios","26":"product_tag-dolar","27":"product_tag-enric-corbera","28":"product_tag-ensenanza-en-casa","29":"product_tag-escuela","30":"product_tag-especialidad","31":"product_tag-estrenos","32":"product_tag-estudios","33":"product_tag-facebook","34":"product_tag-famosos","35":"product_tag-finanzas","36":"product_tag-free","37":"product_tag-gatos","38":"product_tag-gratis","39":"product_tag-guerra","40":"product_tag-humor","41":"product_tag-inteligencia-financiera","42":"product_tag-internet","43":"product_tag-interpretacion","44":"product_tag-juegos","45":"product_tag-lavin","46":"product_tag-mama","47":"product_tag-manga","48":"product_tag-mente","49":"product_tag-mercado-libre","50":"product_tag-mercado-pago","51":"product_tag-meteorologia","52":"product_tag-miranda-guzman","53":"product_tag-moneda","54":"product_tag-musica","55":"product_tag-nordicas","56":"product_tag-nuevo","57":"product_tag-omnicron","58":"product_tag-oracion","59":"product_tag-oratoria","60":"product_tag-peliculas","61":"product_tag-perros","62":"product_tag-peso","63":"product_tag-pnl","64":"product_tag-poder-interior","65":"product_tag-porn","66":"product_tag-porno","67":"product_tag-profesional","68":"product_tag-putin","69":"product_tag-runas","70":"product_tag-salud","71":"product_tag-sexo","72":"product_tag-sistematica","73":"product_tag-sueno","74":"product_tag-talleres","75":"product_tag-television","76":"product_tag-terapia","77":"product_tag-terapias","78":"product_tag-trabajo","79":"product_tag-ucrania","80":"product_tag-ukrania","81":"product_tag-usa","82":"product_tag-vacuna","83":"product_tag-valoracion-cuantica-financiera","84":"product_tag-viajes","85":"product_tag-videos","86":"product_tag-xxx","87":"product_tag-youtube","88":"product_tag-youtube-yuen-guadalajara","89":"product_tag-yuen","91":"first","92":"instock","93":"downloadable","94":"virtual","95":"purchasable","96":"product-type-simple"},"jetpack_publicize_connections":[],"jetpack-related-posts":[{"id":32796,"url":"https:\/\/multiofertasvip.com\/?product=desata-tu-riqueza-elma-galvan","url_meta":{"origin":30269,"position":0},"title":"Desata tu Riqueza-Elma Galvan","author":"multiofertasvip","date":"mayo 13, 2024","format":false,"excerpt":"\u00a0Desata tu riqueza 5 jalones energ\u00e9ticos en vivo \u00bfC\u00f3mo ser\u00eda desatar tus flujos de dinero y que se exponenciales tu riqueza?\u00a0\u00a0 \u00a1Hola mi potente!\u00a0\u00bfTe gustar\u00eda \"Desatar tu riqueza\" y aprender a manifestar la abundancia que mereces?\u00a0Durante\u00a05 sesiones de jalones energ\u00e9ticos (Energy pulls), descubrir\u00e1s c\u00f3mo liberarte de creencias limitantes y activar\u2026","rel":"","context":"Entrada similar","block_context":{"text":"Entrada similar","link":""},"img":{"alt_text":"","src":"https:\/\/i0.wp.com\/multiofertasvip.com\/wp-content\/uploads\/2024\/05\/desata-tu-riqueza.png?fit=200%2C200&ssl=1&resize=350%2C200","width":350,"height":200},"classes":[]},{"id":33510,"url":"https:\/\/multiofertasvip.com\/?product=academia-de-riqueza-tatiana-arias","url_meta":{"origin":30269,"position":1},"title":"Academia de Riqueza Tatiana Arias","author":"multiofertasvip","date":"diciembre 19, 2024","format":false,"excerpt":"La \u00danica Comunidad del Mercado Hispano\u2026 La\u00a0F\u00f3rmula Paso a Paso\u00a0para Crear Riqueza y poder vivir en plena Libertad y Tranquilidad Financiera (te encuentres en la situaci\u00f3n que te encuentres).\u00a0\u00a0Aprende c\u00f3mo hacer para que el dinero\u00a0trabaje para ti hoy mismo. \u00a0\u00a0Lo que conseguir\u00e1s con este programa pr\u00e1ctico y concreto \u00a1Felicitaciones! Hoy\u2026","rel":"","context":"Entrada similar","block_context":{"text":"Entrada similar","link":""},"img":{"alt_text":"","src":"https:\/\/i0.wp.com\/multiofertasvip.com\/wp-content\/uploads\/2024\/12\/academia-de-riqueza.jpg?fit=200%2C200&ssl=1&resize=350%2C200","width":350,"height":200},"classes":[]},{"id":33970,"url":"https:\/\/multiofertasvip.com\/?product=programa-de-riqueza-consciente-cristobal-amo","url_meta":{"origin":30269,"position":2},"title":"Programa de Riqueza Consciente &#8211; Cristobal Amo","author":"multiofertasvip","date":"mayo 30, 2025","format":false,"excerpt":"Este es un curso para convertirte en un generador de riqueza consciente, para conocer la correcta f\u00f3rmula de manifestar, para descubrir todos los secretos que rodean la manifestaci\u00f3n de riqueza. La forma M\u00c1S F\u00c1CIL y eficaz de manifestar en tu vida: salud, dinero, amor, paz Y felicidad. A trav\u00e9s de\u2026","rel":"","context":"Entrada similar","block_context":{"text":"Entrada similar","link":""},"img":{"alt_text":"","src":"https:\/\/i0.wp.com\/multiofertasvip.com\/wp-content\/uploads\/2025\/05\/programa-de-riqueza-consciente.jpg?fit=200%2C200&ssl=1&resize=350%2C200","width":350,"height":200},"classes":[]},{"id":30618,"url":"https:\/\/multiofertasvip.com\/?product=masterclass-la-energia-del-dinero-ing-mariana-frenesdo","url_meta":{"origin":30269,"position":3},"title":"Masterclass la energia del dinero-Ing Mariana Frenesdo","author":"multiofertasvip","date":"noviembre 10, 2022","format":false,"excerpt":"\u00a0 \u00a0 \u00a0 \u00a0","rel":"","context":"Entrada similar","block_context":{"text":"Entrada similar","link":""},"img":{"alt_text":"","src":"https:\/\/i0.wp.com\/multiofertasvip.com\/wp-content\/uploads\/2022\/11\/dinero.jpg?fit=200%2C200&ssl=1&resize=350%2C200","width":350,"height":200},"classes":[]},{"id":33515,"url":"https:\/\/multiofertasvip.com\/?product=felicidad-sin-deudas-3-0-tatiana-arias","url_meta":{"origin":30269,"position":4},"title":"Felicidad Sin Deudas 3.0 Tatiana Arias","author":"multiofertasvip","date":"diciembre 19, 2024","format":false,"excerpt":"Felicidad sin Deudas 3.0 \u00a0\u201cHas Pensado Alguna Vez en Qu\u00e9 Har\u00edas Si el Dinero No Fuera un Problema\u201d \u00bfC\u00f3mo Ser\u00eda Tu Vida si No Tuvieras que Volver a Preocuparte por Pagar Deudas o por estar en D\u00e9ficit? \u00bfC\u00f3mo ser\u00eda tu vida si tuvieras Tranquilidad Financiera? \u00a0 \u00a0 \u00a0 \u00a0 \u00a0\u2026","rel":"","context":"Entrada similar","block_context":{"text":"Entrada similar","link":""},"img":{"alt_text":"","src":"https:\/\/i0.wp.com\/s3.amazonaws.com\/kajabi-storefronts-production\/site\/1912\/images\/nkf9h440ROCq75GCbBy2_Screen%20Shot%202016-06-05%20at%209.53.10%20PM.png?resize=350%2C200&ssl=1","width":350,"height":200},"classes":[]},{"id":33506,"url":"https:\/\/multiofertasvip.com\/?product=los-secretos-universales-del-dinero-edmundo-velazco","url_meta":{"origin":30269,"position":5},"title":"Los Secretos Universales del Dinero-Edmundo Velazco","author":"multiofertasvip","date":"diciembre 19, 2024","format":false,"excerpt":"Beneficios\u00a0del Programa: Transforma tu relaci\u00f3n con el dinero: Aprende a identificar y eliminar creencias limitantes que te han mantenido estancado y construye una mentalidad que atraiga abundancia. Acelera tu camino hacia la prosperidad: Aplicando t\u00e9cnicas avanzadas de PNL y F\u00edsica Cu\u00e1ntica para multiplicar hasta por cinco veces tu capacidad de\u2026","rel":"","context":"Entrada similar","block_context":{"text":"Entrada similar","link":""},"img":{"alt_text":"","src":"https:\/\/i0.wp.com\/multiofertasvip.com\/wp-content\/uploads\/2024\/12\/secretos.jpg?fit=200%2C200&ssl=1&resize=350%2C200","width":350,"height":200},"classes":[]}],"jetpack_sharing_enabled":true,"jetpack_likes_enabled":true,"_links":{"self":[{"href":"https:\/\/multiofertasvip.com\/index.php?rest_route=\/wp\/v2\/product\/30269","targetHints":{"allow":["GET"]}}],"collection":[{"href":"https:\/\/multiofertasvip.com\/index.php?rest_route=\/wp\/v2\/product"}],"about":[{"href":"https:\/\/multiofertasvip.com\/index.php?rest_route=\/wp\/v2\/types\/product"}],"version-history":[{"count":0,"href":"https:\/\/multiofertasvip.com\/index.php?rest_route=\/wp\/v2\/product\/30269\/revisions"}],"wp:featuredmedia":[{"embeddable":true,"href":"https:\/\/multiofertasvip.com\/index.php?rest_route=\/wp\/v2\/media\/30273"}],"wp:attachment":[{"href":"https:\/\/multiofertasvip.com\/index.php?rest_route=%2Fwp%2Fv2%2Fmedia&parent=30269"}],"wp:term":[{"taxonomy":"product_brand","embeddable":true,"href":"https:\/\/multiofertasvip.com\/index.php?rest_route=%2Fwp%2Fv2%2Fproduct_brand&post=30269"},{"taxonomy":"product_cat","embeddable":true,"href":"https:\/\/multiofertasvip.com\/index.php?rest_route=%2Fwp%2Fv2%2Fproduct_cat&post=30269"},{"taxonomy":"product_tag","embeddable":true,"href":"https:\/\/multiofertasvip.com\/index.php?rest_route=%2Fwp%2Fv2%2Fproduct_tag&post=30269"}],"curies":[{"name":"wp","href":"https:\/\/api.w.org\/{rel}","templated":true}]}}