{"id":30255,"date":"2022-03-07T05:47:31","date_gmt":"2022-03-07T05:47:31","guid":{"rendered":"https:\/\/multiofertasvip.com\/?post_type=product&#038;p=30255"},"modified":"2026-02-24T13:41:15","modified_gmt":"2026-02-24T19:11:15","slug":"curso-cita-con-el-destino-anthony-robbins","status":"publish","type":"product","link":"https:\/\/multiofertasvip.com\/?product=curso-cita-con-el-destino-anthony-robbins","title":{"rendered":"Curso Cita con el Destino-Anthony Robbins"},"content":{"rendered":"<p><span class=\"Apple-style-span\">Vivimos en una \u00e9poca de extraordinarias oportunidades e infinitas posibilidades\u2014pero \u00bfverdade<\/span><span class=\"Apple-style-span\">ramente estamos experimentando la calidad de vida que merecemos?\u00a0<\/span><\/p>\n<p><span class=\"Apple-style-span\">Como persona que intenta\u00a0lograr una serie de objetivos y que se enfrenta a tant\u00edsimos retos cada d\u00eda, sabes lo dif\u00edcil que\u00a0puede ser crear un equilibrio y encontrar la verdadera satisfacci\u00f3n en la vida.\u00a0<\/span><\/p>\n<p><span class=\"Apple-style-span\">\u00bfQu\u00e9 me dir\u00edas si pudieras encontrar una forma de atravesar esas barreras para\u00a0vivir por fin el tipo de vida con el que has so\u00f1ado siempre?\u00a0<\/span><\/p>\n<p><span class=\"Apple-style-span\">DATE WITH DESTINY &#8211; Es un programa revolucionario dise\u00f1ado y presentado por la autoridad mundial en la psicolog\u00eda del\u00a0liderazgo, Anthony Robbins.<\/span><\/p>\n<p><span class=\"Apple-style-span\">Cita con el Destino desenterrar\u00e1 tus verdaderos deseos, te ayudar\u00e1\u00a0a explotar por completo tu potencial y te guiar\u00e1 a descubrir tu prop\u00f3sito \u00faltimo en la vida.<\/span><\/p>\n<p><span class=\"Apple-style-span\">Incre\u00edblemente intenso e \u00edntimo,\u00a0este programa de seis d\u00edas es uno de los \u00fanicos dos programas en el mundo en los que podr\u00e1s\u00a0tener la experiencia de Anthony Robbins en directo y en persona, mientras \u00e9l te equipa con las\u00a0herramientas y estrategias para descubrir tu destino y crear una vida extraordinaria, una vida a tu medida.<\/span><\/p>\n<p><span class=\"Apple-style-span\">Traza tu camino con grandeza<\/span><span class=\"Apple-style-span\">\u00a0<\/span><\/p>\n<p><span class=\"Apple-style-span\">Rejuvenece tus relaciones<\/span><span class=\"Apple-style-span\">\u00a0<\/span><\/p>\n<p><span class=\"Apple-style-span\">De\ufb01ne tu visi\u00f3n<\/span><span class=\"Apple-style-span\">\u00a0<\/span><\/p>\n<p><span class=\"Apple-style-span\">Toma el control de tus emociones<\/span><span class=\"Apple-style-span\">\u00a0<\/span><\/p>\n<p><span class=\"Apple-style-span\">Y vive una vida extraordinaria!<\/span><\/p>\n","protected":false},"excerpt":{"rendered":"<p>&nbsp;<\/p>\n<h4>Autor:\u00a0Tony Robbins<\/h4>\n<h4>Idioma:\u00a0Espa\u00f1ol<\/h4>\n<h4>Formatos:\u00a0mp4 (video), mp3 (audio), pdf (ebook)<\/h4>\n<h4>Cantidad videos:\u00a0\u00a039<\/h4>\n<h4>Cantidad audios:\u00a05<\/h4>\n<h4>Cantidad pdf:\u00a03<\/h4>\n<p>&nbsp;<\/p>\n","protected":false},"featured_media":30256,"template":"","meta":{"_monsterinsights_skip_tracking":false,"_monsterinsights_sitenote_active":false,"_monsterinsights_sitenote_note":"","_monsterinsights_sitenote_category":0,"jetpack_post_was_ever_published":false,"jetpack_publicize_message":"","jetpack_publicize_feature_enabled":true,"jetpack_social_post_already_shared":true,"jetpack_social_options":{"image_generator_settings":{"template":"highway","default_image_id":0,"font":"","enabled":false},"version":2}},"product_brand":[],"product_cat":[298,272],"product_tag":[93,263,273,151,260,211,254,119,251,215,257,249,243,230,182,226,253,236,229,228,232,258,234,262,239,220,265,219,225,240,238,271,242,235,244,101,266,267,248,132,210,245,269,212,250,227,156,255,264,252,193,217,216,233,261,268,73,237,153,270,231,247,152,221,246,222,223,224,259,241,256,218,213,214,53],"class_list":{"0":"post-30255","1":"product","2":"type-product","3":"status-publish","4":"has-post-thumbnail","6":"product_cat-gratis","7":"product_cat-pnl","8":"product_tag-alejandro-lavin","9":"product_tag-animales","10":"product_tag-anthony-robbins","11":"product_tag-aromaterapia","12":"product_tag-biden","13":"product_tag-billetes","14":"product_tag-bitcoin","15":"product_tag-carrera","16":"product_tag-china","17":"product_tag-christopher-olivarrieta","18":"product_tag-cine","19":"product_tag-coranavirus","20":"product_tag-cultura","21":"product_tag-cursos","22":"product_tag-dinero","23":"product_tag-dios","24":"product_tag-dolar","25":"product_tag-enric-corbera","26":"product_tag-ensenanza-en-casa","27":"product_tag-escuela","28":"product_tag-especialidad","29":"product_tag-estrenos","30":"product_tag-estudios","31":"product_tag-facebook","32":"product_tag-famosos","33":"product_tag-free","34":"product_tag-gatos","35":"product_tag-gratis","36":"product_tag-guerra","37":"product_tag-humor","38":"product_tag-internet","39":"product_tag-interpretacion","40":"product_tag-juegos","41":"product_tag-lavin","42":"product_tag-manga","43":"product_tag-mente","44":"product_tag-mercado-libre","45":"product_tag-mercado-pago","46":"product_tag-meteorologia","47":"product_tag-miranda-guzman","48":"product_tag-moneda","49":"product_tag-musica","50":"product_tag-nordicas","51":"product_tag-nuevo","52":"product_tag-omnicron","53":"product_tag-oracion","54":"product_tag-oratoria","55":"product_tag-peliculas","56":"product_tag-perros","57":"product_tag-peso","58":"product_tag-pnl","59":"product_tag-porn","60":"product_tag-porno","61":"product_tag-profesional","62":"product_tag-putin","63":"product_tag-runas","64":"product_tag-salud","65":"product_tag-sexo","66":"product_tag-sistematica","67":"product_tag-sueno","68":"product_tag-talleres","69":"product_tag-television","70":"product_tag-terapia","71":"product_tag-terapias","72":"product_tag-trabajo","73":"product_tag-ucrania","74":"product_tag-ukrania","75":"product_tag-usa","76":"product_tag-vacuna","77":"product_tag-viajes","78":"product_tag-videos","79":"product_tag-xxx","80":"product_tag-youtube","81":"product_tag-youtube-yuen-guadalajara","82":"product_tag-yuen","84":"first","85":"instock","86":"downloadable","87":"virtual","88":"purchasable","89":"product-type-simple"},"jetpack_publicize_connections":[],"jetpack-related-posts":[{"id":30257,"url":"https:\/\/multiofertasvip.com\/?product=curso-desata-el-poder-interior-anthony-robbins","url_meta":{"origin":30255,"position":0},"title":"Curso Desata el Poder Interior-Anthony Robbins","author":"multiofertasvip","date":"marzo 7, 2022","format":false,"excerpt":"\u00a0 Ser\u00e1s capaz de desarrollar el conocimiento y las herramientas para crear cambios y desafiar sus propias limitaciones. Esta es una gran oportunidad para que aprenda c\u00f3mo ser una persona m\u00e1s fuerte, m\u00e1s habilidosa y poderosa. Autor: Anthony Robbins Idioma: Espa\u00f1ol Formatos: mp4 (video), pdf (ebook), mp3 (audio), jpg (imagen)\u2026","rel":"","context":"Entrada similar","block_context":{"text":"Entrada similar","link":""},"img":{"alt_text":"","src":"https:\/\/i0.wp.com\/cursosvips.com\/wp-content\/uploads\/2022\/03\/Banner1-Curso-Desata-el-Poder-Interior-Tony-Robbins.jpg?resize=350%2C200&ssl=1","width":350,"height":200,"srcset":"https:\/\/i0.wp.com\/cursosvips.com\/wp-content\/uploads\/2022\/03\/Banner1-Curso-Desata-el-Poder-Interior-Tony-Robbins.jpg?resize=350%2C200&ssl=1 1x, https:\/\/i0.wp.com\/cursosvips.com\/wp-content\/uploads\/2022\/03\/Banner1-Curso-Desata-el-Poder-Interior-Tony-Robbins.jpg?resize=525%2C300&ssl=1 1.5x, https:\/\/i0.wp.com\/cursosvips.com\/wp-content\/uploads\/2022\/03\/Banner1-Curso-Desata-el-Poder-Interior-Tony-Robbins.jpg?resize=700%2C400&ssl=1 2x"},"classes":[]},{"id":30283,"url":"https:\/\/multiofertasvip.com\/?product=bienestar-fisico-y-emocional-enric-corbera","url_meta":{"origin":30255,"position":1},"title":"Bienestar F\u00edsico y Emocional-Enric Corbera","author":"multiofertasvip","date":"julio 27, 2023","format":false,"excerpt":"\u00a0 Autor:\u00a0Enric Corbera Idioma:\u00a0Espa\u00f1ol Formatos:\u00a0mp4 (Video), PDF (eBook) Cant Videos:\u00a025 Cant Textos:\u00a04 Peso:\u00a06.90 GB","rel":"","context":"Entrada similar","block_context":{"text":"Entrada similar","link":""},"img":{"alt_text":"","src":"https:\/\/i0.wp.com\/multiofertasvip.com\/wp-content\/uploads\/2022\/03\/Bienestar-Fisico-y-Emocional-Enric-Corbera.jpg?fit=200%2C200&ssl=1&resize=350%2C200","width":350,"height":200},"classes":[]},{"id":30313,"url":"https:\/\/multiofertasvip.com\/?product=taller-para-quitar-karmas-y-vidas-pasadas-cristopher-olavarrieta","url_meta":{"origin":30255,"position":2},"title":"Taller  karmas y Vidas Pasadas-Cristopher Olavarrieta","author":"multiofertasvip","date":"mayo 7, 2022","format":false,"excerpt":"Cuando hay resistencia a evolucionar hacia la conciencia ps\u00edquica y espiritual aparecen: TRAUMAS, DOLOR, DESCONTENTO, INSATISFACCI\u00d3N, ENFERMEDADES, EMOCIONES NEGATIVAS, EXPERIENCIAS NEGATIVAS Y AFLICCIONES. Por lo que la capacidad de curarse est\u00e1 mas en estos \u00faltimos niveles, el ps\u00edquico y el espiritual. Yo no soy ning\u00fan gur\u00fa, pero quiero ayudarte a\u2026","rel":"","context":"Entrada similar","block_context":{"text":"Entrada similar","link":""},"img":{"alt_text":"","src":"https:\/\/i0.wp.com\/multiofertasvip.com\/wp-content\/uploads\/2022\/05\/taller-karmas-Cristopher.png?fit=200%2C200&ssl=1&resize=350%2C200","width":350,"height":200},"classes":[]},{"id":30291,"url":"https:\/\/multiofertasvip.com\/?product=taller-para-quitar-karmas-y-maldiciones-manuel-marquez","url_meta":{"origin":30255,"position":3},"title":"Taller para quitar karmas y maldiciones-Manuel Marquez","author":"multiofertasvip","date":"marzo 31, 2022","format":false,"excerpt":"El taller para quitar karmas y maldiciones ser\u00e1 la mejor protecci\u00f3n que puedas tener para poder avanzar con tu vida y vivir en plenitud. Imparte: Manuel M\u00e1rquez, instructor certificado en M\u00e9todo Yuen. \u00bfAlguien no te paga? \u00bfTe llevabas bien con alguien y ahora ya no? \u00bfLleg\u00f3 la herencia y tu\u2026","rel":"","context":"Entrada similar","block_context":{"text":"Entrada similar","link":""},"img":{"alt_text":"","src":"https:\/\/i0.wp.com\/multiofertasvip.com\/wp-content\/uploads\/2022\/03\/karmas.png?fit=200%2C200&ssl=1&resize=350%2C200","width":350,"height":200},"classes":[]},{"id":30269,"url":"https:\/\/multiofertasvip.com\/?product=activa-tus-finanzas-al-sanar-con-mama-zyntya-felicidad","url_meta":{"origin":30255,"position":4},"title":"Activa tus Finanzas Al Sanar con Mam\u00e1-Zyntya Felicidad","author":"multiofertasvip","date":"marzo 16, 2022","format":false,"excerpt":"Este curso es ideal para todo aquel que a\u00fan no siente merecimiento de la riqueza que por derecho universal le pertenece, no conf\u00eda en s\u00ed mismo para desarrollar su real potencial de prosperidad y quiere saber c\u00f3mo concretar y materializar sus m\u00e1s grandes sue\u00f1os Aunque no lo sab\u00edas, toda tu\u2026","rel":"","context":"Entrada similar","block_context":{"text":"Entrada similar","link":""},"img":{"alt_text":"","src":"https:\/\/i0.wp.com\/multiofertasvip.com\/wp-content\/uploads\/2022\/03\/activa-tus-finanzas-al-sanar-con-mama.png?fit=200%2C200&ssl=1&resize=350%2C200","width":350,"height":200},"classes":[]},{"id":30289,"url":"https:\/\/multiofertasvip.com\/?product=taller-de-regularizacion-niveles-1-3-metodo-yuen-guadalajara","url_meta":{"origin":30255,"position":5},"title":"Taller de Regularizacion Niveles 1-3 Metodo Yuen Guadalajara","author":"multiofertasvip","date":"marzo 31, 2022","format":false,"excerpt":"Incluye (8) lecciones de audio de alta definici\u00f3n (60 minutos cada una) \u00a0","rel":"","context":"Entrada similar","block_context":{"text":"Entrada similar","link":""},"img":{"alt_text":"","src":"https:\/\/i0.wp.com\/multiofertasvip.com\/wp-content\/uploads\/2022\/03\/talleres.jpg?fit=200%2C200&ssl=1&resize=350%2C200","width":350,"height":200},"classes":[]}],"jetpack_sharing_enabled":true,"jetpack_likes_enabled":true,"_links":{"self":[{"href":"https:\/\/multiofertasvip.com\/index.php?rest_route=\/wp\/v2\/product\/30255","targetHints":{"allow":["GET"]}}],"collection":[{"href":"https:\/\/multiofertasvip.com\/index.php?rest_route=\/wp\/v2\/product"}],"about":[{"href":"https:\/\/multiofertasvip.com\/index.php?rest_route=\/wp\/v2\/types\/product"}],"version-history":[{"count":1,"href":"https:\/\/multiofertasvip.com\/index.php?rest_route=\/wp\/v2\/product\/30255\/revisions"}],"predecessor-version":[{"id":34856,"href":"https:\/\/multiofertasvip.com\/index.php?rest_route=\/wp\/v2\/product\/30255\/revisions\/34856"}],"wp:featuredmedia":[{"embeddable":true,"href":"https:\/\/multiofertasvip.com\/index.php?rest_route=\/wp\/v2\/media\/30256"}],"wp:attachment":[{"href":"https:\/\/multiofertasvip.com\/index.php?rest_route=%2Fwp%2Fv2%2Fmedia&parent=30255"}],"wp:term":[{"taxonomy":"product_brand","embeddable":true,"href":"https:\/\/multiofertasvip.com\/index.php?rest_route=%2Fwp%2Fv2%2Fproduct_brand&post=30255"},{"taxonomy":"product_cat","embeddable":true,"href":"https:\/\/multiofertasvip.com\/index.php?rest_route=%2Fwp%2Fv2%2Fproduct_cat&post=30255"},{"taxonomy":"product_tag","embeddable":true,"href":"https:\/\/multiofertasvip.com\/index.php?rest_route=%2Fwp%2Fv2%2Fproduct_tag&post=30255"}],"curies":[{"name":"wp","href":"https:\/\/api.w.org\/{rel}","templated":true}]}}