{"id":30224,"date":"2022-01-24T22:38:22","date_gmt":"2022-01-24T22:38:22","guid":{"rendered":"https:\/\/multiofertasvip.com\/?post_type=product&#038;p=30224"},"modified":"2022-02-24T17:57:27","modified_gmt":"2022-02-24T17:57:27","slug":"seminario-master-de-frecuencias-de-luz-y-amor-manuel-frutos","status":"publish","type":"product","link":"https:\/\/multiofertasvip.com\/?product=seminario-master-de-frecuencias-de-luz-y-amor-manuel-frutos","title":{"rendered":"Seminario  Master de Frecuencias de Luz y Amor-Manuel Frutos"},"content":{"rendered":"<p><strong><span class=\"font-size-4\">Nuestros Sanadores de\u00a0Frecuencias\u00a0de Luz\u00a0y Amor\u00a0que ya han tomado su nivel 2 como &#8220;Conectores Hologr\u00e1ficos Levhon Ra Fa&#8221; tienen ahora la posibilidad de ingresar a \u00e9ste Seminario que les dar\u00e1 m\u00e1s gu\u00edas de sanaci\u00f3n para enfermedades espec\u00edficas como:<\/span><\/strong><\/p>\n<p>&nbsp;<\/p>\n<p><strong><span class=\"font-size-4\">C\u00c1NCER<\/span><\/strong><\/p>\n<p><strong><span class=\"font-size-4\">DIABETES<\/span><\/strong><\/p>\n<p><strong><span class=\"font-size-4\">PAR\u00c1SITOS ENERG\u00c9TICOS<\/span><\/strong><\/p>\n<p><strong><span class=\"font-size-4\">ENFERMEDADES CR\u00d3NICAS<\/span><\/strong><\/p>\n<p><strong><span class=\"font-size-4\">SELLOS ENERG\u00c9TICOS<\/span><\/strong><\/p>\n<p><strong><span class=\"font-size-4\">GU\u00cdAS DE MICROESFERAS<\/span><\/strong><\/p>\n","protected":false},"excerpt":{"rendered":"<p>&nbsp;<\/p>\n<p>&nbsp;<\/p>\n","protected":false},"featured_media":30225,"template":"","meta":{"_monsterinsights_skip_tracking":false,"_monsterinsights_sitenote_active":false,"_monsterinsights_sitenote_note":"","_monsterinsights_sitenote_category":0,"jetpack_post_was_ever_published":false,"jetpack_publicize_message":"","jetpack_publicize_feature_enabled":true,"jetpack_social_post_already_shared":true,"jetpack_social_options":{"image_generator_settings":{"template":"highway","default_image_id":0,"font":"","enabled":false},"version":2}},"product_brand":[],"product_cat":[205],"product_tag":[263,260,211,254,119,251,215,257,249,243,230,182,226,253,236,229,228,232,258,234,262,239,220,265,219,225,240,238,242,235,207,244,266,267,248,210,245,212,250,227,255,264,252,217,216,233,261,206,73,25,237,231,247,221,246,222,223,224,259,241,256,218,213,214,53],"class_list":{"0":"post-30224","1":"product","2":"type-product","3":"status-publish","4":"has-post-thumbnail","6":"product_cat-frecuencias-reconexicon","7":"product_tag-animales","8":"product_tag-biden","9":"product_tag-billetes","10":"product_tag-bitcoin","11":"product_tag-carrera","12":"product_tag-china","13":"product_tag-christopher-olivarrieta","14":"product_tag-cine","15":"product_tag-coranavirus","16":"product_tag-cultura","17":"product_tag-cursos","18":"product_tag-dinero","19":"product_tag-dios","20":"product_tag-dolar","21":"product_tag-enric-corbera","22":"product_tag-ensenanza-en-casa","23":"product_tag-escuela","24":"product_tag-especialidad","25":"product_tag-estrenos","26":"product_tag-estudios","27":"product_tag-facebook","28":"product_tag-famosos","29":"product_tag-free","30":"product_tag-gatos","31":"product_tag-gratis","32":"product_tag-guerra","33":"product_tag-humor","34":"product_tag-internet","35":"product_tag-juegos","36":"product_tag-lavin","37":"product_tag-manbuel-frutos","38":"product_tag-manga","39":"product_tag-mercado-libre","40":"product_tag-mercado-pago","41":"product_tag-meteorologia","42":"product_tag-moneda","43":"product_tag-musica","44":"product_tag-nuevo","45":"product_tag-omnicron","46":"product_tag-oracion","47":"product_tag-peliculas","48":"product_tag-perros","49":"product_tag-peso","50":"product_tag-porn","51":"product_tag-porno","52":"product_tag-profesional","53":"product_tag-putin","54":"product_tag-reconexicon","55":"product_tag-salud","56":"product_tag-sanacion","57":"product_tag-sexo","58":"product_tag-talleres","59":"product_tag-television","60":"product_tag-terapias","61":"product_tag-trabajo","62":"product_tag-ucrania","63":"product_tag-ukrania","64":"product_tag-usa","65":"product_tag-vacuna","66":"product_tag-viajes","67":"product_tag-videos","68":"product_tag-xxx","69":"product_tag-youtube","70":"product_tag-youtube-yuen-guadalajara","71":"product_tag-yuen","73":"first","74":"instock","75":"downloadable","76":"virtual","77":"purchasable","78":"product-type-simple"},"jetpack_publicize_connections":[],"jetpack-related-posts":[{"id":30220,"url":"https:\/\/multiofertasvip.com\/?product=seminario-de-frecuencias-de-luz-y-amor-manuel-frutos","url_meta":{"origin":30224,"position":0},"title":"Seminario de Frecuencias de Luz y Amor-Manuel Frutos","author":"multiofertasvip","date":"enero 24, 2022","format":false,"excerpt":"En \u00e9sta\u00a0NUEVA ERA\u00a0la ense\u00f1anza es con una\u00a0Nueva Conciencia\u00a0conectando y siendo\u00a0CANAL\u00a0de\u00a0Dimensiones Superiores\u00a0con\u00a0Nuevas Energ\u00edas, SIN RITUALES,\u00a0abierto a\u00a0cualquier persona\u00a0que sienta el llamado del servicio para la\u00a0SANACI\u00d3N\u00a0y la\u00a0EVOLUCI\u00d3N\u00a0con las\u00a0FRECUENCIAS DE LUZ\u00a0y\u00a0AMOR. \u00a0\u00a0\u00a0\u00a0\u00a0\u00a0\u00a0\u00a0\u00a0\u00a0\u00a0\u00a0\u00a0\u00a0\u00a0\u00a0\u00a0\u00a0\u00a0\u00a0\u00a0\u00a0\u00a0\u00a0\u00a0\u00a0\u00a0\u00a0\u00a0\u00a0\u00a0\u00a0\u00a0\u00a0\u00a0\u00a0\u00a0\u00a0\u00a0\u00a0\u00a0\u00a0\u00a0\u00a0\u00a0 TEMARIO: .- Antecedentes y el nuevo camino de la Sanaci\u00f3n de Frecuencias. .- Que es la Sanaci\u00f3n de Frecuencias de Luz y\u2026","rel":"","context":"Entrada similar","block_context":{"text":"Entrada similar","link":""},"img":{"alt_text":"5889513893?profile=original","src":"https:\/\/storage.ning.com\/topology\/rest\/1.0\/file\/get\/5889513893?profile=original","width":350,"height":200},"classes":[]},{"id":30222,"url":"https:\/\/multiofertasvip.com\/?product=seminario-conexion-holografica-manuel-frutos","url_meta":{"origin":30224,"position":1},"title":"Seminario Conexion Holografica-Manuel Frutos","author":"multiofertasvip","date":"enero 24, 2022","format":false,"excerpt":"NUEVOS PATRONES HOLOGR\u00c1FICOS QUE NOS PERMITEN POTENCIAR LA SANACI\u00d3N Y ACELERAR LA ASCENSI\u00d3N \u00a0 M\u00c1S INFORMACI\u00d3N SI QUIERES APRENDER A HACER \u00c9STE DIBUJO, PERO ANTES DEBES HACER EL DE SANADORES DE FRECUENCIAS DE LUZ Y AMOR. \u00a0 15 NOTAS IMPORTANTES 1.- \u00c9STOS PATRONES SE ASEMEJAN A LOS MUNDIALMENTE CONOCIDOS POR\u2026","rel":"","context":"Entrada similar","block_context":{"text":"Entrada similar","link":""},"img":{"alt_text":"5889754257?profile=original","src":"https:\/\/storage.ning.com\/topology\/rest\/1.0\/file\/get\/5889754257?profile=original","width":350,"height":200,"srcset":"https:\/\/storage.ning.com\/topology\/rest\/1.0\/file\/get\/5889754257?profile=original 1x, https:\/\/storage.ning.com\/topology\/rest\/1.0\/file\/get\/5889754257?profile=original 1.5x"},"classes":[]},{"id":34827,"url":"https:\/\/multiofertasvip.com\/?product=protecciones-energeticas-alma-rendon","url_meta":{"origin":30224,"position":2},"title":"Protecciones Energ\u00e9ticas \u2013 Alma Rend\u00f3n","author":"multiofertasvip","date":"febrero 19, 2026","format":false,"excerpt":"Protecciones Energ\u00e9ticas es un taller profundo y transformador creado para ayudarte a proteger tu energ\u00eda de forma consciente, amorosa y efectiva, mientras elevas tu vibraci\u00f3n y aprendes a vivir desde una frecuencia alta y estable. Vivimos expuestos constantemente a cargas emocionales, energ\u00edas densas, miedos, creencias limitantes y entornos que drenan\u2026","rel":"","context":"Entrada similar","block_context":{"text":"Entrada similar","link":""},"img":{"alt_text":"","src":"https:\/\/i0.wp.com\/multiofertasvip.com\/wp-content\/uploads\/2026\/02\/protecciones-energeticas.png?fit=200%2C200&ssl=1&resize=350%2C200","width":350,"height":200},"classes":[]},{"id":33348,"url":"https:\/\/multiofertasvip.com\/?product=tecnologia-multidimensional-mujer-holistica","url_meta":{"origin":30224,"position":3},"title":"Tecnolog\u00eda Multidimensional &#8211; Mujer Hol\u00edstica","author":"multiofertasvip","date":"noviembre 24, 2024","format":false,"excerpt":"TECNOLOG\u00cdA ENERG\u00c9TICA AVANZADA EL JUEGO DE LA CREACI\u00d3N DE LA REALIDAD IMAG\u00cdNATE SI PUDIERAS\u2026 \u29bf EXPANDIR EL TIEMPO \u29bf RECIBIR MENSAJES DE SERES DE LUZ DE OTRAS DIMENSIONES \u29bf HACER QUE TUS MANIFESTACIONES OCURRAN M\u00c1S R\u00c1PIDO \u29bf DIVERTIRTE JUGANDO CON LAS LEYES UNIVERSALES \u29bf CANALIZAR C\u00d3DIGOS SAGRADOS Y TECNOLOG\u00cdA MULTIDIMENSIONAL\u2026","rel":"","context":"Entrada similar","block_context":{"text":"Entrada similar","link":""},"img":{"alt_text":"","src":"https:\/\/i0.wp.com\/images.squarespace-cdn.com\/content\/v1\/6266ce5a7c74f51187c25b2e\/3a451be9-6819-4186-8008-27f7cf0a5395\/TM_IMAGEN.png?resize=350%2C200&ssl=1","width":350,"height":200,"srcset":"https:\/\/i0.wp.com\/images.squarespace-cdn.com\/content\/v1\/6266ce5a7c74f51187c25b2e\/3a451be9-6819-4186-8008-27f7cf0a5395\/TM_IMAGEN.png?resize=350%2C200&ssl=1 1x, https:\/\/i0.wp.com\/images.squarespace-cdn.com\/content\/v1\/6266ce5a7c74f51187c25b2e\/3a451be9-6819-4186-8008-27f7cf0a5395\/TM_IMAGEN.png?resize=525%2C300&ssl=1 1.5x, https:\/\/i0.wp.com\/images.squarespace-cdn.com\/content\/v1\/6266ce5a7c74f51187c25b2e\/3a451be9-6819-4186-8008-27f7cf0a5395\/TM_IMAGEN.png?resize=700%2C400&ssl=1 2x"},"classes":[]},{"id":30322,"url":"https:\/\/multiofertasvip.com\/?product=seminario-internacional-de-bioenergetica-y-microbioenergetica-vallarta","url_meta":{"origin":30224,"position":4},"title":"Seminario Internacional de Bioenergetica y Microbioenergetica Vallarta","author":"multiofertasvip","date":"mayo 27, 2022","format":false,"excerpt":"Temario Biomagnetismo avanzado La teor\u00eda polivagal y conflictolog\u00eda biol\u00f3gica Tratamiento del s\u00edndrome post-covid Din\u00e1micas sist\u00e9micas de la enfermedad Transgeneracional y ciclos repetitivos Recuperaci\u00f3n funcional y bioenerg\u00e9tica Virolog\u00eda energ\u00e9tica Infecci\u00f3n cr\u00f3nica y esquemas desadaptativos El sistema de las partes internas Reprocesamiento del trauma Trauma, memoria y conflictos biol\u00f3gicos Sindrome inflamatorio y\u2026","rel":"","context":"Entrada similar","block_context":{"text":"Entrada similar","link":""},"img":{"alt_text":"","src":"https:\/\/i0.wp.com\/multiofertasvip.com\/wp-content\/uploads\/2022\/05\/vallarta.png?fit=200%2C200&ssl=1&resize=350%2C200","width":350,"height":200},"classes":[]},{"id":30685,"url":"https:\/\/multiofertasvip.com\/?product=sanacion-pleyadiana-tatiana-romero","url_meta":{"origin":30224,"position":5},"title":"Sanaci\u00f3n Pleyadiana-Tatiana Romero","author":"multiofertasvip","date":"enero 22, 2023","format":false,"excerpt":"Este es un curso totalmente canalizado desde la Consciencia Pleyadiana. Aqu\u00ed nos adentraremos a la Sanaci\u00f3n profunda y real de la informaci\u00f3n almica. De la mano de la T\u00e9cnica de Sanaci\u00f3n lograremos conocer de qu\u00e9 se trata el proceso de liberaci\u00f3n, elevaci\u00f3n de frecuencia, y transformaci\u00f3n de la realidad. Comenzaremos\u2026","rel":"","context":"Entrada similar","block_context":{"text":"Entrada similar","link":""},"img":{"alt_text":"","src":"https:\/\/i0.wp.com\/multiofertasvip.com\/wp-content\/uploads\/2023\/01\/Udemy-copy-300x168-1.png?fit=200%2C200&ssl=1&resize=350%2C200","width":350,"height":200},"classes":[]}],"jetpack_sharing_enabled":true,"jetpack_likes_enabled":true,"_links":{"self":[{"href":"https:\/\/multiofertasvip.com\/index.php?rest_route=\/wp\/v2\/product\/30224","targetHints":{"allow":["GET"]}}],"collection":[{"href":"https:\/\/multiofertasvip.com\/index.php?rest_route=\/wp\/v2\/product"}],"about":[{"href":"https:\/\/multiofertasvip.com\/index.php?rest_route=\/wp\/v2\/types\/product"}],"version-history":[{"count":0,"href":"https:\/\/multiofertasvip.com\/index.php?rest_route=\/wp\/v2\/product\/30224\/revisions"}],"wp:featuredmedia":[{"embeddable":true,"href":"https:\/\/multiofertasvip.com\/index.php?rest_route=\/wp\/v2\/media\/30225"}],"wp:attachment":[{"href":"https:\/\/multiofertasvip.com\/index.php?rest_route=%2Fwp%2Fv2%2Fmedia&parent=30224"}],"wp:term":[{"taxonomy":"product_brand","embeddable":true,"href":"https:\/\/multiofertasvip.com\/index.php?rest_route=%2Fwp%2Fv2%2Fproduct_brand&post=30224"},{"taxonomy":"product_cat","embeddable":true,"href":"https:\/\/multiofertasvip.com\/index.php?rest_route=%2Fwp%2Fv2%2Fproduct_cat&post=30224"},{"taxonomy":"product_tag","embeddable":true,"href":"https:\/\/multiofertasvip.com\/index.php?rest_route=%2Fwp%2Fv2%2Fproduct_tag&post=30224"}],"curies":[{"name":"wp","href":"https:\/\/api.w.org\/{rel}","templated":true}]}}