{"id":30151,"date":"2021-12-09T21:43:19","date_gmt":"2021-12-09T21:43:19","guid":{"rendered":"https:\/\/multiofertasvip.com\/?post_type=product&#038;p=30151"},"modified":"2022-02-24T18:10:35","modified_gmt":"2022-02-24T18:10:35","slug":"curso-tarothologia-2-%f0%9f%94%ae-crowleytoth","status":"publish","type":"product","link":"https:\/\/multiofertasvip.com\/?product=curso-tarothologia-2-%f0%9f%94%ae-crowleytoth","title":{"rendered":"Curso TarotHolog\u00eda 2 &#8211; \ud83d\udd2e Crowley(Toth)"},"content":{"rendered":"<div dir=\"auto\">\n<div dir=\"auto\">\n<div dir=\"auto\">\n<div class=\"kvgmc6g5 cxmmr5t8 oygrvhab hcukyx3x c1et5uql\">\n<div dir=\"auto\">\n<div>\n<div>\n<div>Incluye Manual Digital y Constancia Digital<\/div>\n<div><\/div>\n<\/div>\n<div>Descifra los cap\u00edtulos del libro de tu vida y aprende el m\u00e9todo que te permitir\u00e1 descubrir tu verdadero potencial para disolver bloqueos y resolver problemas en tu vida.<\/div>\n<\/div>\n<div>\n<p><strong>Objetivos Tarot 2:<\/strong><\/p>\n<p>1.Disponer de mayor gama de herramientas a la hora de consultar el Tarot.<\/p>\n<p>2. Incrementar las habilidades de conexi\u00f3n entre nuestro lenguaje mental inconsciente y los c\u00f3digos encriptados en cada carta de la baraja.<\/p>\n<p><strong>Tarot-Holog\u00eda 2<\/strong><\/p>\n<ul>\n<li>Correlaci\u00f3n en diferentes barajas de Tarot<\/li>\n<li>Uso de otras barajas de Tarot<\/li>\n<li>T\u00e9cnicas intermedias del desarrollo de la intuici\u00f3n (Conexi\u00f3n supra-consciente)<\/li>\n<li>Tiradas intermedias de fuego (Lectura de personalidad)<\/li>\n<li>Tiradas intermedias de agua (Lectura de amor y relaciones)<\/li>\n<li>Tiradas intermedias de tierra (Lectura Pasado-Presente-Futuro)<\/li>\n<li>Tiradas intermedias de aire (Lectura Pregunta-Respuesta)<\/li>\n<\/ul>\n<\/div>\n<\/div>\n<\/div>\n<\/div>\n<\/div>\n<\/div>\n<div dir=\"auto\">\n<div><\/div>\n<\/div>\n","protected":false},"excerpt":{"rendered":"<p>Descifra los cap\u00edtulos del libro de tu vida y aprende el m\u00e9todo que te permitir\u00e1 descubrir tu verdadero potencial para disolver bloqueos y resolver problemas en tu vida.<\/p>\n","protected":false},"featured_media":30152,"template":"","meta":{"_monsterinsights_skip_tracking":false,"_monsterinsights_sitenote_active":false,"_monsterinsights_sitenote_note":"","_monsterinsights_sitenote_category":0,"jetpack_post_was_ever_published":false,"jetpack_publicize_message":"","jetpack_publicize_feature_enabled":true,"jetpack_social_post_already_shared":true,"jetpack_social_options":{"image_generator_settings":{"template":"highway","default_image_id":0,"font":"","enabled":false},"version":2}},"product_brand":[],"product_cat":[178],"product_tag":[93,263,260,211,254,119,251,215,257,249,243,230,182,226,253,236,229,228,232,258,234,262,239,220,265,219,225,240,238,242,235,244,266,267,248,210,245,212,250,227,255,264,252,217,216,233,261,73,237,231,170,247,221,246,222,223,224,259,241,256,218,213,214,53],"class_list":{"0":"post-30151","1":"product","2":"type-product","3":"status-publish","4":"has-post-thumbnail","6":"product_cat-tarot","7":"product_tag-alejandro-lavin","8":"product_tag-animales","9":"product_tag-biden","10":"product_tag-billetes","11":"product_tag-bitcoin","12":"product_tag-carrera","13":"product_tag-china","14":"product_tag-christopher-olivarrieta","15":"product_tag-cine","16":"product_tag-coranavirus","17":"product_tag-cultura","18":"product_tag-cursos","19":"product_tag-dinero","20":"product_tag-dios","21":"product_tag-dolar","22":"product_tag-enric-corbera","23":"product_tag-ensenanza-en-casa","24":"product_tag-escuela","25":"product_tag-especialidad","26":"product_tag-estrenos","27":"product_tag-estudios","28":"product_tag-facebook","29":"product_tag-famosos","30":"product_tag-free","31":"product_tag-gatos","32":"product_tag-gratis","33":"product_tag-guerra","34":"product_tag-humor","35":"product_tag-internet","36":"product_tag-juegos","37":"product_tag-lavin","38":"product_tag-manga","39":"product_tag-mercado-libre","40":"product_tag-mercado-pago","41":"product_tag-meteorologia","42":"product_tag-moneda","43":"product_tag-musica","44":"product_tag-nuevo","45":"product_tag-omnicron","46":"product_tag-oracion","47":"product_tag-peliculas","48":"product_tag-perros","49":"product_tag-peso","50":"product_tag-porn","51":"product_tag-porno","52":"product_tag-profesional","53":"product_tag-putin","54":"product_tag-salud","55":"product_tag-sexo","56":"product_tag-talleres","57":"product_tag-tarot","58":"product_tag-television","59":"product_tag-terapias","60":"product_tag-trabajo","61":"product_tag-ucrania","62":"product_tag-ukrania","63":"product_tag-usa","64":"product_tag-vacuna","65":"product_tag-viajes","66":"product_tag-videos","67":"product_tag-xxx","68":"product_tag-youtube","69":"product_tag-youtube-yuen-guadalajara","70":"product_tag-yuen","72":"first","73":"instock","74":"downloadable","75":"virtual","76":"purchasable","77":"product-type-simple"},"jetpack_publicize_connections":[],"jetpack-related-posts":[{"id":30153,"url":"https:\/\/multiofertasvip.com\/?product=curso-tarothologia-3-%f0%9f%94%ae-hermetico-godfrey","url_meta":{"origin":30151,"position":0},"title":"Curso TarotHolog\u00eda 3 \ud83d\udd2e Hermetico godfrey","author":"multiofertasvip","date":"diciembre 9, 2021","format":false,"excerpt":"Descifra los cap\u00edtulos del libro de tu vida y aprende el m\u00e9todo que te permitir\u00e1 descubrir tu verdadero potencial para disolver bloqueos y resolver problemas en tu vida.","rel":"","context":"Entrada similar","block_context":{"text":"Entrada similar","link":""},"img":{"alt_text":"","src":"https:\/\/i0.wp.com\/multiofertasvip.com\/wp-content\/uploads\/2021\/12\/tarot-3-1.jpg?fit=200%2C200&ssl=1&resize=350%2C200","width":350,"height":200},"classes":[]},{"id":30149,"url":"https:\/\/multiofertasvip.com\/?product=curso-tarothologia-1-%f0%9f%94%ae-rider-y-marsella","url_meta":{"origin":30151,"position":1},"title":"Curso TarotHolog\u00eda 1 \ud83d\udd2e Rider y Marsella","author":"multiofertasvip","date":"diciembre 9, 2021","format":false,"excerpt":"Descifra los cap\u00edtulos del libro de tu vida y aprende el m\u00e9todo que te permitir\u00e1 descubrir tu verdadero potencial para disolver bloqueos y resolver problemas en tu vida.","rel":"","context":"Entrada similar","block_context":{"text":"Entrada similar","link":""},"img":{"alt_text":"","src":"https:\/\/i0.wp.com\/multiofertasvip.com\/wp-content\/uploads\/2021\/12\/tarot-1.png?fit=200%2C200&ssl=1&resize=350%2C200","width":350,"height":200},"classes":[]},{"id":34818,"url":"https:\/\/multiofertasvip.com\/?product=formacion-integral-de-tarot-egipcio-los-78-arcanos-guillermo-bergandi","url_meta":{"origin":30151,"position":2},"title":"Formaci\u00f3n Integral de Tarot Egipcio Los 78 Arcanos- Guillermo Bergandi","author":"multiofertasvip","date":"febrero 18, 2026","format":false,"excerpt":"La Formaci\u00f3n Integral de Tarot Egipcio es un viaje profundo hacia el autoconocimiento, la sabidur\u00eda ancestral y la toma de decisiones conscientes. A trav\u00e9s de este curso pr\u00e1ctico y accesible, aprender\u00e1s a interpretar los 78 Arcanos del Tarot Egipcio de manera clara, simb\u00f3lica y aplicable a la vida cotidiana, incluso\u2026","rel":"","context":"Entrada similar","block_context":{"text":"Entrada similar","link":""},"img":{"alt_text":"","src":"https:\/\/i0.wp.com\/multiofertasvip.com\/wp-content\/uploads\/2026\/02\/TarotEgipcio.png?fit=200%2C200&ssl=1&resize=350%2C200","width":350,"height":200},"classes":[]},{"id":33991,"url":"https:\/\/multiofertasvip.com\/?product=curso-tarot-de-la-vida-real-vitor-hugo","url_meta":{"origin":30151,"position":3},"title":"Curso Tarot de la Vida Real Vitor Hugo (Idioma Portugues)","author":"multiofertasvip","date":"junio 1, 2025","format":false,"excerpt":"Curso Tarot de la Vida Real Vitor Hugo DOMINA EL TAROT DE LA VIDA REAL Y CONVI\u00c9RTETE EN UN TAROTISTA RENOMBRADO Y DE CONFIANZA, QUE HAS ESTADO EMPEZANDO DESDE CERO. Este es el m\u00e9todo que desarroll\u00e9 para aplicar la sabidur\u00eda del tarot de manera pr\u00e1ctica en mi vida y entre\u2026","rel":"","context":"Entrada similar","block_context":{"text":"Entrada similar","link":""},"img":{"alt_text":"","src":"https:\/\/i0.wp.com\/multiofertasvip.com\/wp-content\/uploads\/2025\/06\/tarot-real.jpg?fit=200%2C200&ssl=1&resize=350%2C200","width":350,"height":200},"classes":[]},{"id":34686,"url":"https:\/\/multiofertasvip.com\/?product=como-hablar-con-un-ser-querido-en-el-mundo-espiritual-assaya","url_meta":{"origin":30151,"position":4},"title":"CURSO de TAROT EVOLUTIVO-Assaya","author":"multiofertasvip","date":"enero 8, 2026","format":false,"excerpt":"TEMARIO del CURSO 1.- Historia y origen del Tarot. \u00a0\u00a0\u00a0\u00a0 2.- Comunicaci\u00f3n entre el subconsciente y el consciente (Como es posible interpretar las circunstancias de la vida en el Tarot). \u00a0\u00a0\u00a0\u00a0 3.- \u00bfQue es El Tarot Evolutivo? 4.- Estudio de los 22 Arcanos Mayores. \u00a0\u00a0\u00a0\u00a0 5.- Tiradas para realizar las\u2026","rel":"","context":"Entrada similar","block_context":{"text":"Entrada similar","link":""},"img":{"alt_text":"","src":"https:\/\/i0.wp.com\/multiofertasvip.com\/wp-content\/uploads\/2026\/01\/tarot-evolutivo.png?fit=200%2C200&ssl=1&resize=350%2C200","width":350,"height":200},"classes":[]},{"id":30373,"url":"https:\/\/multiofertasvip.com\/?product=taller-tarot-y-numerologia-ismael-sanchez","url_meta":{"origin":30151,"position":5},"title":"Taller Tarot y Numerologia-Ismael Sanchez","author":"multiofertasvip","date":"julio 27, 2022","format":false,"excerpt":"4 Modulos 1.- Camino de la Raiz En este taller ahondaremos en el camino de vida RA\u00cdZ.\u00a0Tanto si eres una persona ra\u00edz como si tienes padres, hermanos, pareja, hijos, amigos o clientes ra\u00edces, comprender\u00e1s desde mi mapa canalizado de Tarot y Numerolog\u00eda los aspectos m\u00e1s importantes a sanar en el\u2026","rel":"","context":"Entrada similar","block_context":{"text":"Entrada similar","link":""},"img":{"alt_text":"","src":"https:\/\/i0.wp.com\/multiofertasvip.com\/wp-content\/uploads\/2022\/07\/ima.jpg?fit=200%2C200&ssl=1&resize=350%2C200","width":350,"height":200},"classes":[]}],"jetpack_sharing_enabled":true,"jetpack_likes_enabled":true,"_links":{"self":[{"href":"https:\/\/multiofertasvip.com\/index.php?rest_route=\/wp\/v2\/product\/30151","targetHints":{"allow":["GET"]}}],"collection":[{"href":"https:\/\/multiofertasvip.com\/index.php?rest_route=\/wp\/v2\/product"}],"about":[{"href":"https:\/\/multiofertasvip.com\/index.php?rest_route=\/wp\/v2\/types\/product"}],"version-history":[{"count":0,"href":"https:\/\/multiofertasvip.com\/index.php?rest_route=\/wp\/v2\/product\/30151\/revisions"}],"wp:featuredmedia":[{"embeddable":true,"href":"https:\/\/multiofertasvip.com\/index.php?rest_route=\/wp\/v2\/media\/30152"}],"wp:attachment":[{"href":"https:\/\/multiofertasvip.com\/index.php?rest_route=%2Fwp%2Fv2%2Fmedia&parent=30151"}],"wp:term":[{"taxonomy":"product_brand","embeddable":true,"href":"https:\/\/multiofertasvip.com\/index.php?rest_route=%2Fwp%2Fv2%2Fproduct_brand&post=30151"},{"taxonomy":"product_cat","embeddable":true,"href":"https:\/\/multiofertasvip.com\/index.php?rest_route=%2Fwp%2Fv2%2Fproduct_cat&post=30151"},{"taxonomy":"product_tag","embeddable":true,"href":"https:\/\/multiofertasvip.com\/index.php?rest_route=%2Fwp%2Fv2%2Fproduct_tag&post=30151"}],"curies":[{"name":"wp","href":"https:\/\/api.w.org\/{rel}","templated":true}]}}