{"id":30100,"date":"2021-11-27T02:05:09","date_gmt":"2021-11-27T02:05:09","guid":{"rendered":"https:\/\/multiofertasvip.com\/?post_type=product&#038;p=30100"},"modified":"2022-02-24T18:28:58","modified_gmt":"2022-02-24T18:28:58","slug":"curso-de-cromoterapia-gregorio-arenas","status":"publish","type":"product","link":"https:\/\/multiofertasvip.com\/?product=curso-de-cromoterapia-gregorio-arenas","title":{"rendered":"Curso de Cromoterapia-Gregorio Arenas"},"content":{"rendered":"<div dir=\"auto\">Conoce como funciona la Cromoterapia de la mano del Ing. Gregorio Arenas, c\u00f3mo utilizarla para equilibrar nuestra energ\u00eda vital y los efectos positivos que esto tiene en nuestro cuerpo.<\/div>\n<div dir=\"auto\"><\/div>\n<div dir=\"auto\">\n<p><strong>Objetivo:<\/strong><\/p>\n<p>Que el asistente aprenda la importancia del color en la armonizaci\u00f3n de la salud y del entorno, as\u00ed como su aplicaci\u00f3n terap\u00e9utica en diferentes patolog\u00edas.<\/p>\n<p><strong>Temario<\/strong>:<\/p>\n<ul>\n<li>\u00bfQu\u00e9 es Cromoterapia?<\/li>\n<li>\u00bfQu\u00e9 es el color?<\/li>\n<li>El espectro visible de la radiaci\u00f3n solar.<\/li>\n<li>Colores primarios y secundarios.<\/li>\n<li>Los chakras y su relaci\u00f3n con el color.<\/li>\n<li>El aura y la c\u00e1mara Kyrlian.<\/li>\n<li>Gl\u00e1ndulas, \u00f3rganos, centros energ\u00e9ticos y su relaci\u00f3n con el color.<\/li>\n<li>Concepto energ\u00e9tico de enfermedad.<\/li>\n<li>La clave internacional para los colores.<\/li>\n<li>El hombre vive de color.<\/li>\n<li>Efectos de la luz y el color.<\/li>\n<li>Los colores y sus propiedades.<\/li>\n<li>Colores c\u00e1lidos.<\/li>\n<li>Colores fr\u00edos.<\/li>\n<li>Los colores ausentes del espectro visible.<\/li>\n<li>Obtenci\u00f3n de colores por medio de otros colores.<\/li>\n<li>\u00bfC\u00f3mo aplicar la cromoterapia?<\/li>\n<li>El factor de calidad.<\/li>\n<li>Cabina sugerida de cromoterapia.<\/li>\n<li>Utilizaci\u00f3n pr\u00e1ctica de los colores.<\/li>\n<li>Normas de exposici\u00f3n.<\/li>\n<li>Distinguir el color carente.<\/li>\n<li>Normas sobre el intercambio de colores.<\/li>\n<li>Las principales zonas de aplicaci\u00f3n del color.<\/li>\n<li>Tratamiento crom\u00e1tico de tratamientos espec\u00edficos.<\/li>\n<li>El color de la ropa y su efecto en la salud.<\/li>\n<li>Poniendo color a tu vida.<\/li>\n<li>Recomendaciones generales para la decoraci\u00f3n.<\/li>\n<li>Alimentos, l\u00edquidos y aceites solarizados de color.<\/li>\n<li>Glosario de padecimientos y su tratamiento con color-nota musical-esencia arom\u00e1tica.<\/li>\n<li>Meditaciones de color para los chakras.<\/li>\n<li>Instrumentos para cromoterapia cl\u00e1sica y cromoaur\u00edculoterapia.<\/li>\n<\/ul>\n<\/div>\n","protected":false},"excerpt":{"rendered":"<p dir=\"ltr\"><span style=\"color: #2e2e2e; font-family: Arial;\"><b>Incluye Manual Digital<\/b><\/span><\/p>\n<div dir=\"auto\">La luz y el color, son herramientas ideales para tratar patolog\u00edas desde leves hasta severas.<\/div>\n<div dir=\"auto\"><\/div>\n<p class=\"p1\">\n","protected":false},"featured_media":30101,"template":"","meta":{"_monsterinsights_skip_tracking":false,"_monsterinsights_sitenote_active":false,"_monsterinsights_sitenote_note":"","_monsterinsights_sitenote_category":0,"jetpack_post_was_ever_published":false,"jetpack_publicize_message":"","jetpack_publicize_feature_enabled":true,"jetpack_social_post_already_shared":true,"jetpack_social_options":{"image_generator_settings":{"template":"highway","default_image_id":0,"font":"","enabled":false},"version":2}},"product_brand":[],"product_cat":[157,32],"product_tag":[93,263,260,211,254,119,251,215,257,249,158,243,230,182,226,253,236,229,228,232,258,234,262,239,220,265,219,225,240,238,242,235,244,101,266,267,248,210,245,212,250,227,255,264,252,217,216,233,261,73,237,153,231,247,152,221,246,222,223,224,259,241,256,218,213,214,53],"class_list":{"0":"post-30100","1":"product","2":"type-product","3":"status-publish","4":"has-post-thumbnail","6":"product_cat-cromoterapia","7":"product_cat-sanacion","8":"product_tag-alejandro-lavin","9":"product_tag-animales","10":"product_tag-biden","11":"product_tag-billetes","12":"product_tag-bitcoin","13":"product_tag-carrera","14":"product_tag-china","15":"product_tag-christopher-olivarrieta","16":"product_tag-cine","17":"product_tag-coranavirus","18":"product_tag-cromoterapia","19":"product_tag-cultura","20":"product_tag-cursos","21":"product_tag-dinero","22":"product_tag-dios","23":"product_tag-dolar","24":"product_tag-enric-corbera","25":"product_tag-ensenanza-en-casa","26":"product_tag-escuela","27":"product_tag-especialidad","28":"product_tag-estrenos","29":"product_tag-estudios","30":"product_tag-facebook","31":"product_tag-famosos","32":"product_tag-free","33":"product_tag-gatos","34":"product_tag-gratis","35":"product_tag-guerra","36":"product_tag-humor","37":"product_tag-internet","38":"product_tag-juegos","39":"product_tag-lavin","40":"product_tag-manga","41":"product_tag-mente","42":"product_tag-mercado-libre","43":"product_tag-mercado-pago","44":"product_tag-meteorologia","45":"product_tag-moneda","46":"product_tag-musica","47":"product_tag-nuevo","48":"product_tag-omnicron","49":"product_tag-oracion","50":"product_tag-peliculas","51":"product_tag-perros","52":"product_tag-peso","53":"product_tag-porn","54":"product_tag-porno","55":"product_tag-profesional","56":"product_tag-putin","57":"product_tag-salud","58":"product_tag-sexo","59":"product_tag-sistematica","60":"product_tag-talleres","61":"product_tag-television","62":"product_tag-terapia","63":"product_tag-terapias","64":"product_tag-trabajo","65":"product_tag-ucrania","66":"product_tag-ukrania","67":"product_tag-usa","68":"product_tag-vacuna","69":"product_tag-viajes","70":"product_tag-videos","71":"product_tag-xxx","72":"product_tag-youtube","73":"product_tag-youtube-yuen-guadalajara","74":"product_tag-yuen","76":"first","77":"instock","78":"downloadable","79":"virtual","80":"purchasable","81":"product-type-simple"},"jetpack_publicize_connections":[],"jetpack-related-posts":[{"id":34961,"url":"https:\/\/multiofertasvip.com\/?product=sanacion-psicotronica-eduardo-dharma-yoel-2","url_meta":{"origin":30100,"position":0},"title":"Sanaci\u00f3n Psicotr\u00f3nica Eduardo Dharma Yoel","author":"multiofertasvip","date":"marzo 6, 2026","format":false,"excerpt":"Desde la Psicotronica Rusa y su ciencia, aprender\u00e1s a realizar maquinas simples y complejas para transmitir mejor energ\u00eda a distancia, aumentara tu poder energ\u00e9tico. Tus elementos ser\u00e1, colores, madera, papel dorado, l\u00e1mparas de colores, gemas, velas, y todo elemento que desde tu mente potencie el acto de la sanacion TEMARIO\u2026","rel":"","context":"Entrada similar","block_context":{"text":"Entrada similar","link":""},"img":{"alt_text":"","src":"https:\/\/i0.wp.com\/multiofertasvip.com\/wp-content\/uploads\/2026\/03\/sanacion-psicotronica.png?fit=200%2C200&ssl=1&resize=350%2C200","width":350,"height":200},"classes":[]},{"id":14160,"url":"https:\/\/multiofertasvip.com\/?product=curso-activacion-de-la-glandula-pineal-metodo-andromeda","url_meta":{"origin":30100,"position":1},"title":"Curso Activacion de la Glandula Pineal Metodo Andromeda","author":"multiofertasvip","date":"mayo 20, 2020","format":false,"excerpt":"\u00a0 \u00a0 \u00a0 \u00a0 \u00a0","rel":"","context":"Entrada similar","block_context":{"text":"Entrada similar","link":""},"img":{"alt_text":"","src":"https:\/\/i0.wp.com\/multiofertasvip.com\/wp-content\/uploads\/2020\/05\/pineal.jpg?fit=200%2C200&ssl=1&resize=350%2C200","width":350,"height":200},"classes":[]},{"id":31037,"url":"https:\/\/multiofertasvip.com\/?product=diplomado-en-iridologia-clinica-dr-miguel-angel-trillos-p","url_meta":{"origin":30100,"position":2},"title":"Diplomado en Iridolog\u00eda Cl\u00ednica-Dr. Miguel Angel Trillos P.","author":"multiofertasvip","date":"octubre 30, 2023","format":false,"excerpt":"Presentaci\u00f3n Diplomado Iridolog\u00eda Cl\u00ednica Aprovecha esta oportunidad para aprender\u00a0Iridolog\u00eda Cl\u00ednica \u00bfQu\u00e9 es la Iridolog\u00eda? Existen much\u00edsimas corrientes de medicina alternativa, aunque una de las m\u00e1s curiosas y llamativas es la iridolog\u00eda. Esta ciencia estudia la salud de las personas a trav\u00e9s del iris, la parte que les da el color\u2026","rel":"","context":"Entrada similar","block_context":{"text":"Entrada similar","link":""},"img":{"alt_text":"","src":"https:\/\/i0.wp.com\/eslaciencias.com\/wp-content\/uploads\/2022\/01\/Iridologia-1.jpg?resize=350%2C200&ssl=1","width":350,"height":200,"srcset":"https:\/\/i0.wp.com\/eslaciencias.com\/wp-content\/uploads\/2022\/01\/Iridologia-1.jpg?resize=350%2C200&ssl=1 1x, https:\/\/i0.wp.com\/eslaciencias.com\/wp-content\/uploads\/2022\/01\/Iridologia-1.jpg?resize=525%2C300&ssl=1 1.5x"},"classes":[]},{"id":198,"url":"https:\/\/multiofertasvip.com\/?product=sistema-unificado-de-conocimiento-ilustrado-metodo-de-grigori-grabovoi","url_meta":{"origin":30100,"position":3},"title":"Sistema Unificado de Conocimiento Ilustrado: M\u00e9todo de Grigori Grabovoi","author":"multiofertasvip","date":"mayo 31, 2019","format":false,"excerpt":"\"Yo no entiendo mi trabajo s\u00f3lo como de sanaci\u00f3n, yo regenero la materia a pesar de su estado original. Esto demuestra la naturaleza il\u00f3gica de la destrucci\u00f3n, as\u00ed como demuestra las tecnolog\u00edas de salvaci\u00f3n y realiza los principios fundamentales de la salvaci\u00f3n ecol\u00f3gica del mundo\"","rel":"","context":"Entrada similar","block_context":{"text":"Entrada similar","link":""},"img":{"alt_text":"","src":"https:\/\/i0.wp.com\/multiofertasvip.com\/wp-content\/uploads\/2019\/05\/siste-unificado.jpg?fit=200%2C200&ssl=1&resize=350%2C200","width":350,"height":200},"classes":[]},{"id":30763,"url":"https:\/\/multiofertasvip.com\/?product=gemoterapia-1-y-2-somos-buena-vida-macarena-giuliani","url_meta":{"origin":30100,"position":4},"title":"Gemoterapia 1 y 2 -Somos Buena Vida-Macarena Giuliani","author":"multiofertasvip","date":"marzo 3, 2023","format":false,"excerpt":"Ning\u00fan conocimiento ni habilidad es necesario para realizar armonizaciones con cristales ya que ninguno de ellos puede hacernos mal. Simplemente hay que conocerlos un poco y aplicar mucho de intuici\u00f3n. Gu\u00eda eintuici\u00f3n es lo que aprender\u00e1s hoy.Durante toda la historia de la humanidad el hombre se sinti\u00f3 atra\u00eddo por las\u2026","rel":"","context":"Entrada similar","block_context":{"text":"Entrada similar","link":""},"img":{"alt_text":"","src":"https:\/\/i0.wp.com\/multiofertasvip.com\/wp-content\/uploads\/2023\/03\/gemo.png?fit=300%2C300&ssl=1&resize=350%2C200","width":350,"height":200},"classes":[]},{"id":34813,"url":"https:\/\/multiofertasvip.com\/?product=limpieza-energetica-de-espacios-y-viviendas-integrativo","url_meta":{"origin":30100,"position":5},"title":"Limpieza Energ\u00e9tica de Espacios y Viviendas -Integrativo","author":"multiofertasvip","date":"febrero 18, 2026","format":false,"excerpt":"\ud83c\udf1f\u00a0Transforma Tu Hogar: Curso de Limpieza Energ\u00e9tica de Espacios y Viviendas\u00a0\ud83c\udf1f \u00bfSientes que tu casa carga con energ\u00edas pesadas? \u00bfTe gustar\u00eda crear un ambiente m\u00e1s armonioso y saludable en tu hogar? \u00a1Este curso es exactamente lo que necesitas! \u00bfQu\u00e9 es la Limpieza Energ\u00e9tica? La limpieza energ\u00e9tica es una pr\u00e1ctica ancestral\u2026","rel":"","context":"Entrada similar","block_context":{"text":"Entrada similar","link":""},"img":{"alt_text":"","src":"https:\/\/i0.wp.com\/multiofertasvip.com\/wp-content\/uploads\/2026\/02\/limpieza.png?fit=200%2C200&ssl=1&resize=350%2C200","width":350,"height":200},"classes":[]}],"jetpack_sharing_enabled":true,"jetpack_likes_enabled":true,"_links":{"self":[{"href":"https:\/\/multiofertasvip.com\/index.php?rest_route=\/wp\/v2\/product\/30100","targetHints":{"allow":["GET"]}}],"collection":[{"href":"https:\/\/multiofertasvip.com\/index.php?rest_route=\/wp\/v2\/product"}],"about":[{"href":"https:\/\/multiofertasvip.com\/index.php?rest_route=\/wp\/v2\/types\/product"}],"version-history":[{"count":1,"href":"https:\/\/multiofertasvip.com\/index.php?rest_route=\/wp\/v2\/product\/30100\/revisions"}],"predecessor-version":[{"id":30241,"href":"https:\/\/multiofertasvip.com\/index.php?rest_route=\/wp\/v2\/product\/30100\/revisions\/30241"}],"wp:featuredmedia":[{"embeddable":true,"href":"https:\/\/multiofertasvip.com\/index.php?rest_route=\/wp\/v2\/media\/30101"}],"wp:attachment":[{"href":"https:\/\/multiofertasvip.com\/index.php?rest_route=%2Fwp%2Fv2%2Fmedia&parent=30100"}],"wp:term":[{"taxonomy":"product_brand","embeddable":true,"href":"https:\/\/multiofertasvip.com\/index.php?rest_route=%2Fwp%2Fv2%2Fproduct_brand&post=30100"},{"taxonomy":"product_cat","embeddable":true,"href":"https:\/\/multiofertasvip.com\/index.php?rest_route=%2Fwp%2Fv2%2Fproduct_cat&post=30100"},{"taxonomy":"product_tag","embeddable":true,"href":"https:\/\/multiofertasvip.com\/index.php?rest_route=%2Fwp%2Fv2%2Fproduct_tag&post=30100"}],"curies":[{"name":"wp","href":"https:\/\/api.w.org\/{rel}","templated":true}]}}