{"id":29991,"date":"2021-08-30T04:22:15","date_gmt":"2021-08-30T04:22:15","guid":{"rendered":"https:\/\/multiofertasvip.com\/?post_type=product&#038;p=29991"},"modified":"2022-08-23T10:23:08","modified_gmt":"2022-08-23T15:53:08","slug":"metodo-yuen-nivel-1-3-christopher-olivarrieta","status":"publish","type":"product","link":"https:\/\/multiofertasvip.com\/?product=metodo-yuen-nivel-1-3-christopher-olivarrieta","title":{"rendered":"Metodo Yuen Nivel 1-3 Christopher Olivarrieta"},"content":{"rendered":"<div class=\"o9v6fnle cxmmr5t8 oygrvhab hcukyx3x c1et5uql ii04i59q\">\n<div dir=\"auto\">\u00bfQu\u00e9 se aprende en el seminario?<\/div>\n<div dir=\"auto\"><\/div>\n<div dir=\"auto\">Aprender\u00e1s a detectar las circunstancias que desencadenan los problemas f\u00edsicos, mentales, emocionales, psicol\u00f3gicos, ps\u00edquicos y espirituales y a hacer correcciones usando el protocolo del M\u00e9todo Yuen. Aprender\u00e1s a detectar debilidades energ\u00e9ticas y a hacerse fuerte energ\u00e9ticamente. La alineaci\u00f3n estructural. A eliminar dolor m\u00fasculo-esquel\u00e9tico y cualquier tipo de dolor.<\/div>\n<div dir=\"auto\">La eliminaci\u00f3n de toxinas a trav\u00e9s del sistema linf\u00e1tico. Eliminaci\u00f3n del estr\u00e9s, depresi\u00f3n, ansiedad, las tensiones, as\u00ed como miedos, fobias y otras emociones negativas.<\/div>\n<div dir=\"auto\">Como mejorar la salud, relaciones, finanzas, carrera o prop\u00f3sito.<\/div>\n<div dir=\"auto\"><\/div>\n<div dir=\"auto\">C\u00f3mo dar Sesiones a distancia.<\/div>\n<div dir=\"auto\"><\/div>\n<\/div>\n<div class=\"o9v6fnle cxmmr5t8 oygrvhab hcukyx3x c1et5uql ii04i59q\">\n<div dir=\"auto\">OBJETIVOS DEL CURSO:<\/div>\n<\/div>\n<div class=\"o9v6fnle cxmmr5t8 oygrvhab hcukyx3x c1et5uql ii04i59q\">\n<div dir=\"auto\">Identificar y corregir las causas originales y espec\u00edficas de trastornos, enfermedades y dolencias.<\/div>\n<\/div>\n<div class=\"o9v6fnle cxmmr5t8 oygrvhab hcukyx3x c1et5uql ii04i59q\">\n<div dir=\"auto\">Identificar todo el espectro de las causas y todos los niveles de influencias imaginables e inimaginables.<\/div>\n<\/div>\n<div class=\"o9v6fnle cxmmr5t8 oygrvhab hcukyx3x c1et5uql ii04i59q\">\n<div dir=\"auto\">Usar las t\u00e9cnicas b\u00e1sicas y las herramientas para corregirse a si mismo y a otros.<\/div>\n<\/div>\n<div class=\"o9v6fnle cxmmr5t8 oygrvhab hcukyx3x c1et5uql ii04i59q\">\n<div dir=\"auto\">Recibir fortalecimientos para activar la intuici\u00f3n, percepci\u00f3n, sensibilidad clarividencia.<\/div>\n<\/div>\n<div class=\"o9v6fnle cxmmr5t8 oygrvhab hcukyx3x c1et5uql ii04i59q\">\n<div dir=\"auto\">Conocerse como ser humano, desarrollarse como tal para eliminar sus malestares y activar su potencial.<\/div>\n<\/div>\n<div class=\"o9v6fnle cxmmr5t8 oygrvhab hcukyx3x c1et5uql ii04i59q\">\n<div dir=\"auto\">Con el M\u00e9todo Yuen, en un minuto, se dirige una cantidad sutil y diminuta de energ\u00eda que desencadenar\u00e1 los cambios necesarios en los niveles celular, molecular, at\u00f3mico y subat\u00f3mico del individuo y localiza el \u00e1rea espec\u00edfica a tratar. Con ello se obtiene autom\u00e1ticamente los resultados, por lo general, instant\u00e1neos.<\/div>\n<\/div>\n","protected":false},"excerpt":{"rendered":"<p>Con la t\u00e9cnica \u00fanica del M\u00e9todo Yuen, puedes aprender a determinar y corregir tus propios desequilibrios, o en otras palabras, revertir la mayor\u00eda de cualquier proceso de enfermedad. Puedes mejorar todo en tus rendimientos de salud, relaciones y finanzas instant\u00e1neamente. Puedes eliminar el dolor al instante.<\/p>\n","protected":false},"featured_media":29993,"template":"","meta":{"_monsterinsights_skip_tracking":false,"_monsterinsights_sitenote_active":false,"_monsterinsights_sitenote_note":"","_monsterinsights_sitenote_category":0,"jetpack_post_was_ever_published":false,"jetpack_publicize_message":"","jetpack_publicize_feature_enabled":true,"jetpack_social_post_already_shared":true,"jetpack_social_options":{"image_generator_settings":{"template":"highway","default_image_id":0,"font":"","enabled":false},"version":2}},"product_brand":[],"product_cat":[87,32],"product_tag":[263,142,260,211,254,119,251,144,215,257,249,243,230,182,226,253,236,229,228,232,258,234,262,239,220,265,219,225,240,238,242,235,244,266,267,248,210,245,212,250,227,255,264,252,217,216,233,261,73,237,231,247,221,246,222,223,224,259,241,256,218,213,214,53],"class_list":{"0":"post-29991","1":"product","2":"type-product","3":"status-publish","4":"has-post-thumbnail","6":"product_cat-metodo-yuen","7":"product_cat-sanacion","8":"product_tag-animales","9":"product_tag-avanzado","10":"product_tag-biden","11":"product_tag-billetes","12":"product_tag-bitcoin","13":"product_tag-carrera","14":"product_tag-china","15":"product_tag-christopher-olavarrieta","16":"product_tag-christopher-olivarrieta","17":"product_tag-cine","18":"product_tag-coranavirus","19":"product_tag-cultura","20":"product_tag-cursos","21":"product_tag-dinero","22":"product_tag-dios","23":"product_tag-dolar","24":"product_tag-enric-corbera","25":"product_tag-ensenanza-en-casa","26":"product_tag-escuela","27":"product_tag-especialidad","28":"product_tag-estrenos","29":"product_tag-estudios","30":"product_tag-facebook","31":"product_tag-famosos","32":"product_tag-free","33":"product_tag-gatos","34":"product_tag-gratis","35":"product_tag-guerra","36":"product_tag-humor","37":"product_tag-internet","38":"product_tag-juegos","39":"product_tag-lavin","40":"product_tag-manga","41":"product_tag-mercado-libre","42":"product_tag-mercado-pago","43":"product_tag-meteorologia","44":"product_tag-moneda","45":"product_tag-musica","46":"product_tag-nuevo","47":"product_tag-omnicron","48":"product_tag-oracion","49":"product_tag-peliculas","50":"product_tag-perros","51":"product_tag-peso","52":"product_tag-porn","53":"product_tag-porno","54":"product_tag-profesional","55":"product_tag-putin","56":"product_tag-salud","57":"product_tag-sexo","58":"product_tag-talleres","59":"product_tag-television","60":"product_tag-terapias","61":"product_tag-trabajo","62":"product_tag-ucrania","63":"product_tag-ukrania","64":"product_tag-usa","65":"product_tag-vacuna","66":"product_tag-viajes","67":"product_tag-videos","68":"product_tag-xxx","69":"product_tag-youtube","70":"product_tag-youtube-yuen-guadalajara","71":"product_tag-yuen","73":"first","74":"instock","75":"downloadable","76":"virtual","77":"purchasable","78":"product-type-simple"},"jetpack_publicize_connections":[],"jetpack-related-posts":[{"id":35112,"url":"https:\/\/multiofertasvip.com\/?product=metodo-yuen-resolucion-final-modulo-10-ypy-academy-2","url_meta":{"origin":29991,"position":0},"title":"Metodo Yuen Resolucion Final Modulo 10 -YPY Academy","author":"multiofertasvip","date":"marzo 17, 2026","format":false,"excerpt":"\u00a0 \u00a0 \u00a0 \u00a0 \u00a0 \u00a0 \u00a0","rel":"","context":"Entrada similar","block_context":{"text":"Entrada similar","link":""},"img":{"alt_text":"","src":"https:\/\/i0.wp.com\/multiofertasvip.com\/wp-content\/uploads\/2026\/03\/YPT-MODULO-10.png?fit=200%2C200&ssl=1&resize=350%2C200","width":350,"height":200},"classes":[]},{"id":35108,"url":"https:\/\/multiofertasvip.com\/?product=metodo-yuen-fortalecimiento-para-la-vida-diaria-modulo-9-ypy-academy-2","url_meta":{"origin":29991,"position":1},"title":"Metodo Yuen Fortalecimiento para la vida diaria Modulo 9 -YPY Academy","author":"multiofertasvip","date":"marzo 17, 2026","format":false,"excerpt":"\u00a0 \u00a0 \u00a0 \u00a0 \u00a0 \u00a0 \u00a0","rel":"","context":"Entrada similar","block_context":{"text":"Entrada similar","link":""},"img":{"alt_text":"","src":"https:\/\/i0.wp.com\/multiofertasvip.com\/wp-content\/uploads\/2026\/03\/MODULO9-YPT.png?fit=200%2C200&ssl=1&resize=350%2C200","width":350,"height":200},"classes":[]},{"id":30775,"url":"https:\/\/multiofertasvip.com\/?product=metodo-yuen-nivel-2-manuel-marquez","url_meta":{"origin":29991,"position":2},"title":"Metodo yuen Nivel 2-Manuel Marquez","author":"multiofertasvip","date":"marzo 7, 2023","format":false,"excerpt":"El nivel 2 del M\u00e9todo Yuen se enfoca en la eliminaci\u00f3n de bloqueos energ\u00e9ticos m\u00e1s profundos y complejos. Algunos de los temas que podr\u00edas aprender incluyen: Ampliar tu capacidad de percepci\u00f3n energ\u00e9tica: Aprender\u00e1s a sintonizarte con diferentes tipos de energ\u00eda, incluyendo la energ\u00eda del cuerpo humano, el medio ambiente y\u2026","rel":"","context":"Entrada similar","block_context":{"text":"Entrada similar","link":""},"img":{"alt_text":"","src":"https:\/\/i0.wp.com\/multiofertasvip.com\/wp-content\/uploads\/2023\/03\/nivel-2.jpg?fit=200%2C200&ssl=1&resize=350%2C200","width":350,"height":200},"classes":[]},{"id":30773,"url":"https:\/\/multiofertasvip.com\/?product=metodo-yuen-nivel-1-manuel-marquez","url_meta":{"origin":29991,"position":3},"title":"Metodo yuen Nivel 1-Manuel Marquez","author":"multiofertasvip","date":"marzo 7, 2023","format":false,"excerpt":"Algunas de las cosas que aprender\u00e1s en el nivel 1 de M\u00e9todo Yuen incluyen: Los principios fundamentales de la medicina energ\u00e9tica y c\u00f3mo se relacionan con la salud f\u00edsica y emocional. C\u00f3mo detectar los desequilibrios energ\u00e9ticos en el cuerpo utilizando t\u00e9cnicas manuales y la observaci\u00f3n visual. C\u00f3mo corregir los desequilibrios\u2026","rel":"","context":"Entrada similar","block_context":{"text":"Entrada similar","link":""},"img":{"alt_text":"","src":"https:\/\/i0.wp.com\/multiofertasvip.com\/wp-content\/uploads\/2023\/03\/nivel-1.png?fit=200%2C200&ssl=1&resize=350%2C200","width":350,"height":200},"classes":[]},{"id":35248,"url":"https:\/\/multiofertasvip.com\/?product=metodo-pums-cesar-gonzales","url_meta":{"origin":29991,"position":4},"title":"M\u00e9todo PUMS C\u00e9sar Gonz\u00e1les","author":"multiofertasvip","date":"marzo 27, 2026","format":false,"excerpt":"\u00a0 \u00a0 \u00a0 \u00a0 \u00a0 \u00a0 \u00a0","rel":"","context":"Entrada similar","block_context":{"text":"Entrada similar","link":""},"img":{"alt_text":"","src":"https:\/\/i0.wp.com\/multiofertasvip.com\/wp-content\/uploads\/2026\/03\/bioenergetica.png?fit=200%2C200&ssl=1&resize=350%2C200","width":350,"height":200},"classes":[]},{"id":33225,"url":"https:\/\/multiofertasvip.com\/?product=cirugias-cuanticas-nivel-1-paula-andrea-gil","url_meta":{"origin":29991,"position":5},"title":"Cirug\u00edas Cu\u00e1nticas Nivel 1-Paula Andrea Gil","author":"multiofertasvip","date":"octubre 4, 2024","format":false,"excerpt":"\u00bfTe gusta la energ\u00eda, tienes habilidades con la energ\u00eda o quieres aprenderlas para ti o para aplicarlas en alguien m\u00e1s? \u00a1Tenemos una posibilidad grandiosa con las cirug\u00edas cu\u00e1nticas! Las cirug\u00edas cu\u00e1nticas son una t\u00e9cnica de regeneraci\u00f3n a nivel cu\u00e1ntico que permite lograr much\u00edsimos beneficios en el cuerpo. Las part\u00edculas cu\u00e1nticas\u2026","rel":"","context":"Entrada similar","block_context":{"text":"Entrada similar","link":""},"img":{"alt_text":"","src":"https:\/\/i0.wp.com\/multiofertasvip.com\/wp-content\/uploads\/2024\/10\/Cirugias-Cuanticas.jpeg?fit=200%2C200&ssl=1&resize=350%2C200","width":350,"height":200},"classes":[]}],"jetpack_sharing_enabled":false,"jetpack_likes_enabled":false,"_links":{"self":[{"href":"https:\/\/multiofertasvip.com\/index.php?rest_route=\/wp\/v2\/product\/29991","targetHints":{"allow":["GET"]}}],"collection":[{"href":"https:\/\/multiofertasvip.com\/index.php?rest_route=\/wp\/v2\/product"}],"about":[{"href":"https:\/\/multiofertasvip.com\/index.php?rest_route=\/wp\/v2\/types\/product"}],"version-history":[{"count":0,"href":"https:\/\/multiofertasvip.com\/index.php?rest_route=\/wp\/v2\/product\/29991\/revisions"}],"wp:featuredmedia":[{"embeddable":true,"href":"https:\/\/multiofertasvip.com\/index.php?rest_route=\/wp\/v2\/media\/29993"}],"wp:attachment":[{"href":"https:\/\/multiofertasvip.com\/index.php?rest_route=%2Fwp%2Fv2%2Fmedia&parent=29991"}],"wp:term":[{"taxonomy":"product_brand","embeddable":true,"href":"https:\/\/multiofertasvip.com\/index.php?rest_route=%2Fwp%2Fv2%2Fproduct_brand&post=29991"},{"taxonomy":"product_cat","embeddable":true,"href":"https:\/\/multiofertasvip.com\/index.php?rest_route=%2Fwp%2Fv2%2Fproduct_cat&post=29991"},{"taxonomy":"product_tag","embeddable":true,"href":"https:\/\/multiofertasvip.com\/index.php?rest_route=%2Fwp%2Fv2%2Fproduct_tag&post=29991"}],"curies":[{"name":"wp","href":"https:\/\/api.w.org\/{rel}","templated":true}]}}