{"id":29802,"date":"2021-04-19T02:51:57","date_gmt":"2021-04-19T02:51:57","guid":{"rendered":"https:\/\/multiofertasvip.com\/?post_type=product&#038;p=29802"},"modified":"2024-02-16T22:51:09","modified_gmt":"2024-02-17T04:21:09","slug":"manual-oficial-metodo-yuen-nivel-3-2","status":"publish","type":"product","link":"https:\/\/multiofertasvip.com\/?product=manual-oficial-metodo-yuen-nivel-3-2","title":{"rendered":"Manual Oficial Metodo Yuen Nivel 3"},"content":{"rendered":"<p>Las t\u00e9cnicas del M\u00e9todo Yuen son la vanguardia de la medicina, y pueden ser la clave del futuro de la asistencia sanitaria. Estas t\u00e9cnicas no necesariamente requieren contacto f\u00edsico, y aun as\u00ed pueden proporcionar un alivio inmediato de lose dolores debilitantes cabeza, cuello y espalda; hasta de dolores artr\u00edticos o de enfermedades de anos, sin necesidad de equipos a\u00f1os, medicinas, terapia, ni cirug\u00eda. Tambi\u00e9n abordaremos el rejuvenecimiento, la salud \u00f3ptima, la forma f\u00edsica inmediata, la mejora del rendimiento, las relaciones, la prosperidad y la espiritualidad. Est\u00e9 seminario intermedio le ayudar\u00e1 a adquirir un entendimiento m\u00e1s r\u00e1pido y profundo de la transformaci\u00f3n natural positiva de nosotros y de otras personas.<\/p>\n","protected":false},"excerpt":{"rendered":"<p>Las t\u00e9cnicas del M\u00e9todo Yuen son la vanguardia de la medicina, y pueden ser la clave del futuro de la asistencia sanitaria. Estas t\u00e9cnicas no necesariamente requieren contacto f\u00edsico, y aun as\u00ed pueden proporcionar un alivio inmediato de lose dolores debilitantes cabeza, cuello y espalda; hasta de dolores artr\u00edticos o de enfermedades de anos, sin [&#8230;]\n","protected":false},"featured_media":29803,"template":"","meta":{"_monsterinsights_skip_tracking":false,"_monsterinsights_sitenote_active":false,"_monsterinsights_sitenote_note":"","_monsterinsights_sitenote_category":0,"jetpack_post_was_ever_published":false,"jetpack_publicize_message":"","jetpack_publicize_feature_enabled":true,"jetpack_social_post_already_shared":true,"jetpack_social_options":{"image_generator_settings":{"template":"highway","default_image_id":0,"font":"","enabled":false},"version":2}},"product_brand":[],"product_cat":[298,87,32],"product_tag":[263,260,211,254,119,251,215,257,249,52,243,230,182,226,253,236,229,228,232,258,234,262,239,220,265,219,225,240,238,242,235,244,266,267,248,210,245,212,250,227,255,264,252,217,216,233,261,73,25,237,231,247,221,246,222,223,224,259,241,256,218,213,214,53],"class_list":{"0":"post-29802","1":"product","2":"type-product","3":"status-publish","4":"has-post-thumbnail","6":"product_cat-gratis","7":"product_cat-metodo-yuen","8":"product_cat-sanacion","9":"product_tag-animales","10":"product_tag-biden","11":"product_tag-billetes","12":"product_tag-bitcoin","13":"product_tag-carrera","14":"product_tag-china","15":"product_tag-christopher-olivarrieta","16":"product_tag-cine","17":"product_tag-coranavirus","18":"product_tag-cuantica","19":"product_tag-cultura","20":"product_tag-cursos","21":"product_tag-dinero","22":"product_tag-dios","23":"product_tag-dolar","24":"product_tag-enric-corbera","25":"product_tag-ensenanza-en-casa","26":"product_tag-escuela","27":"product_tag-especialidad","28":"product_tag-estrenos","29":"product_tag-estudios","30":"product_tag-facebook","31":"product_tag-famosos","32":"product_tag-free","33":"product_tag-gatos","34":"product_tag-gratis","35":"product_tag-guerra","36":"product_tag-humor","37":"product_tag-internet","38":"product_tag-juegos","39":"product_tag-lavin","40":"product_tag-manga","41":"product_tag-mercado-libre","42":"product_tag-mercado-pago","43":"product_tag-meteorologia","44":"product_tag-moneda","45":"product_tag-musica","46":"product_tag-nuevo","47":"product_tag-omnicron","48":"product_tag-oracion","49":"product_tag-peliculas","50":"product_tag-perros","51":"product_tag-peso","52":"product_tag-porn","53":"product_tag-porno","54":"product_tag-profesional","55":"product_tag-putin","56":"product_tag-salud","57":"product_tag-sanacion","58":"product_tag-sexo","59":"product_tag-talleres","60":"product_tag-television","61":"product_tag-terapias","62":"product_tag-trabajo","63":"product_tag-ucrania","64":"product_tag-ukrania","65":"product_tag-usa","66":"product_tag-vacuna","67":"product_tag-viajes","68":"product_tag-videos","69":"product_tag-xxx","70":"product_tag-youtube","71":"product_tag-youtube-yuen-guadalajara","72":"product_tag-yuen","74":"first","75":"instock","76":"downloadable","77":"virtual","78":"purchasable","79":"product-type-simple"},"jetpack_publicize_connections":[],"jetpack-related-posts":[{"id":269,"url":"https:\/\/multiofertasvip.com\/?product=manual-oficial-metodo-yuen-nivel-1","url_meta":{"origin":29802,"position":0},"title":"Manual Oficial Metodo Yuen Nivel 1","author":"multiofertasvip","date":"junio 2, 2019","format":false,"excerpt":"Las t\u00e9cnicas del M\u00e9todo Yuen son la vanguardia de la medicina, y pueden ser la clave del futuro de la asistencia sanitaria. Estas t\u00e9cnicas no necesariamente requieren contacto f\u00edsico, y aun as\u00ed pueden proporcionar un alivio inmediato de lose dolores debilitantes de cabeza, cuello y espalda; hasta de dolores artr\u00edticos\u2026","rel":"","context":"Entrada similar","block_context":{"text":"Entrada similar","link":""},"img":{"alt_text":"","src":"https:\/\/i0.wp.com\/multiofertasvip.com\/wp-content\/uploads\/2019\/06\/metodo-yuen-1.jpg?fit=200%2C200&ssl=1&resize=350%2C200","width":350,"height":200},"classes":[]},{"id":271,"url":"https:\/\/multiofertasvip.com\/?product=manual-oficial-metodo-yuen-nivel-2","url_meta":{"origin":29802,"position":1},"title":"Manual Oficial Metodo Yuen Nivel 2","author":"multiofertasvip","date":"junio 2, 2019","format":false,"excerpt":"Las t\u00e9cnicas del M\u00e9todo Yuen son la vanguardia de la medicina, y pueden ser la clave del futuro de la asistencia sanitaria. Estas t\u00e9cnicas no necesariamente requieren contacto f\u00edsico, y aun as\u00ed pueden proporcionar un alivio inmediato de lose dolores debilitantes cabeza, cuello y espalda; hasta de dolores artr\u00edticos o\u2026","rel":"","context":"Entrada similar","block_context":{"text":"Entrada similar","link":""},"img":{"alt_text":"","src":"https:\/\/i0.wp.com\/multiofertasvip.com\/wp-content\/uploads\/2019\/06\/metodo-yuen-2.jpg?fit=200%2C200&ssl=1&resize=350%2C200","width":350,"height":200},"classes":[]},{"id":29871,"url":"https:\/\/multiofertasvip.com\/?product=teleclinico-fitness-para-tu-corazon","url_meta":{"origin":29802,"position":2},"title":"Teleclinico Fitness para tu Corazon","author":"multiofertasvip","date":"abril 20, 2021","format":false,"excerpt":"\u00a0 \u00a0 \u00a0 \u00a0 \u00a0 \u00a0 \u00a0","rel":"","context":"Entrada similar","block_context":{"text":"Entrada similar","link":""},"img":{"alt_text":"","src":"https:\/\/i0.wp.com\/multiofertasvip.com\/wp-content\/uploads\/2021\/04\/CORAZON.jpg?fit=200%2C200&ssl=1&resize=350%2C200","width":350,"height":200},"classes":[]},{"id":30058,"url":"https:\/\/multiofertasvip.com\/?product=metodo-yuen-guadalajara-taller-dolor-emocional","url_meta":{"origin":29802,"position":3},"title":"M\u00e9todo Yuen Guadalajara &#8211; Taller  Dolor Emocional","author":"multiofertasvip","date":"octubre 18, 2021","format":false,"excerpt":"\u00a0 \u00a0 \u00a0 \u00a0 \u00a0 \u00a0 \u00a0","rel":"","context":"Entrada similar","block_context":{"text":"Entrada similar","link":""},"img":{"alt_text":"","src":"https:\/\/i0.wp.com\/multiofertasvip.com\/wp-content\/uploads\/2021\/10\/metodo-yuen-guadalajara-taller-dolor-emocional.jpg?fit=200%2C200&ssl=1&resize=350%2C200","width":350,"height":200},"classes":[]},{"id":30773,"url":"https:\/\/multiofertasvip.com\/?product=metodo-yuen-nivel-1-manuel-marquez","url_meta":{"origin":29802,"position":4},"title":"Metodo yuen Nivel 1-Manuel Marquez","author":"multiofertasvip","date":"marzo 7, 2023","format":false,"excerpt":"Algunas de las cosas que aprender\u00e1s en el nivel 1 de M\u00e9todo Yuen incluyen: Los principios fundamentales de la medicina energ\u00e9tica y c\u00f3mo se relacionan con la salud f\u00edsica y emocional. C\u00f3mo detectar los desequilibrios energ\u00e9ticos en el cuerpo utilizando t\u00e9cnicas manuales y la observaci\u00f3n visual. C\u00f3mo corregir los desequilibrios\u2026","rel":"","context":"Entrada similar","block_context":{"text":"Entrada similar","link":""},"img":{"alt_text":"","src":"https:\/\/i0.wp.com\/multiofertasvip.com\/wp-content\/uploads\/2023\/03\/nivel-1.png?fit=200%2C200&ssl=1&resize=350%2C200","width":350,"height":200},"classes":[]},{"id":29766,"url":"https:\/\/multiofertasvip.com\/?product=introduccion-al-metodo-yuen-guadalajara-en-video","url_meta":{"origin":29802,"position":5},"title":"Introduccion Al Metodo Yuen Guadalajara En Video","author":"multiofertasvip","date":"abril 18, 2021","format":false,"excerpt":"\u00a0 \u00a0 \u00a0 \u00a0 \u00a0 \u00a0 \u00a0","rel":"","context":"Entrada similar","block_context":{"text":"Entrada similar","link":""},"img":{"alt_text":"","src":"https:\/\/i0.wp.com\/multiofertasvip.com\/wp-content\/uploads\/2021\/04\/introduccion-yuen.jpg?fit=200%2C200&ssl=1&resize=350%2C200","width":350,"height":200},"classes":[]}],"jetpack_sharing_enabled":true,"jetpack_likes_enabled":true,"_links":{"self":[{"href":"https:\/\/multiofertasvip.com\/index.php?rest_route=\/wp\/v2\/product\/29802","targetHints":{"allow":["GET"]}}],"collection":[{"href":"https:\/\/multiofertasvip.com\/index.php?rest_route=\/wp\/v2\/product"}],"about":[{"href":"https:\/\/multiofertasvip.com\/index.php?rest_route=\/wp\/v2\/types\/product"}],"version-history":[{"count":2,"href":"https:\/\/multiofertasvip.com\/index.php?rest_route=\/wp\/v2\/product\/29802\/revisions"}],"predecessor-version":[{"id":32286,"href":"https:\/\/multiofertasvip.com\/index.php?rest_route=\/wp\/v2\/product\/29802\/revisions\/32286"}],"wp:featuredmedia":[{"embeddable":true,"href":"https:\/\/multiofertasvip.com\/index.php?rest_route=\/wp\/v2\/media\/29803"}],"wp:attachment":[{"href":"https:\/\/multiofertasvip.com\/index.php?rest_route=%2Fwp%2Fv2%2Fmedia&parent=29802"}],"wp:term":[{"taxonomy":"product_brand","embeddable":true,"href":"https:\/\/multiofertasvip.com\/index.php?rest_route=%2Fwp%2Fv2%2Fproduct_brand&post=29802"},{"taxonomy":"product_cat","embeddable":true,"href":"https:\/\/multiofertasvip.com\/index.php?rest_route=%2Fwp%2Fv2%2Fproduct_cat&post=29802"},{"taxonomy":"product_tag","embeddable":true,"href":"https:\/\/multiofertasvip.com\/index.php?rest_route=%2Fwp%2Fv2%2Fproduct_tag&post=29802"}],"curies":[{"name":"wp","href":"https:\/\/api.w.org\/{rel}","templated":true}]}}