{"id":205,"date":"2019-05-31T05:04:57","date_gmt":"2019-05-31T05:04:57","guid":{"rendered":"https:\/\/multiofertasvip.com\/?post_type=product&#038;p=205"},"modified":"2024-03-11T12:22:05","modified_gmt":"2024-03-11T17:52:05","slug":"detective-de-sonrisas-curso-avanzado-de-comunicacion-no-verbal","status":"publish","type":"product","link":"https:\/\/multiofertasvip.com\/?product=detective-de-sonrisas-curso-avanzado-de-comunicacion-no-verbal","title":{"rendered":"Detective de sonrisas. Curso avanzado de Comunicaci\u00f3n no verbal"},"content":{"rendered":"<p>Las sonrisas constituyen las expresiones faciales mas profundamente humanas, y como tales, las de mayor influencia en la comunicaci\u00f3n interpersonal.<\/p>\n<p>El acto de sonre\u00edr expresa alegr\u00eda y esta asociado con la diversi\u00f3n y la felicidad, pero las sonrisas no constituyen un fen\u00f3meno unitario: existen muchos tipos diferentes que expresan la mas amplia gama de sensaciones emocionales que podemos experimentar.<\/p>\n<p>El estudio de las sonrisas es un fascinante aspecto de la inteligencia emocional que permite percibir con mayor precisi\u00f3n que sienten los dem\u00e1s, e incluso detectar enga\u00f1os.<\/p>\n<p>Aprender a distinguir las diversas sonrisas despierta el inter\u00e9s por su utilidad para mejorar las relaciones humanas.<\/p>\n<p>Este libro es el resultado de la investigaci\u00f3n y tesis doctoral en comunicaci\u00f3n social del Dr. Sergio Rulicki (Universidad Austral 2002-2008), y su perspectiva corresponde a una nueva ciencia llamada comunicaci\u00f3n no verbal (CNV).<\/p>\n<p>Sergio Rulicki es doctor en Ciencias de la Comunicaci\u00f3n Social, Universidad Austral. Licenciado en Ciencias Antropol\u00f3gicas, Universidad de Buenos Aires. Profesor de posgrado de la facultad de comunicaci\u00f3n de la Universidad Austral.<\/p>\n","protected":false},"excerpt":{"rendered":"<p>Las sonrisas constituyen las expresiones faciales mas profundamente humanas, y como tales, las de mayor influencia en la comunicaci\u00f3n interpersonal.<\/p>\n<p>El acto de sonre\u00edr expresa alegr\u00eda y esta asociado con la diversi\u00f3n y la felicidad, pero las sonrisas no constituyen un fen\u00f3meno unitario: existen muchos tipos diferentes que expresan la mas amplia gama de sensaciones emocionales que podemos experimentar.<\/p>\n<p>El estudio de las sonrisas es un fascinante aspecto de la inteligencia emocional que permite percibir con mayor precisi\u00f3n que sienten los dem\u00e1s, e incluso detectar enga\u00f1os.<\/p>\n<p>Aprender a distinguir las diversas sonrisas despierta el inter\u00e9s por su utilidad para mejorar las relaciones humanas.<\/p>\n<p>Este libro es el resultado de la investigaci\u00f3n y tesis doctoral en comunicaci\u00f3n social del Dr. Sergio Rulicki (Universidad Austral 2002-2008), y su perspectiva corresponde a una nueva ciencia llamada comunicaci\u00f3n no verbal (CNV).<\/p>\n<p>Sergio Rulicki es doctor en Ciencias de la Comunicaci\u00f3n Social, Universidad Austral. Licenciado en Ciencias Antropol\u00f3gicas, Universidad de Buenos Aires. Profesor de posgrado de la facultad de comunicaci\u00f3n de la Universidad Austral.<\/p>\n","protected":false},"featured_media":917,"template":"","meta":{"_monsterinsights_skip_tracking":false,"_monsterinsights_sitenote_active":false,"_monsterinsights_sitenote_note":"","_monsterinsights_sitenote_category":0,"jetpack_post_was_ever_published":false,"jetpack_publicize_message":"","jetpack_publicize_feature_enabled":true,"jetpack_social_post_already_shared":true,"jetpack_social_options":{"image_generator_settings":{"template":"highway","default_image_id":0,"font":"","enabled":false},"version":2}},"product_brand":[],"product_cat":[298],"product_tag":[263,260,211,254,119,251,215,257,249,40,243,230,182,226,253,236,229,228,232,258,234,262,239,220,265,219,225,240,238,242,235,39,244,37,266,267,248,210,245,212,250,227,255,264,252,217,216,233,261,73,237,38,231,247,221,246,222,223,224,259,241,256,218,213,214,53],"class_list":{"0":"post-205","1":"product","2":"type-product","3":"status-publish","4":"has-post-thumbnail","6":"product_cat-gratis","7":"product_tag-animales","8":"product_tag-biden","9":"product_tag-billetes","10":"product_tag-bitcoin","11":"product_tag-carrera","12":"product_tag-china","13":"product_tag-christopher-olivarrieta","14":"product_tag-cine","15":"product_tag-coranavirus","16":"product_tag-corporal","17":"product_tag-cultura","18":"product_tag-cursos","19":"product_tag-dinero","20":"product_tag-dios","21":"product_tag-dolar","22":"product_tag-enric-corbera","23":"product_tag-ensenanza-en-casa","24":"product_tag-escuela","25":"product_tag-especialidad","26":"product_tag-estrenos","27":"product_tag-estudios","28":"product_tag-facebook","29":"product_tag-famosos","30":"product_tag-free","31":"product_tag-gatos","32":"product_tag-gratis","33":"product_tag-guerra","34":"product_tag-humor","35":"product_tag-internet","36":"product_tag-juegos","37":"product_tag-lavin","38":"product_tag-lenguaje","39":"product_tag-manga","40":"product_tag-mentiras","41":"product_tag-mercado-libre","42":"product_tag-mercado-pago","43":"product_tag-meteorologia","44":"product_tag-moneda","45":"product_tag-musica","46":"product_tag-nuevo","47":"product_tag-omnicron","48":"product_tag-oracion","49":"product_tag-peliculas","50":"product_tag-perros","51":"product_tag-peso","52":"product_tag-porn","53":"product_tag-porno","54":"product_tag-profesional","55":"product_tag-putin","56":"product_tag-salud","57":"product_tag-sexo","58":"product_tag-sonrisas","59":"product_tag-talleres","60":"product_tag-television","61":"product_tag-terapias","62":"product_tag-trabajo","63":"product_tag-ucrania","64":"product_tag-ukrania","65":"product_tag-usa","66":"product_tag-vacuna","67":"product_tag-viajes","68":"product_tag-videos","69":"product_tag-xxx","70":"product_tag-youtube","71":"product_tag-youtube-yuen-guadalajara","72":"product_tag-yuen","74":"first","75":"instock","76":"downloadable","77":"virtual","78":"purchasable","79":"product-type-simple"},"jetpack_publicize_connections":[],"jetpack-related-posts":[{"id":31049,"url":"https:\/\/multiofertasvip.com\/?product=diplomado-programacion-neurolinguistica-pnl","url_meta":{"origin":205,"position":0},"title":"Diplomado Programaci\u00f3n Neuroling\u00fc\u00edstica (PNL)","author":"multiofertasvip","date":"noviembre 9, 2023","format":false,"excerpt":"Inteligencia Emocional y Programaci\u00f3n Neuroling\u00fc\u00edstica para Terapeutas La PNL o programaci\u00f3n neuroling\u00fc\u00edstica ha sido definida por el famoso coach Tony Robbins como la f\u00edsica nuclear de la mente, que permite descomponer y analizar las partes que constituyen el comportamiento. Es una estrategia de comunicaci\u00f3n, desarrollo personal y psicoterapia, desarrollada por\u2026","rel":"","context":"Entrada similar","block_context":{"text":"Entrada similar","link":""},"img":{"alt_text":"","src":"https:\/\/i0.wp.com\/multiofertasvip.com\/wp-content\/uploads\/2023\/11\/pnl.png?fit=720%2C552&ssl=1&resize=350%2C200","width":350,"height":200,"srcset":"https:\/\/i0.wp.com\/multiofertasvip.com\/wp-content\/uploads\/2023\/11\/pnl.png?fit=720%2C552&ssl=1&resize=350%2C200 1x, https:\/\/i0.wp.com\/multiofertasvip.com\/wp-content\/uploads\/2023\/11\/pnl.png?fit=720%2C552&ssl=1&resize=525%2C300 1.5x, https:\/\/i0.wp.com\/multiofertasvip.com\/wp-content\/uploads\/2023\/11\/pnl.png?fit=720%2C552&ssl=1&resize=700%2C400 2x"},"classes":[]},{"id":30995,"url":"https:\/\/multiofertasvip.com\/?product=comunicacion-telepatica-con-animales-masterclasses-la","url_meta":{"origin":205,"position":1},"title":"Comunicaci\u00f3n telep\u00e1tica con animales-MasterClasses.La","author":"multiofertasvip","date":"octubre 15, 2023","format":false,"excerpt":"\u00bfSab\u00edas que puedes comunicarte con los animales sin usar las palabras? Con el masterclass COMUNICACI\u00d3N TELEPATICA CON ANIMALES aprender\u00e1s a conectarte con tu yo interior para poder comunicarte con seres vivientes sin necesidad de usar palabras. \u00bfQU\u00c9 VAS A LOGRAR? Entender\u00e1s el poder de la intuici\u00f3n y la Telepat\u00eda. Conocer\u00e1s\u2026","rel":"","context":"Entrada similar","block_context":{"text":"Entrada similar","link":""},"img":{"alt_text":"","src":"https:\/\/i0.wp.com\/multiofertasvip.com\/wp-content\/uploads\/2023\/10\/comunicacion-telepatica-con-animales.jpg?fit=200%2C200&ssl=1&resize=350%2C200","width":350,"height":200},"classes":[]},{"id":30340,"url":"https:\/\/multiofertasvip.com\/?product=claves-para-ser-un-autentico-lider-enric-corbera","url_meta":{"origin":205,"position":2},"title":"Claves para ser un aut\u00e9ntico l\u00edder-Enric Corbera","author":"multiofertasvip","date":"julio 27, 2023","format":false,"excerpt":"El verdadero l\u00edder no impone, inspira El verdadero liderazgo implica una forma de ver y entender la vida, no es una actitud puntual, sino una forma de reaccionar ante las circunstancias de manera coherente y eficaz. Te presentamos una nueva visi\u00f3n basada en la autogesti\u00f3n emocional, con el objetivo de\u2026","rel":"","context":"Entrada similar","block_context":{"text":"Entrada similar","link":""},"img":{"alt_text":"","src":"https:\/\/i0.wp.com\/multiofertasvip.com\/wp-content\/uploads\/2022\/07\/claves-para-ser-un-autentico-lider.jpg?fit=200%2C200&ssl=1&resize=350%2C200","width":350,"height":200},"classes":[]},{"id":34484,"url":"https:\/\/multiofertasvip.com\/?product=curso-certificado-para-convertirse-en-comunicador-animal-certified-excellence","url_meta":{"origin":205,"position":3},"title":"Curso Certificado para Convertirse en Comunicador Animal-Certified Excellence","author":"multiofertasvip","date":"octubre 23, 2025","format":false,"excerpt":"Libera el Poder de las Palabras No Dichas \u2013 Convi\u00e9rtete en un Comunicador Animal Certificado. Trasciende los l\u00edmites convencionales de entendimiento entre especies \u2013 Descubre nuestro curso en l\u00ednea para convertirte en un Comunicador Animal. Embarcate en un viaje enriquecedor que no solo revolucionar\u00e1 la forma en que interact\u00faas con\u2026","rel":"","context":"Entrada similar","block_context":{"text":"Entrada similar","link":""},"img":{"alt_text":"","src":"https:\/\/i0.wp.com\/multiofertasvip.com\/wp-content\/uploads\/2025\/10\/comunicador-animal-copia-1.png?fit=200%2C200&ssl=1&resize=350%2C200","width":350,"height":200},"classes":[]},{"id":31030,"url":"https:\/\/multiofertasvip.com\/?product=asertividad-para-iniciados-omar-fuentes","url_meta":{"origin":205,"position":4},"title":"Asertividad para Iniciados-Omar Fuentes","author":"multiofertasvip","date":"octubre 30, 2023","format":false,"excerpt":"Casi todos claman que la comunicaci\u00f3n asertiva es importante. Pues s\u00ed... Pero casi nadie sabe qu\u00e9 hacer\u00a0exactamente\u00a0para lograrlo. \u00bfC\u00f3mo puedes decir lo que piensas con claridad? \u00bfC\u00f3mo puedes defender tu postura con firmeza sin ser agresivo? \u00bfC\u00f3mo puedes expresar lo que sientes? \u00bfC\u00f3mo puedes establecer l\u00edmites? \u00bfC\u00f3mo puedes demostrar seguridad\u2026","rel":"","context":"Entrada similar","block_context":{"text":"Entrada similar","link":""},"img":{"alt_text":"","src":"https:\/\/i0.wp.com\/multiofertasvip.com\/wp-content\/uploads\/2023\/10\/asertividad-para-iniciados.jpg?fit=200%2C200&ssl=1&resize=350%2C200","width":350,"height":200},"classes":[]},{"id":33075,"url":"https:\/\/multiofertasvip.com\/?product=master-coach-en-programacion-neurolinguistica-inteligencia-emocional-y-desarrollo-personal-juan-jose-saltos","url_meta":{"origin":205,"position":5},"title":"Master Coach en Programaci\u00f3n Neuroling\u00fc\u00edstica, Inteligencia Emocional y Desarrollo Personal- Juan Jos\u00e9 Saltos","author":"multiofertasvip","date":"agosto 19, 2024","format":false,"excerpt":"Convi\u00e9rtete en un Experto del Desarrollo Personal\u00a0con t\u00e9cnicas de Programaci\u00f3n Neuroling\u00fc\u00edstica y Coaching 100% aplicables en ti y en los dem\u00e1s, y as\u00ed iniciar tu negocio o implementar en tu profesi\u00f3n actual. Toma el control de tu vida personal y profesional\u00a0aplicando t\u00e9cnicas para mejorar tu inteligencia emocional, relaciones personales, comunicaci\u00f3n\u2026","rel":"","context":"Entrada similar","block_context":{"text":"Entrada similar","link":""},"img":{"alt_text":"","src":"https:\/\/i0.wp.com\/multiofertasvip.com\/wp-content\/uploads\/2024\/08\/pnl.jpg?fit=200%2C200&ssl=1&resize=350%2C200","width":350,"height":200},"classes":[]}],"jetpack_sharing_enabled":true,"jetpack_likes_enabled":true,"_links":{"self":[{"href":"https:\/\/multiofertasvip.com\/index.php?rest_route=\/wp\/v2\/product\/205","targetHints":{"allow":["GET"]}}],"collection":[{"href":"https:\/\/multiofertasvip.com\/index.php?rest_route=\/wp\/v2\/product"}],"about":[{"href":"https:\/\/multiofertasvip.com\/index.php?rest_route=\/wp\/v2\/types\/product"}],"version-history":[{"count":1,"href":"https:\/\/multiofertasvip.com\/index.php?rest_route=\/wp\/v2\/product\/205\/revisions"}],"predecessor-version":[{"id":32626,"href":"https:\/\/multiofertasvip.com\/index.php?rest_route=\/wp\/v2\/product\/205\/revisions\/32626"}],"wp:featuredmedia":[{"embeddable":true,"href":"https:\/\/multiofertasvip.com\/index.php?rest_route=\/wp\/v2\/media\/917"}],"wp:attachment":[{"href":"https:\/\/multiofertasvip.com\/index.php?rest_route=%2Fwp%2Fv2%2Fmedia&parent=205"}],"wp:term":[{"taxonomy":"product_brand","embeddable":true,"href":"https:\/\/multiofertasvip.com\/index.php?rest_route=%2Fwp%2Fv2%2Fproduct_brand&post=205"},{"taxonomy":"product_cat","embeddable":true,"href":"https:\/\/multiofertasvip.com\/index.php?rest_route=%2Fwp%2Fv2%2Fproduct_cat&post=205"},{"taxonomy":"product_tag","embeddable":true,"href":"https:\/\/multiofertasvip.com\/index.php?rest_route=%2Fwp%2Fv2%2Fproduct_tag&post=205"}],"curies":[{"name":"wp","href":"https:\/\/api.w.org\/{rel}","templated":true}]}}