{"id":14160,"date":"2020-05-20T04:18:50","date_gmt":"2020-05-20T04:18:50","guid":{"rendered":"https:\/\/multiofertasvip.com\/?post_type=product&#038;p=14160"},"modified":"2026-02-24T13:06:44","modified_gmt":"2026-02-24T18:36:44","slug":"curso-activacion-de-la-glandula-pineal-metodo-andromeda","status":"publish","type":"product","link":"https:\/\/multiofertasvip.com\/?product=curso-activacion-de-la-glandula-pineal-metodo-andromeda","title":{"rendered":"Curso Activacion de la Glandula Pineal Metodo Andromeda"},"content":{"rendered":"<div class=\"woocommerce-tabs wc-tabs-wrapper\">\n<div id=\"tab-description\" class=\"woocommerce-Tabs-panel woocommerce-Tabs-panel--description panel entry-content wc-tab\" role=\"tabpanel\" aria-labelledby=\"tab-title-description\">\n<p><strong>La gl\u00e1ndula pineal ha suscitado desde siempre un gran inter\u00e9s<\/strong>. Descartes dec\u00eda de esta peque\u00f1\u00edsima gl\u00e1ndula, alojada justo en el centro de nuestro cerebro, que era el \u00abasiento\u00bb del alma y el n\u00facleo donde se gestaban todos nuestros pensamientos. No falta quien habla tambi\u00e9n de esta estructura como nuestro \u00abtercer ojo\u00bb, ese v\u00f3rtice energ\u00e9tico que nos ofrecer\u00eda un tipo de percepci\u00f3n que ir\u00eda m\u00e1s all\u00e1 del sentido de la vista.<\/p>\n<p>Ahora bien, dejando a un lado estas perspectivas m\u00edsticas o espirituales y su tradici\u00f3n algo colorida, la gl\u00e1ndula pineal o la ep\u00edfisis cerebral encierra en s\u00ed misma, una funci\u00f3n tan interesante como enigm\u00e1tica.\u00a0<strong>Regula nuestros ciclos, nuestros\u00a0 ritmos circandianos, la entrada a la madurez sexual<\/strong>\u00a0e incluso muchas de nuestras sensaciones. Es una estructura tan singular como fascinante.<\/p>\n<\/div>\n<div><span class=\"Estilo175\"><span class=\"Estilo324\"><b>La gl\u00e1ndula pineal es algo m\u00e1s que nuestro tercer ojo. Es un peque\u00f1o director de orquesta inspirado por la luz del sol, ella es quien acompasa de modo sutil nuestros ciclos, nuestros instantes de relajaci\u00f3n, nuestro despertar a la madurez\u2026<\/b><\/span><\/span><\/div>\n<div><\/div>\n<div><span class=\"Estilo175\"><span class=\"Estilo324\"><b>3 Clases en video, donde aprender\u00e1s como activar tu glandula pineal con el Metodo Andromeda.<\/b><br \/>\n<\/span><\/span><\/div>\n<div><\/div>\n<p>&nbsp;<\/p>\n<\/div>\n","protected":false},"excerpt":{"rendered":"<p>&nbsp;<\/p>\n<p>&nbsp;<\/p>\n<p>&nbsp;<\/p>\n<p>&nbsp;<\/p>\n<p>&nbsp;<\/p>\n","protected":false},"featured_media":14161,"template":"","meta":{"_monsterinsights_skip_tracking":false,"_monsterinsights_sitenote_active":false,"_monsterinsights_sitenote_note":"","_monsterinsights_sitenote_category":0,"jetpack_post_was_ever_published":false,"jetpack_publicize_message":"","jetpack_publicize_feature_enabled":true,"jetpack_social_post_already_shared":true,"jetpack_social_options":{"image_generator_settings":{"template":"highway","default_image_id":0,"font":"","enabled":false},"version":2}},"product_brand":[],"product_cat":[88,298,32],"product_tag":[81,263,260,211,254,119,251,215,257,249,243,230,182,226,253,89,236,229,228,232,258,234,262,239,220,265,80,219,225,240,238,242,235,244,266,267,248,210,245,212,250,227,255,264,252,79,217,216,233,261,73,25,237,231,247,221,246,222,223,224,259,241,256,218,213,214,53],"class_list":{"0":"post-14160","1":"product","2":"type-product","3":"status-publish","4":"has-post-thumbnail","6":"product_cat-activacion-glandula-pineal","7":"product_cat-gratis","8":"product_cat-sanacion","9":"product_tag-activacion","10":"product_tag-animales","11":"product_tag-biden","12":"product_tag-billetes","13":"product_tag-bitcoin","14":"product_tag-carrera","15":"product_tag-china","16":"product_tag-christopher-olivarrieta","17":"product_tag-cine","18":"product_tag-coranavirus","19":"product_tag-cultura","20":"product_tag-cursos","21":"product_tag-dinero","22":"product_tag-dios","23":"product_tag-dolar","24":"product_tag-eduardo-yoel","25":"product_tag-enric-corbera","26":"product_tag-ensenanza-en-casa","27":"product_tag-escuela","28":"product_tag-especialidad","29":"product_tag-estrenos","30":"product_tag-estudios","31":"product_tag-facebook","32":"product_tag-famosos","33":"product_tag-free","34":"product_tag-gatos","35":"product_tag-glandula","36":"product_tag-gratis","37":"product_tag-guerra","38":"product_tag-humor","39":"product_tag-internet","40":"product_tag-juegos","41":"product_tag-lavin","42":"product_tag-manga","43":"product_tag-mercado-libre","44":"product_tag-mercado-pago","45":"product_tag-meteorologia","46":"product_tag-moneda","47":"product_tag-musica","48":"product_tag-nuevo","49":"product_tag-omnicron","50":"product_tag-oracion","51":"product_tag-peliculas","52":"product_tag-perros","53":"product_tag-peso","54":"product_tag-pineal","55":"product_tag-porn","56":"product_tag-porno","57":"product_tag-profesional","58":"product_tag-putin","59":"product_tag-salud","60":"product_tag-sanacion","61":"product_tag-sexo","62":"product_tag-talleres","63":"product_tag-television","64":"product_tag-terapias","65":"product_tag-trabajo","66":"product_tag-ucrania","67":"product_tag-ukrania","68":"product_tag-usa","69":"product_tag-vacuna","70":"product_tag-viajes","71":"product_tag-videos","72":"product_tag-xxx","73":"product_tag-youtube","74":"product_tag-youtube-yuen-guadalajara","75":"product_tag-yuen","77":"first","78":"instock","79":"downloadable","80":"virtual","81":"purchasable","82":"product-type-simple"},"jetpack_publicize_connections":[],"jetpack-related-posts":[{"id":33869,"url":"https:\/\/multiofertasvip.com\/?product=interpretacion-de-los-suenos-un-viaje-al-inconsciente-javier-esteban","url_meta":{"origin":14160,"position":0},"title":"La gl\u00e1ndula pineal: El portal del alma-Juan Zaragoza","author":"multiofertasvip","date":"mayo 1, 2025","format":false,"excerpt":"\u00bfSabes que la gl\u00e1ndula pineal\u00a0regula nuestro sue\u00f1o?\u00a0\u00bfy que en diversas culturas y tradiciones se vincula con el\u00a0tercer ojo\u00a0consider\u00e1ndola un centro de\u00a0intuici\u00f3n\u00a0y\u00a0conexi\u00f3n espiritual? \u00bfte gustar\u00eda\u00a0conocer\u00a0c\u00f3mo protegerla de posibles da\u00f1os y c\u00f3mo estimularla\u00a0favoreciendo tu salud y vida espiritual? En este Curso exploraremos en profundidad la\u00a0gl\u00e1ndula pineal\u00a0desde su perspectiva cient\u00edfica. Comenzaremos abordando su\u2026","rel":"","context":"Entrada similar","block_context":{"text":"Entrada similar","link":""},"img":{"alt_text":"","src":"https:\/\/i0.wp.com\/multiofertasvip.com\/wp-content\/uploads\/2025\/05\/glandula-pineal.png?fit=200%2C200&ssl=1&resize=350%2C200","width":350,"height":200},"classes":[]},{"id":31009,"url":"https:\/\/multiofertasvip.com\/?product=glandula-pineal-y-el-tercer-ojo-romina-perayra","url_meta":{"origin":14160,"position":1},"title":"Glandula Pineal y el Tercer ojo-Romina Pereyra","author":"multiofertasvip","date":"octubre 23, 2023","format":false,"excerpt":"El mejor camino para abrir el portal hacia la sabidur\u00eda y la consciencia. La gl\u00e1ndula pineal es un asombroso \u00f3rgano que\u00a0todos poseemos\u00a0en el centro de nuestro cerebro. A pesar de tener el tama\u00f1o de una lenteja, es nuestra\u00a0\u201cGl\u00e1ndula Maestra\u201d. Ella comanda las funciones del\u00a0sistema end\u00f3crino\u00a0del organismo, el funcionamiento de las\u2026","rel":"","context":"Entrada similar","block_context":{"text":"Entrada similar","link":""},"img":{"alt_text":"","src":"https:\/\/i0.wp.com\/multiofertasvip.com\/wp-content\/uploads\/2023\/10\/GLANDULA.jpg?fit=200%2C200&ssl=1&resize=350%2C200","width":350,"height":200},"classes":[]},{"id":35085,"url":"https:\/\/multiofertasvip.com\/?product=diplomado-en-registros-akashicos-de-lector-a-maestro-tienditadelalma","url_meta":{"origin":14160,"position":2},"title":"Diplomado en Registros Ak\u00e1shicos (de Lector a Maestro)-Tienditadelalma","author":"multiofertasvip","date":"marzo 15, 2026","format":false,"excerpt":"\u00a0 \u00a0 \u00a0 \u00a0","rel":"","context":"Entrada similar","block_context":{"text":"Entrada similar","link":""},"img":{"alt_text":"","src":"https:\/\/i0.wp.com\/multiofertasvip.com\/wp-content\/uploads\/2026\/03\/registros-akashicos-1-y-2.jpg?fit=200%2C200&ssl=1&resize=350%2C200","width":350,"height":200},"classes":[]},{"id":30419,"url":"https:\/\/multiofertasvip.com\/?product=limpieza-y-armonizacion-pendulo-chakras-y-cristales-adriana-echeverri","url_meta":{"origin":14160,"position":3},"title":"Limpieza y Armonizaci\u00f3n: P\u00e9ndulo, Chakras Y Cristales-Adriana Echeverri","author":"multiofertasvip","date":"septiembre 6, 2022","format":false,"excerpt":"\u00a0 \u00a0 \u00a0 \u00a0 \u00a0 \u00a0 \u00a0","rel":"","context":"Entrada similar","block_context":{"text":"Entrada similar","link":""},"img":{"alt_text":"","src":"https:\/\/i0.wp.com\/multiofertasvip.com\/wp-content\/uploads\/2022\/09\/chakras.jpg?fit=200%2C200&ssl=1&resize=350%2C200","width":350,"height":200},"classes":[]},{"id":34787,"url":"https:\/\/multiofertasvip.com\/?product=cirugias-cuanticas-nivel-1-diciembre-2025-paula-gil-actualizacion","url_meta":{"origin":14160,"position":4},"title":"Cirug\u00edas Cu\u00e1nticas Nivel 1 Diciembre 2025-Paula Gil actualizacion","author":"multiofertasvip","date":"febrero 10, 2026","format":false,"excerpt":"\u00bfTe gusta la energ\u00eda? \u00bfTienes habilidades con la energ\u00eda? \u00bfQuisieras aprenderlas para ti, para tu vida o para aplicarlas en alguien m\u00e1s? \u00bfSiempre has pensado que todo se puede cambiar? \u00a0 Existe una posibilidad grandiosa con las Cirug\u00edas Cu\u00e1nticas Las Cirug\u00edas Cu\u00e1nticas\u00ae\u00a0son una t\u00e9cnica de regeneraci\u00f3n a nivel cu\u00e1ntico que\u2026","rel":"","context":"Entrada similar","block_context":{"text":"Entrada similar","link":""},"img":{"alt_text":"","src":"https:\/\/i0.wp.com\/multiofertasvip.com\/wp-content\/uploads\/2026\/02\/NIVEL-1-CC.jpg?fit=200%2C200&ssl=1&resize=350%2C200","width":350,"height":200},"classes":[]},{"id":33225,"url":"https:\/\/multiofertasvip.com\/?product=cirugias-cuanticas-nivel-1-paula-andrea-gil","url_meta":{"origin":14160,"position":5},"title":"Cirug\u00edas Cu\u00e1nticas Nivel 1-Paula Andrea Gil","author":"multiofertasvip","date":"octubre 4, 2024","format":false,"excerpt":"\u00bfTe gusta la energ\u00eda, tienes habilidades con la energ\u00eda o quieres aprenderlas para ti o para aplicarlas en alguien m\u00e1s? \u00a1Tenemos una posibilidad grandiosa con las cirug\u00edas cu\u00e1nticas! Las cirug\u00edas cu\u00e1nticas son una t\u00e9cnica de regeneraci\u00f3n a nivel cu\u00e1ntico que permite lograr much\u00edsimos beneficios en el cuerpo. Las part\u00edculas cu\u00e1nticas\u2026","rel":"","context":"Entrada similar","block_context":{"text":"Entrada similar","link":""},"img":{"alt_text":"","src":"https:\/\/i0.wp.com\/multiofertasvip.com\/wp-content\/uploads\/2024\/10\/Cirugias-Cuanticas.jpeg?fit=200%2C200&ssl=1&resize=350%2C200","width":350,"height":200},"classes":[]}],"jetpack_sharing_enabled":true,"jetpack_likes_enabled":true,"_links":{"self":[{"href":"https:\/\/multiofertasvip.com\/index.php?rest_route=\/wp\/v2\/product\/14160","targetHints":{"allow":["GET"]}}],"collection":[{"href":"https:\/\/multiofertasvip.com\/index.php?rest_route=\/wp\/v2\/product"}],"about":[{"href":"https:\/\/multiofertasvip.com\/index.php?rest_route=\/wp\/v2\/types\/product"}],"version-history":[{"count":1,"href":"https:\/\/multiofertasvip.com\/index.php?rest_route=\/wp\/v2\/product\/14160\/revisions"}],"predecessor-version":[{"id":32634,"href":"https:\/\/multiofertasvip.com\/index.php?rest_route=\/wp\/v2\/product\/14160\/revisions\/32634"}],"wp:featuredmedia":[{"embeddable":true,"href":"https:\/\/multiofertasvip.com\/index.php?rest_route=\/wp\/v2\/media\/14161"}],"wp:attachment":[{"href":"https:\/\/multiofertasvip.com\/index.php?rest_route=%2Fwp%2Fv2%2Fmedia&parent=14160"}],"wp:term":[{"taxonomy":"product_brand","embeddable":true,"href":"https:\/\/multiofertasvip.com\/index.php?rest_route=%2Fwp%2Fv2%2Fproduct_brand&post=14160"},{"taxonomy":"product_cat","embeddable":true,"href":"https:\/\/multiofertasvip.com\/index.php?rest_route=%2Fwp%2Fv2%2Fproduct_cat&post=14160"},{"taxonomy":"product_tag","embeddable":true,"href":"https:\/\/multiofertasvip.com\/index.php?rest_route=%2Fwp%2Fv2%2Fproduct_tag&post=14160"}],"curies":[{"name":"wp","href":"https:\/\/api.w.org\/{rel}","templated":true}]}}